{"id":1189,"date":"2025-01-10T09:51:16","date_gmt":"2025-01-10T09:51:16","guid":{"rendered":"https:\/\/divfarrahenterprise.com\/?page_id=1189"},"modified":"2025-09-24T11:59:11","modified_gmt":"2025-09-24T11:59:11","slug":"career","status":"publish","type":"page","link":"https:\/\/divfarrahenterprise.com\/es\/career\/","title":{"rendered":"carrera"},"content":{"rendered":"<div data-elementor-type=\"wp-page\" data-elementor-id=\"1189\" class=\"elementor elementor-1189\" data-elementor-post-type=\"page\">\n\t\t\t\t<div class=\"elementor-element elementor-element-037a197 e-flex e-con-boxed e-con e-parent\" data-id=\"037a197\" data-element_type=\"container\" data-settings=\"{&quot;background_background&quot;:&quot;classic&quot;,&quot;motion_fx_motion_fx_scrolling&quot;:&quot;yes&quot;,&quot;motion_fx_devices&quot;:[&quot;desktop&quot;,&quot;tablet&quot;,&quot;mobile&quot;]}\">\n\t\t\t\t\t<div class=\"e-con-inner\">\n\t\t\t\t<div class=\"elementor-element elementor-element-56e9856 elementor-widget elementor-widget-heading\" data-id=\"56e9856\" data-element_type=\"widget\" data-widget_type=\"heading.default\">\n\t\t\t\t<div class=\"elementor-widget-container\">\n\t\t\t\t\t<h2 class=\"elementor-heading-title elementor-size-default\">carrera<\/h2>\t\t\t\t<\/div>\n\t\t\t\t<\/div>\n\t\t\t\t\t<\/div>\n\t\t\t\t<\/div>\n\t\t<div class=\"elementor-element elementor-element-b4e41ff e-flex e-con-boxed e-con e-parent\" data-id=\"b4e41ff\" data-element_type=\"container\" data-settings=\"{&quot;background_background&quot;:&quot;classic&quot;}\">\n\t\t\t\t\t<div class=\"e-con-inner\">\n\t\t<div class=\"elementor-element elementor-element-40aa9fd e-con-full e-flex e-con e-child\" data-id=\"40aa9fd\" data-element_type=\"container\">\n\t\t<div class=\"jet-sticky-column elementor-element elementor-element-b761048 e-con-full e-flex e-con e-child\" data-jet-settings=\"{&quot;id&quot;:&quot;b761048&quot;,&quot;sticky&quot;:true,&quot;topSpacing&quot;:50,&quot;bottomSpacing&quot;:0,&quot;stickyOn&quot;:[&quot;desktop&quot;,&quot;tablet&quot;],&quot;behavior&quot;:&quot;default&quot;,&quot;zIndex&quot;:1100}\" data-id=\"b761048\" data-element_type=\"container\">\n\t\t\t\t<div class=\"elementor-element elementor-element-1309fbc elementor-widget elementor-widget-image\" data-id=\"1309fbc\" data-element_type=\"widget\" data-widget_type=\"image.default\">\n\t\t\t\t<div class=\"elementor-widget-container\">\n\t\t\t\t\t\t\t\t\t\t\t\t\t\t\t<img fetchpriority=\"high\" decoding=\"async\" width=\"612\" height=\"408\" src=\"https:\/\/divfarrahenterprise.com\/wp-content\/uploads\/2024\/11\/istockphoto-1346125184-612x612-1.jpg\" class=\"attachment-large size-large wp-image-300\" alt=\"\" srcset=\"https:\/\/divfarrahenterprise.com\/wp-content\/uploads\/2024\/11\/istockphoto-1346125184-612x612-1.jpg 612w, https:\/\/divfarrahenterprise.com\/wp-content\/uploads\/2024\/11\/istockphoto-1346125184-612x612-1-600x400.jpg 600w\" sizes=\"(max-width: 612px) 100vw, 612px\" \/>\t\t\t\t\t\t\t\t\t\t\t\t\t\t\t<\/div>\n\t\t\t\t<\/div>\n\t\t\t\t<\/div>\n\t\t<div class=\"elementor-element elementor-element-a8e7a81 e-con-full e-flex e-con e-child\" data-id=\"a8e7a81\" data-element_type=\"container\">\n\t\t\t\t<div class=\"elementor-element elementor-element-9389e65 elementor-widget elementor-widget-heading\" data-id=\"9389e65\" data-element_type=\"widget\" data-widget_type=\"heading.default\">\n\t\t\t\t<div class=\"elementor-widget-container\">\n\t\t\t\t\t<h2 class=\"elementor-heading-title elementor-size-default\">Acerca De Nosotros<\/h2>\t\t\t\t<\/div>\n\t\t\t\t<\/div>\n\t\t\t\t<div class=\"elementor-element elementor-element-6dbb74a elementor-widget elementor-widget-text-editor\" data-id=\"6dbb74a\" data-element_type=\"widget\" data-widget_type=\"text-editor.default\">\n\t\t\t\t<div class=\"elementor-widget-container\">\n\t\t\t\t\t\t\t\t\t<p>DivFarrah Empresa es una membres\u00eda de negocios de la empresa dedicada a apoyar a los empresarios y due\u00f1os de negocios. Ofrecemos una amplia gama de servicios, incluyendo los negocios listados de directorios, la formaci\u00f3n empresarial, desarrollo de negocios, y servicios tales como el dise\u00f1o gr\u00e1fico, marketing digital y negocios de consulta.<\/p><p>Desbloquear Su Potencial de ingresos con DivFarrah Dinamo<br \/>\u00danete a nuestro equipo din\u00e1mico y convertirse en un reconocido DivFarrah Dinamo, que simboliza la energ\u00eda, la unidad, y basada en los resultados del rendimiento de las ventas.<\/p>\t\t\t\t\t\t\t\t<\/div>\n\t\t\t\t<\/div>\n\t\t\t\t<div class=\"elementor-element elementor-element-c38b9f0 elementor-widget elementor-widget-heading\" data-id=\"c38b9f0\" data-element_type=\"widget\" data-widget_type=\"heading.default\">\n\t\t\t\t<div class=\"elementor-widget-container\">\n\t\t\t\t\t<h2 class=\"elementor-heading-title elementor-size-default\">Oportunidades De Carrera\n<\/h2>\t\t\t\t<\/div>\n\t\t\t\t<\/div>\n\t\t\t\t<div class=\"elementor-element elementor-element-d655e59 elementor-widget elementor-widget-text-editor\" data-id=\"d655e59\" data-element_type=\"widget\" data-widget_type=\"text-editor.default\">\n\t\t\t\t<div class=\"elementor-widget-container\">\n\t\t\t\t\t\t\t\t\t<p>Estamos buscando motivado y orientado a resultados-personas para unirse a nuestro equipo como:<\/p>\t\t\t\t\t\t\t\t<\/div>\n\t\t\t\t<\/div>\n\t\t\t\t<div class=\"elementor-element elementor-element-851530a elementor-widget elementor-widget-text-editor\" data-id=\"851530a\" data-element_type=\"widget\" data-widget_type=\"text-editor.default\">\n\t\t\t\t<div class=\"elementor-widget-container\">\n\t\t\t\t\t\t\t\t\t<p><strong>\u2013 De La Comisi\u00f3n Basado En Agentes:<\/strong> Generar nuevas oportunidades de negocios y las ventas de nuestros servicios a los socios.<br \/><strong>\u2013 Administradores:<\/strong> Liderar y gestionar equipos de agentes, proporcionando orientaci\u00f3n y apoyo para impulsar el crecimiento de ventas.<br \/><strong>\u2013 Directores:<\/strong> Desarrollar e implementar planes estrat\u00e9gicos para impulsar el crecimiento empresarial, ampliar nuestra red, y aumentar los ingresos.<\/p>\t\t\t\t\t\t\t\t<\/div>\n\t\t\t\t<\/div>\n\t\t\t\t<\/div>\n\t\t\t\t<\/div>\n\t\t\t\t<div class=\"elementor-element elementor-element-a3b1a42 elementor-widget elementor-widget-heading\" data-id=\"a3b1a42\" data-element_type=\"widget\" data-widget_type=\"heading.default\">\n\t\t\t\t<div class=\"elementor-widget-container\">\n\t\t\t\t\t<h2 class=\"elementor-heading-title elementor-size-default\">Beneficios<\/h2>\t\t\t\t<\/div>\n\t\t\t\t<\/div>\n\t\t\t\t<div class=\"elementor-element elementor-element-318cb39 elementor-widget elementor-widget-text-editor\" data-id=\"318cb39\" data-element_type=\"widget\" data-widget_type=\"text-editor.default\">\n\t\t\t\t<div class=\"elementor-widget-container\">\n\t\t\t\t\t\t\t\t\t<ul><li>Competitiva de la comisi\u00f3n de estructuras<\/li><li>Capacitaci\u00f3n y apoyo permanente<\/li><li>Oportunidades para el desarrollo profesional<\/li><li>Las modalidades de trabajo flexibles<\/li><li>Colaborativo y entorno de trabajo din\u00e1mico<\/li><\/ul>\t\t\t\t\t\t\t\t<\/div>\n\t\t\t\t<\/div>\n\t\t\t\t<div class=\"elementor-element elementor-element-61ce2a7 elementor-widget elementor-widget-heading\" data-id=\"61ce2a7\" data-element_type=\"widget\" data-widget_type=\"heading.default\">\n\t\t\t\t<div class=\"elementor-widget-container\">\n\t\t\t\t\t<h2 class=\"elementor-heading-title elementor-size-default\">Requisitos\n<\/h2>\t\t\t\t<\/div>\n\t\t\t\t<\/div>\n\t\t\t\t<div class=\"elementor-element elementor-element-d8f5ed7 elementor-widget elementor-widget-text-editor\" data-id=\"d8f5ed7\" data-element_type=\"widget\" data-widget_type=\"text-editor.default\">\n\t\t\t\t<div class=\"elementor-widget-container\">\n\t\t\t\t\t\t\t\t\t<ul><li>Probado de las ventas o de negocios experiencia en el desarrollo de<\/li><li>Fuertes habilidades interpersonales y de comunicaci\u00f3n<\/li><li>Capacidad para trabajar de forma independiente y como parte de un equipo<\/li><li>Orientado a resultados y motivados por objetivos<\/li><\/ul>\t\t\t\t\t\t\t\t<\/div>\n\t\t\t\t<\/div>\n\t\t\t\t<div class=\"elementor-element elementor-element-aa2ac0c elementor-widget elementor-widget-heading\" data-id=\"aa2ac0c\" data-element_type=\"widget\" data-widget_type=\"heading.default\">\n\t\t\t\t<div class=\"elementor-widget-container\">\n\t\t\t\t\t<h2 class=\"elementor-heading-title elementor-size-default\">Nivel De Programa\n\n<\/h2>\t\t\t\t<\/div>\n\t\t\t\t<\/div>\n\t\t\t\t<div class=\"elementor-element elementor-element-fdd14f4 elementor-widget elementor-widget-text-editor\" data-id=\"fdd14f4\" data-element_type=\"widget\" data-widget_type=\"text-editor.default\">\n\t\t\t\t<div class=\"elementor-widget-container\">\n\t\t\t\t\t\t\t\t\t<p>El progreso a trav\u00e9s de nuestros niveles y desbloquear beneficios exclusivos, comisiones y reconocimiento.<\/p>\t\t\t\t\t\t\t\t<\/div>\n\t\t\t\t<\/div>\n\t\t\t\t<div class=\"elementor-element elementor-element-6c94be3 elementor-widget elementor-widget-heading\" data-id=\"6c94be3\" data-element_type=\"widget\" data-widget_type=\"heading.default\">\n\t\t\t\t<div class=\"elementor-widget-container\">\n\t\t\t\t\t<h2 class=\"elementor-heading-title elementor-size-default\">Niveles:\n<\/h2>\t\t\t\t<\/div>\n\t\t\t\t<\/div>\n\t\t\t\t<div class=\"elementor-element elementor-element-a9733a7 elementor-widget elementor-widget-text-editor\" data-id=\"a9733a7\" data-element_type=\"widget\" data-widget_type=\"text-editor.default\">\n\t\t\t\t<div class=\"elementor-widget-container\">\n\t\t\t\t\t\t\t\t\t<p><strong>1. Bronce: Encender:<\/strong> La chispa de las ventas de energ\u00eda y de acceso a recursos de formaci\u00f3n y de soporte dedicado.<br \/><strong>2. Plata: Acelerar:<\/strong> Ganar impulso con el aumento de las tasas de comisi\u00f3n y exclusiva apoyo a la comercializaci\u00f3n.<br \/><strong>3. Oro: Prosperar:<\/strong> Lograr el \u00e9xito con m\u00e1s altos porcentajes de comisi\u00f3n y prioridad en el acceso a nuevos productos\/servicios.<br \/><strong>4. Platino: \u00c1pice:<\/strong> Demuestran excepcional rendimiento de las ventas y recibir recompensas exclusivas y soporte personalizado.<\/p>\t\t\t\t\t\t\t\t<\/div>\n\t\t\t\t<\/div>\n\t\t\t\t<div class=\"elementor-element elementor-element-4cd85e1 elementor-widget elementor-widget-heading\" data-id=\"4cd85e1\" data-element_type=\"widget\" data-widget_type=\"heading.default\">\n\t\t\t\t<div class=\"elementor-widget-container\">\n\t\t\t\t\t<h2 class=\"elementor-heading-title elementor-size-default\">Estructura De La Comisi\u00f3n\n\n\n<\/h2>\t\t\t\t<\/div>\n\t\t\t\t<\/div>\n\t\t\t\t<div class=\"elementor-element elementor-element-680a308 elementor-widget elementor-widget-text-editor\" data-id=\"680a308\" data-element_type=\"widget\" data-widget_type=\"text-editor.default\">\n\t\t\t\t<div class=\"elementor-widget-container\">\n\t\t\t\t\t\t\t\t\t<p>Gana el aumento de las tarifas y primas a medida que avances a trav\u00e9s de nuestra comisi\u00f3n niveles.<\/p>\t\t\t\t\t\t\t\t<\/div>\n\t\t\t\t<\/div>\n\t\t\t\t<div class=\"elementor-element elementor-element-654f1ea elementor-widget elementor-widget-text-editor\" data-id=\"654f1ea\" data-element_type=\"widget\" data-widget_type=\"text-editor.default\">\n\t\t\t\t<div class=\"elementor-widget-container\">\n\t\t\t\t\t\t\t\t\t<p><strong>Comisi\u00f3n Niveles:<\/strong><\/p><p><strong>1. Chispa:<\/strong> De nivel de entrada de la comisi\u00f3n de 10% sobre las ventas<br \/><strong>2. Boost:<\/strong> De nivel medio de la comisi\u00f3n de 15% sobre las ventas (requiere de $1,000 en ventas mensuales)<br \/><strong>3. La oleada:<\/strong> Nivel avanzado de la comisi\u00f3n de 20% sobre las ventas (requiere $5,000 mensuales de ventas)<br \/><strong>4. Pinnacle:<\/strong> La Elite de nivel de la comisi\u00f3n de 25% en las ventas (requiere $10,000 mensuales de ventas)<\/p>\t\t\t\t\t\t\t\t<\/div>\n\t\t\t\t<\/div>\n\t\t\t\t<div class=\"elementor-element elementor-element-8c930c0 elementor-widget elementor-widget-heading\" data-id=\"8c930c0\" data-element_type=\"widget\" data-widget_type=\"heading.default\">\n\t\t\t\t<div class=\"elementor-widget-container\">\n\t\t\t\t\t<h2 class=\"elementor-heading-title elementor-size-default\">\u00danete A Nuestro Equipo\n\n\n\n<\/h2>\t\t\t\t<\/div>\n\t\t\t\t<\/div>\n\t\t\t\t<div class=\"elementor-element elementor-element-0aab6e8 elementor-widget elementor-widget-text-editor\" data-id=\"0aab6e8\" data-element_type=\"widget\" data-widget_type=\"text-editor.default\">\n\t\t\t\t<div class=\"elementor-widget-container\">\n\t\t\t\t\t\t\t\t\t<p>Listo para desbloquear su potencial de ingresos? \u00danete a nuestro equipo hoy y empezar a lograr sus metas de ventas!<\/p>\t\t\t\t\t\t\t\t<\/div>\n\t\t\t\t<\/div>\n\t\t\t\t<div class=\"elementor-element elementor-element-0e36e27 elementor-widget elementor-widget-button\" data-id=\"0e36e27\" data-element_type=\"widget\" data-widget_type=\"button.default\">\n\t\t\t\t<div class=\"elementor-widget-container\">\n\t\t\t\t\t\t\t\t\t<div class=\"elementor-button-wrapper\">\n\t\t\t\t\t<a class=\"elementor-button elementor-button-link elementor-size-sm\" href=\"https:\/\/divfarrahenterprise.com\/es\/client-intake-form\/\">\n\t\t\t\t\t\t<span class=\"elementor-button-content-wrapper\">\n\t\t\t\t\t\t\t\t\t<span class=\"elementor-button-text\">Aplicar Ahora <\/span>\n\t\t\t\t\t<\/span>\n\t\t\t\t\t<\/a>\n\t\t\t\t<\/div>\n\t\t\t\t\t\t\t\t<\/div>\n\t\t\t\t<\/div>\n\t\t\t\t\t<\/div>\n\t\t\t\t<\/div>\n\t\t\t\t<\/div>","protected":false},"excerpt":{"rendered":"<p>career About Us DivFarrah Enterprise is a business membership company dedicated to supporting entrepreneurs and business owners. We offer a range of services, including business directory listings, entrepreneurship training, business development, and in-house services such as graphic design, digital marketing, and business consultation. Unlock Your Earning Potential with DivFarrah DynamoJoin our dynamic team and become [&hellip;]<\/p>","protected":false},"author":1,"featured_media":0,"parent":0,"menu_order":0,"comment_status":"closed","ping_status":"closed","template":"","meta":{"_jf_save_progress":"","_jet_sm_ready_style":"","_jet_sm_style":"","_jet_sm_controls_values":"","_jet_sm_fonts_collection":"","_jet_sm_fonts_links":"","footnotes":""},"class_list":["post-1189","page","type-page","status-publish","hentry"],"_links":{"self":[{"href":"https:\/\/divfarrahenterprise.com\/es\/wp-json\/wp\/v2\/pages\/1189","targetHints":{"allow":["GET"]}}],"collection":[{"href":"https:\/\/divfarrahenterprise.com\/es\/wp-json\/wp\/v2\/pages"}],"about":[{"href":"https:\/\/divfarrahenterprise.com\/es\/wp-json\/wp\/v2\/types\/page"}],"author":[{"embeddable":true,"href":"https:\/\/divfarrahenterprise.com\/es\/wp-json\/wp\/v2\/users\/1"}],"replies":[{"embeddable":true,"href":"https:\/\/divfarrahenterprise.com\/es\/wp-json\/wp\/v2\/comments?post=1189"}],"version-history":[{"count":31,"href":"https:\/\/divfarrahenterprise.com\/es\/wp-json\/wp\/v2\/pages\/1189\/revisions"}],"predecessor-version":[{"id":4674,"href":"https:\/\/divfarrahenterprise.com\/es\/wp-json\/wp\/v2\/pages\/1189\/revisions\/4674"}],"wp:attachment":[{"href":"https:\/\/divfarrahenterprise.com\/es\/wp-json\/wp\/v2\/media?parent=1189"}],"curies":[{"name":"wp","href":"https:\/\/api.w.org\/{rel}","templated":true}]}}