{"id":1205,"date":"2025-01-12T07:46:19","date_gmt":"2025-01-12T07:46:19","guid":{"rendered":"https:\/\/divfarrahenterprise.com\/?page_id=1205"},"modified":"2025-05-08T07:29:33","modified_gmt":"2025-05-08T07:29:33","slug":"membership-benefits","status":"publish","type":"page","link":"https:\/\/divfarrahenterprise.com\/es\/membership-benefits\/","title":{"rendered":"Beneficios De La Membres\u00eda"},"content":{"rendered":"<div data-elementor-type=\"wp-page\" data-elementor-id=\"1205\" class=\"elementor elementor-1205\" data-elementor-post-type=\"page\">\n\t\t\t\t<div class=\"elementor-element elementor-element-9c4986d e-flex e-con-boxed e-con e-parent\" data-id=\"9c4986d\" data-element_type=\"container\" data-settings=\"{&quot;background_background&quot;:&quot;classic&quot;,&quot;motion_fx_motion_fx_scrolling&quot;:&quot;yes&quot;,&quot;motion_fx_devices&quot;:[&quot;desktop&quot;,&quot;tablet&quot;,&quot;mobile&quot;]}\">\n\t\t\t\t\t<div class=\"e-con-inner\">\n\t\t\t\t<div class=\"elementor-element elementor-element-955d953 elementor-widget elementor-widget-heading\" data-id=\"955d953\" data-element_type=\"widget\" data-widget_type=\"heading.default\">\n\t\t\t\t<div class=\"elementor-widget-container\">\n\t\t\t\t\t<h2 class=\"elementor-heading-title elementor-size-default\">Beneficios De La Membres\u00eda\n<\/h2>\t\t\t\t<\/div>\n\t\t\t\t<\/div>\n\t\t\t\t\t<\/div>\n\t\t\t\t<\/div>\n\t\t<div class=\"elementor-element elementor-element-3ada2c2 e-flex e-con-boxed e-con e-parent\" data-id=\"3ada2c2\" data-element_type=\"container\">\n\t\t\t\t\t<div class=\"e-con-inner\">\n\t\t\t\t<div class=\"elementor-element elementor-element-02ae2cb elementor-widget elementor-widget-text-editor\" data-id=\"02ae2cb\" data-element_type=\"widget\" data-widget_type=\"text-editor.default\">\n\t\t\t\t<div class=\"elementor-widget-container\">\n\t\t\t\t\t\t\t\t\t<p>Desbloquear Descuentos Exclusivos, Servicios y Oportunidades para hacer Crecer Su Negocio<\/p>\t\t\t\t\t\t\t\t<\/div>\n\t\t\t\t<\/div>\n\t\t\t\t\t<\/div>\n\t\t\t\t<\/div>\n\t\t<div class=\"elementor-element elementor-element-ae93279 e-flex e-con-boxed e-con e-parent\" data-id=\"ae93279\" data-element_type=\"container\">\n\t\t\t\t\t<div class=\"e-con-inner\">\n\t\t\t\t<div class=\"elementor-element elementor-element-df38068 elementor-widget elementor-widget-heading\" data-id=\"df38068\" data-element_type=\"widget\" data-widget_type=\"heading.default\">\n\t\t\t\t<div class=\"elementor-widget-container\">\n\t\t\t\t\t<h2 class=\"elementor-heading-title elementor-size-default\">Los Principales Beneficios\n\n\n<\/h2>\t\t\t\t<\/div>\n\t\t\t\t<\/div>\n\t\t\t\t<div class=\"elementor-element elementor-element-4643410 elementor-widget elementor-widget-text-editor\" data-id=\"4643410\" data-element_type=\"widget\" data-widget_type=\"text-editor.default\">\n\t\t\t\t<div class=\"elementor-widget-container\">\n\t\t\t\t\t\t\t\t\t<ul><li style=\"text-align: left;\"><strong>Directorio De Empresas De Listado:<\/strong> Aumentar su visibilidad en l\u00ednea con un listado en nuestro directorio de empresas.<\/li><li style=\"text-align: left;\"><strong>Servicios De Descuento:<\/strong> Disfruta de descuentos exclusivos en nuestros servicios, incluyendo el dise\u00f1o gr\u00e1fico, marketing digital y negocios de consulta.<\/li><li style=\"text-align: left;\"><strong>Oportunidades De Creaci\u00f3n De Redes:<\/strong> Conectar con otros emprendedores y due\u00f1os de negocios a trav\u00e9s de nuestros eventos y de la comunidad en l\u00ednea.<\/li><\/ul>\t\t\t\t\t\t\t\t<\/div>\n\t\t\t\t<\/div>\n\t\t\t\t<div class=\"elementor-element elementor-element-59860a5 elementor-widget elementor-widget-heading\" data-id=\"59860a5\" data-element_type=\"widget\" data-widget_type=\"heading.default\">\n\t\t\t\t<div class=\"elementor-widget-container\">\n\t\t\t\t\t<h2 class=\"elementor-heading-title elementor-size-default\">El crecimiento y los Beneficios del Desarrollo\n\n\n<\/h2>\t\t\t\t<\/div>\n\t\t\t\t<\/div>\n\t\t\t\t<div class=\"elementor-element elementor-element-f01f76d elementor-widget elementor-widget-text-editor\" data-id=\"f01f76d\" data-element_type=\"widget\" data-widget_type=\"text-editor.default\">\n\t\t\t\t<div class=\"elementor-widget-container\">\n\t\t\t\t\t\t\t\t\t<ul><li style=\"text-align: left;\"><strong>\u00a0La Planificaci\u00f3n de negocios y Estrategia:<\/strong> Obtener asesoramiento experto en la creaci\u00f3n de un plan de negocios integral y estrategia.<\/li><li style=\"text-align: left;\"><strong>Marketing y Promoci\u00f3n:<\/strong> Acceso a descuentos exclusivos en la comercializaci\u00f3n y promoci\u00f3n de servicios, incluyendo la gesti\u00f3n de social media y publicidad.<\/li><li style=\"text-align: left;\"><strong>Negocio de Cr\u00e9dito y Financiaci\u00f3n:<\/strong> Obtener el asesoramiento de expertos en el negocio de cr\u00e9dito, la financiaci\u00f3n y contabilidad.<p>\u00a0<\/p><\/li><\/ul>\t\t\t\t\t\t\t\t<\/div>\n\t\t\t\t<\/div>\n\t\t\t\t<div class=\"elementor-element elementor-element-07ac0e2 elementor-widget elementor-widget-heading\" data-id=\"07ac0e2\" data-element_type=\"widget\" data-widget_type=\"heading.default\">\n\t\t\t\t<div class=\"elementor-widget-container\">\n\t\t\t\t\t<h2 class=\"elementor-heading-title elementor-size-default\">Beneficios Operacionales\n\n\n\n<\/h2>\t\t\t\t<\/div>\n\t\t\t\t<\/div>\n\t\t\t\t<div class=\"elementor-element elementor-element-be81fbf elementor-widget elementor-widget-text-editor\" data-id=\"be81fbf\" data-element_type=\"widget\" data-widget_type=\"text-editor.default\">\n\t\t\t\t<div class=\"elementor-widget-container\">\n\t\t\t\t\t\t\t\t\t<ul><li style=\"text-align: left;\"><strong>Gr\u00e1fico y Dise\u00f1o de Servicios:<\/strong> Disfrute de tarifas con descuento en servicios de dise\u00f1o gr\u00e1fico, incluyendo la creaci\u00f3n de logotipos, folletos, y m\u00e1s.<\/li><li style=\"text-align: left;\"><strong>De Servicios De Marketing Digital:<\/strong> Acceso a descuentos exclusivos en servicios de marketing digital, incluyendo dise\u00f1o de sitio web, SEO, y m\u00e1s.<\/li><li style=\"text-align: left;\"><strong>De negocios de Consulta y Coaching:<\/strong> Obtener gu\u00eda de expertos y el coaching en las operaciones comerciales, de gesti\u00f3n y de crecimiento.<\/li><\/ul>\t\t\t\t\t\t\t\t<\/div>\n\t\t\t\t<\/div>\n\t\t\t\t<div class=\"elementor-element elementor-element-39b7813 elementor-widget elementor-widget-heading\" data-id=\"39b7813\" data-element_type=\"widget\" data-widget_type=\"heading.default\">\n\t\t\t\t<div class=\"elementor-widget-container\">\n\t\t\t\t\t<h2 class=\"elementor-heading-title elementor-size-default\">Perfil Completo Escaparate\n\n\n<\/h2>\t\t\t\t<\/div>\n\t\t\t\t<\/div>\n\t\t\t\t<div class=\"elementor-element elementor-element-8358884 elementor-widget elementor-widget-text-editor\" data-id=\"8358884\" data-element_type=\"widget\" data-widget_type=\"text-editor.default\">\n\t\t\t\t<div class=\"elementor-widget-container\">\n\t\t\t\t\t\t\t\t\t<ul><li style=\"text-align: left;\">El escaparate de su negocio con un perfil completo, incluyendo toda su informaci\u00f3n de contacto, por lo que es f\u00e1cil para prospectar clientes para encontrar y conectarse con usted.<\/li><\/ul><ul><li style=\"text-align: left;\"><strong>Foro De Expertos<\/strong><br \/>Comparta su experiencia y mostrar sus servicios en nuestro foro dedicado, donde la perspectiva de los clientes pueden hacer preguntas y buscar orientaci\u00f3n.<\/li><\/ul>\t\t\t\t\t\t\t\t<\/div>\n\t\t\t\t<\/div>\n\t\t\t\t<div class=\"elementor-element elementor-element-eb8ffc4 elementor-widget elementor-widget-heading\" data-id=\"eb8ffc4\" data-element_type=\"widget\" data-widget_type=\"heading.default\">\n\t\t\t\t<div class=\"elementor-widget-container\">\n\t\t\t\t\t<h2 class=\"elementor-heading-title elementor-size-default\">Los Beneficios De La Sociedad\n\n\n\n\n<\/h2>\t\t\t\t<\/div>\n\t\t\t\t<\/div>\n\t\t\t\t<div class=\"elementor-element elementor-element-acf06b8 elementor-widget elementor-widget-text-editor\" data-id=\"acf06b8\" data-element_type=\"widget\" data-widget_type=\"text-editor.default\">\n\t\t\t\t<div class=\"elementor-widget-container\">\n\t\t\t\t\t\t\t\t\t<ul><li style=\"text-align: left;\"><strong>Representante de Fabricantes y Proveedores:<\/strong> Conectar con los mejores fabricantes y proveedores a trav\u00e9s de nuestra red.<\/li><li style=\"text-align: left;\"><strong>Las Asociaciones empresariales y las Colaboraciones de:<\/strong> Acceso a oportunidades de alianzas y colaboraciones con otras empresas y organizaciones.<\/li><\/ul>\t\t\t\t\t\t\t\t<\/div>\n\t\t\t\t<\/div>\n\t\t\t\t<div class=\"elementor-element elementor-element-9bbf7b3 elementor-widget elementor-widget-heading\" data-id=\"9bbf7b3\" data-element_type=\"widget\" data-widget_type=\"heading.default\">\n\t\t\t\t<div class=\"elementor-widget-container\">\n\t\t\t\t\t<h2 class=\"elementor-heading-title elementor-size-default\">Planes De Membres\u00eda\n\n\n\n\n<\/h2>\t\t\t\t<\/div>\n\t\t\t\t<\/div>\n\t\t\t\t<div class=\"elementor-element elementor-element-8d8ad69 elementor-widget elementor-widget-text-editor\" data-id=\"8d8ad69\" data-element_type=\"widget\" data-widget_type=\"text-editor.default\">\n\t\t\t\t<div class=\"elementor-widget-container\">\n\t\t\t\t\t\t\t\t\t<p>Ofrecemos diferentes planes de membres\u00eda para satisfacer las necesidades de su negocio. Elija entre nuestra Agentes\/los Estudiantes,los Negocios Emergentes de Los Miembros Corporativos planes y empezar a disfrutar de los beneficios de la membres\u00eda de hoy!<\/p>\t\t\t\t\t\t\t\t<\/div>\n\t\t\t\t<\/div>\n\t\t\t\t\t<\/div>\n\t\t\t\t<\/div>\n\t\t\t\t<\/div>","protected":false},"excerpt":{"rendered":"<p>Membership Benefits Unlock Exclusive Discounts, Services, and Opportunities to Grow Your Business Core Benefits Business Directory Listing: Increase your online visibility with a listing in our business directory. Discounted Services: Enjoy exclusive discounts on our services, including graphic design, digital marketing, and business consultation. Networking Opportunities: Connect with fellow entrepreneurs and business owners through our [&hellip;]<\/p>","protected":false},"author":1,"featured_media":0,"parent":0,"menu_order":0,"comment_status":"closed","ping_status":"closed","template":"","meta":{"_jf_save_progress":"","_jet_sm_ready_style":"","_jet_sm_style":"","_jet_sm_controls_values":"","_jet_sm_fonts_collection":"","_jet_sm_fonts_links":"","footnotes":""},"class_list":["post-1205","page","type-page","status-publish","hentry"],"_links":{"self":[{"href":"https:\/\/divfarrahenterprise.com\/es\/wp-json\/wp\/v2\/pages\/1205","targetHints":{"allow":["GET"]}}],"collection":[{"href":"https:\/\/divfarrahenterprise.com\/es\/wp-json\/wp\/v2\/pages"}],"about":[{"href":"https:\/\/divfarrahenterprise.com\/es\/wp-json\/wp\/v2\/types\/page"}],"author":[{"embeddable":true,"href":"https:\/\/divfarrahenterprise.com\/es\/wp-json\/wp\/v2\/users\/1"}],"replies":[{"embeddable":true,"href":"https:\/\/divfarrahenterprise.com\/es\/wp-json\/wp\/v2\/comments?post=1205"}],"version-history":[{"count":16,"href":"https:\/\/divfarrahenterprise.com\/es\/wp-json\/wp\/v2\/pages\/1205\/revisions"}],"predecessor-version":[{"id":2636,"href":"https:\/\/divfarrahenterprise.com\/es\/wp-json\/wp\/v2\/pages\/1205\/revisions\/2636"}],"wp:attachment":[{"href":"https:\/\/divfarrahenterprise.com\/es\/wp-json\/wp\/v2\/media?parent=1205"}],"curies":[{"name":"wp","href":"https:\/\/api.w.org\/{rel}","templated":true}]}}