{"id":1257,"date":"2025-01-13T09:08:23","date_gmt":"2025-01-13T09:08:23","guid":{"rendered":"https:\/\/divfarrahenterprise.com\/?page_id=1257"},"modified":"2025-05-08T07:06:52","modified_gmt":"2025-05-08T07:06:52","slug":"charity","status":"publish","type":"page","link":"https:\/\/divfarrahenterprise.com\/es\/charity\/","title":{"rendered":"La caridad"},"content":{"rendered":"<div data-elementor-type=\"wp-page\" data-elementor-id=\"1257\" class=\"elementor elementor-1257\" data-elementor-post-type=\"page\">\n\t\t\t\t<div class=\"elementor-element elementor-element-bc31b32 e-flex e-con-boxed e-con e-parent\" data-id=\"bc31b32\" data-element_type=\"container\" data-settings=\"{&quot;background_background&quot;:&quot;classic&quot;,&quot;motion_fx_motion_fx_scrolling&quot;:&quot;yes&quot;,&quot;motion_fx_devices&quot;:[&quot;desktop&quot;,&quot;tablet&quot;,&quot;mobile&quot;]}\">\n\t\t\t\t\t<div class=\"e-con-inner\">\n\t\t\t\t<div class=\"elementor-element elementor-element-2793280 elementor-widget elementor-widget-heading\" data-id=\"2793280\" data-element_type=\"widget\" data-widget_type=\"heading.default\">\n\t\t\t\t<div class=\"elementor-widget-container\">\n\t\t\t\t\t<h2 class=\"elementor-heading-title elementor-size-default\">La caridad<\/h2>\t\t\t\t<\/div>\n\t\t\t\t<\/div>\n\t\t\t\t\t<\/div>\n\t\t\t\t<\/div>\n\t\t<div class=\"elementor-element elementor-element-7148403 e-flex e-con-boxed e-con e-parent\" data-id=\"7148403\" data-element_type=\"container\" data-settings=\"{&quot;background_background&quot;:&quot;classic&quot;}\">\n\t\t\t\t\t<div class=\"e-con-inner\">\n\t\t<div class=\"elementor-element elementor-element-fce4d5b e-con-full e-flex e-con e-child\" data-id=\"fce4d5b\" data-element_type=\"container\">\n\t\t<div class=\"elementor-element elementor-element-a96a4c4 e-con-full e-flex e-con e-child\" data-id=\"a96a4c4\" data-element_type=\"container\">\n\t\t\t\t<div class=\"elementor-element elementor-element-5ffb9ff elementor-widget elementor-widget-image\" data-id=\"5ffb9ff\" data-element_type=\"widget\" data-widget_type=\"image.default\">\n\t\t\t\t<div class=\"elementor-widget-container\">\n\t\t\t\t\t\t\t\t\t\t\t\t\t\t\t<img fetchpriority=\"high\" decoding=\"async\" width=\"640\" height=\"640\" src=\"https:\/\/divfarrahenterprise.com\/wp-content\/uploads\/2025\/03\/WhatsApp-Image-2025-03-22-at-06.03.28_947228f0.jpg\" class=\"attachment-large size-large wp-image-2011\" alt=\"\" srcset=\"https:\/\/divfarrahenterprise.com\/wp-content\/uploads\/2025\/03\/WhatsApp-Image-2025-03-22-at-06.03.28_947228f0.jpg 640w, https:\/\/divfarrahenterprise.com\/wp-content\/uploads\/2025\/03\/WhatsApp-Image-2025-03-22-at-06.03.28_947228f0-300x300.jpg 300w, https:\/\/divfarrahenterprise.com\/wp-content\/uploads\/2025\/03\/WhatsApp-Image-2025-03-22-at-06.03.28_947228f0-100x100.jpg 100w, https:\/\/divfarrahenterprise.com\/wp-content\/uploads\/2025\/03\/WhatsApp-Image-2025-03-22-at-06.03.28_947228f0-600x600.jpg 600w, https:\/\/divfarrahenterprise.com\/wp-content\/uploads\/2025\/03\/WhatsApp-Image-2025-03-22-at-06.03.28_947228f0-150x150.jpg 150w\" sizes=\"(max-width: 640px) 100vw, 640px\" \/>\t\t\t\t\t\t\t\t\t\t\t\t\t\t\t<\/div>\n\t\t\t\t<\/div>\n\t\t\t\t<\/div>\n\t\t<div class=\"jet-sticky-column elementor-element elementor-element-34c2251 e-con-full e-flex e-con e-child\" data-jet-settings=\"{&quot;id&quot;:&quot;34c2251&quot;,&quot;sticky&quot;:true,&quot;topSpacing&quot;:50,&quot;bottomSpacing&quot;:50,&quot;stickyOn&quot;:[&quot;desktop&quot;,&quot;tablet&quot;],&quot;behavior&quot;:&quot;default&quot;,&quot;zIndex&quot;:1100}\" data-id=\"34c2251\" data-element_type=\"container\">\n\t\t\t\t<div class=\"elementor-element elementor-element-0f74ee8 elementor-widget elementor-widget-text-editor\" data-id=\"0f74ee8\" data-element_type=\"widget\" data-widget_type=\"text-editor.default\">\n\t\t\t\t<div class=\"elementor-widget-container\">\n\t\t\t\t\t\t\t\t\t<p>Farranah P. Saintil Fundador DivFarrah Enterprise LLC ha dedicado su vida a dar a los dem\u00e1s. A trav\u00e9s de su fundaci\u00f3n, Farranah las acciones de demostrar su creencia de que cuando damos m\u00e1s, nos volvemos m\u00e1s.<br \/>Farranah la Fundaci\u00f3n es una organizaci\u00f3n sin fines de lucro dedicada a mejorar las vidas de los individuos y las comunidades en Hait\u00ed, la Rep\u00fablica Dominicana y de otras regiones. Desde 2016, hemos estado trabajando incansablemente para brindar apoyo, los recursos y las oportunidades a aquellos en necesidad.<\/p>\t\t\t\t\t\t\t\t<\/div>\n\t\t\t\t<\/div>\n\t\t\t\t<\/div>\n\t\t\t\t<\/div>\n\t\t\t\t<div class=\"elementor-element elementor-element-11cbeb3 elementor-widget elementor-widget-heading\" data-id=\"11cbeb3\" data-element_type=\"widget\" data-widget_type=\"heading.default\">\n\t\t\t\t<div class=\"elementor-widget-container\">\n\t\t\t\t\t<h2 class=\"elementor-heading-title elementor-size-default\">Participar<\/h2>\t\t\t\t<\/div>\n\t\t\t\t<\/div>\n\t\t\t\t<div class=\"elementor-element elementor-element-989287d elementor-widget elementor-widget-text-editor\" data-id=\"989287d\" data-element_type=\"widget\" data-widget_type=\"text-editor.default\">\n\t\t\t\t<div class=\"elementor-widget-container\">\n\t\t\t\t\t\t\t\t\t<p>Como un miembro valioso de DivFarrah Enterprise LLC, le invitamos a unirse a nosotros para hacer una diferencia. Su apoyo nos puede ayudar a seguir para la prestaci\u00f3n de servicios vitales y los programas a aquellos en necesidad.<\/p>\t\t\t\t\t\t\t\t<\/div>\n\t\t\t\t<\/div>\n\t\t\t\t<div class=\"elementor-element elementor-element-c0d01ed elementor-widget elementor-widget-heading\" data-id=\"c0d01ed\" data-element_type=\"widget\" data-widget_type=\"heading.default\">\n\t\t\t\t<div class=\"elementor-widget-container\">\n\t\t\t\t\t<h2 class=\"elementor-heading-title elementor-size-default\">Formas de Donar\n<\/h2>\t\t\t\t<\/div>\n\t\t\t\t<\/div>\n\t\t\t\t<div class=\"elementor-element elementor-element-f766d84 elementor-widget elementor-widget-text-editor\" data-id=\"f766d84\" data-element_type=\"widget\" data-widget_type=\"text-editor.default\">\n\t\t\t\t<div class=\"elementor-widget-container\">\n\t\t\t\t\t\t\t\t\t<ul><li style=\"text-align: left;\"><strong>Donaciones Monetarias:<\/strong> Hacer una donaci\u00f3n segura en l\u00ednea hoy.<\/li><li style=\"text-align: left;\"><strong>Donaciones En Especie:<\/strong> Donar bienes o servicios para apoyar nuestros programas.<\/li><li style=\"text-align: left;\"><strong>Voluntario:<\/strong> \u00danase a nosotros en el suelo y echar una mano a nuestras iniciativas.<\/li><\/ul>\t\t\t\t\t\t\t\t<\/div>\n\t\t\t\t<\/div>\n\t\t\t\t<div class=\"elementor-element elementor-element-dd7f104 elementor-widget elementor-widget-text-editor\" data-id=\"dd7f104\" data-element_type=\"widget\" data-widget_type=\"text-editor.default\">\n\t\t\t\t<div class=\"elementor-widget-container\">\n\t\t\t\t\t\t\t\t\t<p><strong>Cada Aportaci\u00f3n Cuenta<\/strong><br \/>Tu donaci\u00f3n ir\u00e1 directamente hacia el apoyo de nuestros programas y servicios. Juntos, podemos hacer un impacto significativo en las vidas de los dem\u00e1s.<\/p><p><strong>Done Hoy<\/strong><\/p>\t\t\t\t\t\t\t\t<\/div>\n\t\t\t\t<\/div>\n\t\t\t\t<div class=\"elementor-element elementor-element-9a616e1 elementor-widget elementor-widget-button\" data-id=\"9a616e1\" data-element_type=\"widget\" data-widget_type=\"button.default\">\n\t\t\t\t<div class=\"elementor-widget-container\">\n\t\t\t\t\t\t\t\t\t<div class=\"elementor-button-wrapper\">\n\t\t\t\t\t<a class=\"elementor-button elementor-button-link elementor-size-sm\" href=\"http:\/\/Farranahsfoundation.com\">\n\t\t\t\t\t\t<span class=\"elementor-button-content-wrapper\">\n\t\t\t\t\t\t\t\t\t<span class=\"elementor-button-text\">DONA AHORA<\/span>\n\t\t\t\t\t<\/span>\n\t\t\t\t\t<\/a>\n\t\t\t\t<\/div>\n\t\t\t\t\t\t\t\t<\/div>\n\t\t\t\t<\/div>\n\t\t\t\t<div class=\"elementor-element elementor-element-4a3c438 elementor-widget elementor-widget-text-editor\" data-id=\"4a3c438\" data-element_type=\"widget\" data-widget_type=\"text-editor.default\">\n\t\t\t\t<div class=\"elementor-widget-container\">\n\t\t\t\t\t\t\t\t\t<p>Para aprender m\u00e1s acerca de Farranah de la Fundaci\u00f3n o para involucrarse nos visitan :<\/p>\t\t\t\t\t\t\t\t<\/div>\n\t\t\t\t<\/div>\n\t\t\t\t<div class=\"elementor-element elementor-element-fdfe102 elementor-widget elementor-widget-button\" data-id=\"fdfe102\" data-element_type=\"widget\" data-widget_type=\"button.default\">\n\t\t\t\t<div class=\"elementor-widget-container\">\n\t\t\t\t\t\t\t\t\t<div class=\"elementor-button-wrapper\">\n\t\t\t\t\t<a class=\"elementor-button elementor-button-link elementor-size-sm\" href=\"https:\/\/farranahsfoundation.org\" target=\"_blank\">\n\t\t\t\t\t\t<span class=\"elementor-button-content-wrapper\">\n\t\t\t\t\t\t\t\t\t<span class=\"elementor-button-text\">Vis\u00edtenos<\/span>\n\t\t\t\t\t<\/span>\n\t\t\t\t\t<\/a>\n\t\t\t\t<\/div>\n\t\t\t\t\t\t\t\t<\/div>\n\t\t\t\t<\/div>\n\t\t\t\t<div class=\"elementor-element elementor-element-786d78b elementor-widget elementor-widget-image\" data-id=\"786d78b\" data-element_type=\"widget\" data-widget_type=\"image.default\">\n\t\t\t\t<div class=\"elementor-widget-container\">\n\t\t\t\t\t\t\t\t\t\t\t\t\t\t\t<img decoding=\"async\" width=\"800\" height=\"600\" src=\"https:\/\/divfarrahenterprise.com\/wp-content\/uploads\/2025\/03\/WhatsApp-Image-2025-03-22-at-06.08.41_5ecad1d3-1024x768.jpg\" class=\"attachment-large size-large wp-image-2012\" alt=\"\" srcset=\"https:\/\/divfarrahenterprise.com\/wp-content\/uploads\/2025\/03\/WhatsApp-Image-2025-03-22-at-06.08.41_5ecad1d3-1024x768.jpg 1024w, https:\/\/divfarrahenterprise.com\/wp-content\/uploads\/2025\/03\/WhatsApp-Image-2025-03-22-at-06.08.41_5ecad1d3-600x450.jpg 600w, https:\/\/divfarrahenterprise.com\/wp-content\/uploads\/2025\/03\/WhatsApp-Image-2025-03-22-at-06.08.41_5ecad1d3-300x225.jpg 300w, https:\/\/divfarrahenterprise.com\/wp-content\/uploads\/2025\/03\/WhatsApp-Image-2025-03-22-at-06.08.41_5ecad1d3-768x576.jpg 768w, https:\/\/divfarrahenterprise.com\/wp-content\/uploads\/2025\/03\/WhatsApp-Image-2025-03-22-at-06.08.41_5ecad1d3.jpg 1280w\" sizes=\"(max-width: 800px) 100vw, 800px\" \/>\t\t\t\t\t\t\t\t\t\t\t\t\t\t\t<\/div>\n\t\t\t\t<\/div>\n\t\t\t\t<div class=\"elementor-element elementor-element-c264147 elementor-icon-list--layout-inline elementor-align-center elementor-list-item-link-full_width elementor-widget elementor-widget-icon-list\" data-id=\"c264147\" data-element_type=\"widget\" data-widget_type=\"icon-list.default\">\n\t\t\t\t<div class=\"elementor-widget-container\">\n\t\t\t\t\t\t\t<ul class=\"elementor-icon-list-items elementor-inline-items\">\n\t\t\t\t\t\t\t<li class=\"elementor-icon-list-item elementor-inline-item\">\n\t\t\t\t\t\t\t\t\t\t\t<a href=\"https:\/\/www.facebook.com\/share\/1ABKV5eFD9\/?mibextid=wwXIfr\">\n\n\t\t\t\t\t\t\t\t\t\t\t\t<span class=\"elementor-icon-list-icon\">\n\t\t\t\t\t\t\t<svg aria-hidden=\"true\" class=\"e-font-icon-svg e-fab-facebook\" viewbox=\"0 0 512 512\" xmlns=\"http:\/\/www.w3.org\/2000\/svg\"><path d=\"M504 256C504 119 393 8 256 8S8 119 8 256c0 123.78 90.69 226.38 209.25 245V327.69h-63V256h63v-54.64c0-62.15 37-96.48 93.67-96.48 27.14 0 55.52 4.84 55.52 4.84v61h-31.28c-30.8 0-40.41 19.12-40.41 38.73V256h68.78l-11 71.69h-57.78V501C413.31 482.38 504 379.78 504 256z\"><\/path><\/svg>\t\t\t\t\t\t<\/span>\n\t\t\t\t\t\t\t\t\t\t<span class=\"elementor-icon-list-text\"><\/span>\n\t\t\t\t\t\t\t\t\t\t\t<\/a>\n\t\t\t\t\t\t\t\t\t<\/li>\n\t\t\t\t\t\t\t\t<li class=\"elementor-icon-list-item elementor-inline-item\">\n\t\t\t\t\t\t\t\t\t\t\t<a href=\"https:\/\/youtube.com\/@farranahsfoundation?si=gl8M48RbDnwYOnlW\">\n\n\t\t\t\t\t\t\t\t\t\t\t\t<span class=\"elementor-icon-list-icon\">\n\t\t\t\t\t\t\t<svg aria-hidden=\"true\" class=\"e-font-icon-svg e-fab-youtube\" viewbox=\"0 0 576 512\" xmlns=\"http:\/\/www.w3.org\/2000\/svg\"><path d=\"M549.655 124.083c-6.281-23.65-24.787-42.276-48.284-48.597C458.781 64 288 64 288 64S117.22 64 74.629 75.486c-23.497 6.322-42.003 24.947-48.284 48.597-11.412 42.867-11.412 132.305-11.412 132.305s0 89.438 11.412 132.305c6.281 23.65 24.787 41.5 48.284 47.821C117.22 448 288 448 288 448s170.78 0 213.371-11.486c23.497-6.321 42.003-24.171 48.284-47.821 11.412-42.867 11.412-132.305 11.412-132.305s0-89.438-11.412-132.305zm-317.51 213.508V175.185l142.739 81.205-142.739 81.201z\"><\/path><\/svg>\t\t\t\t\t\t<\/span>\n\t\t\t\t\t\t\t\t\t\t<span class=\"elementor-icon-list-text\"><\/span>\n\t\t\t\t\t\t\t\t\t\t\t<\/a>\n\t\t\t\t\t\t\t\t\t<\/li>\n\t\t\t\t\t\t<\/ul>\n\t\t\t\t\t\t<\/div>\n\t\t\t\t<\/div>\n\t\t\t\t\t<\/div>\n\t\t\t\t<\/div>\n\t\t\t\t<\/div>","protected":false},"excerpt":{"rendered":"<p>Charity Farranah P. Saintil Founder DivFarrah Enterprise LLC has dedicated her life to giving to others. Through her foundation, Farranah&#8217;s actions demonstrate her belief that when we give more, we become more.Farranah&#8217;s Foundation is a non-profit organization dedicated to improving the lives of individuals and communities in Haiti, the Dominican Republic, and other regions. Since [&hellip;]<\/p>","protected":false},"author":1,"featured_media":0,"parent":0,"menu_order":0,"comment_status":"closed","ping_status":"closed","template":"","meta":{"_jf_save_progress":"","_jet_sm_ready_style":"","_jet_sm_style":"","_jet_sm_controls_values":"","_jet_sm_fonts_collection":"","_jet_sm_fonts_links":"","footnotes":""},"class_list":["post-1257","page","type-page","status-publish","hentry"],"_links":{"self":[{"href":"https:\/\/divfarrahenterprise.com\/es\/wp-json\/wp\/v2\/pages\/1257","targetHints":{"allow":["GET"]}}],"collection":[{"href":"https:\/\/divfarrahenterprise.com\/es\/wp-json\/wp\/v2\/pages"}],"about":[{"href":"https:\/\/divfarrahenterprise.com\/es\/wp-json\/wp\/v2\/types\/page"}],"author":[{"embeddable":true,"href":"https:\/\/divfarrahenterprise.com\/es\/wp-json\/wp\/v2\/users\/1"}],"replies":[{"embeddable":true,"href":"https:\/\/divfarrahenterprise.com\/es\/wp-json\/wp\/v2\/comments?post=1257"}],"version-history":[{"count":13,"href":"https:\/\/divfarrahenterprise.com\/es\/wp-json\/wp\/v2\/pages\/1257\/revisions"}],"predecessor-version":[{"id":2620,"href":"https:\/\/divfarrahenterprise.com\/es\/wp-json\/wp\/v2\/pages\/1257\/revisions\/2620"}],"wp:attachment":[{"href":"https:\/\/divfarrahenterprise.com\/es\/wp-json\/wp\/v2\/media?parent=1257"}],"curies":[{"name":"wp","href":"https:\/\/api.w.org\/{rel}","templated":true}]}}