{"id":1272,"date":"2025-01-13T09:57:09","date_gmt":"2025-01-13T09:57:09","guid":{"rendered":"https:\/\/divfarrahenterprise.com\/?page_id=1272"},"modified":"2025-08-02T08:46:28","modified_gmt":"2025-08-02T08:46:28","slug":"digital-marketing","status":"publish","type":"page","link":"https:\/\/divfarrahenterprise.com\/es\/digital-marketing\/","title":{"rendered":"El Marketing Digital"},"content":{"rendered":"<div data-elementor-type=\"wp-page\" data-elementor-id=\"1272\" class=\"elementor elementor-1272\" data-elementor-post-type=\"page\">\n\t\t\t\t<div class=\"elementor-element elementor-element-9e2cca0 e-flex e-con-boxed e-con e-parent\" data-id=\"9e2cca0\" data-element_type=\"container\" data-settings=\"{&quot;background_background&quot;:&quot;classic&quot;,&quot;motion_fx_motion_fx_scrolling&quot;:&quot;yes&quot;,&quot;motion_fx_devices&quot;:[&quot;desktop&quot;,&quot;tablet&quot;,&quot;mobile&quot;]}\">\n\t\t\t\t\t<div class=\"e-con-inner\">\n\t\t\t\t\t<\/div>\n\t\t\t\t<\/div>\n\t\t<div class=\"elementor-element elementor-element-ad0fc03 e-flex e-con-boxed e-con e-parent\" data-id=\"ad0fc03\" data-element_type=\"container\" data-settings=\"{&quot;background_background&quot;:&quot;classic&quot;}\">\n\t\t\t\t\t<div class=\"e-con-inner\">\n\t\t\t\t<div class=\"elementor-element elementor-element-88f7cb6 elementor-widget elementor-widget-heading\" data-id=\"88f7cb6\" data-element_type=\"widget\" data-widget_type=\"heading.default\">\n\t\t\t\t<div class=\"elementor-widget-container\">\n\t\t\t\t\t<h2 class=\"elementor-heading-title elementor-size-default\">Elevar Su Presencia en L\u00ednea con Nuestros Servicios de Marketing Digital<\/h2>\t\t\t\t<\/div>\n\t\t\t\t<\/div>\n\t\t<div class=\"elementor-element elementor-element-d8731bc e-con-full e-flex e-con e-child\" data-id=\"d8731bc\" data-element_type=\"container\">\n\t\t<div class=\"elementor-element elementor-element-35b8951 e-con-full e-flex e-con e-child\" data-id=\"35b8951\" data-element_type=\"container\">\n\t\t\t\t<div class=\"elementor-element elementor-element-3a44b8e elementor-widget elementor-widget-text-editor\" data-id=\"3a44b8e\" data-element_type=\"widget\" data-widget_type=\"text-editor.default\">\n\t\t\t\t<div class=\"elementor-widget-container\">\n\t\t\t\t\t\t\t\t\t<p><br \/>En el panorama digital actual, tener una s\u00f3lida presencia en l\u00ednea es crucial para las empresas a prosperar. Nuestros servicios de marketing digital est\u00e1n dise\u00f1ados para ayudarle a establecer un fuerte, en l\u00ednea de huella, la unidad m\u00e1s tr\u00e1fico, generar clientes potenciales de calidad, y en \u00faltima instancia, aumentar su l\u00ednea de fondo.<\/p>\t\t\t\t\t\t\t\t<\/div>\n\t\t\t\t<\/div>\n\t\t\t\t<div class=\"elementor-element elementor-element-ce57363 elementor-widget elementor-widget-text-editor\" data-id=\"ce57363\" data-element_type=\"widget\" data-widget_type=\"text-editor.default\">\n\t\t\t\t<div class=\"elementor-widget-container\">\n\t\t\t\t\t\t\t\t\t<p><strong>Nuestra Completa De Servicios De Marketing Digital<\/strong><br \/>Ofrecemos una gama completa de servicios de marketing digital a la medida para satisfacer sus necesidades empresariales \u00fanicas:<\/p>\t\t\t\t\t\t\t\t<\/div>\n\t\t\t\t<\/div>\n\t\t\t\t<\/div>\n\t\t\t\t<\/div>\n\t\t<div class=\"elementor-element elementor-element-aadad51 e-con-full e-flex e-con e-child\" data-id=\"aadad51\" data-element_type=\"container\">\n\t\t<div class=\"elementor-element elementor-element-9bc1b0b e-con-full e-flex e-con e-child\" data-id=\"9bc1b0b\" data-element_type=\"container\">\n\t\t\t\t<div class=\"elementor-element elementor-element-b315e30 elementor-position-top elementor-widget elementor-widget-image-box\" data-id=\"b315e30\" data-element_type=\"widget\" data-widget_type=\"image-box.default\">\n\t\t\t\t<div class=\"elementor-widget-container\">\n\t\t\t\t\t<div class=\"elementor-image-box-wrapper\"><figure class=\"elementor-image-box-img\"><img fetchpriority=\"high\" decoding=\"async\" width=\"512\" height=\"512\" src=\"https:\/\/divfarrahenterprise.com\/wp-content\/uploads\/2025\/01\/social.png\" class=\"attachment-full size-full wp-image-1276\" alt=\"\" srcset=\"https:\/\/divfarrahenterprise.com\/wp-content\/uploads\/2025\/01\/social.png 512w, https:\/\/divfarrahenterprise.com\/wp-content\/uploads\/2025\/01\/social-300x300.png 300w, https:\/\/divfarrahenterprise.com\/wp-content\/uploads\/2025\/01\/social-100x100.png 100w, https:\/\/divfarrahenterprise.com\/wp-content\/uploads\/2025\/01\/social-150x150.png 150w\" sizes=\"(max-width: 512px) 100vw, 512px\" \/><\/figure><div class=\"elementor-image-box-content\"><h3 class=\"elementor-image-box-title\">Manejo De Redes Sociales<\/h3><p class=\"elementor-image-box-description\">- Desarrollar una estrategia de medios sociales alineadas con los objetivos de su negocio<br>\n- Crear contenido atractivo para cautivar a tu audiencia<br>\n- Gestionar y responder a los comentarios y mensajes<br>\n- Analizar las m\u00e9tricas de rendimiento para optimizar su presencia en los medios sociales\n<\/p><\/div><\/div>\t\t\t\t<\/div>\n\t\t\t\t<\/div>\n\t\t\t\t<\/div>\n\t\t<div class=\"elementor-element elementor-element-8b05894 e-con-full e-flex e-con e-child\" data-id=\"8b05894\" data-element_type=\"container\">\n\t\t\t\t<div class=\"elementor-element elementor-element-ece70da elementor-position-top elementor-widget elementor-widget-image-box\" data-id=\"ece70da\" data-element_type=\"widget\" data-widget_type=\"image-box.default\">\n\t\t\t\t<div class=\"elementor-widget-container\">\n\t\t\t\t\t<div class=\"elementor-image-box-wrapper\"><figure class=\"elementor-image-box-img\"><img decoding=\"async\" width=\"512\" height=\"512\" src=\"https:\/\/divfarrahenterprise.com\/wp-content\/uploads\/2025\/01\/seo.png\" class=\"attachment-full size-full wp-image-1277\" alt=\"\" srcset=\"https:\/\/divfarrahenterprise.com\/wp-content\/uploads\/2025\/01\/seo.png 512w, https:\/\/divfarrahenterprise.com\/wp-content\/uploads\/2025\/01\/seo-300x300.png 300w, https:\/\/divfarrahenterprise.com\/wp-content\/uploads\/2025\/01\/seo-100x100.png 100w, https:\/\/divfarrahenterprise.com\/wp-content\/uploads\/2025\/01\/seo-150x150.png 150w\" sizes=\"(max-width: 512px) 100vw, 512px\" \/><\/figure><div class=\"elementor-image-box-content\"><h3 class=\"elementor-image-box-title\">Optimizaci\u00f3n de Motores de b\u00fasqueda (SEO)<\/h3><p class=\"elementor-image-box-description\">- Llevar a cabo la investigaci\u00f3n de palabras clave para identificar los t\u00e9rminos de b\u00fasqueda relevantes<br>\n- Optimizar la estructura del sitio web, el contenido, y las etiquetas meta<br>\n- Construcci\u00f3n de alta calidad de los backlinks para mejorar su sitio web de la autoridad<br>\n- Controlar y ajustar su estrategia de SEO para mantenerse por delante de la competencia\n\n<\/p><\/div><\/div>\t\t\t\t<\/div>\n\t\t\t\t<\/div>\n\t\t\t\t<\/div>\n\t\t<div class=\"elementor-element elementor-element-17602ae e-con-full e-flex e-con e-child\" data-id=\"17602ae\" data-element_type=\"container\">\n\t\t\t\t<div class=\"elementor-element elementor-element-c3c85a7 elementor-position-top elementor-widget elementor-widget-image-box\" data-id=\"c3c85a7\" data-element_type=\"widget\" data-widget_type=\"image-box.default\">\n\t\t\t\t<div class=\"elementor-widget-container\">\n\t\t\t\t\t<div class=\"elementor-image-box-wrapper\"><figure class=\"elementor-image-box-img\"><img decoding=\"async\" width=\"512\" height=\"512\" src=\"https:\/\/divfarrahenterprise.com\/wp-content\/uploads\/2025\/01\/content-creation.png\" class=\"attachment-full size-full wp-image-1278\" alt=\"\" srcset=\"https:\/\/divfarrahenterprise.com\/wp-content\/uploads\/2025\/01\/content-creation.png 512w, https:\/\/divfarrahenterprise.com\/wp-content\/uploads\/2025\/01\/content-creation-300x300.png 300w, https:\/\/divfarrahenterprise.com\/wp-content\/uploads\/2025\/01\/content-creation-100x100.png 100w, https:\/\/divfarrahenterprise.com\/wp-content\/uploads\/2025\/01\/content-creation-150x150.png 150w\" sizes=\"(max-width: 512px) 100vw, 512px\" \/><\/figure><div class=\"elementor-image-box-content\"><h3 class=\"elementor-image-box-title\">La Creaci\u00f3n De Contenido<\/h3><p class=\"elementor-image-box-description\">- Desarrollar una estrategia de marketing de contenidos para atraer y retener a tu p\u00fablico objetivo <br>\n- Crear de alta calidad, atractivo contenido (blogs, art\u00edculos, v\u00eddeos, infograf\u00edas, etc.)<br>\n- Reutilizar y redistribuir el contenido para maximizar su impacto y alcance\n\n\n<\/p><\/div><\/div>\t\t\t\t<\/div>\n\t\t\t\t<\/div>\n\t\t\t\t<\/div>\n\t\t\t\t<\/div>\n\t\t<div class=\"elementor-element elementor-element-051c2c9 e-con-full e-flex e-con e-child\" data-id=\"051c2c9\" data-element_type=\"container\">\n\t\t<div class=\"elementor-element elementor-element-0d5e71b e-con-full e-flex e-con e-child\" data-id=\"0d5e71b\" data-element_type=\"container\">\n\t\t\t\t<div class=\"elementor-element elementor-element-edd277c elementor-position-top elementor-widget elementor-widget-image-box\" data-id=\"edd277c\" data-element_type=\"widget\" data-widget_type=\"image-box.default\">\n\t\t\t\t<div class=\"elementor-widget-container\">\n\t\t\t\t\t<div class=\"elementor-image-box-wrapper\"><figure class=\"elementor-image-box-img\"><img loading=\"lazy\" decoding=\"async\" width=\"512\" height=\"512\" src=\"https:\/\/divfarrahenterprise.com\/wp-content\/uploads\/2025\/01\/pay-per-click.png\" class=\"attachment-full size-full wp-image-1279\" alt=\"\" srcset=\"https:\/\/divfarrahenterprise.com\/wp-content\/uploads\/2025\/01\/pay-per-click.png 512w, https:\/\/divfarrahenterprise.com\/wp-content\/uploads\/2025\/01\/pay-per-click-300x300.png 300w, https:\/\/divfarrahenterprise.com\/wp-content\/uploads\/2025\/01\/pay-per-click-100x100.png 100w, https:\/\/divfarrahenterprise.com\/wp-content\/uploads\/2025\/01\/pay-per-click-150x150.png 150w\" sizes=\"(max-width: 512px) 100vw, 512px\" \/><\/figure><div class=\"elementor-image-box-content\"><h3 class=\"elementor-image-box-title\">Pay-Per-Click (PPC) de la Publicidad<\/h3><p class=\"elementor-image-box-description\">- Desarrollar y ejecutar dirigido campa\u00f1as de PPC a la unidad de tr\u00e1fico de calidad<br>\n- Llevar a cabo la investigaci\u00f3n de palabras clave y redacci\u00f3n ad<br>\n- Supervisar y optimizar el rendimiento de la campa\u00f1a para maximizar el ROI\n<\/p><\/div><\/div>\t\t\t\t<\/div>\n\t\t\t\t<\/div>\n\t\t\t\t<\/div>\n\t\t<div class=\"elementor-element elementor-element-ff9c843 e-con-full e-flex e-con e-child\" data-id=\"ff9c843\" data-element_type=\"container\">\n\t\t\t\t<div class=\"elementor-element elementor-element-e9598df elementor-position-top elementor-widget elementor-widget-image-box\" data-id=\"e9598df\" data-element_type=\"widget\" data-widget_type=\"image-box.default\">\n\t\t\t\t<div class=\"elementor-widget-container\">\n\t\t\t\t\t<div class=\"elementor-image-box-wrapper\"><figure class=\"elementor-image-box-img\"><img loading=\"lazy\" decoding=\"async\" width=\"512\" height=\"512\" src=\"https:\/\/divfarrahenterprise.com\/wp-content\/uploads\/2025\/01\/email.png\" class=\"attachment-full size-full wp-image-1280\" alt=\"\" srcset=\"https:\/\/divfarrahenterprise.com\/wp-content\/uploads\/2025\/01\/email.png 512w, https:\/\/divfarrahenterprise.com\/wp-content\/uploads\/2025\/01\/email-300x300.png 300w, https:\/\/divfarrahenterprise.com\/wp-content\/uploads\/2025\/01\/email-100x100.png 100w, https:\/\/divfarrahenterprise.com\/wp-content\/uploads\/2025\/01\/email-150x150.png 150w\" sizes=\"(max-width: 512px) 100vw, 512px\" \/><\/figure><div class=\"elementor-image-box-content\"><h3 class=\"elementor-image-box-title\">El Email Marketing<\/h3><p class=\"elementor-image-box-description\">- Desarrollar una estrategia de marketing de correo electr\u00f3nico para nutrir lleva y de la unidad de conversiones<br>\n- Crear atractivas campa\u00f1as de correo electr\u00f3nico y boletines de noticias<br>\n- Gestionar y segmento de su lista de correo electr\u00f3nico para las comunicaciones dirigidas\n\n<\/p><\/div><\/div>\t\t\t\t<\/div>\n\t\t\t\t<\/div>\n\t\t\t\t<\/div>\n\t\t<div class=\"elementor-element elementor-element-09e7d23 e-con-full e-flex e-con e-child\" data-id=\"09e7d23\" data-element_type=\"container\">\n\t\t\t\t<div class=\"elementor-element elementor-element-73e2972 elementor-position-top elementor-widget elementor-widget-image-box\" data-id=\"73e2972\" data-element_type=\"widget\" data-widget_type=\"image-box.default\">\n\t\t\t\t<div class=\"elementor-widget-container\">\n\t\t\t\t\t<div class=\"elementor-image-box-wrapper\"><figure class=\"elementor-image-box-img\"><img loading=\"lazy\" decoding=\"async\" width=\"512\" height=\"512\" src=\"https:\/\/divfarrahenterprise.com\/wp-content\/uploads\/2025\/01\/analysis.png\" class=\"attachment-full size-full wp-image-1281\" alt=\"\" srcset=\"https:\/\/divfarrahenterprise.com\/wp-content\/uploads\/2025\/01\/analysis.png 512w, https:\/\/divfarrahenterprise.com\/wp-content\/uploads\/2025\/01\/analysis-300x300.png 300w, https:\/\/divfarrahenterprise.com\/wp-content\/uploads\/2025\/01\/analysis-100x100.png 100w, https:\/\/divfarrahenterprise.com\/wp-content\/uploads\/2025\/01\/analysis-150x150.png 150w\" sizes=\"(max-width: 512px) 100vw, 512px\" \/><\/figure><div class=\"elementor-image-box-content\"><h3 class=\"elementor-image-box-title\">An\u00e1lisis y elaboraci\u00f3n de Informes<\/h3><p class=\"elementor-image-box-description\">- Establecer y seguimiento de los indicadores clave de rendimiento (Kpi) para medir el \u00e9xito de la campa\u00f1a<br>\n- Presentaci\u00f3n peri\u00f3dica de informes y an\u00e1lisis para informar sobre las futuras decisiones de marketing\n\n\n\n<\/p><\/div><\/div>\t\t\t\t<\/div>\n\t\t\t\t<\/div>\n\t\t\t\t<\/div>\n\t\t\t\t<\/div>\n\t\t\t\t<div class=\"elementor-element elementor-element-0b0d474 elementor-widget elementor-widget-heading\" data-id=\"0b0d474\" data-element_type=\"widget\" data-widget_type=\"heading.default\">\n\t\t\t\t<div class=\"elementor-widget-container\">\n\t\t\t\t\t<h2 class=\"elementor-heading-title elementor-size-default\">\u00bfPor Qu\u00e9 Elegir Nuestros Servicios De Marketing Digital?\n<\/h2>\t\t\t\t<\/div>\n\t\t\t\t<\/div>\n\t\t\t\t<div class=\"elementor-element elementor-element-c66cc4d elementor-widget elementor-widget-text-editor\" data-id=\"c66cc4d\" data-element_type=\"widget\" data-widget_type=\"text-editor.default\">\n\t\t\t\t<div class=\"elementor-widget-container\">\n\t\t\t\t\t\t\t\t\t<ul><li style=\"text-align: left;\"><strong>Experiencia:<\/strong> Nuestro equipo de expertos en marketing digital tiene a\u00f1os de experiencia en el desarrollo y ejecuci\u00f3n exitosa de campa\u00f1as de marketing online.<\/li><li style=\"text-align: left;\"><strong>Enfoque Personalizado:<\/strong> Nos tomamos el tiempo para entender sus necesidades empresariales \u00fanicas y objetivos, adaptando nuestros servicios a sus necesidades espec\u00edficas.<\/li><li style=\"text-align: left;\"><strong>Orientado A Resultados:<\/strong> Estamos comprometidos con la entrega de resultados medibles y continuamente optimizar nuestras estrategias para garantizar el m\u00e1ximo retorno de la inversi\u00f3n.<\/li><\/ul>\t\t\t\t\t\t\t\t<\/div>\n\t\t\t\t<\/div>\n\t\t\t\t<div class=\"elementor-element elementor-element-4a5015d elementor-widget elementor-widget-heading\" data-id=\"4a5015d\" data-element_type=\"widget\" data-widget_type=\"heading.default\">\n\t\t\t\t<div class=\"elementor-widget-container\">\n\t\t\t\t\t<h2 class=\"elementor-heading-title elementor-size-default\">Comience Hoy Mismo!\n<\/h2>\t\t\t\t<\/div>\n\t\t\t\t<\/div>\n\t\t\t\t<div class=\"elementor-element elementor-element-5c8f1f4 elementor-widget elementor-widget-text-editor\" data-id=\"5c8f1f4\" data-element_type=\"widget\" data-widget_type=\"text-editor.default\">\n\t\t\t\t<div class=\"elementor-widget-container\">\n\t\t\t\t\t\t\t\t\t<p>Listo para elevar su presencia en l\u00ednea y unidad de negocio de crecimiento? P\u00f3ngase en contacto con nosotros para conocer m\u00e1s acerca de nuestros servicios de marketing digital y programar una consulta con nuestro equipo.<\/p>\t\t\t\t\t\t\t\t<\/div>\n\t\t\t\t<\/div>\n\t\t\t\t<div class=\"elementor-element elementor-element-c2bc414 elementor-align-left elementor-widget elementor-widget-button\" data-id=\"c2bc414\" data-element_type=\"widget\" data-widget_type=\"button.default\">\n\t\t\t\t<div class=\"elementor-widget-container\">\n\t\t\t\t\t\t\t\t\t<div class=\"elementor-button-wrapper\">\n\t\t\t\t\t<a class=\"elementor-button elementor-button-link elementor-size-sm\" href=\"https:\/\/divfarrahenterprise.com\/es\/client-intake-form\/\" target=\"_blank\">\n\t\t\t\t\t\t<span class=\"elementor-button-content-wrapper\">\n\t\t\t\t\t\t\t\t\t<span class=\"elementor-button-text\">DE ADMISI\u00d3N DE CLIENTES<\/span>\n\t\t\t\t\t<\/span>\n\t\t\t\t\t<\/a>\n\t\t\t\t<\/div>\n\t\t\t\t\t\t\t\t<\/div>\n\t\t\t\t<\/div>\n\t\t\t\t\t<\/div>\n\t\t\t\t<\/div>\n\t\t\t\t<\/div>","protected":false},"excerpt":{"rendered":"<p>Elevate Your Online Presence with Our Digital Marketing Services In today&#8217;s digital landscape, having a robust online presence is crucial for businesses to thrive. Our digital marketing services are designed to help you establish a strong online footprint, drive more traffic, generate quality leads, and ultimately, boost your bottom line. Our Comprehensive Digital Marketing ServicesWe [&hellip;]<\/p>","protected":false},"author":1,"featured_media":0,"parent":0,"menu_order":0,"comment_status":"closed","ping_status":"closed","template":"","meta":{"_jf_save_progress":"","_jet_sm_ready_style":"","_jet_sm_style":"","_jet_sm_controls_values":"","_jet_sm_fonts_collection":"","_jet_sm_fonts_links":"","footnotes":""},"class_list":["post-1272","page","type-page","status-publish","hentry"],"_links":{"self":[{"href":"https:\/\/divfarrahenterprise.com\/es\/wp-json\/wp\/v2\/pages\/1272","targetHints":{"allow":["GET"]}}],"collection":[{"href":"https:\/\/divfarrahenterprise.com\/es\/wp-json\/wp\/v2\/pages"}],"about":[{"href":"https:\/\/divfarrahenterprise.com\/es\/wp-json\/wp\/v2\/types\/page"}],"author":[{"embeddable":true,"href":"https:\/\/divfarrahenterprise.com\/es\/wp-json\/wp\/v2\/users\/1"}],"replies":[{"embeddable":true,"href":"https:\/\/divfarrahenterprise.com\/es\/wp-json\/wp\/v2\/comments?post=1272"}],"version-history":[{"count":28,"href":"https:\/\/divfarrahenterprise.com\/es\/wp-json\/wp\/v2\/pages\/1272\/revisions"}],"predecessor-version":[{"id":4322,"href":"https:\/\/divfarrahenterprise.com\/es\/wp-json\/wp\/v2\/pages\/1272\/revisions\/4322"}],"wp:attachment":[{"href":"https:\/\/divfarrahenterprise.com\/es\/wp-json\/wp\/v2\/media?parent=1272"}],"curies":[{"name":"wp","href":"https:\/\/api.w.org\/{rel}","templated":true}]}}