{"id":1308,"date":"2025-01-15T09:37:11","date_gmt":"2025-01-15T09:37:11","guid":{"rendered":"https:\/\/divfarrahenterprise.com\/?page_id=1308"},"modified":"2025-08-02T08:39:25","modified_gmt":"2025-08-02T08:39:25","slug":"consultation-coaching","status":"publish","type":"page","link":"https:\/\/divfarrahenterprise.com\/es\/consultation-coaching\/","title":{"rendered":"Consultor\u00eda\/Coaching"},"content":{"rendered":"<div data-elementor-type=\"wp-page\" data-elementor-id=\"1308\" class=\"elementor elementor-1308\" data-elementor-post-type=\"page\">\n\t\t\t\t<div class=\"elementor-element elementor-element-1d846f3 e-flex e-con-boxed e-con e-parent\" data-id=\"1d846f3\" data-element_type=\"container\" data-settings=\"{&quot;background_background&quot;:&quot;classic&quot;,&quot;motion_fx_motion_fx_scrolling&quot;:&quot;yes&quot;,&quot;motion_fx_devices&quot;:[&quot;desktop&quot;,&quot;tablet&quot;,&quot;mobile&quot;]}\">\n\t\t\t\t\t<div class=\"e-con-inner\">\n\t\t\t\t\t<\/div>\n\t\t\t\t<\/div>\n\t\t<div class=\"elementor-element elementor-element-384e215 e-flex e-con-boxed e-con e-parent\" data-id=\"384e215\" data-element_type=\"container\" data-settings=\"{&quot;background_background&quot;:&quot;classic&quot;}\">\n\t\t\t\t\t<div class=\"e-con-inner\">\n\t\t\t\t<div class=\"elementor-element elementor-element-6a3aadc elementor-widget elementor-widget-heading\" data-id=\"6a3aadc\" data-element_type=\"widget\" data-widget_type=\"heading.default\">\n\t\t\t\t<div class=\"elementor-widget-container\">\n\t\t\t\t\t<h2 class=\"elementor-heading-title elementor-size-default\">Superar los Retos de los Negocios con Nuestra Consulta de Expertos y Servicios de Coaching<\/h2>\t\t\t\t<\/div>\n\t\t\t\t<\/div>\n\t\t<div class=\"elementor-element elementor-element-e5e5ef7 e-con-full e-flex e-con e-child\" data-id=\"e5e5ef7\" data-element_type=\"container\">\n\t\t<div class=\"elementor-element elementor-element-cb366b3 e-con-full e-flex e-con e-child\" data-id=\"cb366b3\" data-element_type=\"container\">\n\t\t\t\t<div class=\"elementor-element elementor-element-0597a98 elementor-widget elementor-widget-text-editor\" data-id=\"0597a98\" data-element_type=\"widget\" data-widget_type=\"text-editor.default\">\n\t\t\t\t<div class=\"elementor-widget-container\">\n\t\t\t\t\t\t\t\t\t<p style=\"text-align: center;\">Est\u00e1 usted frente a los obst\u00e1culos que impiden el crecimiento de su negocio? \u00bfNecesitas orientaci\u00f3n personalizada para navegar por los complejos desaf\u00edos? Nuestro uno-a-uno de los negocios de consulta y servicios de coaching est\u00e1 dise\u00f1ado para ayudarle a superar los obst\u00e1culos y alcanzar sus metas.<\/p>\t\t\t\t\t\t\t\t<\/div>\n\t\t\t\t<\/div>\n\t\t\t\t<div class=\"elementor-element elementor-element-89b9925 elementor-widget elementor-widget-text-editor\" data-id=\"89b9925\" data-element_type=\"widget\" data-widget_type=\"text-editor.default\">\n\t\t\t\t<div class=\"elementor-widget-container\">\n\t\t\t\t\t\t\t\t\t<p style=\"text-align: left;\">Orientaci\u00f3n de expertos para los Ambiciosos Empresarios<\/p>\t\t\t\t\t\t\t\t<\/div>\n\t\t\t\t<\/div>\n\t\t\t\t<div class=\"elementor-element elementor-element-73a9e92 elementor-widget elementor-widget-text-editor\" data-id=\"73a9e92\" data-element_type=\"widget\" data-widget_type=\"text-editor.default\">\n\t\t\t\t<div class=\"elementor-widget-container\">\n\t\t\t\t\t\t\t\t\t<p style=\"text-align: left;\">Nuestros experimentados consultores de negocio y de los entrenadores de prestar apoyo a medida para abordar sus desaf\u00edos \u00fanicos. Si usted est\u00e1 luchando con:<\/p><ul><li>El desarrollo de una estrategia de negocio<\/li><li>Mejorar la eficiencia operativa<\/li><li>Manejo de las finanzas y de flujo de efectivo<\/li><li>La creaci\u00f3n y direcci\u00f3n de un alto rendimiento del equipo<\/li><li>El escalado de su negocio para el crecimiento<\/li><\/ul>\t\t\t\t\t\t\t\t<\/div>\n\t\t\t\t<\/div>\n\t\t\t\t<div class=\"elementor-element elementor-element-56f6f36 elementor-widget elementor-widget-text-editor\" data-id=\"56f6f36\" data-element_type=\"widget\" data-widget_type=\"text-editor.default\">\n\t\t\t\t<div class=\"elementor-widget-container\">\n\t\t\t\t\t\t\t\t\t<p>Vamos a trabajar estrechamente con usted para:<\/p><ol><li>Identificar los principales retos y oportunidades<\/li><li>Desarrollar estrategias personalizadas y soluciones<\/li><li>Implementar procesable de los planes y flujos de trabajo<\/li><li>Monitorear el progreso y ajustar curso seg\u00fan sea necesario<\/li><\/ol>\t\t\t\t\t\t\t\t<\/div>\n\t\t\t\t<\/div>\n\t\t\t\t<div class=\"elementor-element elementor-element-fdfb8e8 elementor-widget elementor-widget-text-editor\" data-id=\"fdfb8e8\" data-element_type=\"widget\" data-widget_type=\"text-editor.default\">\n\t\t\t\t<div class=\"elementor-widget-container\">\n\t\t\t\t\t\t\t\t\t<p style=\"text-align: left;\">Beneficios de Nuestro Negocio, Consulta y Servicios de Coaching<\/p>\t\t\t\t\t\t\t\t<\/div>\n\t\t\t\t<\/div>\n\t\t\t\t<div class=\"elementor-element elementor-element-36f5ba6 elementor-widget elementor-widget-text-editor\" data-id=\"36f5ba6\" data-element_type=\"widget\" data-widget_type=\"text-editor.default\">\n\t\t\t\t<div class=\"elementor-widget-container\">\n\t\t\t\t\t\t\t\t\t<ul><li>\u00a0De ganar en claridad y confianza en sus decisiones de negocios<\/li><li>Desarrollar una buena estrategia para impulsar el crecimiento y la rentabilidad<\/li><li>Mejorar la eficiencia operativa y reducir los costos<\/li><li>Mejorar habilidades de liderazgo y administraci\u00f3n<\/li><li>Aumentar los ingresos y la cuota de mercado<\/li><\/ul>\t\t\t\t\t\t\t\t<\/div>\n\t\t\t\t<\/div>\n\t\t\t\t<div class=\"elementor-element elementor-element-8543c8c elementor-widget elementor-widget-text-editor\" data-id=\"8543c8c\" data-element_type=\"widget\" data-widget_type=\"text-editor.default\">\n\t\t\t\t<div class=\"elementor-widget-container\">\n\t\t\t\t\t\t\t\t\t<p style=\"text-align: left;\">Negocio De Servicios De Corretaje<\/p>\t\t\t\t\t\t\t\t<\/div>\n\t\t\t\t<\/div>\n\t\t\t\t<div class=\"elementor-element elementor-element-5f4308d elementor-widget elementor-widget-text-editor\" data-id=\"5f4308d\" data-element_type=\"widget\" data-widget_type=\"text-editor.default\">\n\t\t\t\t<div class=\"elementor-widget-container\">\n\t\t\t\t\t\t\t\t\t<p>Usted est\u00e1 buscando para comprar o vender un negocio? Nuestro Negocio de Corretaje de servicios puede ayudar. Nuestro experimentado equipo le guiar\u00e1 a trav\u00e9s de todo el proceso, desde la valoraci\u00f3n de la clausura.<\/p>\t\t\t\t\t\t\t\t<\/div>\n\t\t\t\t<\/div>\n\t\t\t\t<div class=\"elementor-element elementor-element-67141ed elementor-widget elementor-widget-text-editor\" data-id=\"67141ed\" data-element_type=\"widget\" data-widget_type=\"text-editor.default\">\n\t\t\t\t<div class=\"elementor-widget-container\">\n\t\t\t\t\t\t\t\t\t<ul><li>Valoraci\u00f3n de empresas y evaluaci\u00f3n<\/li><li>Listado de negocios y de marketing<\/li><li>\u00a0El comprador y el vendedor de la representaci\u00f3n<\/li><li>Negociaci\u00f3n y estructuraci\u00f3n de<\/li><li>La diligencia debida coordinaci\u00f3n<\/li><li>Transacci\u00f3n de cierre y de transici\u00f3n de la asistencia<\/li><\/ul>\t\t\t\t\t\t\t\t<\/div>\n\t\t\t\t<\/div>\n\t\t\t\t<div class=\"elementor-element elementor-element-c556a43 elementor-widget elementor-widget-text-editor\" data-id=\"c556a43\" data-element_type=\"widget\" data-widget_type=\"text-editor.default\">\n\t\t\t\t<div class=\"elementor-widget-container\">\n\t\t\t\t\t\t\t\t\t<p style=\"text-align: left;\">\u00bfPor Qu\u00e9 Elegir Nuestra Empresa De Servicios De Intermediaci\u00f3n?<\/p>\t\t\t\t\t\t\t\t<\/div>\n\t\t\t\t<\/div>\n\t\t\t\t<div class=\"elementor-element elementor-element-f9cb88b elementor-widget elementor-widget-text-editor\" data-id=\"f9cb88b\" data-element_type=\"widget\" data-widget_type=\"text-editor.default\">\n\t\t\t\t<div class=\"elementor-widget-container\">\n\t\t\t\t\t\t\t\t\t<ul><li>El conocimiento de los expertos del mercado de negocio<\/li><li>Historial probado de \u00e9xito de las transacciones<\/li><li>Servicio personalizado y atenci\u00f3n al detalle<\/li><li>Confidencial y discreto en el manejo de todas las transacciones<\/li><\/ul>\t\t\t\t\t\t\t\t<\/div>\n\t\t\t\t<\/div>\n\t\t\t\t<div class=\"elementor-element elementor-element-a975ffe elementor-widget elementor-widget-text-editor\" data-id=\"a975ffe\" data-element_type=\"widget\" data-widget_type=\"text-editor.default\">\n\t\t\t\t<div class=\"elementor-widget-container\">\n\t\t\t\t\t\t\t\t\t<p style=\"text-align: left;\">Qu\u00e9 Esperar de Nuestro Coaching y el Proceso de Consulta<\/p>\t\t\t\t\t\t\t\t<\/div>\n\t\t\t\t<\/div>\n\t\t\t\t<div class=\"elementor-element elementor-element-f6344ca elementor-widget elementor-widget-text-editor\" data-id=\"f6344ca\" data-element_type=\"widget\" data-widget_type=\"text-editor.default\">\n\t\t\t\t<div class=\"elementor-widget-container\">\n\t\t\t\t\t\t\t\t\t<p><strong>1. Consulta Inicial:<\/strong> Vamos a discutir sus objetivos de negocio, los retos y los objetivos.<br \/><strong>2. Personalizado De Coaching Plan:<\/strong> Vamos a desarrollar un plan personalizado para abordar sus necesidades espec\u00edficas.<br \/><strong>3. Sesiones Ordinarias:<\/strong> Vamos a reunirse regularmente para discutir el progreso, la direcci\u00f3n de retos, y ajustar las estrategias.<br \/><strong>4. Curso De Apoyo:<\/strong> Vamos a proporcionar continuo de la orientaci\u00f3n y el apoyo para asegurar su \u00e9xito.<\/p>\t\t\t\t\t\t\t\t<\/div>\n\t\t\t\t<\/div>\n\t\t\t\t<div class=\"elementor-element elementor-element-227edb4 elementor-widget elementor-widget-text-editor\" data-id=\"227edb4\" data-element_type=\"widget\" data-widget_type=\"text-editor.default\">\n\t\t\t\t<div class=\"elementor-widget-container\">\n\t\t\t\t\t\t\t\t\t<p style=\"text-align: left;\">Conozca a Nuestro Equipo de Experimentados Consultores de Negocio y Entrenadores<\/p>\t\t\t\t\t\t\t\t<\/div>\n\t\t\t\t<\/div>\n\t\t\t\t<div class=\"elementor-element elementor-element-e77db9f elementor-widget elementor-widget-text-editor\" data-id=\"e77db9f\" data-element_type=\"widget\" data-widget_type=\"text-editor.default\">\n\t\t\t\t<div class=\"elementor-widget-container\">\n\t\t\t\t\t\t\t\t\t<p>Nuestro equipo se compone de profesionales con amplia experiencia en diversas industrias. Hemos ayudado a numerosas empresas a superar los retos y alcanzar un \u00e9xito notable.<\/p>\t\t\t\t\t\t\t\t<\/div>\n\t\t\t\t<\/div>\n\t\t\t\t<div class=\"elementor-element elementor-element-70313fe elementor-widget elementor-widget-text-editor\" data-id=\"70313fe\" data-element_type=\"widget\" data-widget_type=\"text-editor.default\">\n\t\t\t\t<div class=\"elementor-widget-container\">\n\t\t\t\t\t\t\t\t\t<p style=\"text-align: left;\">Conozca a Nuestro Equipo de Experimentados Consultores de Negocio y Entrenadores<\/p>\t\t\t\t\t\t\t\t<\/div>\n\t\t\t\t<\/div>\n\t\t\t\t<div class=\"elementor-element elementor-element-e2f2a79 elementor-widget elementor-widget-text-editor\" data-id=\"e2f2a79\" data-element_type=\"widget\" data-widget_type=\"text-editor.default\">\n\t\t\t\t<div class=\"elementor-widget-container\">\n\t\t\t\t\t\t\t\t\t<p>No dejes que los desaf\u00edos atr\u00e1s. Programar una consulta con nuestro equipo hoy mismo y descubra c\u00f3mo nuestro experto gu\u00eda puede ayudarle a alcanzar sus objetivos de negocio.<\/p>\t\t\t\t\t\t\t\t<\/div>\n\t\t\t\t<\/div>\n\t\t\t\t<div class=\"elementor-element elementor-element-159c442 elementor-widget elementor-widget-text-editor\" data-id=\"159c442\" data-element_type=\"widget\" data-widget_type=\"text-editor.default\">\n\t\t\t\t<div class=\"elementor-widget-container\">\n\t\t\t\t\t\t\t\t\t<p style=\"text-align: left;\">Comience Hoy Mismo<\/p>\t\t\t\t\t\t\t\t<\/div>\n\t\t\t\t<\/div>\n\t\t\t\t<div class=\"elementor-element elementor-element-d7ef530 elementor-widget elementor-widget-text-editor\" data-id=\"d7ef530\" data-element_type=\"widget\" data-widget_type=\"text-editor.default\">\n\t\t\t\t<div class=\"elementor-widget-container\">\n\t\t\t\t\t\t\t\t\t<p>Si usted est\u00e1 interesado en la compra o venta de un negocio, p\u00f3ngase en contacto con nosotros hoy mismo para programar una consulta.<\/p>\t\t\t\t\t\t\t\t<\/div>\n\t\t\t\t<\/div>\n\t\t\t\t<div class=\"elementor-element elementor-element-c30bd9a elementor-align-left elementor-widget elementor-widget-button\" data-id=\"c30bd9a\" data-element_type=\"widget\" data-widget_type=\"button.default\">\n\t\t\t\t<div class=\"elementor-widget-container\">\n\t\t\t\t\t\t\t\t\t<div class=\"elementor-button-wrapper\">\n\t\t\t\t\t<a class=\"elementor-button elementor-button-link elementor-size-sm\" href=\"https:\/\/calendly.com\/divfarrahenterprise-\/business-consultation\" target=\"_blank\">\n\t\t\t\t\t\t<span class=\"elementor-button-content-wrapper\">\n\t\t\t\t\t\t\t\t\t<span class=\"elementor-button-text\">Reserve Su Consulta<\/span>\n\t\t\t\t\t<\/span>\n\t\t\t\t\t<\/a>\n\t\t\t\t<\/div>\n\t\t\t\t\t\t\t\t<\/div>\n\t\t\t\t<\/div>\n\t\t\t\t<div class=\"elementor-element elementor-element-489e67d elementor-align-left elementor-widget elementor-widget-button\" data-id=\"489e67d\" data-element_type=\"widget\" data-widget_type=\"button.default\">\n\t\t\t\t<div class=\"elementor-widget-container\">\n\t\t\t\t\t\t\t\t\t<div class=\"elementor-button-wrapper\">\n\t\t\t\t\t<a class=\"elementor-button elementor-button-link elementor-size-sm\" href=\"https:\/\/divfarrahenterprise.com\/es\/client-intake-form\/\" target=\"_blank\">\n\t\t\t\t\t\t<span class=\"elementor-button-content-wrapper\">\n\t\t\t\t\t\t\t\t\t<span class=\"elementor-button-text\">DE ADMISI\u00d3N DE CLIENTES<\/span>\n\t\t\t\t\t<\/span>\n\t\t\t\t\t<\/a>\n\t\t\t\t<\/div>\n\t\t\t\t\t\t\t\t<\/div>\n\t\t\t\t<\/div>\n\t\t\t\t<\/div>\n\t\t\t\t<\/div>\n\t\t\t\t\t<\/div>\n\t\t\t\t<\/div>\n\t\t\t\t<\/div>","protected":false},"excerpt":{"rendered":"<p>Overcome Business Challenges with Our Expert Consultation and Coaching Services Are you facing obstacles that hinder your business growth? Do you need personalized guidance to navigate complex challenges? Our one-on-one business consultation and coaching services are designed to help you overcome hurdles and achieve your goals. Expert Guidance for Ambitious Entrepreneurs Our experienced business consultants [&hellip;]<\/p>","protected":false},"author":1,"featured_media":0,"parent":0,"menu_order":0,"comment_status":"closed","ping_status":"closed","template":"","meta":{"_jf_save_progress":"","_jet_sm_ready_style":"","_jet_sm_style":"","_jet_sm_controls_values":"","_jet_sm_fonts_collection":"","_jet_sm_fonts_links":"","footnotes":""},"class_list":["post-1308","page","type-page","status-publish","hentry"],"_links":{"self":[{"href":"https:\/\/divfarrahenterprise.com\/es\/wp-json\/wp\/v2\/pages\/1308","targetHints":{"allow":["GET"]}}],"collection":[{"href":"https:\/\/divfarrahenterprise.com\/es\/wp-json\/wp\/v2\/pages"}],"about":[{"href":"https:\/\/divfarrahenterprise.com\/es\/wp-json\/wp\/v2\/types\/page"}],"author":[{"embeddable":true,"href":"https:\/\/divfarrahenterprise.com\/es\/wp-json\/wp\/v2\/users\/1"}],"replies":[{"embeddable":true,"href":"https:\/\/divfarrahenterprise.com\/es\/wp-json\/wp\/v2\/comments?post=1308"}],"version-history":[{"count":52,"href":"https:\/\/divfarrahenterprise.com\/es\/wp-json\/wp\/v2\/pages\/1308\/revisions"}],"predecessor-version":[{"id":4305,"href":"https:\/\/divfarrahenterprise.com\/es\/wp-json\/wp\/v2\/pages\/1308\/revisions\/4305"}],"wp:attachment":[{"href":"https:\/\/divfarrahenterprise.com\/es\/wp-json\/wp\/v2\/media?parent=1308"}],"curies":[{"name":"wp","href":"https:\/\/api.w.org\/{rel}","templated":true}]}}