{"id":1322,"date":"2025-01-15T10:27:39","date_gmt":"2025-01-15T10:27:39","guid":{"rendered":"https:\/\/divfarrahenterprise.com\/?page_id=1322"},"modified":"2025-08-02T08:45:13","modified_gmt":"2025-08-02T08:45:13","slug":"graphic-design-services","status":"publish","type":"page","link":"https:\/\/divfarrahenterprise.com\/es\/graphic-design-services\/","title":{"rendered":"Graphic Design services"},"content":{"rendered":"<div data-elementor-type=\"wp-page\" data-elementor-id=\"1322\" class=\"elementor elementor-1322\" data-elementor-post-type=\"page\">\n\t\t\t\t<div class=\"elementor-element elementor-element-9bd182a e-flex e-con-boxed e-con e-parent\" data-id=\"9bd182a\" data-element_type=\"container\" data-settings=\"{&quot;background_background&quot;:&quot;classic&quot;,&quot;motion_fx_motion_fx_scrolling&quot;:&quot;yes&quot;,&quot;motion_fx_devices&quot;:[&quot;desktop&quot;,&quot;tablet&quot;,&quot;mobile&quot;]}\">\n\t\t\t\t\t<div class=\"e-con-inner\">\n\t\t\t\t\t<\/div>\n\t\t\t\t<\/div>\n\t\t<div class=\"elementor-element elementor-element-af5f302 e-flex e-con-boxed e-con e-parent\" data-id=\"af5f302\" data-element_type=\"container\" data-settings=\"{&quot;background_background&quot;:&quot;classic&quot;}\">\n\t\t\t\t\t<div class=\"e-con-inner\">\n\t\t\t\t<div class=\"elementor-element elementor-element-96ed749 elementor-widget elementor-widget-heading\" data-id=\"96ed749\" data-element_type=\"widget\" data-widget_type=\"heading.default\">\n\t\t\t\t<div class=\"elementor-widget-container\">\n\t\t\t\t\t<h2 class=\"elementor-heading-title elementor-size-default\">Elevar Su Marca con Nuestro Experto en Servicios de Dise\u00f1o Gr\u00e1fico<\/h2>\t\t\t\t<\/div>\n\t\t\t\t<\/div>\n\t\t<div class=\"elementor-element elementor-element-88eb9f2 e-con-full e-flex e-con e-child\" data-id=\"88eb9f2\" data-element_type=\"container\">\n\t\t<div class=\"elementor-element elementor-element-b6fc832 e-con-full e-flex e-con e-child\" data-id=\"b6fc832\" data-element_type=\"container\">\n\t\t\t\t<div class=\"elementor-element elementor-element-6ce74ca elementor-widget elementor-widget-text-editor\" data-id=\"6ce74ca\" data-element_type=\"widget\" data-widget_type=\"text-editor.default\">\n\t\t\t\t<div class=\"elementor-widget-container\">\n\t\t\t\t\t\t\t\t\t<p style=\"text-align: center;\">En el d\u00eda de hoy visualmente mundo, eficaz dise\u00f1o gr\u00e1fico juega un papel crucial en la captura de la atenci\u00f3n de la audiencia, transmitir su mensaje, y el establecimiento de su identidad de marca. Nuestro equipo de creativos y experimentados dise\u00f1adores gr\u00e1ficos proporciona la tapa-muesca dise\u00f1o de servicios para ayudar a que usted se destaca de la competencia.<\/p>\t\t\t\t\t\t\t\t<\/div>\n\t\t\t\t<\/div>\n\t\t\t\t<div class=\"elementor-element elementor-element-60cae78 elementor-widget elementor-widget-heading\" data-id=\"60cae78\" data-element_type=\"widget\" data-widget_type=\"heading.default\">\n\t\t\t\t<div class=\"elementor-widget-container\">\n\t\t\t\t\t<h2 class=\"elementor-heading-title elementor-size-default\">Nuestros Completos Servicios De Dise\u00f1o Gr\u00e1fico\n<\/h2>\t\t\t\t<\/div>\n\t\t\t\t<\/div>\n\t\t\t\t<div class=\"elementor-element elementor-element-6a828bf elementor-widget elementor-widget-text-editor\" data-id=\"6a828bf\" data-element_type=\"widget\" data-widget_type=\"text-editor.default\">\n\t\t\t\t<div class=\"elementor-widget-container\">\n\t\t\t\t\t\t\t\t\t<p style=\"text-align: center;\">Ofrecemos una amplia gama de servicios de dise\u00f1o gr\u00e1fico a medida para satisfacer sus necesidades \u00fanicas:<\/p>\t\t\t\t\t\t\t\t<\/div>\n\t\t\t\t<\/div>\n\t\t<div class=\"elementor-element elementor-element-c8fa93f e-con-full e-flex e-con e-child\" data-id=\"c8fa93f\" data-element_type=\"container\">\n\t\t<div class=\"elementor-element elementor-element-2563df1 e-con-full e-flex e-con e-child\" data-id=\"2563df1\" data-element_type=\"container\">\n\t\t\t\t<div class=\"elementor-element elementor-element-c2c3aa5 elementor-widget elementor-widget-image-box\" data-id=\"c2c3aa5\" data-element_type=\"widget\" data-widget_type=\"image-box.default\">\n\t\t\t\t<div class=\"elementor-widget-container\">\n\t\t\t\t\t<div class=\"elementor-image-box-wrapper\"><div class=\"elementor-image-box-content\"><h3 class=\"elementor-image-box-title\">Creaci\u00f3n De Logotipo<\/h3><p class=\"elementor-image-box-description\">Desarrollar una \u00fanica y memorable logotipo que refleje sus valores de marca y la personalidad.<\/p><\/div><\/div>\t\t\t\t<\/div>\n\t\t\t\t<\/div>\n\t\t\t\t<\/div>\n\t\t<div class=\"elementor-element elementor-element-03d0409 e-con-full e-flex e-con e-child\" data-id=\"03d0409\" data-element_type=\"container\">\n\t\t\t\t<div class=\"elementor-element elementor-element-1e1fc15 elementor-widget elementor-widget-image-box\" data-id=\"1e1fc15\" data-element_type=\"widget\" data-widget_type=\"image-box.default\">\n\t\t\t\t<div class=\"elementor-widget-container\">\n\t\t\t\t\t<div class=\"elementor-image-box-wrapper\"><div class=\"elementor-image-box-content\"><h3 class=\"elementor-image-box-title\">Folletos y Volantes.<\/h3><p class=\"elementor-image-box-description\">Dise\u00f1o llamativo folletos y volantes para promover sus productos o servicios.\n<\/p><\/div><\/div>\t\t\t\t<\/div>\n\t\t\t\t<\/div>\n\t\t\t\t<\/div>\n\t\t<div class=\"elementor-element elementor-element-1f54f5f e-con-full e-flex e-con e-child\" data-id=\"1f54f5f\" data-element_type=\"container\">\n\t\t\t\t<div class=\"elementor-element elementor-element-c250543 elementor-widget elementor-widget-image-box\" data-id=\"c250543\" data-element_type=\"widget\" data-widget_type=\"image-box.default\">\n\t\t\t\t<div class=\"elementor-widget-container\">\n\t\t\t\t\t<div class=\"elementor-image-box-wrapper\"><div class=\"elementor-image-box-content\"><h3 class=\"elementor-image-box-title\">Tarjetas De Visita<\/h3><p class=\"elementor-image-box-description\">Crear tarjetas profesionales de negocios que hacer una impresi\u00f3n duradera.\n<\/p><\/div><\/div>\t\t\t\t<\/div>\n\t\t\t\t<\/div>\n\t\t\t\t<\/div>\n\t\t\t\t<\/div>\n\t\t<div class=\"elementor-element elementor-element-e3b9c7e e-con-full e-flex e-con e-child\" data-id=\"e3b9c7e\" data-element_type=\"container\">\n\t\t<div class=\"elementor-element elementor-element-45858c8 e-con-full e-flex e-con e-child\" data-id=\"45858c8\" data-element_type=\"container\">\n\t\t\t\t<div class=\"elementor-element elementor-element-aa1be3c elementor-widget elementor-widget-image-box\" data-id=\"aa1be3c\" data-element_type=\"widget\" data-widget_type=\"image-box.default\">\n\t\t\t\t<div class=\"elementor-widget-container\">\n\t\t\t\t\t<div class=\"elementor-image-box-wrapper\"><div class=\"elementor-image-box-content\"><h3 class=\"elementor-image-box-title\">Infograf\u00eda<\/h3><p class=\"elementor-image-box-description\">Visualizar informaci\u00f3n compleja a participar y compartir la infograf\u00eda.\n<\/p><\/div><\/div>\t\t\t\t<\/div>\n\t\t\t\t<\/div>\n\t\t\t\t<\/div>\n\t\t<div class=\"elementor-element elementor-element-0a567ff e-con-full e-flex e-con e-child\" data-id=\"0a567ff\" data-element_type=\"container\">\n\t\t\t\t<div class=\"elementor-element elementor-element-192ed37 elementor-widget elementor-widget-image-box\" data-id=\"192ed37\" data-element_type=\"widget\" data-widget_type=\"image-box.default\">\n\t\t\t\t<div class=\"elementor-widget-container\">\n\t\t\t\t\t<div class=\"elementor-image-box-wrapper\"><div class=\"elementor-image-box-content\"><h3 class=\"elementor-image-box-title\">Los Materiales De La Impresi\u00f3n<\/h3><p class=\"elementor-image-box-description\">El dise\u00f1o y la producci\u00f3n de impresi\u00f3n de alta calidad de los materiales, incluyendo carteles, banners, y mucho m\u00e1s.\n<\/p><\/div><\/div>\t\t\t\t<\/div>\n\t\t\t\t<\/div>\n\t\t\t\t<\/div>\n\t\t<div class=\"elementor-element elementor-element-bc9db95 e-con-full e-flex e-con e-child\" data-id=\"bc9db95\" data-element_type=\"container\">\n\t\t\t\t<div class=\"elementor-element elementor-element-aa4b3a1 elementor-widget elementor-widget-image-box\" data-id=\"aa4b3a1\" data-element_type=\"widget\" data-widget_type=\"image-box.default\">\n\t\t\t\t<div class=\"elementor-widget-container\">\n\t\t\t\t\t<div class=\"elementor-image-box-wrapper\"><div class=\"elementor-image-box-content\"><h3 class=\"elementor-image-box-title\">Los Activos Digitales<\/h3><p class=\"elementor-image-box-description\">Desarrollar los activos digitales, como las redes sociales, gr\u00e1ficos, plantillas de correo electr\u00f3nico, sitio web y gr\u00e1ficos.\n\n\n<\/p><\/div><\/div>\t\t\t\t<\/div>\n\t\t\t\t<\/div>\n\t\t\t\t<\/div>\n\t\t\t\t<\/div>\n\t\t<div class=\"elementor-element elementor-element-c75dc5f e-con-full e-flex e-con e-child\" data-id=\"c75dc5f\" data-element_type=\"container\">\n\t\t<div class=\"elementor-element elementor-element-8316645 e-con-full e-flex e-con e-child\" data-id=\"8316645\" data-element_type=\"container\">\n\t\t\t\t<div class=\"elementor-element elementor-element-423b7c0 elementor-widget elementor-widget-image-box\" data-id=\"423b7c0\" data-element_type=\"widget\" data-widget_type=\"image-box.default\">\n\t\t\t\t<div class=\"elementor-widget-container\">\n\t\t\t\t\t<div class=\"elementor-image-box-wrapper\"><div class=\"elementor-image-box-content\"><h3 class=\"elementor-image-box-title\">Presentaci\u00f3n De PowerPoint <\/h3><p class=\"elementor-image-box-description\">Elevar sus presentaciones con nuestra costumbre de dise\u00f1o de PowerPoint de servicios. Involucrar a su audiencia y transmitir su mensaje con claridad y estilo.\n<\/p><\/div><\/div>\t\t\t\t<\/div>\n\t\t\t\t<\/div>\n\t\t\t\t<\/div>\n\t\t<div class=\"elementor-element elementor-element-b20ca4e e-con-full e-flex e-con e-child\" data-id=\"b20ca4e\" data-element_type=\"container\">\n\t\t\t\t<div class=\"elementor-element elementor-element-a50660a elementor-widget elementor-widget-image-box\" data-id=\"a50660a\" data-element_type=\"widget\" data-widget_type=\"image-box.default\">\n\t\t\t\t<div class=\"elementor-widget-container\">\n\t\t\t\t\t<div class=\"elementor-image-box-wrapper\"><div class=\"elementor-image-box-content\"><h3 class=\"elementor-image-box-title\">Sitio web de la Aplicaci\u00f3n y del Dise\u00f1o<\/h3><p class=\"elementor-image-box-description\">- Dise\u00f1o de p\u00e1gina Web personalizada: Crear una impresionante presencia en l\u00ednea<br>\n- Dise\u00f1o de la Aplicaci\u00f3n m\u00f3vil: Dise\u00f1o intuitivo y atractivo mobile <br>\n- Dise\u00f1o sensible: Garantizar una experiencia de usuario perfecta en todos los dispositivos<\/p><\/div><\/div>\t\t\t\t<\/div>\n\t\t\t\t<\/div>\n\t\t\t\t<\/div>\n\t\t<div class=\"elementor-element elementor-element-cb43a7b e-con-full elementor-hidden-desktop elementor-hidden-tablet elementor-hidden-mobile e-flex e-con e-child\" data-id=\"cb43a7b\" data-element_type=\"container\">\n\t\t\t\t<\/div>\n\t\t\t\t<\/div>\n\t\t<div class=\"elementor-element elementor-element-5107b31 e-con-full e-flex e-con e-child\" data-id=\"5107b31\" data-element_type=\"container\">\n\t\t\t\t<div class=\"elementor-element elementor-element-43fbb5c elementor-widget elementor-widget-heading\" data-id=\"43fbb5c\" data-element_type=\"widget\" data-widget_type=\"heading.default\">\n\t\t\t\t<div class=\"elementor-widget-container\">\n\t\t\t\t\t<h2 class=\"elementor-heading-title elementor-size-default\">\u00bfPor Qu\u00e9 Elegir Nuestros Servicios De Dise\u00f1o Gr\u00e1fico?\n<\/h2>\t\t\t\t<\/div>\n\t\t\t\t<\/div>\n\t\t<div class=\"elementor-element elementor-element-c26d542 e-con-full e-flex e-con e-child\" data-id=\"c26d542\" data-element_type=\"container\">\n\t\t<div class=\"elementor-element elementor-element-7c44407 e-con-full e-flex e-con e-child\" data-id=\"7c44407\" data-element_type=\"container\">\n\t\t\t\t<div class=\"elementor-element elementor-element-600607b elementor-widget elementor-widget-image-box\" data-id=\"600607b\" data-element_type=\"widget\" data-widget_type=\"image-box.default\">\n\t\t\t\t<div class=\"elementor-widget-container\">\n\t\t\t\t\t<div class=\"elementor-image-box-wrapper\"><div class=\"elementor-image-box-content\"><h3 class=\"elementor-image-box-title\">Experiencia<\/h3><p class=\"elementor-image-box-description\">Nuestro equipo de dise\u00f1adores tiene a\u00f1os de experiencia en la creaci\u00f3n visualmente impresionantes dise\u00f1os.\n<\/p><\/div><\/div>\t\t\t\t<\/div>\n\t\t\t\t<\/div>\n\t\t\t\t<\/div>\n\t\t<div class=\"elementor-element elementor-element-9be0530 e-con-full e-flex e-con e-child\" data-id=\"9be0530\" data-element_type=\"container\">\n\t\t\t\t<div class=\"elementor-element elementor-element-aabf6ca elementor-widget elementor-widget-image-box\" data-id=\"aabf6ca\" data-element_type=\"widget\" data-widget_type=\"image-box.default\">\n\t\t\t\t<div class=\"elementor-widget-container\">\n\t\t\t\t\t<div class=\"elementor-image-box-wrapper\"><div class=\"elementor-image-box-content\"><h3 class=\"elementor-image-box-title\">Enfoque Personalizado<\/h3><p class=\"elementor-image-box-description\">Nos tomamos el tiempo para entender sus necesidades y objetivos, adaptando nuestros servicios de dise\u00f1o para satisfacer sus requisitos espec\u00edficos.\n<\/p><\/div><\/div>\t\t\t\t<\/div>\n\t\t\t\t<\/div>\n\t\t\t\t<\/div>\n\t\t<div class=\"elementor-element elementor-element-e8f59fb e-con-full e-flex e-con e-child\" data-id=\"e8f59fb\" data-element_type=\"container\">\n\t\t\t\t<div class=\"elementor-element elementor-element-c7b89f0 elementor-widget elementor-widget-image-box\" data-id=\"c7b89f0\" data-element_type=\"widget\" data-widget_type=\"image-box.default\">\n\t\t\t\t<div class=\"elementor-widget-container\">\n\t\t\t\t\t<div class=\"elementor-image-box-wrapper\"><div class=\"elementor-image-box-content\"><h3 class=\"elementor-image-box-title\">La Rapidez De Entrega<\/h3><p class=\"elementor-image-box-description\">Entregamos dise\u00f1os de alta calidad de forma r\u00e1pida, para garantizar el cumplimiento de los plazos de entrega.\n\n<\/p><\/div><\/div>\t\t\t\t<\/div>\n\t\t\t\t<\/div>\n\t\t\t\t<\/div>\n\t\t<div class=\"elementor-element elementor-element-7df67aa e-con-full e-flex e-con e-child\" data-id=\"7df67aa\" data-element_type=\"container\">\n\t\t\t\t<div class=\"elementor-element elementor-element-cac872e elementor-widget elementor-widget-image-box\" data-id=\"cac872e\" data-element_type=\"widget\" data-widget_type=\"image-box.default\">\n\t\t\t\t<div class=\"elementor-widget-container\">\n\t\t\t\t\t<div class=\"elementor-image-box-wrapper\"><div class=\"elementor-image-box-content\"><h3 class=\"elementor-image-box-title\">Precios Asequibles<\/h3><p class=\"elementor-image-box-description\">Nuestros servicios de dise\u00f1o a precios competitivos, ofreciendo un valor excepcional para su inversi\u00f3n.\n\n<\/p><\/div><\/div>\t\t\t\t<\/div>\n\t\t\t\t<\/div>\n\t\t\t\t<\/div>\n\t\t\t\t<\/div>\n\t\t\t\t<div class=\"elementor-element elementor-element-7dd156d elementor-widget elementor-widget-heading\" data-id=\"7dd156d\" data-element_type=\"widget\" data-widget_type=\"heading.default\">\n\t\t\t\t<div class=\"elementor-widget-container\">\n\t\t\t\t\t<h2 class=\"elementor-heading-title elementor-size-default\">Qu\u00e9 Esperar De Nuestro Proceso de de Dise\u00f1o Gr\u00e1fico<\/h2>\t\t\t\t<\/div>\n\t\t\t\t<\/div>\n\t\t<div class=\"elementor-element elementor-element-bdea7fd e-con-full e-flex e-con e-child\" data-id=\"bdea7fd\" data-element_type=\"container\">\n\t\t<div class=\"elementor-element elementor-element-90a8a39 e-con-full e-flex e-con e-child\" data-id=\"90a8a39\" data-element_type=\"container\">\n\t\t\t\t<div class=\"elementor-element elementor-element-200e861 elementor-widget elementor-widget-image-box\" data-id=\"200e861\" data-element_type=\"widget\" data-widget_type=\"image-box.default\">\n\t\t\t\t<div class=\"elementor-widget-container\">\n\t\t\t\t\t<div class=\"elementor-image-box-wrapper\"><div class=\"elementor-image-box-content\"><h3 class=\"elementor-image-box-title\">1. Consulta Inicial<\/h3><p class=\"elementor-image-box-description\">Vamos a discutir sus necesidades de dise\u00f1o, metas y objetivos.\n<\/p><\/div><\/div>\t\t\t\t<\/div>\n\t\t\t\t<\/div>\n\t\t\t\t<\/div>\n\t\t<div class=\"elementor-element elementor-element-eec6e2b e-con-full e-flex e-con e-child\" data-id=\"eec6e2b\" data-element_type=\"container\">\n\t\t\t\t<div class=\"elementor-element elementor-element-fafcb26 elementor-widget elementor-widget-image-box\" data-id=\"fafcb26\" data-element_type=\"widget\" data-widget_type=\"image-box.default\">\n\t\t\t\t<div class=\"elementor-widget-container\">\n\t\t\t\t\t<div class=\"elementor-image-box-wrapper\"><div class=\"elementor-image-box-content\"><h3 class=\"elementor-image-box-title\">2. Dise\u00f1o De Concepto De Desarrollo<\/h3><p class=\"elementor-image-box-description\">Nuestro equipo desarrollar\u00e1 un concepto de dise\u00f1o personalizado basado en su entrada.\n\n<\/p><\/div><\/div>\t\t\t\t<\/div>\n\t\t\t\t<\/div>\n\t\t\t\t<\/div>\n\t\t<div class=\"elementor-element elementor-element-d11e9f8 e-con-full e-flex e-con e-child\" data-id=\"d11e9f8\" data-element_type=\"container\">\n\t\t\t\t<div class=\"elementor-element elementor-element-59e916e elementor-widget elementor-widget-image-box\" data-id=\"59e916e\" data-element_type=\"widget\" data-widget_type=\"image-box.default\">\n\t\t\t\t<div class=\"elementor-widget-container\">\n\t\t\t\t\t<div class=\"elementor-image-box-wrapper\"><div class=\"elementor-image-box-content\"><h3 class=\"elementor-image-box-title\">3. Dise\u00f1o De Revisiones<\/h3><p class=\"elementor-image-box-description\">Vamos a trabajar con usted para refinar el dise\u00f1o hasta que usted est\u00e9 satisfecho.\n<\/p><\/div><\/div>\t\t\t\t<\/div>\n\t\t\t\t<\/div>\n\t\t\t\t<\/div>\n\t\t<div class=\"elementor-element elementor-element-e99b073 e-con-full e-flex e-con e-child\" data-id=\"e99b073\" data-element_type=\"container\">\n\t\t\t\t<div class=\"elementor-element elementor-element-f6fade7 elementor-widget elementor-widget-image-box\" data-id=\"f6fade7\" data-element_type=\"widget\" data-widget_type=\"image-box.default\">\n\t\t\t\t<div class=\"elementor-widget-container\">\n\t\t\t\t\t<div class=\"elementor-image-box-wrapper\"><div class=\"elementor-image-box-content\"><h3 class=\"elementor-image-box-title\">4. El Dise\u00f1o Final De Entrega<\/h3><p class=\"elementor-image-box-description\">Te entregamos el dise\u00f1o final de los archivos en los formatos requeridos.\n\n\n<\/p><\/div><\/div>\t\t\t\t<\/div>\n\t\t\t\t<\/div>\n\t\t\t\t<\/div>\n\t\t\t\t<\/div>\n\t\t\t\t<div class=\"elementor-element elementor-element-eb31643 elementor-widget elementor-widget-text-editor\" data-id=\"eb31643\" data-element_type=\"widget\" data-widget_type=\"text-editor.default\">\n\t\t\t\t<div class=\"elementor-widget-container\">\n\t\t\t\t\t\t\t\t\t<p style=\"text-align: center;\">Comience con Nuestros Servicios de Dise\u00f1o Gr\u00e1fico<br \/>Listo para elevar su marca de identidad visual? P\u00f3ngase en contacto con nosotros hoy para discutir sus necesidades de dise\u00f1o gr\u00e1fico y perm\u00edtanos ayudarle a crear impresionantes efectos visuales que cautivan a su p\u00fablico.<\/p>\t\t\t\t\t\t\t\t<\/div>\n\t\t\t\t<\/div>\n\t\t\t\t<\/div>\n\t\t\t\t<\/div>\n\t\t\t\t<\/div>\n\t\t\t\t<div class=\"elementor-element elementor-element-360abc6 elementor-align-left elementor-widget elementor-widget-button\" data-id=\"360abc6\" data-element_type=\"widget\" data-widget_type=\"button.default\">\n\t\t\t\t<div class=\"elementor-widget-container\">\n\t\t\t\t\t\t\t\t\t<div class=\"elementor-button-wrapper\">\n\t\t\t\t\t<a class=\"elementor-button elementor-button-link elementor-size-sm\" href=\"https:\/\/divfarrahenterprise.com\/es\/client-intake-form\/\" target=\"_blank\">\n\t\t\t\t\t\t<span class=\"elementor-button-content-wrapper\">\n\t\t\t\t\t\t\t\t\t<span class=\"elementor-button-text\">DE ADMISI\u00d3N DE CLIENTES<\/span>\n\t\t\t\t\t<\/span>\n\t\t\t\t\t<\/a>\n\t\t\t\t<\/div>\n\t\t\t\t\t\t\t\t<\/div>\n\t\t\t\t<\/div>\n\t\t\t\t\t<\/div>\n\t\t\t\t<\/div>\n\t\t\t\t<\/div>","protected":false},"excerpt":{"rendered":"<p>Elevate Your Brand with Our Expert Graphic Design Services In today&#8217;s visually-driven world, effective graphic design plays a crucial role in capturing audience attention, conveying your message, and establishing your brand identity. Our team of creative and experienced graphic designers provides top-notch design services to help you stand out from the competition. Our Comprehensive Graphic [&hellip;]<\/p>","protected":false},"author":1,"featured_media":0,"parent":0,"menu_order":0,"comment_status":"closed","ping_status":"closed","template":"","meta":{"_jf_save_progress":"","_jet_sm_ready_style":"","_jet_sm_style":"","_jet_sm_controls_values":"","_jet_sm_fonts_collection":"","_jet_sm_fonts_links":"","footnotes":""},"class_list":["post-1322","page","type-page","status-publish","hentry"],"_links":{"self":[{"href":"https:\/\/divfarrahenterprise.com\/es\/wp-json\/wp\/v2\/pages\/1322","targetHints":{"allow":["GET"]}}],"collection":[{"href":"https:\/\/divfarrahenterprise.com\/es\/wp-json\/wp\/v2\/pages"}],"about":[{"href":"https:\/\/divfarrahenterprise.com\/es\/wp-json\/wp\/v2\/types\/page"}],"author":[{"embeddable":true,"href":"https:\/\/divfarrahenterprise.com\/es\/wp-json\/wp\/v2\/users\/1"}],"replies":[{"embeddable":true,"href":"https:\/\/divfarrahenterprise.com\/es\/wp-json\/wp\/v2\/comments?post=1322"}],"version-history":[{"count":40,"href":"https:\/\/divfarrahenterprise.com\/es\/wp-json\/wp\/v2\/pages\/1322\/revisions"}],"predecessor-version":[{"id":4319,"href":"https:\/\/divfarrahenterprise.com\/es\/wp-json\/wp\/v2\/pages\/1322\/revisions\/4319"}],"wp:attachment":[{"href":"https:\/\/divfarrahenterprise.com\/es\/wp-json\/wp\/v2\/media?parent=1322"}],"curies":[{"name":"wp","href":"https:\/\/api.w.org\/{rel}","templated":true}]}}