{"id":1328,"date":"2025-01-15T10:41:47","date_gmt":"2025-01-15T10:41:47","guid":{"rendered":"https:\/\/divfarrahenterprise.com\/?page_id=1328"},"modified":"2025-08-02T08:47:25","modified_gmt":"2025-08-02T08:47:25","slug":"branding-and-promotion","status":"publish","type":"page","link":"https:\/\/divfarrahenterprise.com\/es\/branding-and-promotion\/","title":{"rendered":"El Branding y la Promoci\u00f3n"},"content":{"rendered":"<div data-elementor-type=\"wp-page\" data-elementor-id=\"1328\" class=\"elementor elementor-1328\" data-elementor-post-type=\"page\">\n\t\t\t\t<div class=\"elementor-element elementor-element-15ff70a e-flex e-con-boxed e-con e-parent\" data-id=\"15ff70a\" data-element_type=\"container\" data-settings=\"{&quot;background_background&quot;:&quot;classic&quot;,&quot;motion_fx_motion_fx_scrolling&quot;:&quot;yes&quot;,&quot;motion_fx_devices&quot;:[&quot;desktop&quot;,&quot;tablet&quot;,&quot;mobile&quot;]}\">\n\t\t\t\t\t<div class=\"e-con-inner\">\n\t\t\t\t\t<\/div>\n\t\t\t\t<\/div>\n\t\t<div class=\"elementor-element elementor-element-3a129a8 e-flex e-con-boxed e-con e-parent\" data-id=\"3a129a8\" data-element_type=\"container\" data-settings=\"{&quot;background_background&quot;:&quot;classic&quot;}\">\n\t\t\t\t\t<div class=\"e-con-inner\">\n\t\t\t\t<div class=\"elementor-element elementor-element-9215e0f elementor-widget elementor-widget-heading\" data-id=\"9215e0f\" data-element_type=\"widget\" data-widget_type=\"heading.default\">\n\t\t\t\t<div class=\"elementor-widget-container\">\n\t\t\t\t\t<h2 class=\"elementor-heading-title elementor-size-default\">Crear una Impresi\u00f3n Duradera con Nuestra Marca y Servicios de Promoci\u00f3n de la<\/h2>\t\t\t\t<\/div>\n\t\t\t\t<\/div>\n\t\t<div class=\"elementor-element elementor-element-ea07e00 e-con-full e-flex e-con e-child\" data-id=\"ea07e00\" data-element_type=\"container\">\n\t\t<div class=\"elementor-element elementor-element-f9bfc8b e-con-full e-flex e-con e-child\" data-id=\"f9bfc8b\" data-element_type=\"container\">\n\t\t\t\t<div class=\"elementor-element elementor-element-5fcea8a elementor-widget elementor-widget-text-editor\" data-id=\"5fcea8a\" data-element_type=\"widget\" data-widget_type=\"text-editor.default\">\n\t\t\t\t<div class=\"elementor-widget-container\">\n\t\t\t\t\t\t\t\t\t<p>\u00a0<\/p><p>En el mercado competitivo de hoy, el establecimiento de una fuerte identidad de marca es crucial para las empresas, aumentar la lealtad del cliente e impulsar el crecimiento. Nuestra marca y la promoci\u00f3n de los servicios est\u00e1n dise\u00f1ados para ayudarle a crear una marca atractiva presencia, conectar con su p\u00fablico objetivo, y en \u00faltima instancia, de la unidad de negocio de \u00e9xito.<\/p>\t\t\t\t\t\t\t\t<\/div>\n\t\t\t\t<\/div>\n\t\t\t\t<div class=\"elementor-element elementor-element-058df74 elementor-widget elementor-widget-text-editor\" data-id=\"058df74\" data-element_type=\"widget\" data-widget_type=\"text-editor.default\">\n\t\t\t\t<div class=\"elementor-widget-container\">\n\t\t\t\t\t\t\t\t\t<p style=\"text-align: left;\">Servicios De Branding<\/p>\t\t\t\t\t\t\t\t<\/div>\n\t\t\t\t<\/div>\n\t\t\t\t<div class=\"elementor-element elementor-element-1362109 elementor-widget elementor-widget-text-editor\" data-id=\"1362109\" data-element_type=\"widget\" data-widget_type=\"text-editor.default\">\n\t\t\t\t<div class=\"elementor-widget-container\">\n\t\t\t\t\t\t\t\t\t<p style=\"text-align: left;\">Nuestros servicios de branding, incluyen:<\/p><ol><li><strong>Marca El Desarrollo De La Estrategia:<\/strong> Vamos a trabajar con usted para definir su marca de la misi\u00f3n, visi\u00f3n, valores, y propuesta de valor \u00fanica.<\/li><li><strong>La Identidad De Marca Dise\u00f1o De:<\/strong> Nuestro equipo crear\u00e1 un visualmente impresionante la identidad de la marca, incluyendo logos, paletas de color, la tipograf\u00eda y las im\u00e1genes.<\/li><li><strong>Los Mensajes De La Marca:<\/strong> Vamos a desarrollar una clara y convincente de los mensajes de la marca marco para asegurar la consistencia a trav\u00e9s de todos los canales de comercializaci\u00f3n.<\/li><li><strong>Las Directrices De La Marca:<\/strong> Nuestro equipo crear\u00e1 integral de las directrices de la marca para asegurarse de que su marca est\u00e1 representada de forma coherente en todos los puntos de contacto.<\/li><\/ol>\t\t\t\t\t\t\t\t<\/div>\n\t\t\t\t<\/div>\n\t\t\t\t<div class=\"elementor-element elementor-element-8d63e13 elementor-widget elementor-widget-text-editor\" data-id=\"8d63e13\" data-element_type=\"widget\" data-widget_type=\"text-editor.default\">\n\t\t\t\t<div class=\"elementor-widget-container\">\n\t\t\t\t\t\t\t\t\t<p style=\"text-align: left;\">Servicios De Promoci\u00f3n De La<\/p>\t\t\t\t\t\t\t\t<\/div>\n\t\t\t\t<\/div>\n\t\t\t\t<div class=\"elementor-element elementor-element-f2584cd elementor-widget elementor-widget-text-editor\" data-id=\"f2584cd\" data-element_type=\"widget\" data-widget_type=\"text-editor.default\">\n\t\t\t\t<div class=\"elementor-widget-container\">\n\t\t\t\t\t\t\t\t\t<p>Nuestros servicios de promoci\u00f3n incluyen:<\/p><ol><li><strong>Marketing Digital:<\/strong> Vamos a desarrollar y ejecutar selectiva digital de las campa\u00f1as de marketing para la unidad de tr\u00e1fico del sitio web, generar clientes potenciales y aumentar las ventas.<\/li><li><strong>Manejo De Redes Sociales:<\/strong> Nuestro equipo va a crear e implementar una estrategia de medios sociales para construir su marca presencia en l\u00ednea, relacionarse con su p\u00fablico, y de la unidad de tr\u00e1fico del sitio web.<\/li><li><strong>Creaci\u00f3n De Contenido:<\/strong> Vamos a desarrollar un alto nivel de calidad, contenido atractivo para el escaparate de su marca de la experiencia, de construir la confianza con su p\u00fablico, y de la unidad de negocio de crecimiento.<\/li><li><strong>Planificaci\u00f3n De Eventos:<\/strong> Nuestro equipo le ayudar\u00e1 a planificar y ejecutar eventos, tales como lanzamientos de producto, conferencias y ferias comerciales, para generar conciencia de marca y de la unidad de negocio de crecimiento.<\/li><\/ol>\t\t\t\t\t\t\t\t<\/div>\n\t\t\t\t<\/div>\n\t\t\t\t<div class=\"elementor-element elementor-element-aca237a elementor-widget elementor-widget-text-editor\" data-id=\"aca237a\" data-element_type=\"widget\" data-widget_type=\"text-editor.default\">\n\t\t\t\t<div class=\"elementor-widget-container\">\n\t\t\t\t\t\t\t\t\t<p style=\"text-align: left;\">Beneficios de Nuestra Marca y Servicios de Promoci\u00f3n de la<\/p>\t\t\t\t\t\t\t\t<\/div>\n\t\t\t\t<\/div>\n\t\t\t\t<div class=\"elementor-element elementor-element-dbda0f0 elementor-widget elementor-widget-text-editor\" data-id=\"dbda0f0\" data-element_type=\"widget\" data-widget_type=\"text-editor.default\">\n\t\t\t\t<div class=\"elementor-widget-container\">\n\t\t\t\t\t\t\t\t\t<p>Al asociarse con nosotros, disfrutar\u00e1s de numerosos beneficios, incluyendo:<\/p><ul><li><strong>Mayor reconocimiento de la marca:<\/strong> Establecer una fuerte identidad de marca que resuena con su p\u00fablico objetivo.<\/li><li><strong>Mejora de la coherencia de la marca:<\/strong> Asegurarse de que su marca est\u00e1 representada de manera consistente a trav\u00e9s de todos los canales de comercializaci\u00f3n.<\/li><li><strong>Mejorada credibilidad de marca:<\/strong> Construir la confianza con tu audiencia a trav\u00e9s de contenido de alta calidad y promoci\u00f3n efectiva.<\/li><li><strong>El aumento de tr\u00e1fico del sitio web y las ventas:<\/strong> Impulsar el crecimiento empresarial a trav\u00e9s de digital marketing y promoci\u00f3n.<\/li><\/ul><p style=\"text-align: center;\">Empezar con Nuestra Marca y Servicios de Promoci\u00f3n de la<br \/>Listo para construir una fuerte identidad de marca y de la unidad de negocio de crecimiento? P\u00f3ngase en contacto con nosotros hoy para discutir su marca y la promoci\u00f3n de las necesidades y perm\u00edtanos ayudarle a crear una impresi\u00f3n duradera.<\/p>\t\t\t\t\t\t\t\t<\/div>\n\t\t\t\t<\/div>\n\t\t\t\t<div class=\"elementor-element elementor-element-e4861a5 elementor-align-left elementor-widget elementor-widget-button\" data-id=\"e4861a5\" data-element_type=\"widget\" data-widget_type=\"button.default\">\n\t\t\t\t<div class=\"elementor-widget-container\">\n\t\t\t\t\t\t\t\t\t<div class=\"elementor-button-wrapper\">\n\t\t\t\t\t<a class=\"elementor-button elementor-button-link elementor-size-sm\" href=\"https:\/\/divfarrahenterprise.com\/es\/client-intake-form\/\" target=\"_blank\">\n\t\t\t\t\t\t<span class=\"elementor-button-content-wrapper\">\n\t\t\t\t\t\t\t\t\t<span class=\"elementor-button-text\">DE ADMISI\u00d3N DE CLIENTES<\/span>\n\t\t\t\t\t<\/span>\n\t\t\t\t\t<\/a>\n\t\t\t\t<\/div>\n\t\t\t\t\t\t\t\t<\/div>\n\t\t\t\t<\/div>\n\t\t\t\t<\/div>\n\t\t\t\t<\/div>\n\t\t\t\t\t<\/div>\n\t\t\t\t<\/div>\n\t\t\t\t<\/div>","protected":false},"excerpt":{"rendered":"<p>Build a Lasting Impression with Our Branding and Promotion Services \u00a0 In today&#8217;s competitive market, establishing a strong brand identity is crucial for businesses to stand out, build customer loyalty, and drive growth. Our branding and promotion services are designed to help you create a compelling brand presence, connect with your target audience, and ultimately, [&hellip;]<\/p>","protected":false},"author":1,"featured_media":0,"parent":0,"menu_order":0,"comment_status":"closed","ping_status":"closed","template":"","meta":{"_jf_save_progress":"","_jet_sm_ready_style":"","_jet_sm_style":"","_jet_sm_controls_values":"","_jet_sm_fonts_collection":"","_jet_sm_fonts_links":"","footnotes":""},"class_list":["post-1328","page","type-page","status-publish","hentry"],"_links":{"self":[{"href":"https:\/\/divfarrahenterprise.com\/es\/wp-json\/wp\/v2\/pages\/1328","targetHints":{"allow":["GET"]}}],"collection":[{"href":"https:\/\/divfarrahenterprise.com\/es\/wp-json\/wp\/v2\/pages"}],"about":[{"href":"https:\/\/divfarrahenterprise.com\/es\/wp-json\/wp\/v2\/types\/page"}],"author":[{"embeddable":true,"href":"https:\/\/divfarrahenterprise.com\/es\/wp-json\/wp\/v2\/users\/1"}],"replies":[{"embeddable":true,"href":"https:\/\/divfarrahenterprise.com\/es\/wp-json\/wp\/v2\/comments?post=1328"}],"version-history":[{"count":31,"href":"https:\/\/divfarrahenterprise.com\/es\/wp-json\/wp\/v2\/pages\/1328\/revisions"}],"predecessor-version":[{"id":4325,"href":"https:\/\/divfarrahenterprise.com\/es\/wp-json\/wp\/v2\/pages\/1328\/revisions\/4325"}],"wp:attachment":[{"href":"https:\/\/divfarrahenterprise.com\/es\/wp-json\/wp\/v2\/media?parent=1328"}],"curies":[{"name":"wp","href":"https:\/\/api.w.org\/{rel}","templated":true}]}}