{"id":1337,"date":"2025-01-15T11:11:12","date_gmt":"2025-01-15T11:11:12","guid":{"rendered":"https:\/\/divfarrahenterprise.com\/?page_id=1337"},"modified":"2025-08-02T08:48:23","modified_gmt":"2025-08-02T08:48:23","slug":"business-credit-founding","status":"publish","type":"page","link":"https:\/\/divfarrahenterprise.com\/es\/business-credit-founding\/","title":{"rendered":"Business credit Founding"},"content":{"rendered":"<div data-elementor-type=\"wp-page\" data-elementor-id=\"1337\" class=\"elementor elementor-1337\" data-elementor-post-type=\"page\">\n\t\t\t\t<div class=\"elementor-element elementor-element-549a5e3 e-flex e-con-boxed e-con e-parent\" data-id=\"549a5e3\" data-element_type=\"container\" data-settings=\"{&quot;background_background&quot;:&quot;classic&quot;,&quot;motion_fx_motion_fx_scrolling&quot;:&quot;yes&quot;,&quot;motion_fx_devices&quot;:[&quot;desktop&quot;,&quot;tablet&quot;,&quot;mobile&quot;]}\">\n\t\t\t\t\t<div class=\"e-con-inner\">\n\t\t\t\t\t<\/div>\n\t\t\t\t<\/div>\n\t\t<div class=\"elementor-element elementor-element-1cf4dc6 e-flex e-con-boxed e-con e-parent\" data-id=\"1cf4dc6\" data-element_type=\"container\" data-settings=\"{&quot;background_background&quot;:&quot;classic&quot;}\">\n\t\t\t\t\t<div class=\"e-con-inner\">\n\t\t\t\t<div class=\"elementor-element elementor-element-16e77cb elementor-widget elementor-widget-heading\" data-id=\"16e77cb\" data-element_type=\"widget\" data-widget_type=\"heading.default\">\n\t\t\t\t<div class=\"elementor-widget-container\">\n\t\t\t\t\t<h2 class=\"elementor-heading-title elementor-size-default\">Orientaci\u00f3n de expertos para Su Negocio, Necesidades Financieras<\/h2>\t\t\t\t<\/div>\n\t\t\t\t<\/div>\n\t\t<div class=\"elementor-element elementor-element-34b0616 e-con-full e-flex e-con e-child\" data-id=\"34b0616\" data-element_type=\"container\">\n\t\t<div class=\"elementor-element elementor-element-2aba060 e-con-full e-flex e-con e-child\" data-id=\"2aba060\" data-element_type=\"container\">\n\t\t\t\t<div class=\"elementor-element elementor-element-4232fab elementor-widget elementor-widget-text-editor\" data-id=\"4232fab\" data-element_type=\"widget\" data-widget_type=\"text-editor.default\">\n\t\t\t\t<div class=\"elementor-widget-container\">\n\t\t\t\t\t\t\t\t\t<p style=\"text-align: center;\">\u00a0En DivFarrah Empresa entendemos que la gesti\u00f3n de su negocio financiero de la salud es crucial para el crecimiento, la estabilidad y el \u00e9xito. Nuestro equipo de experimentados expertos financieros proporciona orientaci\u00f3n personalizada sobre los negocios de cr\u00e9dito, la financiaci\u00f3n y contabilidad, para ayudarle a tomar decisiones informadas y alcanzar sus objetivos de negocio.<\/p>\t\t\t\t\t\t\t\t<\/div>\n\t\t\t\t<\/div>\n\t\t\t\t<div class=\"elementor-element elementor-element-06075dc elementor-widget elementor-widget-text-editor\" data-id=\"06075dc\" data-element_type=\"widget\" data-widget_type=\"text-editor.default\">\n\t\t\t\t<div class=\"elementor-widget-container\">\n\t\t\t\t\t\t\t\t\t<p style=\"text-align: left;\">Cr\u00e9dito De La Empresa De Servicios<\/p>\t\t\t\t\t\t\t\t<\/div>\n\t\t\t\t<\/div>\n\t\t\t\t<div class=\"elementor-element elementor-element-d34d350 elementor-widget elementor-widget-text-editor\" data-id=\"d34d350\" data-element_type=\"widget\" data-widget_type=\"text-editor.default\">\n\t\t\t\t<div class=\"elementor-widget-container\">\n\t\t\t\t\t\t\t\t\t<p>Nuestro negocio de cr\u00e9dito servicios incluyen:<\/p><ol><li><strong>De Cr\u00e9dito Del Negocio De La Construcci\u00f3n:<\/strong> Vamos a ayudarle a establecer y construir un negocio fuerte perfil de cr\u00e9dito para mejorar su solvencia.<\/li><li><strong>An\u00e1lisis Del Informe De Cr\u00e9dito:<\/strong> Nuestros expertos revisar\u00e1 su negocio informe de cr\u00e9dito para identificar \u00e1reas de mejora y proporcionar orientaci\u00f3n sobre c\u00f3mo responder a ellos.<\/li><li><strong>La Puntuaci\u00f3n De Cr\u00e9dito De Optimizaci\u00f3n:<\/strong> Vamos a trabajar con usted para optimizar su negocio puntuaci\u00f3n de cr\u00e9dito, asegur\u00e1ndose de que usted es elegible para las mejores opciones de financiamiento.<\/li><\/ol>\t\t\t\t\t\t\t\t<\/div>\n\t\t\t\t<\/div>\n\t\t\t\t<div class=\"elementor-element elementor-element-c4796cf elementor-widget elementor-widget-text-editor\" data-id=\"c4796cf\" data-element_type=\"widget\" data-widget_type=\"text-editor.default\">\n\t\t\t\t<div class=\"elementor-widget-container\">\n\t\t\t\t\t\t\t\t\t<p style=\"text-align: left;\">Negocio De Financiaci\u00f3n De Los Servicios<\/p>\t\t\t\t\t\t\t\t<\/div>\n\t\t\t\t<\/div>\n\t\t\t\t<div class=\"elementor-element elementor-element-09b942e elementor-widget elementor-widget-text-editor\" data-id=\"09b942e\" data-element_type=\"widget\" data-widget_type=\"text-editor.default\">\n\t\t\t\t<div class=\"elementor-widget-container\">\n\t\t\t\t\t\t\t\t\t<p>Nuestro negocio de financiaci\u00f3n de los servicios incluyen:<\/p><ol><li><strong>Las Opciones De Financiaci\u00f3n De An\u00e1lisis:<\/strong> Vamos a ayudarle a explorar y comparar diferentes opciones de financiaci\u00f3n, incluyendo pr\u00e9stamos, donaciones y fuentes alternativas de financiaci\u00f3n.<\/li><li><strong>Solicitud De Pr\u00e9stamo De Asistencia:<\/strong> Nuestros expertos le guiar\u00e1 a trav\u00e9s del proceso de solicitud de pr\u00e9stamo, asegur\u00e1ndose de que usted est\u00e1 preparado y aumentar sus posibilidades de aprobaci\u00f3n.<\/li><li><strong>La Estrategia De Financiamiento Para El Desarrollo:<\/strong> Vamos a trabajar con usted para desarrollar un personalizados estrategia de financiaci\u00f3n alineados con sus objetivos de negocio y objetivos.<\/li><\/ol>\t\t\t\t\t\t\t\t<\/div>\n\t\t\t\t<\/div>\n\t\t\t\t<div class=\"elementor-element elementor-element-3b5d8d4 elementor-widget elementor-widget-text-editor\" data-id=\"3b5d8d4\" data-element_type=\"widget\" data-widget_type=\"text-editor.default\">\n\t\t\t\t<div class=\"elementor-widget-container\">\n\t\t\t\t\t\t\t\t\t<p style=\"text-align: left;\">Servicios De Contabilidad<\/p>\t\t\t\t\t\t\t\t<\/div>\n\t\t\t\t<\/div>\n\t\t\t\t<div class=\"elementor-element elementor-element-0a93e7b elementor-widget elementor-widget-text-editor\" data-id=\"0a93e7b\" data-element_type=\"widget\" data-widget_type=\"text-editor.default\">\n\t\t\t\t<div class=\"elementor-widget-container\">\n\t\t\t\t\t\t\t\t\t<p>Nuestros servicios de contabilidad incluyen:<\/p><ol><li><strong>Preparaci\u00f3n De Estados Financieros:<\/strong> Nuestros expertos preparar\u00e1n de forma precisa y oportuna de los estados financieros, incluyendo las hojas de balance, estados de resultados y estados de flujo de efectivo.<\/li><li><strong>Tenedur\u00eda de libros y Contabilidad de Configuraci\u00f3n del Sistema:<\/strong> Vamos a ayudarle a establecer e implementar un eficiente sistema de contabilidad y el sistema contable adaptado a las necesidades de su negocio.<\/li><li><strong>Impuesto sobre la Planificaci\u00f3n y Preparaci\u00f3n:<\/strong> Nuestro equipo le proporcionar\u00e1 orientaci\u00f3n sobre la planificaci\u00f3n fiscal y la preparaci\u00f3n, asegur\u00e1ndose de que usted est\u00e1 tomando ventaja de todos los impuestos, deducciones y cr\u00e9ditos.<\/li><\/ol>\t\t\t\t\t\t\t\t<\/div>\n\t\t\t\t<\/div>\n\t\t\t\t<div class=\"elementor-element elementor-element-4feb2ce elementor-widget elementor-widget-text-editor\" data-id=\"4feb2ce\" data-element_type=\"widget\" data-widget_type=\"text-editor.default\">\n\t\t\t\t<div class=\"elementor-widget-container\">\n\t\t\t\t\t\t\t\t\t<p style=\"text-align: left;\">Beneficios de Nuestro Negocio de Cr\u00e9dito, Financiamiento y Servicios de Contabilidad<\/p>\t\t\t\t\t\t\t\t<\/div>\n\t\t\t\t<\/div>\n\t\t\t\t<div class=\"elementor-element elementor-element-ca95d5d elementor-widget elementor-widget-text-editor\" data-id=\"ca95d5d\" data-element_type=\"widget\" data-widget_type=\"text-editor.default\">\n\t\t\t\t<div class=\"elementor-widget-container\">\n\t\t\t\t\t\t\t\t\t<p>Al asociarse con nosotros, disfrutar\u00e1s de numerosos beneficios, incluyendo:<\/p><p>\u2013 Mejora de los negocios de la solvencia y el acceso a mejores opciones de financiaci\u00f3n<br \/>\u2013 Aumento de la claridad financiera y control a trav\u00e9s de la correcta y oportuna de los estados financieros<br \/>\u2013 Mejorada la gesti\u00f3n de flujo de caja y la reducci\u00f3n de estr\u00e9s financiero<br \/>\u2013 Orientaci\u00f3n personalizada y el apoyo de experimentados expertos financieros<\/p>\t\t\t\t\t\t\t\t<\/div>\n\t\t\t\t<\/div>\n\t\t\t\t<div class=\"elementor-element elementor-element-492b673 elementor-widget elementor-widget-text-editor\" data-id=\"492b673\" data-element_type=\"widget\" data-widget_type=\"text-editor.default\">\n\t\t\t\t<div class=\"elementor-widget-container\">\n\t\t\t\t\t\t\t\t\t<p><strong>Obtener Orientaci\u00f3n de Expertos para Su Negocio, Necesidades Financieras<\/strong><\/p><p>Listo para tomar el control de las finanzas de su empresa y lograr tus metas? P\u00f3ngase en contacto con nosotros hoy mismo para programar una consulta con nuestro equipo de expertos financieros.<\/p>\t\t\t\t\t\t\t\t<\/div>\n\t\t\t\t<\/div>\n\t\t\t\t<\/div>\n\t\t\t\t<\/div>\n\t\t\t\t<div class=\"elementor-element elementor-element-44a0cb3 elementor-hidden-desktop elementor-hidden-tablet elementor-hidden-mobile elementor-widget elementor-widget-button\" data-id=\"44a0cb3\" data-element_type=\"widget\" data-widget_type=\"button.default\">\n\t\t\t\t<div class=\"elementor-widget-container\">\n\t\t\t\t\t\t\t\t\t<div class=\"elementor-button-wrapper\">\n\t\t\t\t\t<a class=\"elementor-button elementor-size-sm\" role=\"button\">\n\t\t\t\t\t\t<span class=\"elementor-button-content-wrapper\">\n\t\t\t\t\t\t\t\t\t<span class=\"elementor-button-text\">Programar una Consulta<\/span>\n\t\t\t\t\t<\/span>\n\t\t\t\t\t<\/a>\n\t\t\t\t<\/div>\n\t\t\t\t\t\t\t\t<\/div>\n\t\t\t\t<\/div>\n\t\t\t\t<div class=\"elementor-element elementor-element-db98bb2 elementor-align-left elementor-widget elementor-widget-button\" data-id=\"db98bb2\" data-element_type=\"widget\" data-widget_type=\"button.default\">\n\t\t\t\t<div class=\"elementor-widget-container\">\n\t\t\t\t\t\t\t\t\t<div class=\"elementor-button-wrapper\">\n\t\t\t\t\t<a class=\"elementor-button elementor-button-link elementor-size-sm\" href=\"https:\/\/divfarrahenterprise.com\/es\/client-intake-form\/\" target=\"_blank\">\n\t\t\t\t\t\t<span class=\"elementor-button-content-wrapper\">\n\t\t\t\t\t\t\t\t\t<span class=\"elementor-button-text\">DE ADMISI\u00d3N DE CLIENTES<\/span>\n\t\t\t\t\t<\/span>\n\t\t\t\t\t<\/a>\n\t\t\t\t<\/div>\n\t\t\t\t\t\t\t\t<\/div>\n\t\t\t\t<\/div>\n\t\t\t\t\t<\/div>\n\t\t\t\t<\/div>\n\t\t\t\t<\/div>","protected":false},"excerpt":{"rendered":"<p>Expert Guidance for Your Business Financial Needs \u00a0At DivFarrah Enterprise we understand that managing your business&#8217;s financial health is crucial for growth, stability, and success. Our team of experienced financial experts provides personalized guidance on business credit, funding, and accounting to help you make informed decisions and achieve your business goals. Business Credit Services Our [&hellip;]<\/p>","protected":false},"author":1,"featured_media":0,"parent":0,"menu_order":0,"comment_status":"closed","ping_status":"closed","template":"","meta":{"_jf_save_progress":"","_jet_sm_ready_style":"","_jet_sm_style":"","_jet_sm_controls_values":"","_jet_sm_fonts_collection":"","_jet_sm_fonts_links":"","footnotes":""},"class_list":["post-1337","page","type-page","status-publish","hentry"],"_links":{"self":[{"href":"https:\/\/divfarrahenterprise.com\/es\/wp-json\/wp\/v2\/pages\/1337","targetHints":{"allow":["GET"]}}],"collection":[{"href":"https:\/\/divfarrahenterprise.com\/es\/wp-json\/wp\/v2\/pages"}],"about":[{"href":"https:\/\/divfarrahenterprise.com\/es\/wp-json\/wp\/v2\/types\/page"}],"author":[{"embeddable":true,"href":"https:\/\/divfarrahenterprise.com\/es\/wp-json\/wp\/v2\/users\/1"}],"replies":[{"embeddable":true,"href":"https:\/\/divfarrahenterprise.com\/es\/wp-json\/wp\/v2\/comments?post=1337"}],"version-history":[{"count":28,"href":"https:\/\/divfarrahenterprise.com\/es\/wp-json\/wp\/v2\/pages\/1337\/revisions"}],"predecessor-version":[{"id":4328,"href":"https:\/\/divfarrahenterprise.com\/es\/wp-json\/wp\/v2\/pages\/1337\/revisions\/4328"}],"wp:attachment":[{"href":"https:\/\/divfarrahenterprise.com\/es\/wp-json\/wp\/v2\/media?parent=1337"}],"curies":[{"name":"wp","href":"https:\/\/api.w.org\/{rel}","templated":true}]}}