{"id":1430,"date":"2025-01-19T15:07:36","date_gmt":"2025-01-19T15:07:36","guid":{"rendered":"https:\/\/divfarrahenterprise.com\/?page_id=1430"},"modified":"2025-08-02T08:49:25","modified_gmt":"2025-08-02T08:49:25","slug":"representatives-of-manufacturers","status":"publish","type":"page","link":"https:\/\/divfarrahenterprise.com\/es\/representatives-of-manufacturers\/","title":{"rendered":"Representantes de los fabricantes"},"content":{"rendered":"<div data-elementor-type=\"wp-page\" data-elementor-id=\"1430\" class=\"elementor elementor-1430\" data-elementor-post-type=\"page\">\n\t\t\t\t<div class=\"elementor-element elementor-element-f1752f7 e-flex e-con-boxed e-con e-parent\" data-id=\"f1752f7\" data-element_type=\"container\" data-settings=\"{&quot;background_background&quot;:&quot;classic&quot;,&quot;motion_fx_motion_fx_scrolling&quot;:&quot;yes&quot;,&quot;motion_fx_devices&quot;:[&quot;desktop&quot;,&quot;tablet&quot;,&quot;mobile&quot;]}\">\n\t\t\t\t\t<div class=\"e-con-inner\">\n\t\t\t\t\t<\/div>\n\t\t\t\t<\/div>\n\t\t<div class=\"elementor-element elementor-element-2fb8416 e-flex e-con-boxed e-con e-parent\" data-id=\"2fb8416\" data-element_type=\"container\" data-settings=\"{&quot;background_background&quot;:&quot;classic&quot;}\">\n\t\t\t\t\t<div class=\"e-con-inner\">\n\t\t\t\t<div class=\"elementor-element elementor-element-ddb6315 elementor-widget elementor-widget-heading\" data-id=\"ddb6315\" data-element_type=\"widget\" data-widget_type=\"heading.default\">\n\t\t\t\t<div class=\"elementor-widget-container\">\n\t\t\t\t\t<h2 class=\"elementor-heading-title elementor-size-default\">La conexi\u00f3n con la Confianza de los Fabricantes y Proveedores<\/h2>\t\t\t\t<\/div>\n\t\t\t\t<\/div>\n\t\t<div class=\"elementor-element elementor-element-58b4cfd e-con-full e-flex e-con e-child\" data-id=\"58b4cfd\" data-element_type=\"container\">\n\t\t<div class=\"elementor-element elementor-element-f1f9f50 e-con-full e-flex e-con e-child\" data-id=\"f1f9f50\" data-element_type=\"container\">\n\t\t\t\t<div class=\"elementor-element elementor-element-368b233 elementor-widget elementor-widget-text-editor\" data-id=\"368b233\" data-element_type=\"widget\" data-widget_type=\"text-editor.default\">\n\t\t\t\t<div class=\"elementor-widget-container\">\n\t\t\t\t\t\t\t\t\t<p style=\"text-align: center;\">\u00a0En DivFarrah Empresa entendemos la importancia de la detecci\u00f3n fiable de los fabricantes y de los proveedores para satisfacer las necesidades de su negocio. Por eso hemos establecido una amplia red de socios acreditados, que proporciona acceso a productos de alta calidad, precios competitivos y un servicio al cliente excepcional.<\/p>\t\t\t\t\t\t\t\t<\/div>\n\t\t\t\t<\/div>\n\t\t\t\t<div class=\"elementor-element elementor-element-ae828ba elementor-widget elementor-widget-text-editor\" data-id=\"ae828ba\" data-element_type=\"widget\" data-widget_type=\"text-editor.default\">\n\t\t\t\t<div class=\"elementor-widget-container\">\n\t\t\t\t\t\t\t\t\t<p style=\"text-align: left;\">Beneficios de Nuestro Fabricante y Proveedor de la Red<\/p>\t\t\t\t\t\t\t\t<\/div>\n\t\t\t\t<\/div>\n\t\t\t\t<div class=\"elementor-element elementor-element-a3771e8 elementor-widget elementor-widget-text-editor\" data-id=\"a3771e8\" data-element_type=\"widget\" data-widget_type=\"text-editor.default\">\n\t\t\t\t<div class=\"elementor-widget-container\">\n\t\t\t\t\t\t\t\t\t<ul><li><strong>Racionalizaci\u00f3n De Procesos De Abastecimiento:<\/strong> Nuestra red simplifica el proceso de b\u00fasqueda de confianza de los fabricantes y proveedores, ahorrando tiempo y recursos.<\/li><li><strong>El acceso a los Precios de la competencia:<\/strong> Negociamos con nuestros socios para asegurar que usted reciba el mejor precio posible para sus productos.<\/li><li><strong>Productos De Alta Calidad:<\/strong> Nuestros fabricantes y proveedores son cuidadosamente seleccionados para asegurar que cumplen con los m\u00e1s altos est\u00e1ndares de calidad y fiabilidad.<\/li><li><strong>Excepcional Servicio De Atenci\u00f3n Al Cliente:<\/strong> Nuestros socios est\u00e1n comprometidos a proporcionar excelente servicio al cliente, asegurando que sus necesidades son atendidas y que sus expectativas se superan.<\/li><\/ul>\t\t\t\t\t\t\t\t<\/div>\n\t\t\t\t<\/div>\n\t\t\t\t<div class=\"elementor-element elementor-element-e457ffd elementor-widget elementor-widget-text-editor\" data-id=\"e457ffd\" data-element_type=\"widget\" data-widget_type=\"text-editor.default\">\n\t\t\t\t<div class=\"elementor-widget-container\">\n\t\t\t\t\t\t\t\t\t<p style=\"text-align: left;\">Las Industrias Que Servimos<\/p>\t\t\t\t\t\t\t\t<\/div>\n\t\t\t\t<\/div>\n\t\t\t\t<div class=\"elementor-element elementor-element-433f360 elementor-widget elementor-widget-text-editor\" data-id=\"433f360\" data-element_type=\"widget\" data-widget_type=\"text-editor.default\">\n\t\t\t\t<div class=\"elementor-widget-container\">\n\t\t\t\t\t\t\t\t\t<p>Nuestra red de fabricantes y proveedores tiene una amplia gama de industrias, incluyendo:<\/p><ul><li>Aeroespacial y de Defensa<\/li><li>Automotriz<\/li><li>Construcci\u00f3n<\/li><li>Electr\u00f3nica<\/li><li>De alimentos y Bebidas<\/li><li>Cuidado de la salud<\/li><li>Equipos Industriales<\/li><li>Fabricaci\u00f3n<\/li><li>El petr\u00f3leo y el Gas<\/li><\/ul>\t\t\t\t\t\t\t\t<\/div>\n\t\t\t\t<\/div>\n\t\t\t\t<div class=\"elementor-element elementor-element-6a62bb9 elementor-widget elementor-widget-text-editor\" data-id=\"6a62bb9\" data-element_type=\"widget\" data-widget_type=\"text-editor.default\">\n\t\t\t\t<div class=\"elementor-widget-container\">\n\t\t\t\t\t\t\t\t\t<p style=\"text-align: left;\">C\u00f3mo Trabajamos<\/p>\t\t\t\t\t\t\t\t<\/div>\n\t\t\t\t<\/div>\n\t\t\t\t<div class=\"elementor-element elementor-element-46de52d elementor-widget elementor-widget-text-editor\" data-id=\"46de52d\" data-element_type=\"widget\" data-widget_type=\"text-editor.default\">\n\t\t\t\t<div class=\"elementor-widget-container\">\n\t\t\t\t\t\t\t\t\t<ol><li><strong>Consulta Inicial:<\/strong> Hablamos de sus necesidades y requerimientos espec\u00edficos.<\/li><li><strong>B\u00fasqueda De Red:<\/strong> Buscamos en nuestra red para encontrar los mejores fabricantes y proveedores, para satisfacer sus necesidades.<\/li><li><strong>Socio Introducci\u00f3n:<\/strong> Te presentamos nuestra recomendado socios, que proporciona acceso a sus productos y servicios.<\/li><li><strong>Curso De Apoyo:<\/strong> Ofrecemos apoyo continuo para asegurar que sus necesidades sean satisfechas y sus expectativas.<\/li><\/ol>\t\t\t\t\t\t\t\t<\/div>\n\t\t\t\t<\/div>\n\t\t\t\t<div class=\"elementor-element elementor-element-79ba3f5 elementor-widget elementor-widget-text-editor\" data-id=\"79ba3f5\" data-element_type=\"widget\" data-widget_type=\"text-editor.default\">\n\t\t\t\t<div class=\"elementor-widget-container\">\n\t\t\t\t\t\t\t\t\t<p style=\"text-align: left;\">Con\u00e9ctate con Nuestra Red de Fabricantes y Proveedores de<\/p>\t\t\t\t\t\t\t\t<\/div>\n\t\t\t\t<\/div>\n\t\t\t\t<div class=\"elementor-element elementor-element-3a422f3 elementor-widget elementor-widget-text-editor\" data-id=\"3a422f3\" data-element_type=\"widget\" data-widget_type=\"text-editor.default\">\n\t\t\t\t<div class=\"elementor-widget-container\">\n\t\t\t\t\t\t\t\t\t<p>Listo para agilizar el proceso de b\u00fasqueda y conectar con la confianza de los fabricantes y proveedores? Cont\u00e1ctenos hoy para aprender m\u00e1s acerca de nuestra red y c\u00f3mo podemos apoyar las necesidades de su negocio.<\/p>\t\t\t\t\t\t\t\t<\/div>\n\t\t\t\t<\/div>\n\t\t\t\t<\/div>\n\t\t\t\t<\/div>\n\t\t\t\t<div class=\"elementor-element elementor-element-d1131df elementor-hidden-desktop elementor-hidden-tablet elementor-hidden-mobile elementor-widget elementor-widget-button\" data-id=\"d1131df\" data-element_type=\"widget\" data-widget_type=\"button.default\">\n\t\t\t\t<div class=\"elementor-widget-container\">\n\t\t\t\t\t\t\t\t\t<div class=\"elementor-button-wrapper\">\n\t\t\t\t\t<a class=\"elementor-button elementor-size-sm\" role=\"button\">\n\t\t\t\t\t\t<span class=\"elementor-button-content-wrapper\">\n\t\t\t\t\t\t\t\t\t<span class=\"elementor-button-text\">Con\u00e9ctate<\/span>\n\t\t\t\t\t<\/span>\n\t\t\t\t\t<\/a>\n\t\t\t\t<\/div>\n\t\t\t\t\t\t\t\t<\/div>\n\t\t\t\t<\/div>\n\t\t\t\t<div class=\"elementor-element elementor-element-4d14e89 elementor-align-left elementor-widget elementor-widget-button\" data-id=\"4d14e89\" data-element_type=\"widget\" data-widget_type=\"button.default\">\n\t\t\t\t<div class=\"elementor-widget-container\">\n\t\t\t\t\t\t\t\t\t<div class=\"elementor-button-wrapper\">\n\t\t\t\t\t<a class=\"elementor-button elementor-button-link elementor-size-sm\" href=\"https:\/\/divfarrahenterprise.com\/es\/client-intake-form\/\" target=\"_blank\">\n\t\t\t\t\t\t<span class=\"elementor-button-content-wrapper\">\n\t\t\t\t\t\t\t\t\t<span class=\"elementor-button-text\">DE ADMISI\u00d3N DE CLIENTES<\/span>\n\t\t\t\t\t<\/span>\n\t\t\t\t\t<\/a>\n\t\t\t\t<\/div>\n\t\t\t\t\t\t\t\t<\/div>\n\t\t\t\t<\/div>\n\t\t\t\t\t<\/div>\n\t\t\t\t<\/div>\n\t\t\t\t<\/div>","protected":false},"excerpt":{"rendered":"<p>Connecting You with Trusted Manufacturers and Suppliers \u00a0At DivFarrah Enterprise we understand the importance of finding reliable manufacturers and suppliers to meet your business needs. That&#8217;s why we&#8217;ve established a comprehensive network of reputable partners, providing you with access to high-quality products, competitive pricing, and exceptional customer service. Benefits of Our Manufacturer and Supplier Network [&hellip;]<\/p>","protected":false},"author":1,"featured_media":0,"parent":0,"menu_order":0,"comment_status":"closed","ping_status":"closed","template":"","meta":{"_jf_save_progress":"","_jet_sm_ready_style":"","_jet_sm_style":"","_jet_sm_controls_values":"","_jet_sm_fonts_collection":"","_jet_sm_fonts_links":"","footnotes":""},"class_list":["post-1430","page","type-page","status-publish","hentry"],"_links":{"self":[{"href":"https:\/\/divfarrahenterprise.com\/es\/wp-json\/wp\/v2\/pages\/1430","targetHints":{"allow":["GET"]}}],"collection":[{"href":"https:\/\/divfarrahenterprise.com\/es\/wp-json\/wp\/v2\/pages"}],"about":[{"href":"https:\/\/divfarrahenterprise.com\/es\/wp-json\/wp\/v2\/types\/page"}],"author":[{"embeddable":true,"href":"https:\/\/divfarrahenterprise.com\/es\/wp-json\/wp\/v2\/users\/1"}],"replies":[{"embeddable":true,"href":"https:\/\/divfarrahenterprise.com\/es\/wp-json\/wp\/v2\/comments?post=1430"}],"version-history":[{"count":25,"href":"https:\/\/divfarrahenterprise.com\/es\/wp-json\/wp\/v2\/pages\/1430\/revisions"}],"predecessor-version":[{"id":4331,"href":"https:\/\/divfarrahenterprise.com\/es\/wp-json\/wp\/v2\/pages\/1430\/revisions\/4331"}],"wp:attachment":[{"href":"https:\/\/divfarrahenterprise.com\/es\/wp-json\/wp\/v2\/media?parent=1430"}],"curies":[{"name":"wp","href":"https:\/\/api.w.org\/{rel}","templated":true}]}}