{"id":1438,"date":"2025-01-19T15:27:54","date_gmt":"2025-01-19T15:27:54","guid":{"rendered":"https:\/\/divfarrahenterprise.com\/?page_id=1438"},"modified":"2025-08-02T08:41:03","modified_gmt":"2025-08-02T08:41:03","slug":"starting-a-business","status":"publish","type":"page","link":"https:\/\/divfarrahenterprise.com\/es\/starting-a-business\/","title":{"rendered":"starting a Business"},"content":{"rendered":"<div data-elementor-type=\"wp-page\" data-elementor-id=\"1438\" class=\"elementor elementor-1438\" data-elementor-post-type=\"page\">\n\t\t\t\t<div class=\"elementor-element elementor-element-c74936d e-flex e-con-boxed e-con e-parent\" data-id=\"c74936d\" data-element_type=\"container\" data-settings=\"{&quot;background_background&quot;:&quot;classic&quot;,&quot;motion_fx_motion_fx_scrolling&quot;:&quot;yes&quot;,&quot;motion_fx_devices&quot;:[&quot;desktop&quot;,&quot;tablet&quot;,&quot;mobile&quot;]}\">\n\t\t\t\t\t<div class=\"e-con-inner\">\n\t\t\t\t\t<\/div>\n\t\t\t\t<\/div>\n\t\t<div class=\"elementor-element elementor-element-4a42398 e-flex e-con-boxed e-con e-parent\" data-id=\"4a42398\" data-element_type=\"container\">\n\t\t\t\t\t<div class=\"e-con-inner\">\n\t\t\t\t<div class=\"elementor-element elementor-element-f4ad60e elementor-widget elementor-widget-heading\" data-id=\"f4ad60e\" data-element_type=\"widget\" data-widget_type=\"heading.default\">\n\t\t\t\t<div class=\"elementor-widget-container\">\n\t\t\t\t\t<h2 class=\"elementor-heading-title elementor-size-default\">Convertir Su Visi\u00f3n en un Exitoso Negocio o Proyecto<\/h2>\t\t\t\t<\/div>\n\t\t\t\t<\/div>\n\t\t\t\t\t<\/div>\n\t\t\t\t<\/div>\n\t\t<div class=\"elementor-element elementor-element-596b866 e-flex e-con-boxed e-con e-parent\" data-id=\"596b866\" data-element_type=\"container\" data-settings=\"{&quot;background_background&quot;:&quot;classic&quot;}\">\n\t\t\t\t\t<div class=\"e-con-inner\">\n\t\t<div class=\"elementor-element elementor-element-15d3d64 e-con-full e-flex e-con e-child\" data-id=\"15d3d64\" data-element_type=\"container\">\n\t\t<div class=\"elementor-element elementor-element-11fbb6b e-con-full e-flex e-con e-child\" data-id=\"11fbb6b\" data-element_type=\"container\">\n\t\t\t\t<div class=\"elementor-element elementor-element-e5b0f3c elementor-widget elementor-widget-text-editor\" data-id=\"e5b0f3c\" data-element_type=\"widget\" data-widget_type=\"text-editor.default\">\n\t\t\t\t<div class=\"elementor-widget-container\">\n\t\t\t\t\t\t\t\t\t<p style=\"text-align: center;\"><br \/>Comenzando un nuevo negocio o proyecto puede ser emocionante y a la vez intimidante. Con tantos factores a tener en cuenta, es f\u00e1cil sentirse abrumado. En DivFarrah Empresa, estamos dedicados a ayudar a los emprendedores e innovadores como el que convertir sus visiones en el \u00e9xito de las realidades.<\/p><p style=\"text-align: center;\">Inicie Su Negocio con Confianza<br \/>Comenzar un negocio puede ser abrumador, pero con nuestros servicios de soporte, usted estar\u00e1 bien en su camino al \u00e9xito.<\/p>\t\t\t\t\t\t\t\t<\/div>\n\t\t\t\t<\/div>\n\t\t\t\t<div class=\"elementor-element elementor-element-2282a9a elementor-widget elementor-widget-text-editor\" data-id=\"2282a9a\" data-element_type=\"widget\" data-widget_type=\"text-editor.default\">\n\t\t\t\t<div class=\"elementor-widget-container\">\n\t\t\t\t\t\t\t\t\t<p style=\"text-align: left;\">Esencial De Los Servicios De Negocio<\/p>\t\t\t\t\t\t\t\t<\/div>\n\t\t\t\t<\/div>\n\t\t\t\t<div class=\"elementor-element elementor-element-d8f288e elementor-widget elementor-widget-text-editor\" data-id=\"d8f288e\" data-element_type=\"widget\" data-widget_type=\"text-editor.default\">\n\t\t\t\t<div class=\"elementor-widget-container\">\n\t\t\t\t\t\t\t\t\t<p>Obtener las bases que necesita para establecer una presencia profesional:<\/p><p><strong>\u2013 Estructura Legal:<\/strong> Orientaci\u00f3n de expertos en la selecci\u00f3n de la estructura legal de su negocio<br \/><strong>\u2013 Asistente Virtual De Servicios:<\/strong> Experto de apoyo administrativo para gestionar su carga de trabajo<br \/><strong>\u2013 Direcci\u00f3n comercial y de Servicios de telefon\u00eda:<\/strong> Establecer un negocio profesional direcci\u00f3n y n\u00famero de tel\u00e9fono<br \/><strong>\u2013 Base de datos en la Nube y Soluciones de Sistema:<\/strong> Segura y escalable de soluciones de gesti\u00f3n de datos<\/p>\t\t\t\t\t\t\t\t<\/div>\n\t\t\t\t<\/div>\n\t\t\t\t<div class=\"elementor-element elementor-element-45024c1 elementor-widget elementor-widget-text-editor\" data-id=\"45024c1\" data-element_type=\"widget\" data-widget_type=\"text-editor.default\">\n\t\t\t\t<div class=\"elementor-widget-container\">\n\t\t\t\t\t\t\t\t\t<p><strong>Estos servicios le ayudar\u00e1n a:<\/strong><\/p><p>\u2013 Establecer un negocio profesional de presencia<br \/>\u2013 Aumento de la productividad y la eficiencia<br \/>\u2013 Centrarse en el crecimiento de su negocio<\/p>\t\t\t\t\t\t\t\t<\/div>\n\t\t\t\t<\/div>\n\t\t\t\t<div class=\"elementor-element elementor-element-1868661 elementor-widget elementor-widget-text-editor\" data-id=\"1868661\" data-element_type=\"widget\" data-widget_type=\"text-editor.default\">\n\t\t\t\t<div class=\"elementor-widget-container\">\n\t\t\t\t\t\t\t\t\t<p><strong>Empresa de Instalaci\u00f3n y Manejo:<\/strong><\/p><p>Nuestro amplio programa de instalaci\u00f3n y administraci\u00f3n de servicios incluyen:<\/p><p><strong>1. Negocio Jur\u00eddico Configuraci\u00f3n De La Estructura:<\/strong> LLC, una corporaci\u00f3n, una patente, EIN, ITIN<br \/><strong>2. Base de datos de negocio, CRM, y el Sistema de la Nube:<\/strong> Eficiente de soluciones de gesti\u00f3n de datos<br \/><strong>3. Negocio En L\u00ednea De Listado:<\/strong> Aumentar su visibilidad en l\u00ednea<br \/><strong>4. Los negocios de E-Fax y N\u00famero Telef\u00f3nico de la Oficina:<\/strong> Profesional de soluciones de comunicaci\u00f3n<\/p>\t\t\t\t\t\t\t\t<\/div>\n\t\t\t\t<\/div>\n\t\t\t\t<div class=\"elementor-element elementor-element-607b24d elementor-widget elementor-widget-text-editor\" data-id=\"607b24d\" data-element_type=\"widget\" data-widget_type=\"text-editor.default\">\n\t\t\t\t<div class=\"elementor-widget-container\">\n\t\t\t\t\t\t\t\t\t<p><strong>Protecci\u00f3n De La Propiedad Intelectual<\/strong><\/p><p>Proteger su negocio de la propiedad intelectual con nuestro:<\/p><p><strong>1. Negocio de Marcas y derechos de Autor:<\/strong> Seguro tu marca y tus ideas<\/p><p><strong>Estrategia de negocio y la Planificaci\u00f3n de <\/strong><strong>Alcanzar sus objetivos de negocio con nuestros:<\/strong><\/p><p><strong>1. Plan de negocio y Propuesta:<\/strong> Expertamente elaborado planes y propuestas<br \/><strong>2. Coaching Empresarial:<\/strong> Orientaci\u00f3n personalizada y apoyo<\/p><p>Perm\u00edtanos ayudarle a iniciar y hacer crecer su negocio con confianza. Cont\u00e1ctenos hoy para aprender m\u00e1s!<\/p>\t\t\t\t\t\t\t\t<\/div>\n\t\t\t\t<\/div>\n\t\t\t\t<div class=\"elementor-element elementor-element-c62eb53 elementor-widget elementor-widget-text-editor\" data-id=\"c62eb53\" data-element_type=\"widget\" data-widget_type=\"text-editor.default\">\n\t\t\t\t<div class=\"elementor-widget-container\">\n\t\t\t\t\t\t\t\t\t<p style=\"text-align: left;\">Fundamentos clave para el \u00c9xito<\/p>\t\t\t\t\t\t\t\t<\/div>\n\t\t\t\t<\/div>\n\t\t\t\t<div class=\"elementor-element elementor-element-b69d54e elementor-widget elementor-widget-text-editor\" data-id=\"b69d54e\" data-element_type=\"widget\" data-widget_type=\"text-editor.default\">\n\t\t\t\t<div class=\"elementor-widget-container\">\n\t\t\t\t\t\t\t\t\t<p>Nuestra completa gu\u00eda cubre los fundamentos esenciales para iniciar un exitoso negocio o proyecto, incluyendo:<\/p><ol><li><strong>La Generaci\u00f3n de la Idea y de la Validaci\u00f3n:<\/strong> Aprender a generar y validar tu idea de negocio, asegurando que cumple con las necesidades de su mercado objetivo.<\/li><li><strong>Planificaci\u00f3n De Negocios:<\/strong> Desarrollar un plan de negocios s\u00f3lido, describiendo sus objetivos, target de mercado, proyecciones financieras, y de la estrategia de marketing.<\/li><li><strong>Investigaci\u00f3n y An\u00e1lisis de mercado:<\/strong> Realizar estudio de mercado y an\u00e1lisis para comprender su competencia, p\u00fablico objetivo y las tendencias del mercado.<\/li><li><strong>Planificaci\u00f3n financiera y Gesti\u00f3n de:<\/strong> Aprender a crear un plan financiero, administrar las finanzas, y asegurar el financiamiento para su negocio o proyecto.<\/li><li><strong>Equipo de Construcci\u00f3n y de Gesti\u00f3n:<\/strong> Descubrir la importancia de construir un equipo fuerte y aprender t\u00e9cnicas de gesti\u00f3n eficaces para garantizar su \u00e9xito del equipo.<\/li><li><strong>Marketing y Ventas:<\/strong> Desarrollar una estrategia de marketing y ventas para llegar a su p\u00fablico objetivo, crear conciencia de marca, y a impulsar las ventas.<\/li><\/ol>\t\t\t\t\t\t\t\t<\/div>\n\t\t\t\t<\/div>\n\t\t\t\t<div class=\"elementor-element elementor-element-101b3d0 elementor-widget elementor-widget-text-editor\" data-id=\"101b3d0\" data-element_type=\"widget\" data-widget_type=\"text-editor.default\">\n\t\t\t\t<div class=\"elementor-widget-container\">\n\t\t\t\t\t\t\t\t\t<p style=\"text-align: left;\">Beneficios de Nuestra Gu\u00eda<\/p>\t\t\t\t\t\t\t\t<\/div>\n\t\t\t\t<\/div>\n\t\t\t\t<div class=\"elementor-element elementor-element-15d6116 elementor-widget elementor-widget-text-editor\" data-id=\"15d6116\" data-element_type=\"widget\" data-widget_type=\"text-editor.default\">\n\t\t\t\t<div class=\"elementor-widget-container\">\n\t\t\t\t\t\t\t\t\t<p>Siguiendo nuestra gu\u00eda, podr\u00e1s:<\/p><ol><li><strong>Aumentar sus posibilidades de \u00e9xito:<\/strong> Mediante la comprensi\u00f3n de los fundamentos clave de iniciar un negocio o proyecto, usted estar\u00e1 mejor equipado para superar retos y alcanzar sus metas.<\/li><li><strong>Ahorrar tiempo y recursos:<\/strong> Nuestra gu\u00eda le ayudar\u00e1 a evitar errores costosos y asegurarse de que se est\u00e1 concentrando en las \u00e1reas de derecho de su negocio o proyecto.<\/li><li><p><strong>Ganar la confianza y la claridad:<\/strong> Con un s\u00f3lido conocimiento de los fundamentos, usted se sentir\u00e1 m\u00e1s seguro y claro de su negocio o la direcci\u00f3n del proyecto.<\/p><\/li><\/ol>\t\t\t\t\t\t\t\t<\/div>\n\t\t\t\t<\/div>\n\t\t\t\t<div class=\"elementor-element elementor-element-2b58ee5 elementor-widget elementor-widget-text-editor\" data-id=\"2b58ee5\" data-element_type=\"widget\" data-widget_type=\"text-editor.default\">\n\t\t\t\t<div class=\"elementor-widget-container\">\n\t\t\t\t\t\t\t\t\t<p style=\"text-align: left;\">Comience Hoy Mismo<\/p>\t\t\t\t\t\t\t\t<\/div>\n\t\t\t\t<\/div>\n\t\t\t\t<div class=\"elementor-element elementor-element-a8b64b2 elementor-widget elementor-widget-text-editor\" data-id=\"a8b64b2\" data-element_type=\"widget\" data-widget_type=\"text-editor.default\">\n\t\t\t\t<div class=\"elementor-widget-container\">\n\t\t\t\t\t\t\t\t\t<p><br \/>Listo para convertir su visi\u00f3n en un exitoso negocio o proyecto? Cont\u00e1ctenos hoy para aprender m\u00e1s acerca de nuestros servicios de orientaci\u00f3n y apoyo.<\/p>\t\t\t\t\t\t\t\t<\/div>\n\t\t\t\t<\/div>\n\t\t\t\t<\/div>\n\t\t\t\t<\/div>\n\t\t<div class=\"elementor-element elementor-element-913cacf e-con-full e-flex e-con e-child\" data-id=\"913cacf\" data-element_type=\"container\">\n\t\t<div class=\"elementor-element elementor-element-230c637 e-con-full e-flex e-con e-child\" data-id=\"230c637\" data-element_type=\"container\">\n\t\t\t\t<div class=\"elementor-element elementor-element-d7243f1 elementor-align-left elementor-widget elementor-widget-button\" data-id=\"d7243f1\" data-element_type=\"widget\" data-widget_type=\"button.default\">\n\t\t\t\t<div class=\"elementor-widget-container\">\n\t\t\t\t\t\t\t\t\t<div class=\"elementor-button-wrapper\">\n\t\t\t\t\t<a class=\"elementor-button elementor-button-link elementor-size-sm\" href=\"https:\/\/divfarrahenterprise.com\/es\/client-intake-form\/\" target=\"_blank\">\n\t\t\t\t\t\t<span class=\"elementor-button-content-wrapper\">\n\t\t\t\t\t\t\t\t\t<span class=\"elementor-button-text\">DE ADMISI\u00d3N DE CLIENTES<\/span>\n\t\t\t\t\t<\/span>\n\t\t\t\t\t<\/a>\n\t\t\t\t<\/div>\n\t\t\t\t\t\t\t\t<\/div>\n\t\t\t\t<\/div>\n\t\t\t\t<\/div>\n\t\t\t\t<\/div>\n\t\t\t\t\t<\/div>\n\t\t\t\t<\/div>\n\t\t\t\t<\/div>","protected":false},"excerpt":{"rendered":"<p>Turning Your Vision into a Successful Business or Project Starting a new business or project can be both exciting and intimidating. With so many factors to consider, it&#8217;s easy to feel overwhelmed. At DivFarrah Enterprise, we&#8217;re dedicated to helping entrepreneurs and innovators like you turn their visions into successful realities. Launch Your Business with ConfidenceStarting [&hellip;]<\/p>","protected":false},"author":1,"featured_media":0,"parent":0,"menu_order":0,"comment_status":"closed","ping_status":"closed","template":"","meta":{"_jf_save_progress":"","_jet_sm_ready_style":"","_jet_sm_style":"","_jet_sm_controls_values":"","_jet_sm_fonts_collection":"","_jet_sm_fonts_links":"","footnotes":""},"class_list":["post-1438","page","type-page","status-publish","hentry"],"_links":{"self":[{"href":"https:\/\/divfarrahenterprise.com\/es\/wp-json\/wp\/v2\/pages\/1438","targetHints":{"allow":["GET"]}}],"collection":[{"href":"https:\/\/divfarrahenterprise.com\/es\/wp-json\/wp\/v2\/pages"}],"about":[{"href":"https:\/\/divfarrahenterprise.com\/es\/wp-json\/wp\/v2\/types\/page"}],"author":[{"embeddable":true,"href":"https:\/\/divfarrahenterprise.com\/es\/wp-json\/wp\/v2\/users\/1"}],"replies":[{"embeddable":true,"href":"https:\/\/divfarrahenterprise.com\/es\/wp-json\/wp\/v2\/comments?post=1438"}],"version-history":[{"count":46,"href":"https:\/\/divfarrahenterprise.com\/es\/wp-json\/wp\/v2\/pages\/1438\/revisions"}],"predecessor-version":[{"id":4310,"href":"https:\/\/divfarrahenterprise.com\/es\/wp-json\/wp\/v2\/pages\/1438\/revisions\/4310"}],"wp:attachment":[{"href":"https:\/\/divfarrahenterprise.com\/es\/wp-json\/wp\/v2\/media?parent=1438"}],"curies":[{"name":"wp","href":"https:\/\/api.w.org\/{rel}","templated":true}]}}