{"id":1456,"date":"2025-01-19T16:01:34","date_gmt":"2025-01-19T16:01:34","guid":{"rendered":"https:\/\/divfarrahenterprise.com\/?page_id=1456"},"modified":"2025-08-02T08:42:07","modified_gmt":"2025-08-02T08:42:07","slug":"managing-a-business","status":"publish","type":"page","link":"https:\/\/divfarrahenterprise.com\/es\/managing-a-business\/","title":{"rendered":"La gesti\u00f3n de un Negocio"},"content":{"rendered":"<div data-elementor-type=\"wp-page\" data-elementor-id=\"1456\" class=\"elementor elementor-1456\" data-elementor-post-type=\"page\">\n\t\t\t\t<div class=\"elementor-element elementor-element-2f0cad9 e-flex e-con-boxed e-con e-parent\" data-id=\"2f0cad9\" data-element_type=\"container\" data-settings=\"{&quot;background_background&quot;:&quot;classic&quot;,&quot;motion_fx_motion_fx_scrolling&quot;:&quot;yes&quot;,&quot;motion_fx_devices&quot;:[&quot;desktop&quot;,&quot;tablet&quot;,&quot;mobile&quot;]}\">\n\t\t\t\t\t<div class=\"e-con-inner\">\n\t\t\t\t\t<\/div>\n\t\t\t\t<\/div>\n\t\t<div class=\"elementor-element elementor-element-0c9a647 e-flex e-con-boxed e-con e-parent\" data-id=\"0c9a647\" data-element_type=\"container\" data-settings=\"{&quot;background_background&quot;:&quot;classic&quot;}\">\n\t\t\t\t\t<div class=\"e-con-inner\">\n\t\t<div class=\"elementor-element elementor-element-af4e0dc e-con-full e-flex e-con e-child\" data-id=\"af4e0dc\" data-element_type=\"container\">\n\t\t<div class=\"elementor-element elementor-element-bc124e3 e-con-full e-flex e-con e-child\" data-id=\"bc124e3\" data-element_type=\"container\">\n\t\t\t\t<div class=\"elementor-element elementor-element-2d5a15d elementor-widget elementor-widget-heading\" data-id=\"2d5a15d\" data-element_type=\"widget\" data-widget_type=\"heading.default\">\n\t\t\t\t<div class=\"elementor-widget-container\">\n\t\t\t\t\t<h2 class=\"elementor-heading-title elementor-size-default\">Dominar la Gesti\u00f3n Empresarial: Habilidades Esenciales para el \u00c9xito<\/h2>\t\t\t\t<\/div>\n\t\t\t\t<\/div>\n\t\t\t\t<div class=\"elementor-element elementor-element-a8df6b7 elementor-widget elementor-widget-text-editor\" data-id=\"a8df6b7\" data-element_type=\"widget\" data-widget_type=\"text-editor.default\">\n\t\t\t\t<div class=\"elementor-widget-container\">\n\t\t\t\t\t\t\t\t\t<p style=\"text-align: center;\">Una eficaz gesti\u00f3n empresarial es crucial para alcanzar el \u00e9xito y la sostenibilidad en el actual ritmo r\u00e1pido y competitivo del mercado. En DivFarrah Empresa estamos comprometidos a ayudar a los empresarios y l\u00edderes de negocios como de desarrollar las habilidades y conocimientos necesarios para gestionar su negocio de manera eficiente y eficaz.<\/p>\t\t\t\t\t\t\t\t<\/div>\n\t\t\t\t<\/div>\n\t\t\t\t<div class=\"elementor-element elementor-element-071f942 elementor-widget elementor-widget-text-editor\" data-id=\"071f942\" data-element_type=\"widget\" data-widget_type=\"text-editor.default\">\n\t\t\t\t<div class=\"elementor-widget-container\">\n\t\t\t\t\t\t\t\t\t<p>Nuestra gesti\u00f3n integral de negocios de orientaci\u00f3n abarca temas esenciales, incluyendo:<\/p><ol><li><strong>Planificaci\u00f3n Estrat\u00e9gica:<\/strong> Desarrollar una clara visi\u00f3n, misi\u00f3n, y objetivos para su negocio, y crear una hoja de ruta para el logro de sus objetivos.<\/li><li><strong>Liderazgo y Gesti\u00f3n de equipos:<\/strong> Aprender a motivar, inspirar y guiar a su equipo para lograr resultados excepcionales.<\/li><li><strong>Gesti\u00f3n Financiera:<\/strong> Entender c\u00f3mo manejar sus finanzas, incluyendo el presupuesto, previsi\u00f3n y gesti\u00f3n de flujo de caja.<\/li><li><strong>Operaciones y Log\u00edstica:<\/strong> Agilizar las operaciones de su negocio, administrar las cadenas de suministro, y la optimizaci\u00f3n de los procesos para una m\u00e1xima eficiencia.<\/li><li><strong>Marketing y Ventas:<\/strong> Desarrollar eficaces estrategias de marketing y ventas para llegar a nuevos clientes, generar conciencia de marca, y de la unidad de crecimiento de los ingresos.<\/li><li><strong>Gesti\u00f3n De Riesgos:<\/strong> Identificar, evaluar y mitigar los riesgos para garantizar la continuidad del negocio y minimizar las p\u00e9rdidas potenciales.<\/li><\/ol>\t\t\t\t\t\t\t\t<\/div>\n\t\t\t\t<\/div>\n\t\t\t\t<div class=\"elementor-element elementor-element-f5d0875 elementor-widget elementor-widget-text-editor\" data-id=\"f5d0875\" data-element_type=\"widget\" data-widget_type=\"text-editor.default\">\n\t\t\t\t<div class=\"elementor-widget-container\">\n\t\t\t\t\t\t\t\t\t<p style=\"text-align: left;\">Beneficios de una Eficaz Gesti\u00f3n Empresarial<\/p>\t\t\t\t\t\t\t\t<\/div>\n\t\t\t\t<\/div>\n\t\t\t\t<div class=\"elementor-element elementor-element-c3b6e5d elementor-widget elementor-widget-text-editor\" data-id=\"c3b6e5d\" data-element_type=\"widget\" data-widget_type=\"text-editor.default\">\n\t\t\t\t<div class=\"elementor-widget-container\">\n\t\t\t\t\t\t\t\t\t<p>Por el dominio de las habilidades y conocimientos necesarios para una eficaz gesti\u00f3n de los negocios, usted podr\u00e1:<\/p><p>\u2013 Aumentar la Eficiencia: optimizar los procesos, reducir los desperdicios y optimizar los recursos.<br \/>\u2013 Mejora de la Productividad: Motivar e inspirar a su equipo para lograr resultados excepcionales.<br \/>\u2013 Mejorar la Toma de Decisiones: Tomar decisiones, decisiones basadas en datos para impulsar el crecimiento empresarial.<br \/>\u2013 Aumentar la Rentabilidad: Aumentar los ingresos, reducir costes y mejorar los resultados de rendimiento de la l\u00ednea.<\/p>\t\t\t\t\t\t\t\t<\/div>\n\t\t\t\t<\/div>\n\t\t\t\t<div class=\"elementor-element elementor-element-8f89f77 elementor-widget elementor-widget-text-editor\" data-id=\"8f89f77\" data-element_type=\"widget\" data-widget_type=\"text-editor.default\">\n\t\t\t\t<div class=\"elementor-widget-container\">\n\t\t\t\t\t\t\t\t\t<p style=\"text-align: left;\">Comience Hoy Mismo<\/p>\t\t\t\t\t\t\t\t<\/div>\n\t\t\t\t<\/div>\n\t\t\t\t<div class=\"elementor-element elementor-element-119ebab elementor-widget elementor-widget-text-editor\" data-id=\"119ebab\" data-element_type=\"widget\" data-widget_type=\"text-editor.default\">\n\t\t\t\t<div class=\"elementor-widget-container\">\n\t\t\t\t\t\t\t\t\t<p>Listos para el desarrollo de las habilidades y conocimientos necesarios para gestionar eficazmente su negocio? Cont\u00e1ctenos hoy para aprender m\u00e1s acerca de nuestra empresa de gesti\u00f3n de servicios de orientaci\u00f3n y apoyo.<\/p>\t\t\t\t\t\t\t\t<\/div>\n\t\t\t\t<\/div>\n\t\t\t\t<div class=\"elementor-element elementor-element-4cb69c0 elementor-align-left elementor-widget elementor-widget-button\" data-id=\"4cb69c0\" data-element_type=\"widget\" data-widget_type=\"button.default\">\n\t\t\t\t<div class=\"elementor-widget-container\">\n\t\t\t\t\t\t\t\t\t<div class=\"elementor-button-wrapper\">\n\t\t\t\t\t<a class=\"elementor-button elementor-button-link elementor-size-sm\" href=\"https:\/\/divfarrahenterprise.com\/es\/client-intake-form\/\" target=\"_blank\">\n\t\t\t\t\t\t<span class=\"elementor-button-content-wrapper\">\n\t\t\t\t\t\t\t\t\t<span class=\"elementor-button-text\">DE ADMISI\u00d3N DE CLIENTES<\/span>\n\t\t\t\t\t<\/span>\n\t\t\t\t\t<\/a>\n\t\t\t\t<\/div>\n\t\t\t\t\t\t\t\t<\/div>\n\t\t\t\t<\/div>\n\t\t\t\t<\/div>\n\t\t\t\t<\/div>\n\t\t\t\t\t<\/div>\n\t\t\t\t<\/div>\n\t\t\t\t<\/div>","protected":false},"excerpt":{"rendered":"<p>Mastering Business Management: Essential Skills for Success Effective business management is crucial for achieving success and sustainability in today&#8217;s fast-paced and competitive market. At DivFarrah Enterprise we&#8217;re committed to helping entrepreneurs and business leaders like you develop the skills and knowledge necessary to manage your business efficiently and effectively. Our comprehensive business management guidance covers [&hellip;]<\/p>","protected":false},"author":1,"featured_media":0,"parent":0,"menu_order":0,"comment_status":"closed","ping_status":"closed","template":"","meta":{"_jf_save_progress":"","_jet_sm_ready_style":"","_jet_sm_style":"","_jet_sm_controls_values":"","_jet_sm_fonts_collection":"","_jet_sm_fonts_links":"","footnotes":""},"class_list":["post-1456","page","type-page","status-publish","hentry"],"_links":{"self":[{"href":"https:\/\/divfarrahenterprise.com\/es\/wp-json\/wp\/v2\/pages\/1456","targetHints":{"allow":["GET"]}}],"collection":[{"href":"https:\/\/divfarrahenterprise.com\/es\/wp-json\/wp\/v2\/pages"}],"about":[{"href":"https:\/\/divfarrahenterprise.com\/es\/wp-json\/wp\/v2\/types\/page"}],"author":[{"embeddable":true,"href":"https:\/\/divfarrahenterprise.com\/es\/wp-json\/wp\/v2\/users\/1"}],"replies":[{"embeddable":true,"href":"https:\/\/divfarrahenterprise.com\/es\/wp-json\/wp\/v2\/comments?post=1456"}],"version-history":[{"count":31,"href":"https:\/\/divfarrahenterprise.com\/es\/wp-json\/wp\/v2\/pages\/1456\/revisions"}],"predecessor-version":[{"id":4313,"href":"https:\/\/divfarrahenterprise.com\/es\/wp-json\/wp\/v2\/pages\/1456\/revisions\/4313"}],"wp:attachment":[{"href":"https:\/\/divfarrahenterprise.com\/es\/wp-json\/wp\/v2\/media?parent=1456"}],"curies":[{"name":"wp","href":"https:\/\/api.w.org\/{rel}","templated":true}]}}