{"id":1493,"date":"2025-01-24T07:53:28","date_gmt":"2025-01-24T07:53:28","guid":{"rendered":"https:\/\/divfarrahenterprise.com\/?page_id=1493"},"modified":"2025-08-02T08:43:33","modified_gmt":"2025-08-02T08:43:33","slug":"grow-a-business","status":"publish","type":"page","link":"https:\/\/divfarrahenterprise.com\/es\/grow-a-business\/","title":{"rendered":"grow a business"},"content":{"rendered":"<div data-elementor-type=\"wp-page\" data-elementor-id=\"1493\" class=\"elementor elementor-1493\" data-elementor-post-type=\"page\">\n\t\t\t\t<div class=\"elementor-element elementor-element-bc4e9ce e-flex e-con-boxed e-con e-parent\" data-id=\"bc4e9ce\" data-element_type=\"container\" data-settings=\"{&quot;background_background&quot;:&quot;classic&quot;,&quot;motion_fx_motion_fx_scrolling&quot;:&quot;yes&quot;,&quot;motion_fx_devices&quot;:[&quot;desktop&quot;,&quot;tablet&quot;,&quot;mobile&quot;]}\">\n\t\t\t\t\t<div class=\"e-con-inner\">\n\t\t\t\t\t<\/div>\n\t\t\t\t<\/div>\n\t\t<div class=\"elementor-element elementor-element-6b24977 e-flex e-con-boxed e-con e-parent\" data-id=\"6b24977\" data-element_type=\"container\" data-settings=\"{&quot;background_background&quot;:&quot;classic&quot;}\">\n\t\t\t\t\t<div class=\"e-con-inner\">\n\t\t<div class=\"elementor-element elementor-element-fcd402e e-con-full e-flex e-con e-child\" data-id=\"fcd402e\" data-element_type=\"container\">\n\t\t<div class=\"elementor-element elementor-element-5e05c79 e-con-full e-flex e-con e-child\" data-id=\"5e05c79\" data-element_type=\"container\">\n\t\t\t\t<div class=\"elementor-element elementor-element-745f2da elementor-widget elementor-widget-heading\" data-id=\"745f2da\" data-element_type=\"widget\" data-widget_type=\"heading.default\">\n\t\t\t\t<div class=\"elementor-widget-container\">\n\t\t\t\t\t<h2 class=\"elementor-heading-title elementor-size-default\">Escala de Su Empresa para el \u00c9xito<\/h2>\t\t\t\t<\/div>\n\t\t\t\t<\/div>\n\t\t\t\t<div class=\"elementor-element elementor-element-6b1ff59 elementor-widget elementor-widget-text-editor\" data-id=\"6b1ff59\" data-element_type=\"widget\" data-widget_type=\"text-editor.default\">\n\t\t\t\t<div class=\"elementor-widget-container\">\n\t\t\t\t\t\t\t\t\t<p style=\"text-align: center;\">\u00a0<\/p><p style=\"text-align: center;\">\u00bfEst\u00e1s listo para llevar su negocio al siguiente nivel? El crecimiento de un negocio, requiere la planificaci\u00f3n estrat\u00e9gica, la experiencia y la orientaci\u00f3n. En DivFarrah Empresa, nuestro equipo de experimentados crecimiento del negocio de expertos brinda apoyo personalizado para ayudarle a superar los desaf\u00edos, aprovechar las oportunidades, y lograr un crecimiento sostenible.<\/p>\t\t\t\t\t\t\t\t<\/div>\n\t\t\t\t<\/div>\n\t\t\t\t<div class=\"elementor-element elementor-element-f9d50b9 elementor-widget elementor-widget-text-editor\" data-id=\"f9d50b9\" data-element_type=\"widget\" data-widget_type=\"text-editor.default\">\n\t\t\t\t<div class=\"elementor-widget-container\">\n\t\t\t\t\t\t\t\t\t<p style=\"text-align: left;\">Las \u00c1reas clave de Enfoque<\/p>\t\t\t\t\t\t\t\t<\/div>\n\t\t\t\t<\/div>\n\t\t\t\t<div class=\"elementor-element elementor-element-efe280f elementor-widget elementor-widget-text-editor\" data-id=\"efe280f\" data-element_type=\"widget\" data-widget_type=\"text-editor.default\">\n\t\t\t\t<div class=\"elementor-widget-container\">\n\t\t\t\t\t\t\t\t\t<p>Nuestro amplio crecimiento de los negocios de orientaci\u00f3n abarca temas esenciales, incluyendo:<\/p><p>1. Planificaci\u00f3n estrat\u00e9gica: Desarrollar una medida de la estrategia de crecimiento alineado con sus objetivos de negocio y objetivos.<br \/>2. La Expansi\u00f3n del mercado: Identificar nuevos mercados, segmentos de clientes y fuentes de ingresos para impulsar el crecimiento.<br \/>3. La innovaci\u00f3n y la Diversificaci\u00f3n: Explorar nuevos productos, servicios y modelos de negocio para mantenerse competitivo.<br \/>4. El equipo de Desarrollo y Gesti\u00f3n: Construir y liderar un alto desempe\u00f1o de los equipos para apoyar sus ambiciones de crecimiento.<br \/>5. La Gesti\u00f3n financiera y la Financiaci\u00f3n de: Optimizar el rendimiento financiero, asegurar la financiaci\u00f3n, y administrar el flujo de efectivo.<br \/>6. La Eficiencia operativa y la Escalabilidad: Agilizar los procesos, aprovechar la tecnolog\u00eda, y construir infraestructura escalable.<\/p>\t\t\t\t\t\t\t\t<\/div>\n\t\t\t\t<\/div>\n\t\t\t\t<div class=\"elementor-element elementor-element-141f540 elementor-widget elementor-widget-text-editor\" data-id=\"141f540\" data-element_type=\"widget\" data-widget_type=\"text-editor.default\">\n\t\t\t\t<div class=\"elementor-widget-container\">\n\t\t\t\t\t\t\t\t\t<p>Beneficios de Nuestro Negocio, el Crecimiento de la Orientaci\u00f3n<\/p>\t\t\t\t\t\t\t\t<\/div>\n\t\t\t\t<\/div>\n\t\t\t\t<div class=\"elementor-element elementor-element-756e611 elementor-widget elementor-widget-text-editor\" data-id=\"756e611\" data-element_type=\"widget\" data-widget_type=\"text-editor.default\">\n\t\t\t\t<div class=\"elementor-widget-container\">\n\t\t\t\t\t\t\t\t\t<p>Al asociarse con nosotros, usted podr\u00e1:<\/p><p>\u2013 Acelerar el Crecimiento: Lograr un crecimiento r\u00e1pido y sostenible a trav\u00e9s de estrategias espec\u00edficas.<br \/>\u2013 Aumentar los Ingresos: Identificar nuevas fuentes de ingresos, mejorar las estrategias de precios, y mejorar el rendimiento de las ventas.<br \/>\u2013 Mejorar la Competitividad: Permanecer delante de la competencia con soluciones innovadoras y alianzas estrat\u00e9gicas.<br \/>\u2013 Mejorar la Eficiencia Operativa: optimizar los procesos, reducir costes y optimizar la asignaci\u00f3n de recursos.<\/p>\t\t\t\t\t\t\t\t<\/div>\n\t\t\t\t<\/div>\n\t\t\t\t<div class=\"elementor-element elementor-element-14b23ae elementor-widget elementor-widget-text-editor\" data-id=\"14b23ae\" data-element_type=\"widget\" data-widget_type=\"text-editor.default\">\n\t\t\t\t<div class=\"elementor-widget-container\">\n\t\t\t\t\t\t\t\t\t<p style=\"text-align: left;\">Nuestra Metodolog\u00eda Probada<\/p>\t\t\t\t\t\t\t\t<\/div>\n\t\t\t\t<\/div>\n\t\t\t\t<div class=\"elementor-element elementor-element-514b9c6 elementor-widget elementor-widget-text-editor\" data-id=\"514b9c6\" data-element_type=\"widget\" data-widget_type=\"text-editor.default\">\n\t\t\t\t<div class=\"elementor-widget-container\">\n\t\t\t\t\t\t\t\t\t<p>Nuestro negocio de crecimiento de la metodolog\u00eda consiste en:<\/p><p>1. Evaluaci\u00f3n y An\u00e1lisis: revisi\u00f3n Integral de su negocio, de mercado, y las aspiraciones de crecimiento.<br \/>2. Estrategia de Desarrollo: la Medida de la estrategia de crecimiento alineados con sus metas y objetivos.<br \/>3. Implementaci\u00f3n y Soporte: Curso de orientaci\u00f3n y apoyo para garantizar el \u00e9xito de la implementaci\u00f3n.<br \/>4. Monitoreo y Evaluaci\u00f3n: revisi\u00f3n Peri\u00f3dica y la evaluaci\u00f3n para refinar y ajustar las estrategias.<\/p>\t\t\t\t\t\t\t\t<\/div>\n\t\t\t\t<\/div>\n\t\t\t\t<div class=\"elementor-element elementor-element-e000274 elementor-widget elementor-widget-text-editor\" data-id=\"e000274\" data-element_type=\"widget\" data-widget_type=\"text-editor.default\">\n\t\t\t\t<div class=\"elementor-widget-container\">\n\t\t\t\t\t\t\t\t\t<p style=\"text-align: left;\">Obtener Orientaci\u00f3n de Expertos para el Crecimiento de Su Negocio<\/p>\t\t\t\t\t\t\t\t<\/div>\n\t\t\t\t<\/div>\n\t\t\t\t<div class=\"elementor-element elementor-element-d1639ec elementor-widget elementor-widget-text-editor\" data-id=\"d1639ec\" data-element_type=\"widget\" data-widget_type=\"text-editor.default\">\n\t\t\t\t<div class=\"elementor-widget-container\">\n\t\t\t\t\t\t\t\t\t<p>Listo para ampliar su negocio y lograr un crecimiento sostenible? Cont\u00e1ctenos hoy para aprender m\u00e1s sobre nuestro negocio, crecimiento de los servicios de orientaci\u00f3n y apoyo.<\/p>\t\t\t\t\t\t\t\t<\/div>\n\t\t\t\t<\/div>\n\t\t\t\t<div class=\"elementor-element elementor-element-d0f9f18 elementor-align-left elementor-widget elementor-widget-button\" data-id=\"d0f9f18\" data-element_type=\"widget\" data-widget_type=\"button.default\">\n\t\t\t\t<div class=\"elementor-widget-container\">\n\t\t\t\t\t\t\t\t\t<div class=\"elementor-button-wrapper\">\n\t\t\t\t\t<a class=\"elementor-button elementor-button-link elementor-size-sm\" href=\"https:\/\/divfarrahenterprise.com\/es\/client-intake-form\/\" target=\"_blank\">\n\t\t\t\t\t\t<span class=\"elementor-button-content-wrapper\">\n\t\t\t\t\t\t\t\t\t<span class=\"elementor-button-text\">DE ADMISI\u00d3N DE CLIENTES<\/span>\n\t\t\t\t\t<\/span>\n\t\t\t\t\t<\/a>\n\t\t\t\t<\/div>\n\t\t\t\t\t\t\t\t<\/div>\n\t\t\t\t<\/div>\n\t\t\t\t<\/div>\n\t\t\t\t<\/div>\n\t\t\t\t\t<\/div>\n\t\t\t\t<\/div>\n\t\t\t\t<\/div>","protected":false},"excerpt":{"rendered":"<p>Scaling Your Business for Success \u00a0 Are you ready to take your business to the next level? Growing a business requires strategic planning, expertise, and guidance. At DivFarrah Enterprise, our team of experienced business growth experts provides personalized support to help you overcome challenges, capitalize on opportunities, and achieve sustainable growth. Key Areas of Focus [&hellip;]<\/p>","protected":false},"author":1,"featured_media":0,"parent":0,"menu_order":0,"comment_status":"closed","ping_status":"closed","template":"","meta":{"_jf_save_progress":"","_jet_sm_ready_style":"","_jet_sm_style":"","_jet_sm_controls_values":"","_jet_sm_fonts_collection":"","_jet_sm_fonts_links":"","footnotes":""},"class_list":["post-1493","page","type-page","status-publish","hentry"],"_links":{"self":[{"href":"https:\/\/divfarrahenterprise.com\/es\/wp-json\/wp\/v2\/pages\/1493","targetHints":{"allow":["GET"]}}],"collection":[{"href":"https:\/\/divfarrahenterprise.com\/es\/wp-json\/wp\/v2\/pages"}],"about":[{"href":"https:\/\/divfarrahenterprise.com\/es\/wp-json\/wp\/v2\/types\/page"}],"author":[{"embeddable":true,"href":"https:\/\/divfarrahenterprise.com\/es\/wp-json\/wp\/v2\/users\/1"}],"replies":[{"embeddable":true,"href":"https:\/\/divfarrahenterprise.com\/es\/wp-json\/wp\/v2\/comments?post=1493"}],"version-history":[{"count":28,"href":"https:\/\/divfarrahenterprise.com\/es\/wp-json\/wp\/v2\/pages\/1493\/revisions"}],"predecessor-version":[{"id":4316,"href":"https:\/\/divfarrahenterprise.com\/es\/wp-json\/wp\/v2\/pages\/1493\/revisions\/4316"}],"wp:attachment":[{"href":"https:\/\/divfarrahenterprise.com\/es\/wp-json\/wp\/v2\/media?parent=1493"}],"curies":[{"name":"wp","href":"https:\/\/api.w.org\/{rel}","templated":true}]}}