{"id":1523,"date":"2025-01-24T09:18:31","date_gmt":"2025-01-24T09:18:31","guid":{"rendered":"https:\/\/divfarrahenterprise.com\/?page_id=1523"},"modified":"2025-08-05T08:13:10","modified_gmt":"2025-08-05T08:13:10","slug":"programs","status":"publish","type":"page","link":"https:\/\/divfarrahenterprise.com\/es\/programs\/","title":{"rendered":"Los programas de"},"content":{"rendered":"<div data-elementor-type=\"wp-page\" data-elementor-id=\"1523\" class=\"elementor elementor-1523\" data-elementor-post-type=\"page\">\n\t\t\t\t<div class=\"elementor-element elementor-element-aaf3e9d e-flex e-con-boxed e-con e-parent\" data-id=\"aaf3e9d\" data-element_type=\"container\" data-settings=\"{&quot;background_background&quot;:&quot;classic&quot;,&quot;motion_fx_motion_fx_scrolling&quot;:&quot;yes&quot;,&quot;motion_fx_devices&quot;:[&quot;desktop&quot;,&quot;tablet&quot;,&quot;mobile&quot;]}\">\n\t\t\t\t\t<div class=\"e-con-inner\">\n\t\t\t\t\t<\/div>\n\t\t\t\t<\/div>\n\t\t<div class=\"elementor-element elementor-element-b3906b3 e-flex e-con-boxed e-con e-parent\" data-id=\"b3906b3\" data-element_type=\"container\" data-settings=\"{&quot;background_background&quot;:&quot;classic&quot;}\">\n\t\t\t\t\t<div class=\"e-con-inner\">\n\t\t<div class=\"elementor-element elementor-element-0897e4e e-con-full e-flex e-con e-child\" data-id=\"0897e4e\" data-element_type=\"container\">\n\t\t<div class=\"elementor-element elementor-element-82828a7 e-con-full e-flex e-con e-child\" data-id=\"82828a7\" data-element_type=\"container\">\n\t\t\t\t<div class=\"elementor-element elementor-element-9dccae2 elementor-widget elementor-widget-text-editor\" data-id=\"9dccae2\" data-element_type=\"widget\" data-widget_type=\"text-editor.default\">\n\t\t\t\t<div class=\"elementor-widget-container\">\n\t\t\t\t\t\t\t\t\t<p style=\"text-align: center;\">Ofrecemos una amplia gama de programas de entrenamiento dise\u00f1ados para apoyar a los emprendedores en cada etapa de su viaje:<\/p>\t\t\t\t\t\t\t\t<\/div>\n\t\t\t\t<\/div>\n\t\t\t\t<div class=\"elementor-element elementor-element-5451949 elementor-widget elementor-widget-text-editor\" data-id=\"5451949\" data-element_type=\"widget\" data-widget_type=\"text-editor.default\">\n\t\t\t\t<div class=\"elementor-widget-container\">\n\t\t\t\t\t\t\t\t\t<p style=\"text-align: left;\">Los Programas De Inicio<\/p>\t\t\t\t\t\t\t\t<\/div>\n\t\t\t\t<\/div>\n\t\t\t\t<div class=\"elementor-element elementor-element-9f728ea elementor-widget elementor-widget-text-editor\" data-id=\"9f728ea\" data-element_type=\"widget\" data-widget_type=\"text-editor.default\">\n\t\t\t\t<div class=\"elementor-widget-container\">\n\t\t\t\t\t\t\t\t\t<ul><li>La Generaci\u00f3n de la Idea y de Validaci\u00f3n: Aprender a generar y validar ideas de negocio. $199<\/li><li>Desarrollo de Plan de negocio: Crear un plan de negocios integral. $199<\/li><li>Investigaci\u00f3n y An\u00e1lisis de mercado: realizar estudios de mercado y analizar los datos.$199<\/li><li>La financiaci\u00f3n y la Financiaci\u00f3n de: Explorar opciones de financiamiento y asegurar la financiaci\u00f3n.$199<\/li><li>El lanzamiento y la Escala: el Lanzamiento y la escala de su inicio.$199<\/li><\/ul>\t\t\t\t\t\t\t\t<\/div>\n\t\t\t\t<\/div>\n\t\t\t\t<div class=\"elementor-element elementor-element-95cc62b elementor-widget elementor-widget-text-editor\" data-id=\"95cc62b\" data-element_type=\"widget\" data-widget_type=\"text-editor.default\">\n\t\t\t\t<div class=\"elementor-widget-container\">\n\t\t\t\t\t\t\t\t\t<p style=\"text-align: left;\">Programas De Gesti\u00f3n De<\/p>\t\t\t\t\t\t\t\t<\/div>\n\t\t\t\t<\/div>\n\t\t\t\t<div class=\"elementor-element elementor-element-2b7c724 elementor-widget elementor-widget-text-editor\" data-id=\"2b7c724\" data-element_type=\"widget\" data-widget_type=\"text-editor.default\">\n\t\t\t\t<div class=\"elementor-widget-container\">\n\t\t\t\t\t\t\t\t\t<ul><li style=\"text-align: left;\"><strong>Liderazgo y Gesti\u00f3n de equipos:<\/strong> Construir y liderar un alto desempe\u00f1o de los equipos. $299<\/li><li style=\"text-align: left;\"><strong>Gesti\u00f3n Financiera:<\/strong> Desarrollar la planificaci\u00f3n financiera, presupuestos, y habilidades de gesti\u00f3n.$299<\/li><li style=\"text-align: left;\"><strong>Marketing y Ventas:<\/strong> Crear eficaces estrategias de marketing y ventas.$299<\/li><li style=\"text-align: left;\"><strong>Operaciones y Log\u00edstica:<\/strong> Gestionar el d\u00eda a d\u00eda de las operaciones y la log\u00edstica.$299<\/li><li style=\"text-align: left;\"><strong>Planificaci\u00f3n Estrat\u00e9gica:<\/strong> Desarrollar planes estrat\u00e9gicos para impulsar el crecimiento empresarial.$299<\/li><\/ul>\t\t\t\t\t\t\t\t<\/div>\n\t\t\t\t<\/div>\n\t\t\t\t<div class=\"elementor-element elementor-element-a1b0a1c elementor-widget elementor-widget-text-editor\" data-id=\"a1b0a1c\" data-element_type=\"widget\" data-widget_type=\"text-editor.default\">\n\t\t\t\t<div class=\"elementor-widget-container\">\n\t\t\t\t\t\t\t\t\t<p style=\"text-align: left;\">Programas De Crecimiento De La<\/p>\t\t\t\t\t\t\t\t<\/div>\n\t\t\t\t<\/div>\n\t\t\t\t<div class=\"elementor-element elementor-element-f615f46 elementor-widget elementor-widget-text-editor\" data-id=\"f615f46\" data-element_type=\"widget\" data-widget_type=\"text-editor.default\">\n\t\t\t\t<div class=\"elementor-widget-container\">\n\t\t\t\t\t\t\t\t\t<ul><li style=\"text-align: left;\"><strong>El escalado y la Expansi\u00f3n:<\/strong> Escala y ampliar su negocio.$499<\/li><li style=\"text-align: left;\"><strong>Alianzas Estrat\u00e9gicas:<\/strong> Desarrollar alianzas estrat\u00e9gicas y colaboraciones.$499<\/li><li style=\"text-align: left;\"><strong>La innovaci\u00f3n y el Emprendimiento:<\/strong> Fomentar la innovaci\u00f3n y el esp\u00edritu empresarial dentro de la organizaci\u00f3n.$499<\/li><li style=\"text-align: left;\"><strong>Transformaci\u00f3n Digital:<\/strong> Aprovechar las tecnolog\u00edas digitales para impulsar el crecimiento empresarial.$499<\/li><li style=\"text-align: left;\"><strong>Las Estrategias De Salida:<\/strong> Explorar las estrategias de salida, incluyendo fusiones y adquisiciones, Opi, y m\u00e1s.$499<\/li><\/ul>\t\t\t\t\t\t\t\t<\/div>\n\t\t\t\t<\/div>\n\t\t\t\t<div class=\"elementor-element elementor-element-630e191 elementor-widget elementor-widget-text-editor\" data-id=\"630e191\" data-element_type=\"widget\" data-widget_type=\"text-editor.default\">\n\t\t\t\t<div class=\"elementor-widget-container\">\n\t\t\t\t\t\t\t\t\t<p style=\"text-align: left;\">Programas De Crecimiento De La<\/p>\t\t\t\t\t\t\t\t<\/div>\n\t\t\t\t<\/div>\n\t\t\t\t<div class=\"elementor-element elementor-element-b7ce278 elementor-widget elementor-widget-text-editor\" data-id=\"b7ce278\" data-element_type=\"widget\" data-widget_type=\"text-editor.default\">\n\t\t\t\t<div class=\"elementor-widget-container\">\n\t\t\t\t\t\t\t\t\t<ul><li style=\"text-align: left;\"><strong>Las mujeres en el Emprendimiento:<\/strong> Empoderar a las mujeres empresarias.$499<\/li><li style=\"text-align: left;\"><strong>Esp\u00edritu Empresarial De Los J\u00f3venes:<\/strong> El apoyo a los j\u00f3venes emprendedores.$299<\/li><li style=\"text-align: left;\"><strong>Emprendimiento Social:<\/strong> Desarrollar modelos de negocio sostenibles para el impacto social.$499<\/li><li style=\"text-align: left;\"><strong>E-commerce y Marketing Digital:<\/strong> Master de comercio electr\u00f3nico y estrategias de marketing digital.$499<\/li><li style=\"text-align: left;\"><strong>Negocio de Incubaci\u00f3n y Aceleraci\u00f3n:<\/strong> Obtener recursos, mentor\u00eda y apoyo para startups en fase inicial.$499<\/li><\/ul>\t\t\t\t\t\t\t\t<\/div>\n\t\t\t\t<\/div>\n\t\t\t\t<div class=\"elementor-element elementor-element-951af35 elementor-widget elementor-widget-text-editor\" data-id=\"951af35\" data-element_type=\"widget\" data-widget_type=\"text-editor.default\">\n\t\t\t\t<div class=\"elementor-widget-container\">\n\t\t\t\t\t\t\t\t\t<p style=\"text-align: left;\">Programas De Certificado<\/p>\t\t\t\t\t\t\t\t<\/div>\n\t\t\t\t<\/div>\n\t\t\t\t<div class=\"elementor-element elementor-element-5e5e3e7 elementor-widget elementor-widget-text-editor\" data-id=\"5e5e3e7\" data-element_type=\"widget\" data-widget_type=\"text-editor.default\">\n\t\t\t\t<div class=\"elementor-widget-container\">\n\t\t\t\t\t\t\t\t\t<ul><li style=\"text-align: left;\"><strong>Certificado en el Emprendimiento:<\/strong> Amplio programa de emprendimiento.$999<\/li><li style=\"text-align: left;\"><strong>Certificado en Administraci\u00f3n de Negocios<\/strong>: Desarrollar habilidades de gesti\u00f3n empresarial.$999<\/li><li style=\"text-align: left;\"><strong>Certificado de Marketing Digital:<\/strong> Maestro de estrategias de marketing digital.$999<\/li><\/ul>\t\t\t\t\t\t\t\t<\/div>\n\t\t\t\t<\/div>\n\t\t\t\t<div class=\"elementor-element elementor-element-7a66d1f elementor-widget elementor-widget-text-editor\" data-id=\"7a66d1f\" data-element_type=\"widget\" data-widget_type=\"text-editor.default\">\n\t\t\t\t<div class=\"elementor-widget-container\">\n\t\t\t\t\t\t\t\t\t<p style=\"text-align: left;\">Talleres y Seminarios<\/p>\t\t\t\t\t\t\t\t<\/div>\n\t\t\t\t<\/div>\n\t\t\t\t<div class=\"elementor-element elementor-element-431edee elementor-widget elementor-widget-text-editor\" data-id=\"431edee\" data-element_type=\"widget\" data-widget_type=\"text-editor.default\">\n\t\t\t\t<div class=\"elementor-widget-container\">\n\t\t\t\t\t\t\t\t\t<ul><li style=\"text-align: left;\"><strong>Inicio De Fin De Semana:<\/strong> Cancha de ideas, formar equipos, y lanzar startups.$299<\/li><li style=\"text-align: left;\"><strong>El Esp\u00edritu Empresarial Bootcamp:<\/strong> Integral de emprendimiento taller.$499<\/li><li style=\"text-align: left;\"><strong>De Marketing Digital De La Clase Magistral:<\/strong> Maestro de estrategias de marketing digital.$499<\/li><\/ul>\t\t\t\t\t\t\t\t<\/div>\n\t\t\t\t<\/div>\n\t\t\t\t<div class=\"elementor-element elementor-element-646e044 elementor-widget elementor-widget-text-editor\" data-id=\"646e044\" data-element_type=\"widget\" data-widget_type=\"text-editor.default\">\n\t\t\t\t<div class=\"elementor-widget-container\">\n\t\t\t\t\t\t\t\t\t<p style=\"text-align: left;\">Los Cursos En L\u00ednea<\/p>\t\t\t\t\t\t\t\t<\/div>\n\t\t\t\t<\/div>\n\t\t\t\t<div class=\"elementor-element elementor-element-7b56b37 elementor-widget elementor-widget-text-editor\" data-id=\"7b56b37\" data-element_type=\"widget\" data-widget_type=\"text-editor.default\">\n\t\t\t\t<div class=\"elementor-widget-container\">\n\t\t\t\t\t\t\t\t\t<ul><li style=\"text-align: left;\"><strong>El esp\u00edritu empresarial 101:<\/strong> Aprender de los fundamentos de la iniciativa empresarial. $199<\/li><li style=\"text-align: left;\"><strong>Desarrollo De Plan De Negocios:<\/strong> Crear un plan de negocios integral.$199<\/li><li style=\"text-align: left;\"><strong>El Marketing Digital Fundamentos:<\/strong> Master de marketing digital b\u00e1sico.$199<\/li><\/ul>\t\t\t\t\t\t\t\t<\/div>\n\t\t\t\t<\/div>\n\t\t\t\t<div class=\"elementor-element elementor-element-79f6f3c elementor-widget elementor-widget-text-editor\" data-id=\"79f6f3c\" data-element_type=\"widget\" data-widget_type=\"text-editor.default\">\n\t\t\t\t<div class=\"elementor-widget-container\">\n\t\t\t\t\t\t\t\t\t<p style=\"text-align: left;\">Comience Hoy Mismo<\/p>\t\t\t\t\t\t\t\t<\/div>\n\t\t\t\t<\/div>\n\t\t\t\t<div class=\"elementor-element elementor-element-1f44441 elementor-widget elementor-widget-text-editor\" data-id=\"1f44441\" data-element_type=\"widget\" data-widget_type=\"text-editor.default\">\n\t\t\t\t<div class=\"elementor-widget-container\">\n\t\t\t\t\t\t\t\t\t<p>Listo para desbloquear tu potencial emprendedor? Examinar nuestros programas, cumplir con nuestros instructores, y se aplican hoy en d\u00eda!<\/p>\t\t\t\t\t\t\t\t<\/div>\n\t\t\t\t<\/div>\n\t\t\t\t<div class=\"elementor-element elementor-element-b9138a9 elementor-widget elementor-widget-text-editor\" data-id=\"b9138a9\" data-element_type=\"widget\" data-widget_type=\"text-editor.default\">\n\t\t\t\t<div class=\"elementor-widget-container\">\n\t\t\t\t\t\t\t\t\t<p style=\"text-align: center;\">Examinar Los Programas, Conocer A Los Instructores,<\/p>\t\t\t\t\t\t\t\t<\/div>\n\t\t\t\t<\/div>\n\t\t\t\t<div class=\"elementor-element elementor-element-78ae97f elementor-widget elementor-widget-button\" data-id=\"78ae97f\" data-element_type=\"widget\" data-widget_type=\"button.default\">\n\t\t\t\t<div class=\"elementor-widget-container\">\n\t\t\t\t\t\t\t\t\t<div class=\"elementor-button-wrapper\">\n\t\t\t\t\t<a class=\"elementor-button elementor-button-link elementor-size-sm\" href=\"https:\/\/divfarrahenterprise.com\/es\/student-form\/\">\n\t\t\t\t\t\t<span class=\"elementor-button-content-wrapper\">\n\t\t\t\t\t\t\t\t\t<span class=\"elementor-button-text\">Registro Ahora<\/span>\n\t\t\t\t\t<\/span>\n\t\t\t\t\t<\/a>\n\t\t\t\t<\/div>\n\t\t\t\t\t\t\t\t<\/div>\n\t\t\t\t<\/div>\n\t\t\t\t<\/div>\n\t\t\t\t<\/div>\n\t\t\t\t\t<\/div>\n\t\t\t\t<\/div>\n\t\t\t\t<\/div>","protected":false},"excerpt":{"rendered":"<p>We offer a comprehensive range of training programs designed to support entrepreneurs at every stage of their journey: Startup Programs Idea Generation and Validation: Learn how to generate and validate business ideas. $199 Business Plan Development: Create a comprehensive business plan. $199 Market Research and Analysis: Conduct market research and analyze data.$199 Funding and Financing: [&hellip;]<\/p>","protected":false},"author":1,"featured_media":0,"parent":0,"menu_order":0,"comment_status":"closed","ping_status":"closed","template":"","meta":{"_jf_save_progress":"","_jet_sm_ready_style":"","_jet_sm_style":"","_jet_sm_controls_values":"","_jet_sm_fonts_collection":"","_jet_sm_fonts_links":"","footnotes":""},"class_list":["post-1523","page","type-page","status-publish","hentry"],"_links":{"self":[{"href":"https:\/\/divfarrahenterprise.com\/es\/wp-json\/wp\/v2\/pages\/1523","targetHints":{"allow":["GET"]}}],"collection":[{"href":"https:\/\/divfarrahenterprise.com\/es\/wp-json\/wp\/v2\/pages"}],"about":[{"href":"https:\/\/divfarrahenterprise.com\/es\/wp-json\/wp\/v2\/types\/page"}],"author":[{"embeddable":true,"href":"https:\/\/divfarrahenterprise.com\/es\/wp-json\/wp\/v2\/users\/1"}],"replies":[{"embeddable":true,"href":"https:\/\/divfarrahenterprise.com\/es\/wp-json\/wp\/v2\/comments?post=1523"}],"version-history":[{"count":28,"href":"https:\/\/divfarrahenterprise.com\/es\/wp-json\/wp\/v2\/pages\/1523\/revisions"}],"predecessor-version":[{"id":4388,"href":"https:\/\/divfarrahenterprise.com\/es\/wp-json\/wp\/v2\/pages\/1523\/revisions\/4388"}],"wp:attachment":[{"href":"https:\/\/divfarrahenterprise.com\/es\/wp-json\/wp\/v2\/media?parent=1523"}],"curies":[{"name":"wp","href":"https:\/\/api.w.org\/{rel}","templated":true}]}}