{"id":1536,"date":"2025-01-24T09:43:35","date_gmt":"2025-01-24T09:43:35","guid":{"rendered":"https:\/\/divfarrahenterprise.com\/?page_id=1536"},"modified":"2025-07-15T12:52:42","modified_gmt":"2025-07-15T12:52:42","slug":"bmsm-training","status":"publish","type":"page","link":"https:\/\/divfarrahenterprise.com\/es\/bmsm-training\/","title":{"rendered":"BMSM formaci\u00f3n"},"content":{"rendered":"<div data-elementor-type=\"wp-page\" data-elementor-id=\"1536\" class=\"elementor elementor-1536\" data-elementor-post-type=\"page\">\n\t\t\t\t<div class=\"elementor-element elementor-element-e068e14 e-flex e-con-boxed e-con e-parent\" data-id=\"e068e14\" data-element_type=\"container\" data-settings=\"{&quot;background_background&quot;:&quot;classic&quot;,&quot;motion_fx_motion_fx_scrolling&quot;:&quot;yes&quot;,&quot;motion_fx_devices&quot;:[&quot;desktop&quot;,&quot;tablet&quot;,&quot;mobile&quot;]}\">\n\t\t\t\t\t<div class=\"e-con-inner\">\n\t\t\t\t\t<\/div>\n\t\t\t\t<\/div>\n\t\t<div class=\"elementor-element elementor-element-8b5ad7e e-flex e-con-boxed e-con e-parent\" data-id=\"8b5ad7e\" data-element_type=\"container\" data-settings=\"{&quot;background_background&quot;:&quot;classic&quot;}\">\n\t\t\t\t\t<div class=\"e-con-inner\">\n\t\t<div class=\"elementor-element elementor-element-7f9ee43 e-con-full e-flex e-con e-child\" data-id=\"7f9ee43\" data-element_type=\"container\">\n\t\t<div class=\"elementor-element elementor-element-e9ab503 e-con-full e-flex e-con e-child\" data-id=\"e9ab503\" data-element_type=\"container\">\n\t\t\t\t<div class=\"elementor-element elementor-element-c5646ae elementor-widget elementor-widget-heading\" data-id=\"c5646ae\" data-element_type=\"widget\" data-widget_type=\"heading.default\">\n\t\t\t\t<div class=\"elementor-widget-container\">\n\t\t\t\t\t<h2 class=\"elementor-heading-title elementor-size-default\">Ofrecemos una amplia gama de programas de entrenamiento dise\u00f1ados para apoyar a los emprendedores en cada etapa de su viaje<\/h2>\t\t\t\t<\/div>\n\t\t\t\t<\/div>\n\t\t\t\t<div class=\"elementor-element elementor-element-0a280dc elementor-widget elementor-widget-text-editor\" data-id=\"0a280dc\" data-element_type=\"widget\" data-widget_type=\"text-editor.default\">\n\t\t\t\t<div class=\"elementor-widget-container\">\n\t\t\t\t\t\t\t\t\t<p style=\"text-align: left;\">M\u00f3dulo 1: Introducci\u00f3n a la Estructura de la Comisi\u00f3n<\/p>\t\t\t\t\t\t\t\t<\/div>\n\t\t\t\t<\/div>\n\t\t\t\t<div class=\"elementor-element elementor-element-f1e301f elementor-widget elementor-widget-text-editor\" data-id=\"f1e301f\" data-element_type=\"widget\" data-widget_type=\"text-editor.default\">\n\t\t\t\t<div class=\"elementor-widget-container\">\n\t\t\t\t\t\t\t\t\t<ol><li>Descripci\u00f3n general de la estructura de la comisi\u00f3n<\/li><li>La comprensi\u00f3n de la Recurrente Mensual de Ingresos (MRR) de la Comisi\u00f3n<\/li><li>La comprensi\u00f3n de los Incentivos Adicionales (Objetivos de Ventas y Programa de Referencia)<\/li><li>Revisi\u00f3n de la Liquidaci\u00f3n de los T\u00e9rminos<\/li><\/ol>\t\t\t\t\t\t\t\t<\/div>\n\t\t\t\t<\/div>\n\t\t\t\t<div class=\"elementor-element elementor-element-3ed88b8 elementor-widget elementor-widget-text-editor\" data-id=\"3ed88b8\" data-element_type=\"widget\" data-widget_type=\"text-editor.default\">\n\t\t\t\t<div class=\"elementor-widget-container\">\n\t\t\t\t\t\t\t\t\t<p style=\"text-align: left;\">M\u00f3dulo 2: descripci\u00f3n de la Membres\u00eda de Negocios<\/p>\t\t\t\t\t\t\t\t<\/div>\n\t\t\t\t<\/div>\n\t\t\t\t<div class=\"elementor-element elementor-element-4ac6290 elementor-widget elementor-widget-text-editor\" data-id=\"4ac6290\" data-element_type=\"widget\" data-widget_type=\"text-editor.default\">\n\t\t\t\t<div class=\"elementor-widget-container\">\n\t\t\t\t\t\t\t\t\t<ol><li>Descripci\u00f3n general de la membres\u00eda de negocios<\/li><li>Caracter\u00edsticas y ventajas de la membres\u00eda<\/li><li>P\u00fablico objetivo y perfil de cliente ideal<\/li><li>An\u00e1lisis de la competencia y el posicionamiento en el mercado<\/li><\/ol>\t\t\t\t\t\t\t\t<\/div>\n\t\t\t\t<\/div>\n\t\t\t\t<div class=\"elementor-element elementor-element-6ede443 elementor-widget elementor-widget-text-editor\" data-id=\"6ede443\" data-element_type=\"widget\" data-widget_type=\"text-editor.default\">\n\t\t\t\t<div class=\"elementor-widget-container\">\n\t\t\t\t\t\t\t\t\t<p style=\"text-align: left;\">M\u00f3dulo 3: Estrategias de Ventas y T\u00e9cnicas de<\/p>\t\t\t\t\t\t\t\t<\/div>\n\t\t\t\t<\/div>\n\t\t\t\t<div class=\"elementor-element elementor-element-e8cca59 elementor-widget elementor-widget-text-editor\" data-id=\"e8cca59\" data-element_type=\"widget\" data-widget_type=\"text-editor.default\">\n\t\t\t\t<div class=\"elementor-widget-container\">\n\t\t\t\t\t\t\t\t\t<ol><li>La comprensi\u00f3n del embudo de ventas y el viaje del cliente<\/li><li>La identificaci\u00f3n y calificaci\u00f3n de leads<\/li><li>La construcci\u00f3n de relaciones y la confianza con los clientes potenciales<\/li><li>Manejo de objeciones y cierre de negocios<\/li><li>Rol de los ejercicios y de las ventas de simulaciones del escenario<\/li><\/ol>\t\t\t\t\t\t\t\t<\/div>\n\t\t\t\t<\/div>\n\t\t\t\t<div class=\"elementor-element elementor-element-9f7e961 elementor-widget elementor-widget-text-editor\" data-id=\"9f7e961\" data-element_type=\"widget\" data-widget_type=\"text-editor.default\">\n\t\t\t\t<div class=\"elementor-widget-container\">\n\t\t\t\t\t\t\t\t\t<p style=\"text-align: left;\">M\u00f3dulo 4: Marketing y de Generaci\u00f3n de Plomo<\/p>\t\t\t\t\t\t\t\t<\/div>\n\t\t\t\t<\/div>\n\t\t\t\t<div class=\"elementor-element elementor-element-759d97e elementor-widget elementor-widget-text-editor\" data-id=\"759d97e\" data-element_type=\"widget\" data-widget_type=\"text-editor.default\">\n\t\t\t\t<div class=\"elementor-widget-container\">\n\t\t\t\t\t\t\t\t\t<ol><li style=\"text-align: left;\">\u00a0Descripci\u00f3n de los canales de comercializaci\u00f3n y las estrategias de<\/li><li>Social media marketing y presencia en l\u00ednea<\/li><li>El marketing de contenidos y generaci\u00f3n de leads<\/li><li>Marketing por correo electr\u00f3nico y de crianza de los conduce<\/li><li>La publicidad pagada y el contenido patrocinado<\/li><\/ol>\t\t\t\t\t\t\t\t<\/div>\n\t\t\t\t<\/div>\n\t\t\t\t<div class=\"elementor-element elementor-element-286cd13 elementor-widget elementor-widget-text-editor\" data-id=\"286cd13\" data-element_type=\"widget\" data-widget_type=\"text-editor.default\">\n\t\t\t\t<div class=\"elementor-widget-container\">\n\t\t\t\t\t\t\t\t\t<p style=\"text-align: left;\">M\u00f3dulo 5: Gesti\u00f3n de Cuentas y Renovaciones<\/p>\t\t\t\t\t\t\t\t<\/div>\n\t\t\t\t<\/div>\n\t\t\t\t<div class=\"elementor-element elementor-element-f9963d4 elementor-widget elementor-widget-text-editor\" data-id=\"f9963d4\" data-element_type=\"widget\" data-widget_type=\"text-editor.default\">\n\t\t\t\t<div class=\"elementor-widget-container\">\n\t\t\t\t\t\t\t\t\t<ol><li>La comprensi\u00f3n de la importancia de la gesti\u00f3n de cuentas<\/li><li>La construcci\u00f3n de relaciones con los clientes existentes<\/li><li>La identificaci\u00f3n de venta y oportunidades de venta cruzada<\/li><li>El manejo de las quejas de los clientes y los problemas<\/li><li>Estrategias para la renovaci\u00f3n y el mejoramiento de las membres\u00edas<\/li><\/ol>\t\t\t\t\t\t\t\t<\/div>\n\t\t\t\t<\/div>\n\t\t\t\t<div class=\"elementor-element elementor-element-facfbae elementor-widget elementor-widget-text-editor\" data-id=\"facfbae\" data-element_type=\"widget\" data-widget_type=\"text-editor.default\">\n\t\t\t\t<div class=\"elementor-widget-container\">\n\t\t\t\t\t\t\t\t\t<p style=\"text-align: left;\">M\u00f3dulo 6: el Programa de Referencia y Redes<\/p>\t\t\t\t\t\t\t\t<\/div>\n\t\t\t\t<\/div>\n\t\t\t\t<div class=\"elementor-element elementor-element-02e7ca2 elementor-widget elementor-widget-text-editor\" data-id=\"02e7ca2\" data-element_type=\"widget\" data-widget_type=\"text-editor.default\">\n\t\t\t\t<div class=\"elementor-widget-container\">\n\t\t\t\t\t\t\t\t\t<ol><li>Introducci\u00f3n el programa de referidos<\/li><li>Estrategias para referirse a los nuevos asociados de ventas<\/li><li>La construcci\u00f3n de relaciones con otros asociados de ventas<\/li><li>La creaci\u00f3n de redes y oportunidades de asociaci\u00f3n<\/li><li>El juego de rol de ejercicios y simulaciones del escenario de referencia<\/li><\/ol>\t\t\t\t\t\t\t\t<\/div>\n\t\t\t\t<\/div>\n\t\t\t\t<div class=\"elementor-element elementor-element-4cc2785 elementor-widget elementor-widget-text-editor\" data-id=\"4cc2785\" data-element_type=\"widget\" data-widget_type=\"text-editor.default\">\n\t\t\t\t<div class=\"elementor-widget-container\">\n\t\t\t\t\t\t\t\t\t<p style=\"text-align: left;\">M\u00f3dulo 7: Ventas de Establecimiento de metas y el Logro de una Meta<\/p>\t\t\t\t\t\t\t\t<\/div>\n\t\t\t\t<\/div>\n\t\t\t\t<div class=\"elementor-element elementor-element-f213ec9 elementor-widget elementor-widget-text-editor\" data-id=\"f213ec9\" data-element_type=\"widget\" data-widget_type=\"text-editor.default\">\n\t\t\t\t<div class=\"elementor-widget-container\">\n\t\t\t\t\t\t\t\t\t<ol><li>Establecer objetivos de ventas y los objetivos de<\/li><li>La creaci\u00f3n de un plan de ventas y estrategia<\/li><li>Seguimiento del progreso y medir el \u00e9xito<\/li><li>Superar los obst\u00e1culos y mantener la motivaci\u00f3n<\/li><li>Celebrando \u00e9xitos y reflexionar sobre los fallos<\/li><\/ol>\t\t\t\t\t\t\t\t<\/div>\n\t\t\t\t<\/div>\n\t\t\t\t<div class=\"elementor-element elementor-element-52d3f25 elementor-widget elementor-widget-text-editor\" data-id=\"52d3f25\" data-element_type=\"widget\" data-widget_type=\"text-editor.default\">\n\t\t\t\t<div class=\"elementor-widget-container\">\n\t\t\t\t\t\t\t\t\t<p style=\"text-align: left;\">M\u00f3dulo 8: Avanzadas T\u00e9cnicas de Ventas y Estrategias de<\/p>\t\t\t\t\t\t\t\t<\/div>\n\t\t\t\t<\/div>\n\t\t\t\t<div class=\"elementor-element elementor-element-28562dd elementor-widget elementor-widget-text-editor\" data-id=\"28562dd\" data-element_type=\"widget\" data-widget_type=\"text-editor.default\">\n\t\t\t\t<div class=\"elementor-widget-container\">\n\t\t\t\t\t\t\t\t\t<ol><li>Avanzadas t\u00e9cnicas de ventas y estrategias de<\/li><li>El uso de la narraci\u00f3n y emocional de venta<\/li><li>El aprovechamiento de los testimonios de clientes y estudios de caso<\/li><li>El uso de datos y an\u00e1lisis para informar decisiones de ventas<\/li><li>Mantenerse al d\u00eda con las tendencias de la industria y las mejores pr\u00e1cticas<\/li><\/ol>\t\t\t\t\t\t\t\t<\/div>\n\t\t\t\t<\/div>\n\t\t\t\t<div class=\"elementor-element elementor-element-3b4a89b elementor-widget elementor-widget-text-editor\" data-id=\"3b4a89b\" data-element_type=\"widget\" data-widget_type=\"text-editor.default\">\n\t\t\t\t<div class=\"elementor-widget-container\">\n\t\t\t\t\t\t\t\t\t<p style=\"text-align: left;\">M\u00f3dulo 9: el Examen Final y la Graduaci\u00f3n<\/p>\t\t\t\t\t\t\t\t<\/div>\n\t\t\t\t<\/div>\n\t\t\t\t<div class=\"elementor-element elementor-element-9a6c822 elementor-widget elementor-widget-text-editor\" data-id=\"9a6c822\" data-element_type=\"widget\" data-widget_type=\"text-editor.default\">\n\t\t\t\t<div class=\"elementor-widget-container\">\n\t\t\t\t\t\t\t\t\t<ol><li>El examen Final y la evaluaci\u00f3n<\/li><li>Graduaci\u00f3n y certificaci\u00f3n<\/li><li>Los pr\u00f3ximos pasos y apoyo continuo<\/li><li>Revisi\u00f3n de la estructura de la comisi\u00f3n y el pago de t\u00e9rminos<\/li><li>Q&amp;A y la discusi\u00f3n final<\/li><\/ol>\t\t\t\t\t\t\t\t<\/div>\n\t\t\t\t<\/div>\n\t\t\t\t<div class=\"elementor-element elementor-element-63c80b1 elementor-widget elementor-widget-text-editor\" data-id=\"63c80b1\" data-element_type=\"widget\" data-widget_type=\"text-editor.default\">\n\t\t\t\t<div class=\"elementor-widget-container\">\n\t\t\t\t\t\t\t\t\t<p style=\"text-align: left;\">Recursos Adicionales<\/p>\t\t\t\t\t\t\t\t<\/div>\n\t\t\t\t<\/div>\n\t\t\t\t<div class=\"elementor-element elementor-element-e2212d9 elementor-widget elementor-widget-text-editor\" data-id=\"e2212d9\" data-element_type=\"widget\" data-widget_type=\"text-editor.default\">\n\t\t\t\t<div class=\"elementor-widget-container\">\n\t\t\t\t\t\t\t\t\t<ol><li>Las ventas de scripts y plantillas<\/li><li>Materiales de Marketing y garant\u00eda<\/li><li>La industria de los informes y estudios de investigaci\u00f3n<\/li><li>Las ventas de software y herramientas de recomendaciones<\/li><li>Curso de coaching y apoyo<\/li><\/ol>\t\t\t\t\t\t\t\t<\/div>\n\t\t\t\t<\/div>\n\t\t\t\t<div class=\"elementor-element elementor-element-2d20893 elementor-widget elementor-widget-text-editor\" data-id=\"2d20893\" data-element_type=\"widget\" data-widget_type=\"text-editor.default\">\n\t\t\t\t<div class=\"elementor-widget-container\">\n\t\t\t\t\t\t\t\t\t<p style=\"text-align: left;\">El Apoyo continuo y el Coaching<\/p>\t\t\t\t\t\t\t\t<\/div>\n\t\t\t\t<\/div>\n\t\t\t\t<div class=\"elementor-element elementor-element-dfb053f elementor-widget elementor-widget-text-editor\" data-id=\"dfb053f\" data-element_type=\"widget\" data-widget_type=\"text-editor.default\">\n\t\t\t\t<div class=\"elementor-widget-container\">\n\t\t\t\t\t\t\t\t\t<ol><li>Chequeos regulares y actualizaciones de progreso<\/li><li>Coaching y sesiones de tutor\u00eda<\/li><li>Acceso a una comunidad de asociados de ventas<\/li><li>Formaci\u00f3n continua y desarrollo profesional<\/li><li>Revisi\u00f3n y ajuste de las estrategias de ventas y planes de<\/li><\/ol>\t\t\t\t\t\t\t\t<\/div>\n\t\t\t\t<\/div>\n\t\t\t\t<div class=\"elementor-element elementor-element-a95b2c3 elementor-align-center elementor-widget elementor-widget-button\" data-id=\"a95b2c3\" data-element_type=\"widget\" data-widget_type=\"button.default\">\n\t\t\t\t<div class=\"elementor-widget-container\">\n\t\t\t\t\t\t\t\t\t<div class=\"elementor-button-wrapper\">\n\t\t\t\t\t<a class=\"elementor-button elementor-button-link elementor-size-sm\" href=\"https:\/\/divfarrahenterprise.com\/es\/login-registration\/\">\n\t\t\t\t\t\t<span class=\"elementor-button-content-wrapper\">\n\t\t\t\t\t\t\t\t\t<span class=\"elementor-button-text\">Aplicar ahora <\/span>\n\t\t\t\t\t<\/span>\n\t\t\t\t\t<\/a>\n\t\t\t\t<\/div>\n\t\t\t\t\t\t\t\t<\/div>\n\t\t\t\t<\/div>\n\t\t\t\t<\/div>\n\t\t\t\t<\/div>\n\t\t\t\t\t<\/div>\n\t\t\t\t<\/div>\n\t\t\t\t<\/div>","protected":false},"excerpt":{"rendered":"<p>We offer a comprehensive range of training programs designed to support entrepreneurs at every stage of their journey Module 1: Introduction to the Commission Structure Overview of the commission structure Understanding the Monthly Recurring Revenue (MRR) Commission Understanding the Additional Incentives (Sales Targets and Referral Program) Review of the Payout Terms Module 2: Understanding the [&hellip;]<\/p>","protected":false},"author":1,"featured_media":0,"parent":0,"menu_order":0,"comment_status":"closed","ping_status":"closed","template":"","meta":{"_jf_save_progress":"","_jet_sm_ready_style":"","_jet_sm_style":"","_jet_sm_controls_values":"","_jet_sm_fonts_collection":"","_jet_sm_fonts_links":"","footnotes":""},"class_list":["post-1536","page","type-page","status-publish","hentry"],"_links":{"self":[{"href":"https:\/\/divfarrahenterprise.com\/es\/wp-json\/wp\/v2\/pages\/1536","targetHints":{"allow":["GET"]}}],"collection":[{"href":"https:\/\/divfarrahenterprise.com\/es\/wp-json\/wp\/v2\/pages"}],"about":[{"href":"https:\/\/divfarrahenterprise.com\/es\/wp-json\/wp\/v2\/types\/page"}],"author":[{"embeddable":true,"href":"https:\/\/divfarrahenterprise.com\/es\/wp-json\/wp\/v2\/users\/1"}],"replies":[{"embeddable":true,"href":"https:\/\/divfarrahenterprise.com\/es\/wp-json\/wp\/v2\/comments?post=1536"}],"version-history":[{"count":31,"href":"https:\/\/divfarrahenterprise.com\/es\/wp-json\/wp\/v2\/pages\/1536\/revisions"}],"predecessor-version":[{"id":3626,"href":"https:\/\/divfarrahenterprise.com\/es\/wp-json\/wp\/v2\/pages\/1536\/revisions\/3626"}],"wp:attachment":[{"href":"https:\/\/divfarrahenterprise.com\/es\/wp-json\/wp\/v2\/media?parent=1536"}],"curies":[{"name":"wp","href":"https:\/\/api.w.org\/{rel}","templated":true}]}}