{"id":219,"date":"2024-11-15T08:16:03","date_gmt":"2024-11-15T08:16:03","guid":{"rendered":"https:\/\/divfarrahenterprise.com\/?page_id=219"},"modified":"2025-10-16T12:39:47","modified_gmt":"2025-10-16T12:39:47","slug":"about","status":"publish","type":"page","link":"https:\/\/divfarrahenterprise.com\/es\/about\/","title":{"rendered":"ACERCA de"},"content":{"rendered":"<div data-elementor-type=\"wp-page\" data-elementor-id=\"219\" class=\"elementor elementor-219\" data-elementor-post-type=\"page\">\n\t\t\t\t<div class=\"elementor-element elementor-element-b18d98a e-flex e-con-boxed e-con e-parent\" data-id=\"b18d98a\" data-element_type=\"container\" data-settings=\"{&quot;background_background&quot;:&quot;classic&quot;,&quot;motion_fx_motion_fx_scrolling&quot;:&quot;yes&quot;,&quot;motion_fx_devices&quot;:[&quot;desktop&quot;,&quot;tablet&quot;,&quot;mobile&quot;]}\">\n\t\t\t\t\t<div class=\"e-con-inner\">\n\t\t\t\t<div class=\"elementor-element elementor-element-0f24984 elementor-widget elementor-widget-heading\" data-id=\"0f24984\" data-element_type=\"widget\" data-widget_type=\"heading.default\">\n\t\t\t\t<div class=\"elementor-widget-container\">\n\t\t\t\t\t<h2 class=\"elementor-heading-title elementor-size-default\">ACERCA DE NOSOTROS<\/h2>\t\t\t\t<\/div>\n\t\t\t\t<\/div>\n\t\t\t\t\t<\/div>\n\t\t\t\t<\/div>\n\t\t<div class=\"elementor-element elementor-element-65ea74f e-flex e-con-boxed e-con e-parent\" data-id=\"65ea74f\" data-element_type=\"container\" data-settings=\"{&quot;background_background&quot;:&quot;classic&quot;}\">\n\t\t\t\t\t<div class=\"e-con-inner\">\n\t\t<div class=\"elementor-element elementor-element-59e7e47 e-con-full e-flex e-con e-child\" data-id=\"59e7e47\" data-element_type=\"container\">\n\t\t<div class=\"jet-sticky-column elementor-element elementor-element-404df05 e-con-full e-flex e-con e-child\" data-jet-settings=\"{&quot;id&quot;:&quot;404df05&quot;,&quot;sticky&quot;:true,&quot;topSpacing&quot;:50,&quot;bottomSpacing&quot;:0,&quot;stickyOn&quot;:[&quot;desktop&quot;,&quot;tablet&quot;],&quot;behavior&quot;:&quot;default&quot;,&quot;zIndex&quot;:1100}\" data-id=\"404df05\" data-element_type=\"container\">\n\t\t\t\t<div class=\"elementor-element elementor-element-a05c2d5 elementor-widget elementor-widget-image\" data-id=\"a05c2d5\" data-element_type=\"widget\" data-widget_type=\"image.default\">\n\t\t\t\t<div class=\"elementor-widget-container\">\n\t\t\t\t\t\t\t\t\t\t\t\t\t\t\t<img fetchpriority=\"high\" decoding=\"async\" width=\"682\" height=\"1024\" src=\"https:\/\/divfarrahenterprise.com\/wp-content\/uploads\/2025\/10\/Untitled-682x1024.jpg\" class=\"attachment-large size-large wp-image-5109\" alt=\"\" srcset=\"https:\/\/divfarrahenterprise.com\/wp-content\/uploads\/2025\/10\/Untitled-682x1024.jpg 682w, https:\/\/divfarrahenterprise.com\/wp-content\/uploads\/2025\/10\/Untitled-200x300.jpg 200w, https:\/\/divfarrahenterprise.com\/wp-content\/uploads\/2025\/10\/Untitled-8x12.jpg 8w, https:\/\/divfarrahenterprise.com\/wp-content\/uploads\/2025\/10\/Untitled-600x901.jpg 600w, https:\/\/divfarrahenterprise.com\/wp-content\/uploads\/2025\/10\/Untitled.jpg 746w\" sizes=\"(max-width: 682px) 100vw, 682px\" \/>\t\t\t\t\t\t\t\t\t\t\t\t\t\t\t<\/div>\n\t\t\t\t<\/div>\n\t\t\t\t<\/div>\n\t\t<div class=\"elementor-element elementor-element-b3902b8 e-con-full e-flex e-con e-child\" data-id=\"b3902b8\" data-element_type=\"container\">\n\t\t\t\t<div class=\"elementor-element elementor-element-db3fb4a elementor-widget elementor-widget-heading\" data-id=\"db3fb4a\" data-element_type=\"widget\" data-widget_type=\"heading.default\">\n\t\t\t\t<div class=\"elementor-widget-container\">\n\t\t\t\t\t<h2 class=\"elementor-heading-title elementor-size-default\">Acerca de DivFarrah Enterprise LLC\n<\/h2>\t\t\t\t<\/div>\n\t\t\t\t<\/div>\n\t\t\t\t<div class=\"elementor-element elementor-element-9632c88 elementor-widget elementor-widget-text-editor\" data-id=\"9632c88\" data-element_type=\"widget\" data-widget_type=\"text-editor.default\">\n\t\t\t\t<div class=\"elementor-widget-container\">\n\t\t\t\t\t\t\t\t\t<p>Fundada en 2004 como Transnet, Inc. y renombrados en 2023 como DivFarrah Enterprise LLC, nuestra empresa ha estado dedicada a empoderar a las empresas de todo el mundo. Con una visi\u00f3n de apoyo a los emprendedores y due\u00f1os de negocios de todo el mundo, hemos creado nosotros mismos como un socio de confianza en la comunidad global de negocios.<\/p><p><strong>Nuestro Fundador<\/strong><\/p><p>Dirigido por el liderazgo visionario de la Se\u00f1ora Farranah P. Saintil, DivFarrah Enterprise LLC sigue creciendo y evolucionando, impulsado por una pasi\u00f3n por el empoderamiento de las empresas y el fomento de las conexiones globales.<\/p><p><strong>Nuestra Misi\u00f3n<\/strong><\/p><p>En DivFarrah Empresa, nuestra misi\u00f3n es apoyar y potenciar a las empresas de todos los tama\u00f1os y sectores, proporcion\u00e1ndoles los conocimientos, los recursos y las conexiones necesarias para lograr sus objetivos. Nos esforzamos para crear un vibrante y de apoyo de la comunidad que fomente el crecimiento, la innovaci\u00f3n y el \u00e9xito, la reducci\u00f3n de la brecha entre la ambici\u00f3n y los logros.<\/p><p><strong>Nuestra Visi\u00f3n<\/strong><\/p><p>Nuestra visi\u00f3n es convertirnos en el l\u00edder en la organizaci\u00f3n con base de miembros para los empresarios y due\u00f1os de negocios, reconocida por nuestro compromiso con la excelencia, la innovaci\u00f3n y el empoderamiento de la comunidad.<\/p>\t\t\t\t\t\t\t\t<\/div>\n\t\t\t\t<\/div>\n\t\t\t\t<\/div>\n\t\t\t\t<\/div>\n\t\t\t\t<div class=\"elementor-element elementor-element-c47a652 elementor-widget elementor-widget-text-editor\" data-id=\"c47a652\" data-element_type=\"widget\" data-widget_type=\"text-editor.default\">\n\t\t\t\t<div class=\"elementor-widget-container\">\n\t\t\t\t\t\t\t\t\t<p><strong>Nuestra Plataforma Global<\/strong><\/p><p>Nuestra plataforma global ofrece una amplia gama de servicios, incluyendo:<\/p><ul><li>Directorio de empresas de listados de<\/li><li>La formaci\u00f3n empresarial y talleres<\/li><li>Apoyar el Desarrollo de negocios<\/li><li>Orientaci\u00f3n de expertos en Dise\u00f1o Gr\u00e1fico, Marketing Digital, Branding y Promoci\u00f3n<\/li><li>El acceso a Cr\u00e9dito de la Empresa, la Financiaci\u00f3n y la Contabilidad de las soluciones de<\/li><li>La representaci\u00f3n de fabricantes y proveedores de<\/li><li>De log\u00edstica y Comercio<\/li><li>Personalizadas de Negocios de Consulta y Coaching<\/li><li>Presentaci\u00f3n de PowerPoint Dise\u00f1o y Desarrollo<\/li><li>El Asistente Virtual de servicios<\/li><li>La Direcci\u00f3n de negocios y servicios de telefon\u00eda<\/li><li>Base de datos en la Nube y soluciones de Sistema<\/li><li>Negocio de Corretaje de servicios (compra y venta de empresas)<\/li><\/ul>\t\t\t\t\t\t\t\t<\/div>\n\t\t\t\t<\/div>\n\t\t\t\t<div class=\"elementor-element elementor-element-3532b31 elementor-widget elementor-widget-text-editor\" data-id=\"3532b31\" data-element_type=\"widget\" data-widget_type=\"text-editor.default\">\n\t\t\t\t<div class=\"elementor-widget-container\">\n\t\t\t\t\t\t\t\t\t<p><strong>Nuestro Compromiso<\/strong><\/p><p>En DivFarrah Enterprise LLC, creemos que cada negocio se merece para tener \u00e9xito. Nuestro experimentado equipo est\u00e1 comprometido a proveer un soporte excepcional, la orientaci\u00f3n y los recursos para ayudarle a alcanzar sus objetivos de negocio.<\/p>\t\t\t\t\t\t\t\t<\/div>\n\t\t\t\t<\/div>\n\t\t\t\t<div class=\"elementor-element elementor-element-95d61e1 elementor-widget elementor-widget-text-editor\" data-id=\"95d61e1\" data-element_type=\"widget\" data-widget_type=\"text-editor.default\">\n\t\t\t\t<div class=\"elementor-widget-container\">\n\t\t\t\t\t\t\t\t\t<p><strong>\u00danete A Nuestra Comunidad<\/strong><\/p><p>\u00danete a nuestra comunidad hoy y descubra el poder de las alianzas y la colaboraci\u00f3n. Juntos, vamos a construir un futuro mejor para su negocio.<\/p>\t\t\t\t\t\t\t\t<\/div>\n\t\t\t\t<\/div>\n\t\t\t\t<div class=\"elementor-element elementor-element-aa989a5 elementor-widget elementor-widget-image\" data-id=\"aa989a5\" data-element_type=\"widget\" data-widget_type=\"image.default\">\n\t\t\t\t<div class=\"elementor-widget-container\">\n\t\t\t\t\t\t\t\t\t\t\t\t\t\t\t<img decoding=\"async\" width=\"612\" height=\"408\" src=\"https:\/\/divfarrahenterprise.com\/wp-content\/uploads\/jet-form-builder\/fd2c5e4680d9a01dba3aada5ece22270\/2024\/12\/istockphoto-1346125184-612x612-1.jpg\" class=\"attachment-large size-large wp-image-596\" alt=\"\" srcset=\"https:\/\/divfarrahenterprise.com\/wp-content\/uploads\/jet-form-builder\/fd2c5e4680d9a01dba3aada5ece22270\/2024\/12\/istockphoto-1346125184-612x612-1.jpg 612w, https:\/\/divfarrahenterprise.com\/wp-content\/uploads\/jet-form-builder\/fd2c5e4680d9a01dba3aada5ece22270\/2024\/12\/istockphoto-1346125184-612x612-1-600x400.jpg 600w, https:\/\/divfarrahenterprise.com\/wp-content\/uploads\/jet-form-builder\/fd2c5e4680d9a01dba3aada5ece22270\/2024\/12\/istockphoto-1346125184-612x612-1-300x200.jpg 300w\" sizes=\"(max-width: 612px) 100vw, 612px\" \/>\t\t\t\t\t\t\t\t\t\t\t\t\t\t\t<\/div>\n\t\t\t\t<\/div>\n\t\t\t\t<div class=\"elementor-element elementor-element-4a0ded4 elementor-widget elementor-widget-button\" data-id=\"4a0ded4\" data-element_type=\"widget\" data-widget_type=\"button.default\">\n\t\t\t\t<div class=\"elementor-widget-container\">\n\t\t\t\t\t\t\t\t\t<div class=\"elementor-button-wrapper\">\n\t\t\t\t\t<a class=\"elementor-button elementor-button-link elementor-size-sm\" href=\"https:\/\/divfarrahenterprise.com\/es\/membership\/\">\n\t\t\t\t\t\t<span class=\"elementor-button-content-wrapper\">\n\t\t\t\t\t\t\t\t\t<span class=\"elementor-button-text\">\u00danete a nuestra creciente de Directorio de Negocios<\/span>\n\t\t\t\t\t<\/span>\n\t\t\t\t\t<\/a>\n\t\t\t\t<\/div>\n\t\t\t\t\t\t\t\t<\/div>\n\t\t\t\t<\/div>\n\t\t\t\t\t<\/div>\n\t\t\t\t<\/div>\n\t\t<div class=\"elementor-element elementor-element-b6a070e e-flex e-con-boxed e-con e-parent\" data-id=\"b6a070e\" data-element_type=\"container\">\n\t\t\t\t\t<div class=\"e-con-inner\">\n\t\t\t\t<div class=\"elementor-element elementor-element-85eb309 elementor-widget elementor-widget-heading\" data-id=\"85eb309\" data-element_type=\"widget\" data-widget_type=\"heading.default\">\n\t\t\t\t<div class=\"elementor-widget-container\">\n\t\t\t\t\t<h2 class=\"elementor-heading-title elementor-size-default\">Valoramos<\/h2>\t\t\t\t<\/div>\n\t\t\t\t<\/div>\n\t\t<div class=\"elementor-element elementor-element-5a7eb9c e-con-full e-flex e-con e-child\" data-id=\"5a7eb9c\" data-element_type=\"container\">\n\t\t<div class=\"elementor-element elementor-element-11b7dc0 e-con-full e-flex e-con e-child\" data-id=\"11b7dc0\" data-element_type=\"container\">\n\t\t\t\t<div class=\"elementor-element elementor-element-8dc61e8 elementor-position-top elementor-widget elementor-widget-image-box\" data-id=\"8dc61e8\" data-element_type=\"widget\" data-widget_type=\"image-box.default\">\n\t\t\t\t<div class=\"elementor-widget-container\">\n\t\t\t\t\t<div class=\"elementor-image-box-wrapper\"><figure class=\"elementor-image-box-img\"><img decoding=\"async\" width=\"512\" height=\"512\" src=\"https:\/\/divfarrahenterprise.com\/wp-content\/uploads\/2024\/12\/community.png\" class=\"attachment-full size-full wp-image-772\" alt=\"\" srcset=\"https:\/\/divfarrahenterprise.com\/wp-content\/uploads\/2024\/12\/community.png 512w, https:\/\/divfarrahenterprise.com\/wp-content\/uploads\/2024\/12\/community-300x300.png 300w, https:\/\/divfarrahenterprise.com\/wp-content\/uploads\/2024\/12\/community-100x100.png 100w, https:\/\/divfarrahenterprise.com\/wp-content\/uploads\/2024\/12\/community-150x150.png 150w\" sizes=\"(max-width: 512px) 100vw, 512px\" \/><\/figure><div class=\"elementor-image-box-content\"><h3 class=\"elementor-image-box-title\">La comunidad<\/h3><p class=\"elementor-image-box-description\">Creemos que el negocio es acerca de la gente, no s\u00f3lo de los beneficios. Nos esforzamos para crear una comunidad de apoyo que fomenta la conexi\u00f3n, colaboraci\u00f3n y crecimiento mutuo.\n<\/p><\/div><\/div>\t\t\t\t<\/div>\n\t\t\t\t<\/div>\n\t\t\t\t<\/div>\n\t\t<div class=\"elementor-element elementor-element-9996365 e-con-full e-flex e-con e-child\" data-id=\"9996365\" data-element_type=\"container\">\n\t\t\t\t<div class=\"elementor-element elementor-element-1bc9e59 elementor-position-top elementor-widget elementor-widget-image-box\" data-id=\"1bc9e59\" data-element_type=\"widget\" data-widget_type=\"image-box.default\">\n\t\t\t\t<div class=\"elementor-widget-container\">\n\t\t\t\t\t<div class=\"elementor-image-box-wrapper\"><figure class=\"elementor-image-box-img\"><img loading=\"lazy\" decoding=\"async\" width=\"512\" height=\"512\" src=\"https:\/\/divfarrahenterprise.com\/wp-content\/uploads\/2024\/12\/project-management.png\" class=\"attachment-full size-full wp-image-771\" alt=\"\" srcset=\"https:\/\/divfarrahenterprise.com\/wp-content\/uploads\/2024\/12\/project-management.png 512w, https:\/\/divfarrahenterprise.com\/wp-content\/uploads\/2024\/12\/project-management-300x300.png 300w, https:\/\/divfarrahenterprise.com\/wp-content\/uploads\/2024\/12\/project-management-100x100.png 100w, https:\/\/divfarrahenterprise.com\/wp-content\/uploads\/2024\/12\/project-management-150x150.png 150w\" sizes=\"(max-width: 512px) 100vw, 512px\" \/><\/figure><div class=\"elementor-image-box-content\"><h3 class=\"elementor-image-box-title\">La innovaci\u00f3n<\/h3><p class=\"elementor-image-box-description\">Creemos que la innovaci\u00f3n es clave para el \u00e9xito en los negocios. Fomentamos la creatividad, la experimentaci\u00f3n y el aprendizaje continuo.\n<\/p><\/div><\/div>\t\t\t\t<\/div>\n\t\t\t\t<\/div>\n\t\t\t\t<\/div>\n\t\t<div class=\"elementor-element elementor-element-b7191cf e-con-full e-flex e-con e-child\" data-id=\"b7191cf\" data-element_type=\"container\">\n\t\t\t\t<div class=\"elementor-element elementor-element-fc95cdf elementor-position-top elementor-widget elementor-widget-image-box\" data-id=\"fc95cdf\" data-element_type=\"widget\" data-widget_type=\"image-box.default\">\n\t\t\t\t<div class=\"elementor-widget-container\">\n\t\t\t\t\t<div class=\"elementor-image-box-wrapper\"><figure class=\"elementor-image-box-img\"><img loading=\"lazy\" decoding=\"async\" width=\"512\" height=\"512\" src=\"https:\/\/divfarrahenterprise.com\/wp-content\/uploads\/2024\/12\/diversity.png\" class=\"attachment-full size-full wp-image-770\" alt=\"\" srcset=\"https:\/\/divfarrahenterprise.com\/wp-content\/uploads\/2024\/12\/diversity.png 512w, https:\/\/divfarrahenterprise.com\/wp-content\/uploads\/2024\/12\/diversity-300x300.png 300w, https:\/\/divfarrahenterprise.com\/wp-content\/uploads\/2024\/12\/diversity-100x100.png 100w, https:\/\/divfarrahenterprise.com\/wp-content\/uploads\/2024\/12\/diversity-150x150.png 150w\" sizes=\"(max-width: 512px) 100vw, 512px\" \/><\/figure><div class=\"elementor-image-box-content\"><h3 class=\"elementor-image-box-title\">La diversidad<\/h3><p class=\"elementor-image-box-description\">Creemos que la diversidad es una fortaleza, no una debilidad. Celebramos el \u00fanico perspectivas, experiencias, y los fondos de nuestros miembros.\n\n<\/p><\/div><\/div>\t\t\t\t<\/div>\n\t\t\t\t<\/div>\n\t\t\t\t<\/div>\n\t\t\t\t<\/div>\n\t\t<div class=\"elementor-element elementor-element-c9c64ba e-con-full e-flex e-con e-child\" data-id=\"c9c64ba\" data-element_type=\"container\">\n\t\t<div class=\"elementor-element elementor-element-c748b0a e-con-full e-flex e-con e-child\" data-id=\"c748b0a\" data-element_type=\"container\">\n\t\t\t\t<div class=\"elementor-element elementor-element-6f18b8c elementor-position-top elementor-widget elementor-widget-image-box\" data-id=\"6f18b8c\" data-element_type=\"widget\" data-widget_type=\"image-box.default\">\n\t\t\t\t<div class=\"elementor-widget-container\">\n\t\t\t\t\t<div class=\"elementor-image-box-wrapper\"><figure class=\"elementor-image-box-img\"><img loading=\"lazy\" decoding=\"async\" width=\"512\" height=\"512\" src=\"https:\/\/divfarrahenterprise.com\/wp-content\/uploads\/2024\/12\/customer-satisfaction.png\" class=\"attachment-full size-full wp-image-768\" alt=\"\" srcset=\"https:\/\/divfarrahenterprise.com\/wp-content\/uploads\/2024\/12\/customer-satisfaction.png 512w, https:\/\/divfarrahenterprise.com\/wp-content\/uploads\/2024\/12\/customer-satisfaction-300x300.png 300w, https:\/\/divfarrahenterprise.com\/wp-content\/uploads\/2024\/12\/customer-satisfaction-100x100.png 100w, https:\/\/divfarrahenterprise.com\/wp-content\/uploads\/2024\/12\/customer-satisfaction-150x150.png 150w\" sizes=\"(max-width: 512px) 100vw, 512px\" \/><\/figure><div class=\"elementor-image-box-content\"><h3 class=\"elementor-image-box-title\">La excelencia<\/h3><p class=\"elementor-image-box-description\">Creemos en la b\u00fasqueda de la excelencia en todo lo que hacemos. Estamos comprometidos a prestar servicios de alta calidad, los recursos y el apoyo a nuestros miembros.\n\n<\/p><\/div><\/div>\t\t\t\t<\/div>\n\t\t\t\t<\/div>\n\t\t\t\t<\/div>\n\t\t<div class=\"elementor-element elementor-element-731e01b e-con-full e-flex e-con e-child\" data-id=\"731e01b\" data-element_type=\"container\">\n\t\t\t\t<div class=\"elementor-element elementor-element-5cc9b48 elementor-position-top elementor-widget elementor-widget-image-box\" data-id=\"5cc9b48\" data-element_type=\"widget\" data-widget_type=\"image-box.default\">\n\t\t\t\t<div class=\"elementor-widget-container\">\n\t\t\t\t\t<div class=\"elementor-image-box-wrapper\"><figure class=\"elementor-image-box-img\"><img loading=\"lazy\" decoding=\"async\" width=\"512\" height=\"512\" src=\"https:\/\/divfarrahenterprise.com\/wp-content\/uploads\/2024\/12\/integration.png\" class=\"attachment-full size-full wp-image-767\" alt=\"\" srcset=\"https:\/\/divfarrahenterprise.com\/wp-content\/uploads\/2024\/12\/integration.png 512w, https:\/\/divfarrahenterprise.com\/wp-content\/uploads\/2024\/12\/integration-300x300.png 300w, https:\/\/divfarrahenterprise.com\/wp-content\/uploads\/2024\/12\/integration-100x100.png 100w, https:\/\/divfarrahenterprise.com\/wp-content\/uploads\/2024\/12\/integration-150x150.png 150w\" sizes=\"(max-width: 512px) 100vw, 512px\" \/><\/figure><div class=\"elementor-image-box-content\"><h3 class=\"elementor-image-box-title\">Integridad<\/h3><p class=\"elementor-image-box-description\">Creemos en el trabajo con la integridad, la transparencia y la rendici\u00f3n de cuentas. Estamos comprometidos con la construcci\u00f3n de confianza con nuestros miembros y a la realizaci\u00f3n de negocios de una manera \u00e9tica y responsable.\n\n<\/p><\/div><\/div>\t\t\t\t<\/div>\n\t\t\t\t<\/div>\n\t\t\t\t<\/div>\n\t\t<div class=\"elementor-element elementor-element-7f55b8a e-con-full e-flex e-con e-child\" data-id=\"7f55b8a\" data-element_type=\"container\">\n\t\t\t\t<div class=\"elementor-element elementor-element-b9b3cf3 elementor-position-top elementor-widget elementor-widget-image-box\" data-id=\"b9b3cf3\" data-element_type=\"widget\" data-widget_type=\"image-box.default\">\n\t\t\t\t<div class=\"elementor-widget-container\">\n\t\t\t\t\t<div class=\"elementor-image-box-wrapper\"><figure class=\"elementor-image-box-img\"><img loading=\"lazy\" decoding=\"async\" width=\"512\" height=\"512\" src=\"https:\/\/divfarrahenterprise.com\/wp-content\/uploads\/2024\/12\/growth.png\" class=\"attachment-full size-full wp-image-766\" alt=\"\" srcset=\"https:\/\/divfarrahenterprise.com\/wp-content\/uploads\/2024\/12\/growth.png 512w, https:\/\/divfarrahenterprise.com\/wp-content\/uploads\/2024\/12\/growth-300x300.png 300w, https:\/\/divfarrahenterprise.com\/wp-content\/uploads\/2024\/12\/growth-100x100.png 100w, https:\/\/divfarrahenterprise.com\/wp-content\/uploads\/2024\/12\/growth-150x150.png 150w\" sizes=\"(max-width: 512px) 100vw, 512px\" \/><\/figure><div class=\"elementor-image-box-content\"><h3 class=\"elementor-image-box-title\">El crecimiento de la<\/h3><p class=\"elementor-image-box-description\">Creemos que el crecimiento es un proceso de toda la vida. Estamos comprometidos a ayudar a nuestros miembros a alcanzar nuevas alturas a trav\u00e9s de la educaci\u00f3n, la innovaci\u00f3n, y el apoyo de la comunidad.<\/p><\/div><\/div>\t\t\t\t<\/div>\n\t\t\t\t<\/div>\n\t\t\t\t<\/div>\n\t\t\t\t<\/div>\n\t\t\t\t\t<\/div>\n\t\t\t\t<\/div>\n\t\t\t\t<\/div>","protected":false},"excerpt":{"rendered":"<p>ABOUT US About DivFarrah Enterprise LLC Founded in 2004 as Transnet, Inc. and rebranded in 2023 as DivFarrah Enterprise LLC, our company has been dedicated to empowering businesses globally. With a vision to support entrepreneurs and business owners worldwide, we&#8217;ve established ourselves as a trusted partner in the global business community. Our Founder Led by [&hellip;]<\/p>","protected":false},"author":1,"featured_media":0,"parent":0,"menu_order":0,"comment_status":"closed","ping_status":"closed","template":"","meta":{"_jf_save_progress":"","_jet_sm_ready_style":"","_jet_sm_style":"","_jet_sm_controls_values":"","_jet_sm_fonts_collection":"","_jet_sm_fonts_links":"","footnotes":""},"class_list":["post-219","page","type-page","status-publish","hentry"],"_links":{"self":[{"href":"https:\/\/divfarrahenterprise.com\/es\/wp-json\/wp\/v2\/pages\/219","targetHints":{"allow":["GET"]}}],"collection":[{"href":"https:\/\/divfarrahenterprise.com\/es\/wp-json\/wp\/v2\/pages"}],"about":[{"href":"https:\/\/divfarrahenterprise.com\/es\/wp-json\/wp\/v2\/types\/page"}],"author":[{"embeddable":true,"href":"https:\/\/divfarrahenterprise.com\/es\/wp-json\/wp\/v2\/users\/1"}],"replies":[{"embeddable":true,"href":"https:\/\/divfarrahenterprise.com\/es\/wp-json\/wp\/v2\/comments?post=219"}],"version-history":[{"count":106,"href":"https:\/\/divfarrahenterprise.com\/es\/wp-json\/wp\/v2\/pages\/219\/revisions"}],"predecessor-version":[{"id":5112,"href":"https:\/\/divfarrahenterprise.com\/es\/wp-json\/wp\/v2\/pages\/219\/revisions\/5112"}],"wp:attachment":[{"href":"https:\/\/divfarrahenterprise.com\/es\/wp-json\/wp\/v2\/media?parent=219"}],"curies":[{"name":"wp","href":"https:\/\/api.w.org\/{rel}","templated":true}]}}