{"id":240,"date":"2024-11-15T08:20:18","date_gmt":"2024-11-15T08:20:18","guid":{"rendered":"https:\/\/divfarrahenterprise.com\/?page_id=240"},"modified":"2025-10-28T10:01:00","modified_gmt":"2025-10-28T10:01:00","slug":"partnership","status":"publish","type":"page","link":"https:\/\/divfarrahenterprise.com\/es\/partnership\/","title":{"rendered":"Asociaci\u00f3n"},"content":{"rendered":"<div data-elementor-type=\"wp-page\" data-elementor-id=\"240\" class=\"elementor elementor-240\" data-elementor-post-type=\"page\">\n\t\t\t\t<div class=\"elementor-element elementor-element-94c553d e-flex e-con-boxed e-con e-parent\" data-id=\"94c553d\" data-element_type=\"container\" data-settings=\"{&quot;background_background&quot;:&quot;classic&quot;,&quot;motion_fx_motion_fx_scrolling&quot;:&quot;yes&quot;,&quot;motion_fx_devices&quot;:[&quot;desktop&quot;,&quot;tablet&quot;,&quot;mobile&quot;]}\">\n\t\t\t\t\t<div class=\"e-con-inner\">\n\t\t\t\t\t<\/div>\n\t\t\t\t<\/div>\n\t\t<div class=\"elementor-element elementor-element-0562ba2 e-flex e-con-boxed e-con e-parent\" data-id=\"0562ba2\" data-element_type=\"container\" data-settings=\"{&quot;background_background&quot;:&quot;classic&quot;}\">\n\t\t\t\t\t<div class=\"e-con-inner\">\n\t\t\t\t<div class=\"elementor-element elementor-element-74c0440 elementor-widget elementor-widget-heading\" data-id=\"74c0440\" data-element_type=\"widget\" data-widget_type=\"heading.default\">\n\t\t\t\t<div class=\"elementor-widget-container\">\n\t\t\t\t\t<h2 class=\"elementor-heading-title elementor-size-default\">Asociaci\u00f3n<\/h2>\t\t\t\t<\/div>\n\t\t\t\t<\/div>\n\t\t<div class=\"elementor-element elementor-element-0529e86 e-con-full e-flex e-con e-child\" data-id=\"0529e86\" data-element_type=\"container\">\n\t\t\t\t<div class=\"elementor-element elementor-element-026b16f elementor-widget elementor-widget-text-editor\" data-id=\"026b16f\" data-element_type=\"widget\" data-widget_type=\"text-editor.default\">\n\t\t\t\t<div class=\"elementor-widget-container\">\n\t\t\t\t\t\t\t\t\t<p>Nuestra cuidada selecci\u00f3n de las asociaciones ayudar a apoyar un ambiente donde las empresas pueden tener \u00e9xito. Nos asociamos con l\u00edderes de la industria en todo el Mundo para asegurar que nuestros miembros reciben descuentos exclusivos en productos y servicios valiosos, la maximizaci\u00f3n de su valor de pertenencia por ahorrando dinero y ayudando a operar sus negocios de manera eficiente. Tambi\u00e9n colaboramos con socios en iniciativas que empoderar a las empresas a trav\u00e9s de los recursos de la empresa, la investigaci\u00f3n y la promoci\u00f3n.<\/p>\t\t\t\t\t\t\t\t<\/div>\n\t\t\t\t<\/div>\n\t\t<div class=\"elementor-element elementor-element-4ef2c7d e-con-full e-flex e-con e-child\" data-id=\"4ef2c7d\" data-element_type=\"container\">\n\t\t<div class=\"elementor-element elementor-element-ee5c87d e-con-full e-flex e-con e-child\" data-id=\"ee5c87d\" data-element_type=\"container\">\n\t\t<div class=\"elementor-element elementor-element-6fa12b6 e-con-full e-flex e-con e-child\" data-id=\"6fa12b6\" data-element_type=\"container\">\n\t\t<div class=\"elementor-element elementor-element-c6d68a3 e-con-full e-flex e-con e-child\" data-id=\"c6d68a3\" data-element_type=\"container\">\n\t\t\t\t<div class=\"elementor-element elementor-element-c26519a elementor-widget elementor-widget-image\" data-id=\"c26519a\" data-element_type=\"widget\" data-widget_type=\"image.default\">\n\t\t\t\t<div class=\"elementor-widget-container\">\n\t\t\t\t\t\t\t\t\t\t\t\t\t\t\t<img fetchpriority=\"high\" decoding=\"async\" width=\"750\" height=\"496\" src=\"https:\/\/divfarrahenterprise.com\/wp-content\/uploads\/2024\/12\/WhatsApp-Image-2024-12-10-at-07.48.08_1b42f8a1.jpg\" class=\"attachment-large size-large wp-image-918\" alt=\"\" srcset=\"https:\/\/divfarrahenterprise.com\/wp-content\/uploads\/2024\/12\/WhatsApp-Image-2024-12-10-at-07.48.08_1b42f8a1.jpg 750w, https:\/\/divfarrahenterprise.com\/wp-content\/uploads\/2024\/12\/WhatsApp-Image-2024-12-10-at-07.48.08_1b42f8a1-600x397.jpg 600w, https:\/\/divfarrahenterprise.com\/wp-content\/uploads\/2024\/12\/WhatsApp-Image-2024-12-10-at-07.48.08_1b42f8a1-300x198.jpg 300w\" sizes=\"(max-width: 750px) 100vw, 750px\" \/>\t\t\t\t\t\t\t\t\t\t\t\t\t\t\t<\/div>\n\t\t\t\t<\/div>\n\t\t\t\t<div class=\"elementor-element elementor-element-55c5a0a elementor-widget elementor-widget-heading\" data-id=\"55c5a0a\" data-element_type=\"widget\" data-widget_type=\"heading.default\">\n\t\t\t\t<div class=\"elementor-widget-container\">\n\t\t\t\t\t<h2 class=\"elementor-heading-title elementor-size-default\">Oportunidades De Asociaci\u00f3n<\/h2>\t\t\t\t<\/div>\n\t\t\t\t<\/div>\n\t\t\t\t<div class=\"elementor-element elementor-element-01bfed2 elementor-widget elementor-widget-text-editor\" data-id=\"01bfed2\" data-element_type=\"widget\" data-widget_type=\"text-editor.default\">\n\t\t\t\t<div class=\"elementor-widget-container\">\n\t\t\t\t\t\t\t\t\t<p><strong>AHORRO DE SOCIO<\/strong><\/p><ul><li>Proporcionar DivFarrah Empresa los miembros de la LLC y sus empleados con descuentos exclusivos en sus servicios, promover la lealtad y la expansi\u00f3n de su base de clientes.<\/li><li>Aumento de la exposici\u00f3n a Varios miembros de todo el mundo, el aumento de la visibilidad de su marca y la credibilidad.<\/li><li>Contribuir al \u00e9xito de las empresas mediante la oferta de recursos y servicios valiosos que ayudan a prosperar.<\/li><\/ul>\t\t\t\t\t\t\t\t<\/div>\n\t\t\t\t<\/div>\n\t\t\t\t<\/div>\n\t\t<div class=\"elementor-element elementor-element-6c45225 e-con-full e-flex e-con e-child\" data-id=\"6c45225\" data-element_type=\"container\">\n\t\t\t\t<div class=\"elementor-element elementor-element-183a808 elementor-widget elementor-widget-image\" data-id=\"183a808\" data-element_type=\"widget\" data-widget_type=\"image.default\">\n\t\t\t\t<div class=\"elementor-widget-container\">\n\t\t\t\t\t\t\t\t\t\t\t\t\t\t\t<img decoding=\"async\" width=\"612\" height=\"408\" src=\"https:\/\/divfarrahenterprise.com\/wp-content\/uploads\/2024\/12\/WhatsApp-Image-2024-12-10-at-07.59.27_04ec4af8.jpg\" class=\"attachment-large size-large wp-image-919\" alt=\"\" srcset=\"https:\/\/divfarrahenterprise.com\/wp-content\/uploads\/2024\/12\/WhatsApp-Image-2024-12-10-at-07.59.27_04ec4af8.jpg 612w, https:\/\/divfarrahenterprise.com\/wp-content\/uploads\/2024\/12\/WhatsApp-Image-2024-12-10-at-07.59.27_04ec4af8-600x400.jpg 600w, https:\/\/divfarrahenterprise.com\/wp-content\/uploads\/2024\/12\/WhatsApp-Image-2024-12-10-at-07.59.27_04ec4af8-300x200.jpg 300w\" sizes=\"(max-width: 612px) 100vw, 612px\" \/>\t\t\t\t\t\t\t\t\t\t\t\t\t\t\t<\/div>\n\t\t\t\t<\/div>\n\t\t\t\t<div class=\"elementor-element elementor-element-75655a0 elementor-widget elementor-widget-heading\" data-id=\"75655a0\" data-element_type=\"widget\" data-widget_type=\"heading.default\">\n\t\t\t\t<div class=\"elementor-widget-container\">\n\t\t\t\t\t<h2 class=\"elementor-heading-title elementor-size-default\">SOCIO DE MARKETING<\/h2>\t\t\t\t<\/div>\n\t\t\t\t<\/div>\n\t\t\t\t<div class=\"elementor-element elementor-element-a66f339 elementor-widget elementor-widget-text-editor\" data-id=\"a66f339\" data-element_type=\"widget\" data-widget_type=\"text-editor.default\">\n\t\t\t\t<div class=\"elementor-widget-container\">\n\t\t\t\t\t\t\t\t\t<p>Asociarse con nosotros en patrocina iniciativas para ayudar a las empresas a crecer. Amplificar la conciencia de marca y posicionar su marca como un campe\u00f3n de la comunidad de negocios y l\u00edder en asuntos de negocios en frente DE los miembros, y los medios de comunicaci\u00f3n. Oportunidades de patrocinio incluyen:<br \/><strong>&#8211;<\/strong> Webinars<br \/><strong>&#8211;<\/strong> Seminarios <br \/><strong>&#8211;<\/strong> Herramientas y recursos<br \/><strong>&#8211;<\/strong> El liderazgo de pensamiento<br \/>campa\u00f1as<br \/><strong>&#8211;<\/strong> Las iniciativas de promoci\u00f3n<br \/><strong>&#8211;<\/strong> Patrocinado membres\u00edas<\/p>\t\t\t\t\t\t\t\t<\/div>\n\t\t\t\t<\/div>\n\t\t\t\t<\/div>\n\t\t\t\t<\/div>\n\t\t\t\t<div class=\"elementor-element elementor-element-4edd1c9 elementor-widget elementor-widget-text-editor\" data-id=\"4edd1c9\" data-element_type=\"widget\" data-widget_type=\"text-editor.default\">\n\t\t\t\t<div class=\"elementor-widget-container\">\n\t\t\t\t\t\t\t\t\t<p><strong>Socio De Negocios\/Patrocinador De Membres\u00eda<\/strong><br \/>Todos los Negocios de los Socios\/Patrocinadores reciben los mismos beneficios, incluyendo:<\/p><p>&#8211; <strong>Directorio De Empresas De Listado:<\/strong> Aumentar su presencia en internet con un prominente listado en nuestro directorio de empresas y la P\u00e1gina de la Asociaci\u00f3n por lo que es f\u00e1cil para los clientes potenciales para descubrir y conectarse con su negocio.<br \/><strong>\u2013 Servicios De Descuento:<\/strong> Disfruta de descuentos exclusivos en servicios esenciales como el dise\u00f1o gr\u00e1fico, marketing digital y negocios de consulta para apoyar el crecimiento de su negocio.<br \/><strong>\u2013 Oportunidades De Creaci\u00f3n De Redes:<\/strong> Conectar con otros emprendedores y due\u00f1os de negocios a trav\u00e9s de nuestros eventos y Foro en l\u00ednea, el fomento de relaciones de valor y colaboraciones.<br \/><strong>Crecimiento y Desarrollo:<\/strong><br \/><strong>\u2013 Planificaci\u00f3n de negocios y Estrategia:<\/strong> Recibir orientaci\u00f3n especializada en la elaboraci\u00f3n de un plan de negocios integral y estrategia.<br \/><strong>\u2013 Marketing y Promoci\u00f3n:<\/strong> Acceso a descuentos exclusivos en servicios de marketing, incluyendo la gesti\u00f3n de social media y publicidad.<\/p><p><strong>\u2013 Negocios de Consulta y Coaching:<\/strong> Orientaci\u00f3n de expertos en las operaciones comerciales, de gesti\u00f3n, y las estrategias de crecimiento.<br \/><strong>\u2013 Perfil Completo Escaparate:<\/strong> El escaparate de su negocio con un perfil detallado, incluyendo informaci\u00f3n de contacto, por lo que es f\u00e1cil para las perspectivas de encontrar y colaborar con ustedes.<br \/><strong>\u2013 Foro De Expertos:<\/strong> Comparta su experiencia y mostrar los servicios en nuestro foro dedicado, donde los clientes potenciales pueden hacer preguntas y pedir consejo.<\/p><p><strong>\u2013 La Colocaci\u00f3n Del Logotipo:<\/strong> Exhibici\u00f3n del logotipo de su compa\u00f1\u00eda en el DivFarrah Enterprise p\u00e1gina de inicio.<br \/><strong>\u2013 Descuentos Exclusivos:<\/strong> Ofrecemos descuentos especiales en sus servicios a nuestros miembros, potenciando la fidelizaci\u00f3n y captaci\u00f3n de clientes.<br \/><strong>\u2013 Mayor Visibilidad De Marca:<\/strong> Aumento de la exposici\u00f3n a nuestra extensa red de miembro, mejorar su marca de la credibilidad y visibilidad.<br \/><strong>\u2013 El aporte de Valiosos Recursos:<\/strong> Aportar recursos y servicios para apoyar a nuestros miembros \u00e9xito.<br \/><strong>\u2013 Oportunidades De Patrocinio:<\/strong> Participar en los webinars, seminarios y liderazgo de pensamiento campa\u00f1as para amplificar el mensaje de la marca.<br \/><strong>\u2013 Lista De Eventos:<\/strong> Publique sus eventos en nuestra p\u00e1gina del evento, similar a la de los listados de trabajo, el aumento de la asistencia y alcance.<br \/><strong>\u2013 Oportunidades De Creaci\u00f3n De Redes:<\/strong> Conectar con nuestra diversa miembro de la red de alianzas, colaboraciones, y el crecimiento del negocio.<br \/><strong>\u2013 El Compromiso De Los Miembros:<\/strong> Colaborar con los miembros de la exclusiva a trav\u00e9s de foros, debates y eventos de la comunidad.<br \/><strong>\u2013 La Promoci\u00f3n De Contenido:<\/strong> Promover tu empresa es de contenido (art\u00edculos, blogs, videos, medios de comunicaci\u00f3n) para nuestros miembros de la audiencia.<br \/><strong>\u2013 Reconocimiento y Premios:<\/strong> Recibir reconocimiento por sus contribuciones a la comunidad, destacando su responsabilidad social y excelencia.<\/p>\t\t\t\t\t\t\t\t<\/div>\n\t\t\t\t<\/div>\n\t\t\t\t<div class=\"elementor-element elementor-element-74145d4 elementor-widget elementor-widget-text-editor\" data-id=\"74145d4\" data-element_type=\"widget\" data-widget_type=\"text-editor.default\">\n\t\t\t\t<div class=\"elementor-widget-container\">\n\t\t\t\t\t\t\t\t\t<p><em>$1200 cuota anual<\/em><\/p>\t\t\t\t\t\t\t\t<\/div>\n\t\t\t\t<\/div>\n\t\t\t\t<div class=\"elementor-element elementor-element-af8df6b elementor-widget elementor-widget-button\" data-id=\"af8df6b\" data-element_type=\"widget\" data-widget_type=\"button.default\">\n\t\t\t\t<div class=\"elementor-widget-container\">\n\t\t\t\t\t\t\t\t\t<div class=\"elementor-button-wrapper\">\n\t\t\t\t\t<a class=\"elementor-button elementor-button-link elementor-size-sm\" href=\"https:\/\/divfarrahenterprise.com\/es\/partnership-form\/\">\n\t\t\t\t\t\t<span class=\"elementor-button-content-wrapper\">\n\t\t\t\t\t\t\t\t\t<span class=\"elementor-button-text\">Empezar<\/span>\n\t\t\t\t\t<\/span>\n\t\t\t\t\t<\/a>\n\t\t\t\t<\/div>\n\t\t\t\t\t\t\t\t<\/div>\n\t\t\t\t<\/div>\n\t\t\t\t<\/div>\n\t\t<div class=\"elementor-element elementor-element-3af64d4 e-con-full e-flex e-con e-child\" data-id=\"3af64d4\" data-element_type=\"container\">\n\t\t<div class=\"elementor-element elementor-element-199e8ad e-con-full e-flex e-con e-child\" data-id=\"199e8ad\" data-element_type=\"container\">\n\t\t\t\t<div class=\"elementor-element elementor-element-5a1d966 elementor-widget elementor-widget-heading\" data-id=\"5a1d966\" data-element_type=\"widget\" data-widget_type=\"heading.default\">\n\t\t\t\t<div class=\"elementor-widget-container\">\n\t\t\t\t\t<h4 class=\"elementor-heading-title elementor-size-default\">Convertirse en parte del \u00e9xito de las empresas de todo el Mundo .\n\n<\/h4>\t\t\t\t<\/div>\n\t\t\t\t<\/div>\n\t\t\t\t<div class=\"elementor-element elementor-element-3ce3a0f elementor-widget elementor-widget-heading\" data-id=\"3ce3a0f\" data-element_type=\"widget\" data-widget_type=\"heading.default\">\n\t\t\t\t<div class=\"elementor-widget-container\">\n\t\t\t\t\t<h2 class=\"elementor-heading-title elementor-size-default\">\nEn contacto con nuestro Equipo de Asociaci\u00f3n, el d\u00eda de hoy!<\/h2>\t\t\t\t<\/div>\n\t\t\t\t<\/div>\n\t\t\t\t<div class=\"elementor-element elementor-element-7648662 elementor-button-align-stretch elementor-widget elementor-widget-form\" data-id=\"7648662\" data-element_type=\"widget\" data-settings=\"{&quot;step_next_label&quot;:&quot;Next&quot;,&quot;step_previous_label&quot;:&quot;Previous&quot;,&quot;button_width&quot;:&quot;100&quot;,&quot;step_type&quot;:&quot;number_text&quot;,&quot;step_icon_shape&quot;:&quot;circle&quot;}\" data-widget_type=\"form.default\">\n\t\t\t\t<div class=\"elementor-widget-container\">\n\t\t\t\t\t\t\t<form class=\"elementor-form\" method=\"post\" name=\"New Form\" aria-label=\"Nueva Forma\" action=\"\">\n\t\t\t<input type=\"hidden\" name=\"post_id\" value=\"240\"\/>\n\t\t\t<input type=\"hidden\" name=\"form_id\" value=\"7648662\"\/>\n\t\t\t<input type=\"hidden\" name=\"referer_title\" value=\"Partnership\" \/>\n\n\t\t\t\t\t\t\t<input type=\"hidden\" name=\"queried_id\" value=\"240\"\/>\n\t\t\t\n\t\t\t<div class=\"elementor-form-fields-wrapper elementor-labels-above\">\n\t\t\t\t\t\t\t\t<div class=\"elementor-field-type-text elementor-field-group elementor-column elementor-field-group-name elementor-col-100 elementor-field-required elementor-mark-required\">\n\t\t\t\t\t\t\t\t\t\t\t\t<label for=\"form-field-name\" class=\"elementor-field-label\">\n\t\t\t\t\t\t\t\tPrimer Nombre\t\t\t\t\t\t\t<\/label>\n\t\t\t\t\t\t\t\t\t\t\t\t\t\t<input size=\"1\" type=\"text\" name=\"form_fields[name]\" id=\"form-field-name\" class=\"elementor-field elementor-size-sm  elementor-field-textual\" required=\"required\">\n\t\t\t\t\t\t\t\t\t\t\t<\/div>\n\t\t\t\t\t\t\t\t<div class=\"elementor-field-type-text elementor-field-group elementor-column elementor-field-group-field_54056b4 elementor-col-100 elementor-field-required elementor-mark-required\">\n\t\t\t\t\t\t\t\t\t\t\t\t<label for=\"form-field-field_54056b4\" class=\"elementor-field-label\">\n\t\t\t\t\t\t\t\tLirst Nombre\t\t\t\t\t\t\t<\/label>\n\t\t\t\t\t\t\t\t\t\t\t\t\t\t<input size=\"1\" type=\"text\" name=\"form_fields[field_54056b4]\" id=\"form-field-field_54056b4\" class=\"elementor-field elementor-size-sm  elementor-field-textual\" required=\"required\">\n\t\t\t\t\t\t\t\t\t\t\t<\/div>\n\t\t\t\t\t\t\t\t<div class=\"elementor-field-type-email elementor-field-group elementor-column elementor-field-group-email elementor-col-100 elementor-field-required elementor-mark-required\">\n\t\t\t\t\t\t\t\t\t\t\t\t<label for=\"form-field-email\" class=\"elementor-field-label\">\n\t\t\t\t\t\t\t\tCorreo electr\u00f3nico\t\t\t\t\t\t\t<\/label>\n\t\t\t\t\t\t\t\t\t\t\t\t\t\t<input size=\"1\" type=\"email\" name=\"form_fields[email]\" id=\"form-field-email\" class=\"elementor-field elementor-size-sm  elementor-field-textual\" required=\"required\">\n\t\t\t\t\t\t\t\t\t\t\t<\/div>\n\t\t\t\t\t\t\t\t<div class=\"elementor-field-type-tel elementor-field-group elementor-column elementor-field-group-field_a860b2a elementor-col-100 elementor-field-required elementor-mark-required\">\n\t\t\t\t\t\t\t\t\t\t\t\t<label for=\"form-field-field_a860b2a\" class=\"elementor-field-label\">\n\t\t\t\t\t\t\t\tN\u00famero De Tel\u00e9fono\t\t\t\t\t\t\t<\/label>\n\t\t\t\t\t\t\t\t<input size=\"1\" type=\"tel\" name=\"form_fields[field_a860b2a]\" id=\"form-field-field_a860b2a\" class=\"elementor-field elementor-size-sm  elementor-field-textual\" required=\"required\" pattern=\"[0-9()#&amp;+*-=.]+\" title=\"S\u00f3lo los n\u00fameros de tel\u00e9fono y de caracteres (#, -, *, etc) son aceptados.\">\n\n\t\t\t\t\t\t<\/div>\n\t\t\t\t\t\t\t\t<div class=\"elementor-field-type-text elementor-field-group elementor-column elementor-field-group-field_cb45299 elementor-col-100 elementor-field-required elementor-mark-required\">\n\t\t\t\t\t\t\t\t\t\t\t\t<label for=\"form-field-field_cb45299\" class=\"elementor-field-label\">\n\t\t\t\t\t\t\t\tNombre de la Empresa u Organizaci\u00f3n\t\t\t\t\t\t\t<\/label>\n\t\t\t\t\t\t\t\t\t\t\t\t\t\t<input size=\"1\" type=\"text\" name=\"form_fields[field_cb45299]\" id=\"form-field-field_cb45299\" class=\"elementor-field elementor-size-sm  elementor-field-textual\" required=\"required\">\n\t\t\t\t\t\t\t\t\t\t\t<\/div>\n\t\t\t\t\t\t\t\t<div class=\"elementor-field-type-text elementor-field-group elementor-column elementor-field-group-field_14c9d4e elementor-col-100 elementor-field-required elementor-mark-required\">\n\t\t\t\t\t\t\t\t\t\t\t\t<label for=\"form-field-field_14c9d4e\" class=\"elementor-field-label\">\n\t\t\t\t\t\t\t\tT\u00edtulo Del Trabajo\t\t\t\t\t\t\t<\/label>\n\t\t\t\t\t\t\t\t\t\t\t\t\t\t<input size=\"1\" type=\"text\" name=\"form_fields[field_14c9d4e]\" id=\"form-field-field_14c9d4e\" class=\"elementor-field elementor-size-sm  elementor-field-textual\" required=\"required\">\n\t\t\t\t\t\t\t\t\t\t\t<\/div>\n\t\t\t\t\t\t\t\t<div class=\"elementor-field-type-text elementor-field-group elementor-column elementor-field-group-field_906a569 elementor-col-100 elementor-field-required elementor-mark-required\">\n\t\t\t\t\t\t\t\t\t\t\t\t<label for=\"form-field-field_906a569\" class=\"elementor-field-label\">\n\t\t\t\t\t\t\t\tDirecci\u00f3n Del Sitio Web\t\t\t\t\t\t\t<\/label>\n\t\t\t\t\t\t\t\t\t\t\t\t\t\t<input size=\"1\" type=\"text\" name=\"form_fields[field_906a569]\" id=\"form-field-field_906a569\" class=\"elementor-field elementor-size-sm  elementor-field-textual\" required=\"required\">\n\t\t\t\t\t\t\t\t\t\t\t<\/div>\n\t\t\t\t\t\t\t\t<div class=\"elementor-field-type-checkbox elementor-field-group elementor-column elementor-field-group-field_7d4ff1f elementor-col-100\">\n\t\t\t\t\t\t\t\t\t\t\t\t<label for=\"form-field-field_7d4ff1f\" class=\"elementor-field-label\">\n\t\t\t\t\t\t\t\tEstoy de inter\u00e9s en\t\t\t\t\t\t\t<\/label>\n\t\t\t\t\t\t<div class=\"elementor-field-subgroup\"><span class=\"elementor-field-option\"><input type=\"checkbox\" value=\"Becoming a savings partner\" id=\"form-field-field_7d4ff1f-0\" name=\"form_fields[field_7d4ff1f][]\"> <label for=\"form-field-field_7d4ff1f-0\">Convertirse en un ahorro de socio<\/label><\/span><span class=\"elementor-field-option\"><input type=\"checkbox\" value=\"Becoming a marketing partner\" id=\"form-field-field_7d4ff1f-1\" name=\"form_fields[field_7d4ff1f][]\"> <label for=\"form-field-field_7d4ff1f-1\">Convertirse en un socio de marketing<\/label><\/span><\/div>\t\t\t\t<\/div>\n\t\t\t\t\t\t\t\t<div class=\"elementor-field-type-textarea elementor-field-group elementor-column elementor-field-group-message elementor-col-100\">\n\t\t\t\t\t\t\t\t\t\t\t\t<label for=\"form-field-message\" class=\"elementor-field-label\">\n\t\t\t\t\t\t\t\tMensaje\t\t\t\t\t\t\t<\/label>\n\t\t\t\t\t\t<textarea class=\"elementor-field-textual elementor-field  elementor-size-sm\" name=\"form_fields[message]\" id=\"form-field-message\" rows=\"4\" placeholder=\"Mensaje\"><\/textarea>\t\t\t\t<\/div>\n\t\t\t\t\t\t\t\t<div class=\"elementor-field-group elementor-column elementor-field-type-submit elementor-col-100 e-form__buttons\">\n\t\t\t\t\t<button class=\"elementor-button elementor-size-sm\" type=\"submit\">\n\t\t\t\t\t\t<span class=\"elementor-button-content-wrapper\">\n\t\t\t\t\t\t\t\t\t\t\t\t\t\t\t\t\t\t\t\t\t\t<span class=\"elementor-button-text\">Enviar su mensaje<\/span>\n\t\t\t\t\t\t\t\t\t\t\t\t\t<\/span>\n\t\t\t\t\t<\/button>\n\t\t\t\t<\/div>\n\t\t\t<\/div>\n\t\t<input type=\"hidden\" name=\"trp-form-language\" value=\"es\"\/><\/form>\n\t\t\t\t\t\t<\/div>\n\t\t\t\t<\/div>\n\t\t\t\t<\/div>\n\t\t\t\t<\/div>\n\t\t\t\t<\/div>\n\t\t\t\t<\/div>\n\t\t\t\t\t<\/div>\n\t\t\t\t<\/div>\n\t\t\t\t<\/div>","protected":false},"excerpt":{"rendered":"<p>Partnership Our carefully selected partnerships help support an environment where businesses can succeed. We partner with industry leaders across the Globe to ensure our members receive exclusive discounts on valuable products and services, maximizing their membership value by saving them money and helping them operate their businesses efficiently. We also collaborate with partners on initiatives [&hellip;]<\/p>","protected":false},"author":1,"featured_media":0,"parent":0,"menu_order":0,"comment_status":"closed","ping_status":"closed","template":"","meta":{"_jf_save_progress":"","_jet_sm_ready_style":"","_jet_sm_style":"","_jet_sm_controls_values":"","_jet_sm_fonts_collection":"","_jet_sm_fonts_links":"","footnotes":""},"class_list":["post-240","page","type-page","status-publish","hentry"],"_links":{"self":[{"href":"https:\/\/divfarrahenterprise.com\/es\/wp-json\/wp\/v2\/pages\/240","targetHints":{"allow":["GET"]}}],"collection":[{"href":"https:\/\/divfarrahenterprise.com\/es\/wp-json\/wp\/v2\/pages"}],"about":[{"href":"https:\/\/divfarrahenterprise.com\/es\/wp-json\/wp\/v2\/types\/page"}],"author":[{"embeddable":true,"href":"https:\/\/divfarrahenterprise.com\/es\/wp-json\/wp\/v2\/users\/1"}],"replies":[{"embeddable":true,"href":"https:\/\/divfarrahenterprise.com\/es\/wp-json\/wp\/v2\/comments?post=240"}],"version-history":[{"count":97,"href":"https:\/\/divfarrahenterprise.com\/es\/wp-json\/wp\/v2\/pages\/240\/revisions"}],"predecessor-version":[{"id":5141,"href":"https:\/\/divfarrahenterprise.com\/es\/wp-json\/wp\/v2\/pages\/240\/revisions\/5141"}],"wp:attachment":[{"href":"https:\/\/divfarrahenterprise.com\/es\/wp-json\/wp\/v2\/media?parent=240"}],"curies":[{"name":"wp","href":"https:\/\/api.w.org\/{rel}","templated":true}]}}