{"id":3049,"date":"2025-06-17T10:08:36","date_gmt":"2025-06-17T10:08:36","guid":{"rendered":"https:\/\/divfarrahenterprise.com\/?page_id=3049"},"modified":"2025-08-02T08:50:43","modified_gmt":"2025-08-02T08:50:43","slug":"logistics-and-trade","status":"publish","type":"page","link":"https:\/\/divfarrahenterprise.com\/es\/logistics-and-trade\/","title":{"rendered":"De log\u00edstica y Comercio"},"content":{"rendered":"<div data-elementor-type=\"wp-page\" data-elementor-id=\"3049\" class=\"elementor elementor-3049\" data-elementor-post-type=\"page\">\n\t\t\t\t<div class=\"elementor-element elementor-element-e5bea23 e-flex e-con-boxed e-con e-parent\" data-id=\"e5bea23\" data-element_type=\"container\" data-settings=\"{&quot;background_background&quot;:&quot;classic&quot;,&quot;motion_fx_motion_fx_scrolling&quot;:&quot;yes&quot;,&quot;motion_fx_devices&quot;:[&quot;desktop&quot;,&quot;tablet&quot;,&quot;mobile&quot;]}\">\n\t\t\t\t\t<div class=\"e-con-inner\">\n\t\t\t\t\t<\/div>\n\t\t\t\t<\/div>\n\t\t<div class=\"elementor-element elementor-element-1e4a7b9 e-flex e-con-boxed e-con e-parent\" data-id=\"1e4a7b9\" data-element_type=\"container\" data-settings=\"{&quot;background_background&quot;:&quot;classic&quot;}\">\n\t\t\t\t\t<div class=\"e-con-inner\">\n\t\t<div class=\"elementor-element elementor-element-925d7d7 e-flex e-con-boxed e-con e-child\" data-id=\"925d7d7\" data-element_type=\"container\">\n\t\t\t\t\t<div class=\"e-con-inner\">\n\t\t\t\t<div class=\"elementor-element elementor-element-7d893de elementor-widget elementor-widget-heading\" data-id=\"7d893de\" data-element_type=\"widget\" data-widget_type=\"heading.default\">\n\t\t\t\t<div class=\"elementor-widget-container\">\n\t\t\t\t\t<h2 class=\"elementor-heading-title elementor-size-default\">Log\u00edstica y Soluciones de Comercio\n<\/h2>\t\t\t\t<\/div>\n\t\t\t\t<\/div>\n\t\t<div class=\"elementor-element elementor-element-81be16d e-con-full e-flex e-con e-child\" data-id=\"81be16d\" data-element_type=\"container\">\n\t\t\t\t<div class=\"elementor-element elementor-element-2d8e479 elementor-widget elementor-widget-text-editor\" data-id=\"2d8e479\" data-element_type=\"widget\" data-widget_type=\"text-editor.default\">\n\t\t\t\t<div class=\"elementor-widget-container\">\n\t\t\t\t\t\t\t\t\t<p>En DivFarrah Empresa, tenemos un completo sistema de log\u00edstica y soluciones de comercio para apoyar las necesidades de su negocio. Nuestros servicios incluyen:<\/p><p><strong>Corretaje De Aduanas:<\/strong> Nuestro experimentado equipo de ayuda con los procedimientos de despacho de aduanas, aranceles y regulaciones para garantizar la importaci\u00f3n y exportaci\u00f3n de los procesos.<\/p><p><strong>Transporte De Carga:<\/strong> Nos encargamos del transporte por aire, mar o tierra, la gesti\u00f3n de rutas de transporte mar\u00edtimo y puertos, para garantizar la prestaci\u00f3n eficiente.<\/p><p><strong>Inspecci\u00f3n y Control de Calidad:<\/strong> Nuestro equipo de control de calidad garantiza que los productos cumplen con los requisitos reglamentarios, reduciendo el riesgo de demoras o incumplimiento.<\/p>\t\t\t\t\t\t\t\t<\/div>\n\t\t\t\t<\/div>\n\t\t\t\t<div class=\"elementor-element elementor-element-8e9b4c7 elementor-widget elementor-widget-heading\" data-id=\"8e9b4c7\" data-element_type=\"widget\" data-widget_type=\"heading.default\">\n\t\t\t\t<div class=\"elementor-widget-container\">\n\t\t\t\t\t<h2 class=\"elementor-heading-title elementor-size-default\">Comercio y de la Cadena de Suministro Experiencia\n<\/h2>\t\t\t\t<\/div>\n\t\t\t\t<\/div>\n\t\t\t\t<div class=\"elementor-element elementor-element-fbd1c9a elementor-widget elementor-widget-text-editor\" data-id=\"fbd1c9a\" data-element_type=\"widget\" data-widget_type=\"text-editor.default\">\n\t\t\t\t<div class=\"elementor-widget-container\">\n\t\t\t\t\t\t\t\t\t<p>Nuestro comercio y de la cadena de suministro experiencia ayuda a empresas como la suya a tener \u00e9xito en el mercado global. Nuestros servicios incluyen:<\/p><p><strong>Importaci\u00f3n\/Exportaci\u00f3n De Consultor\u00eda:<\/strong> Ofrecemos asesoramiento sobre el reglamento, la documentaci\u00f3n y el cumplimiento de los requisitos para garantizar la perfecta comercio internacional.<\/p><p><strong>De La Cadena De Suministro Optimizaci\u00f3n:<\/strong> Nuestros expertos analizar y optimizar las cadenas de suministro para mejorar la eficiencia, reducir costos y mejorar la satisfacci\u00f3n del cliente.<\/p>\t\t\t\t\t\t\t\t<\/div>\n\t\t\t\t<\/div>\n\t\t\t\t<div class=\"elementor-element elementor-element-93d964f elementor-widget elementor-widget-heading\" data-id=\"93d964f\" data-element_type=\"widget\" data-widget_type=\"heading.default\">\n\t\t\t\t<div class=\"elementor-widget-container\">\n\t\t\t\t\t<h2 class=\"elementor-heading-title elementor-size-default\">Servicios De Asesor\u00eda De Negocios\n<\/h2>\t\t\t\t<\/div>\n\t\t\t\t<\/div>\n\t\t\t\t<div class=\"elementor-element elementor-element-80ca27e elementor-widget elementor-widget-text-editor\" data-id=\"80ca27e\" data-element_type=\"widget\" data-widget_type=\"text-editor.default\">\n\t\t\t\t<div class=\"elementor-widget-container\">\n\t\t\t\t\t\t\t\t\t<p>Nuestros servicios de asesor\u00eda de negocios proporcionar valiosos conocimientos y orientaci\u00f3n para apoyar el crecimiento de su negocio. Nuestros servicios incluyen:<\/p><p><strong>El Comercio Internacional De Asesoramiento:<\/strong> Ofrecemos asesoramiento en el comercio mundial leyes, reglamentos y pol\u00edticas para facilitar las operaciones comerciales internacionales.<br \/><strong>Investigaci\u00f3n y An\u00e1lisis de mercado:<\/strong> Nuestra investigaci\u00f3n y an\u00e1lisis servicios de identificar nuevas oportunidades de negocio y las tendencias del mercado, ayudando a mantenerse por delante de la competencia.<\/p>\t\t\t\t\t\t\t\t<\/div>\n\t\t\t\t<\/div>\n\t\t\t\t<div class=\"elementor-element elementor-element-98255d6 elementor-widget elementor-widget-heading\" data-id=\"98255d6\" data-element_type=\"widget\" data-widget_type=\"heading.default\">\n\t\t\t\t<div class=\"elementor-widget-container\">\n\t\t\t\t\t<h2 class=\"elementor-heading-title elementor-size-default\">La Gesti\u00f3n del riesgo y de Protecci\u00f3n\n<\/h2>\t\t\t\t<\/div>\n\t\t\t\t<\/div>\n\t\t\t\t<div class=\"elementor-element elementor-element-b9d5b6c elementor-widget elementor-widget-text-editor\" data-id=\"b9d5b6c\" data-element_type=\"widget\" data-widget_type=\"text-editor.default\">\n\t\t\t\t<div class=\"elementor-widget-container\">\n\t\t\t\t\t\t\t\t\t<p><br \/>Somos conscientes de la importancia de la gesti\u00f3n del riesgo en los negocios. Nuestros servicios incluyen:<\/p><p><strong>NCND Contrato de Servicios:<\/strong> Ofrecemos No-Elusi\u00f3n, acuerdos de No Divulgaci\u00f3n para proteger a las partes involucradas en las transacciones de negocios.<br \/><strong>El Seguro De La Carga:<\/strong> Nuestro seguro de la carga de los servicios de asegurar los bienes contra p\u00e9rdida o da\u00f1o durante el transporte, proporcionar la paz de la mente para su negocio.<\/p>\t\t\t\t\t\t\t\t<\/div>\n\t\t\t\t<\/div>\n\t\t\t\t<div class=\"elementor-element elementor-element-d80b0c1 elementor-widget elementor-widget-heading\" data-id=\"d80b0c1\" data-element_type=\"widget\" data-widget_type=\"heading.default\">\n\t\t\t\t<div class=\"elementor-widget-container\">\n\t\t\t\t\t<h2 class=\"elementor-heading-title elementor-size-default\">El abastecimiento y la Asociaci\u00f3n\n<\/h2>\t\t\t\t<\/div>\n\t\t\t\t<\/div>\n\t\t\t\t<div class=\"elementor-element elementor-element-c7a45fb elementor-widget elementor-widget-text-editor\" data-id=\"c7a45fb\" data-element_type=\"widget\" data-widget_type=\"text-editor.default\">\n\t\t\t\t<div class=\"elementor-widget-container\">\n\t\t\t\t\t\t\t\t\t<p>En DivFarrah Empresa, hemos establecido una red de confianza de los fabricantes y proveedores, ofreciendo a los negocios como el tuyo con acceso a:<\/p><ul><li><strong>Productos de alta calidad<\/strong><\/li><li><strong>Los precios de la competencia<\/strong><\/li><li><strong>Los precios de la competencia<\/strong><\/li><li><strong>Un servicio al cliente excepcional<\/strong><\/li><\/ul><p>Nuestro equipo se dedica a conectar con socios de confianza, la racionalizaci\u00f3n de sus procesos de abastecimiento, y apoyar el crecimiento de su negocio.<\/p>\t\t\t\t\t\t\t\t<\/div>\n\t\t\t\t<\/div>\n\t\t\t\t<div class=\"elementor-element elementor-element-20469e5 elementor-align-left elementor-widget elementor-widget-button\" data-id=\"20469e5\" data-element_type=\"widget\" data-widget_type=\"button.default\">\n\t\t\t\t<div class=\"elementor-widget-container\">\n\t\t\t\t\t\t\t\t\t<div class=\"elementor-button-wrapper\">\n\t\t\t\t\t<a class=\"elementor-button elementor-button-link elementor-size-sm\" href=\"https:\/\/divfarrahenterprise.com\/es\/client-intake-form\/\" target=\"_blank\">\n\t\t\t\t\t\t<span class=\"elementor-button-content-wrapper\">\n\t\t\t\t\t\t\t\t\t<span class=\"elementor-button-text\">DE ADMISI\u00d3N DE CLIENTES<\/span>\n\t\t\t\t\t<\/span>\n\t\t\t\t\t<\/a>\n\t\t\t\t<\/div>\n\t\t\t\t\t\t\t\t<\/div>\n\t\t\t\t<\/div>\n\t\t\t\t<\/div>\n\t\t\t\t\t<\/div>\n\t\t\t\t<\/div>\n\t\t\t\t\t<\/div>\n\t\t\t\t<\/div>\n\t\t\t\t<\/div>","protected":false},"excerpt":{"rendered":"<p>Logistics and Trade Solutions At DivFarrah Enterprise, we provide comprehensive logistics and trade solutions to support your business needs. Our services include: Customs Brokerage: Our experienced team assists with customs clearance procedures, tariffs, and regulations to ensure smooth import and export processes. Freight Forwarding: We arrange transportation via air, sea, or land, managing shipping routes [&hellip;]<\/p>","protected":false},"author":1,"featured_media":0,"parent":0,"menu_order":0,"comment_status":"closed","ping_status":"closed","template":"","meta":{"_jf_save_progress":"","_jet_sm_ready_style":"","_jet_sm_style":"","_jet_sm_controls_values":"","_jet_sm_fonts_collection":"","_jet_sm_fonts_links":"","footnotes":""},"class_list":["post-3049","page","type-page","status-publish","hentry"],"_links":{"self":[{"href":"https:\/\/divfarrahenterprise.com\/es\/wp-json\/wp\/v2\/pages\/3049","targetHints":{"allow":["GET"]}}],"collection":[{"href":"https:\/\/divfarrahenterprise.com\/es\/wp-json\/wp\/v2\/pages"}],"about":[{"href":"https:\/\/divfarrahenterprise.com\/es\/wp-json\/wp\/v2\/types\/page"}],"author":[{"embeddable":true,"href":"https:\/\/divfarrahenterprise.com\/es\/wp-json\/wp\/v2\/users\/1"}],"replies":[{"embeddable":true,"href":"https:\/\/divfarrahenterprise.com\/es\/wp-json\/wp\/v2\/comments?post=3049"}],"version-history":[{"count":21,"href":"https:\/\/divfarrahenterprise.com\/es\/wp-json\/wp\/v2\/pages\/3049\/revisions"}],"predecessor-version":[{"id":4334,"href":"https:\/\/divfarrahenterprise.com\/es\/wp-json\/wp\/v2\/pages\/3049\/revisions\/4334"}],"wp:attachment":[{"href":"https:\/\/divfarrahenterprise.com\/es\/wp-json\/wp\/v2\/media?parent=3049"}],"curies":[{"name":"wp","href":"https:\/\/api.w.org\/{rel}","templated":true}]}}