{"id":4297,"date":"2025-08-02T08:31:35","date_gmt":"2025-08-02T08:31:35","guid":{"rendered":"https:\/\/divfarrahenterprise.com\/?page_id=4297"},"modified":"2025-08-02T08:38:24","modified_gmt":"2025-08-02T08:38:24","slug":"get-started","status":"publish","type":"page","link":"https:\/\/divfarrahenterprise.com\/es\/get-started\/","title":{"rendered":"Empezar"},"content":{"rendered":"<div data-elementor-type=\"wp-page\" data-elementor-id=\"4297\" class=\"elementor elementor-4297\" data-elementor-post-type=\"page\">\n\t\t\t\t<div class=\"elementor-element elementor-element-9ea91b7 e-flex e-con-boxed e-con e-parent\" data-id=\"9ea91b7\" data-element_type=\"container\" data-settings=\"{&quot;background_background&quot;:&quot;classic&quot;,&quot;motion_fx_motion_fx_scrolling&quot;:&quot;yes&quot;,&quot;motion_fx_devices&quot;:[&quot;desktop&quot;,&quot;tablet&quot;,&quot;mobile&quot;]}\">\n\t\t\t\t\t<div class=\"e-con-inner\">\n\t\t\t\t\t<\/div>\n\t\t\t\t<\/div>\n\t\t<div class=\"elementor-element elementor-element-7b70b12 e-flex e-con-boxed e-con e-parent\" data-id=\"7b70b12\" data-element_type=\"container\" data-settings=\"{&quot;background_background&quot;:&quot;classic&quot;}\">\n\t\t\t\t\t<div class=\"e-con-inner\">\n\t\t\t\t<div class=\"elementor-element elementor-element-ffb2c1e elementor-widget elementor-widget-heading\" data-id=\"ffb2c1e\" data-element_type=\"widget\" data-widget_type=\"heading.default\">\n\t\t\t\t<div class=\"elementor-widget-container\">\n\t\t\t\t\t<h2 class=\"elementor-heading-title elementor-size-default\">C\u00f3mo Funciona: Un paso a Paso Gu\u00eda a Nuestros Servicios*<\/h2>\t\t\t\t<\/div>\n\t\t\t\t<\/div>\n\t\t<div class=\"elementor-element elementor-element-7230a5e e-con-full e-flex e-con e-child\" data-id=\"7230a5e\" data-element_type=\"container\">\n\t\t<div class=\"elementor-element elementor-element-7467d9f e-con-full e-flex e-con e-child\" data-id=\"7467d9f\" data-element_type=\"container\">\n\t\t\t\t<div class=\"elementor-element elementor-element-32d9a26 elementor-widget elementor-widget-text-editor\" data-id=\"32d9a26\" data-element_type=\"widget\" data-widget_type=\"text-editor.default\">\n\t\t\t\t<div class=\"elementor-widget-container\">\n\t\t\t\t\t\t\t\t\t<p style=\"text-align: left;\">\u00a0<\/p><p>Nuestro Proceso de Servicio: De principio a fin<br \/>He aqu\u00ed un paso a paso del proceso de servicio para los clientes:<\/p><p><strong>Paso 1: Elige Tu Servicio<\/strong><\/p><p>\u2013 Navegar por nuestro sitio web o p\u00f3ngase en contacto con nosotros para conocer m\u00e1s acerca de nuestros servicios, incluyendo:<br \/>\u2013 Directorio de negocios listados<br \/>\u2013 La formaci\u00f3n empresarial y talleres<br \/>\u2013 Apoyar el Desarrollo de negocios<br \/>\u2013 Orientaci\u00f3n de expertos en Dise\u00f1o Gr\u00e1fico, Marketing Digital, Branding y Promoci\u00f3n<br \/>\u2013 El acceso a Cr\u00e9dito de la Empresa, la Financiaci\u00f3n y la Contabilidad de las soluciones de<br \/>\u2013 Representaci\u00f3n de fabricantes y proveedores de<br \/>\u2013 Log\u00edstica y Soluciones de Comercio<br \/>\u2013 Personalizadas de Negocios de Consulta y Coaching<br \/>\u2013 Presentaci\u00f3n de PowerPoint Dise\u00f1o y Desarrollo<br \/>\u2013 Asistente Virtual de servicios<br \/>\u2013 Direcci\u00f3n de negocios y servicios de telefon\u00eda<br \/>\u2013 Base de datos en la Nube y soluciones de Sistema<br \/>\u2013 El negocio de Corretaje de servicios (compra y venta de empresas)<\/p><p><strong>Paso 2: Solicitud De Informaci\u00f3n<\/strong><\/p><p>\u2013 Enviar un formulario de solicitud a trav\u00e9s de nuestro sitio web<br \/>\u2013 Ll\u00e1menos al [n\u00famero de tel\u00e9fono]<br \/>\u2013 Env\u00edenos un correo electr\u00f3nico a [email address]<\/p><p><strong>Paso 3: Rellene El Formulario De Admisi\u00f3n<\/strong><\/p><p>\u2013 Una vez que hayamos recibido su solicitud, le enviaremos un formulario de admisi\u00f3n para llenar<br \/>\u2013 S\u00edrvanse proporcionar informaci\u00f3n precisa y completa acerca de su negocio y los servicios que usted est\u00e1 interesado en<br \/>\u2013 Aseg\u00farese de revisar el formulario de admisi\u00f3n cuidadosamente antes de enviarlo<\/p><p><strong>Paso 4: Revisar y Firmar el Acuerdo de Servicio<\/strong><\/p><p>\u2013 Vamos a revisar su formulario de admisi\u00f3n y de proveerle a usted con un acuerdo de servicio que establece los t\u00e9rminos y condiciones de nuestros servicios<br \/>\u2013 Por favor, lea el acuerdo de servicio cuidadosamente y aseg\u00farese de entender los t\u00e9rminos y condiciones<br \/>\u2013 Firmar el contrato de servicio y volver a nosotros<\/p><p><strong>Paso 5: Realizar El Pago<\/strong><\/p><p>\u2013 Una vez que haya firmado el contrato de servicio, deber\u00e1 hacer el pago en funci\u00f3n del honorario acordado con nuestro especialista de negocios de agente<br \/>\u2013 Aceptamos [m\u00e9todos de pago, por ejemplo, tarjeta de cr\u00e9dito, PayPal, transferencia bancaria]<\/p><p><strong>Paso 6: El Servicio De Entrega<\/strong><\/p><p>\u2013 Una vez que el pago ha sido recibido, vamos a empezar a entregar los servicios que ha solicitado<br \/>\u2013 Nuestro equipo trabajar\u00e1 con usted para asegurar que usted reciba el mejor servicio posible<\/p><p><strong>Paso 7: Seguimiento<\/strong><\/p><p>\u2013 Nos pondremos en contacto con usted con regularidad para asegurarse de que usted est\u00e1 satisfecho con nuestros servicios<br \/>\u2013 Si usted tiene alguna pregunta o inquietud, por favor no dude en contactar con nosotros<\/p>\t\t\t\t\t\t\t\t<\/div>\n\t\t\t\t<\/div>\n\t\t\t\t<div class=\"elementor-element elementor-element-06ea7f7 elementor-align-left elementor-widget elementor-widget-button\" data-id=\"06ea7f7\" data-element_type=\"widget\" data-widget_type=\"button.default\">\n\t\t\t\t<div class=\"elementor-widget-container\">\n\t\t\t\t\t\t\t\t\t<div class=\"elementor-button-wrapper\">\n\t\t\t\t\t<a class=\"elementor-button elementor-button-link elementor-size-sm\" href=\"https:\/\/divfarrahenterprise.com\/es\/client-intake-form\/\" target=\"_blank\">\n\t\t\t\t\t\t<span class=\"elementor-button-content-wrapper\">\n\t\t\t\t\t\t\t\t\t<span class=\"elementor-button-text\">DE ADMISI\u00d3N DE CLIENTES<\/span>\n\t\t\t\t\t<\/span>\n\t\t\t\t\t<\/a>\n\t\t\t\t<\/div>\n\t\t\t\t\t\t\t\t<\/div>\n\t\t\t\t<\/div>\n\t\t\t\t<\/div>\n\t\t\t\t<\/div>\n\t\t\t\t\t<\/div>\n\t\t\t\t<\/div>\n\t\t\t\t<\/div>","protected":false},"excerpt":{"rendered":"<p>How It Works: A Step-by-Step Guide to Our Services* \u00a0 Our Service Process: From Start to FinishHere&#8217;s a step-by-step service process for clients: Step 1: Choose Your Service &#8211; Browse our website or contact us to learn more about our services, including:&#8211; Business Directory listings&#8211; Entrepreneurship training and workshops&#8211; Business Development support&#8211; Expert guidance on [&hellip;]<\/p>","protected":false},"author":1,"featured_media":0,"parent":0,"menu_order":0,"comment_status":"closed","ping_status":"closed","template":"","meta":{"_jf_save_progress":"","_jet_sm_ready_style":"","_jet_sm_style":"","_jet_sm_controls_values":"","_jet_sm_fonts_collection":"","_jet_sm_fonts_links":"","footnotes":""},"class_list":["post-4297","page","type-page","status-publish","hentry"],"_links":{"self":[{"href":"https:\/\/divfarrahenterprise.com\/es\/wp-json\/wp\/v2\/pages\/4297","targetHints":{"allow":["GET"]}}],"collection":[{"href":"https:\/\/divfarrahenterprise.com\/es\/wp-json\/wp\/v2\/pages"}],"about":[{"href":"https:\/\/divfarrahenterprise.com\/es\/wp-json\/wp\/v2\/types\/page"}],"author":[{"embeddable":true,"href":"https:\/\/divfarrahenterprise.com\/es\/wp-json\/wp\/v2\/users\/1"}],"replies":[{"embeddable":true,"href":"https:\/\/divfarrahenterprise.com\/es\/wp-json\/wp\/v2\/comments?post=4297"}],"version-history":[{"count":4,"href":"https:\/\/divfarrahenterprise.com\/es\/wp-json\/wp\/v2\/pages\/4297\/revisions"}],"predecessor-version":[{"id":4302,"href":"https:\/\/divfarrahenterprise.com\/es\/wp-json\/wp\/v2\/pages\/4297\/revisions\/4302"}],"wp:attachment":[{"href":"https:\/\/divfarrahenterprise.com\/es\/wp-json\/wp\/v2\/media?parent=4297"}],"curies":[{"name":"wp","href":"https:\/\/api.w.org\/{rel}","templated":true}]}}