{"id":1119,"date":"2025-01-07T10:22:40","date_gmt":"2025-01-07T10:22:40","guid":{"rendered":"https:\/\/divfarrahenterprise.com\/?page_id=1119"},"modified":"2025-03-24T07:47:08","modified_gmt":"2025-03-24T07:47:08","slug":"events-video","status":"publish","type":"page","link":"https:\/\/divfarrahenterprise.com\/fr\/events-video\/","title":{"rendered":"LES \u00c9V\u00c9NEMENTS DE LA VID\u00c9O"},"content":{"rendered":"<div data-elementor-type=\"wp-page\" data-elementor-id=\"1119\" class=\"elementor elementor-1119\" data-elementor-post-type=\"page\">\n\t\t\t\t<div class=\"elementor-element elementor-element-3c2aecf e-flex e-con-boxed e-con e-parent\" data-id=\"3c2aecf\" data-element_type=\"container\">\n\t\t\t\t\t<div class=\"e-con-inner\">\n\t\t<div class=\"elementor-element elementor-element-7125a09 e-con-full e-flex e-con e-child\" data-id=\"7125a09\" data-element_type=\"container\">\n\t\t\t\t<div class=\"elementor-element elementor-element-33f0a0a elementor-widget elementor-widget-text-editor\" data-id=\"33f0a0a\" data-element_type=\"widget\" data-widget_type=\"text-editor.default\">\n\t\t\t\t<div class=\"elementor-widget-container\">\n\t\t\t\t\t\t\t\t\t<p><strong>L'exp\u00e9rience de l'\u00c9nergie!<\/strong><\/p><p>De revivre l'excitation de nos \u00e9v\u00e9nements pass\u00e9s et d'obtenir un bref aper\u00e7u de ce que seront les prochaines!<\/p><p><strong>Points Cl\u00e9s De L'\u00c9v\u00e9nement<\/strong><\/p><p>Regarder les vid\u00e9os de nos pr\u00e9c\u00e9dents \u00e9v\u00e9nements, y compris des conf\u00e9rences, galas et festivals.<\/p><p><strong>Musique Commanditaire Spotlight<\/strong><\/p><p>D\u00e9couvrez les vid\u00e9os de notre musique sponsors, mettant en vedette des performances exclusives et des interviews.<\/p><p><strong>Restez \u00e0 l'\u00c9coute pour Plus d'!<\/strong><\/p><p>Abonnez-vous \u00e0 notre cha\u00eene pour les mises \u00e0 jour sur les \u00e9v\u00e9nements \u00e0 venir, derri\u00e8re les images des sc\u00e8nes, et bien plus encore!<\/p>\t\t\t\t\t\t\t\t<\/div>\n\t\t\t\t<\/div>\n\t\t\t\t<\/div>\n\t\t\t\t<div class=\"elementor-element elementor-element-73055fe elementor-widget elementor-widget-jet-listing-grid\" data-id=\"73055fe\" data-element_type=\"widget\" data-settings=\"{&quot;columns&quot;:3,&quot;columns_tablet&quot;:&quot;2&quot;,&quot;columns_mobile&quot;:&quot;1&quot;}\" data-widget_type=\"jet-listing-grid.default\">\n\t\t\t\t<div class=\"elementor-widget-container\">\n\t\t\t\t\t<div class=\"jet-listing-grid jet-listing\"><div class=\"jet-listing-grid__items grid-col-desk-3 grid-col-tablet-2 grid-col-mobile-1 jet-listing-grid--1114\" data-queried-id=\"1119|WP_Post\" data-nav=\"{&quot;enabled&quot;:false,&quot;type&quot;:null,&quot;more_el&quot;:null,&quot;query&quot;:[],&quot;widget_settings&quot;:{&quot;lisitng_id&quot;:1114,&quot;posts_num&quot;:6,&quot;columns&quot;:3,&quot;columns_tablet&quot;:2,&quot;columns_mobile&quot;:1,&quot;column_min_width&quot;:240,&quot;column_min_width_tablet&quot;:240,&quot;column_min_width_mobile&quot;:240,&quot;inline_columns_css&quot;:false,&quot;is_archive_template&quot;:&quot;&quot;,&quot;post_status&quot;:[&quot;publish&quot;],&quot;use_random_posts_num&quot;:&quot;&quot;,&quot;max_posts_num&quot;:9,&quot;not_found_message&quot;:&quot;No data was found&quot;,&quot;is_masonry&quot;:false,&quot;equal_columns_height&quot;:&quot;&quot;,&quot;use_load_more&quot;:&quot;&quot;,&quot;load_more_id&quot;:&quot;&quot;,&quot;load_more_type&quot;:&quot;click&quot;,&quot;load_more_offset&quot;:{&quot;unit&quot;:&quot;px&quot;,&quot;size&quot;:0,&quot;sizes&quot;:[]},&quot;use_custom_post_types&quot;:&quot;&quot;,&quot;custom_post_types&quot;:[],&quot;hide_widget_if&quot;:&quot;&quot;,&quot;carousel_enabled&quot;:&quot;&quot;,&quot;slides_to_scroll&quot;:&quot;1&quot;,&quot;arrows&quot;:&quot;true&quot;,&quot;arrow_icon&quot;:&quot;fa fa-angle-left&quot;,&quot;dots&quot;:&quot;&quot;,&quot;autoplay&quot;:&quot;true&quot;,&quot;pause_on_hover&quot;:&quot;true&quot;,&quot;autoplay_speed&quot;:5000,&quot;infinite&quot;:&quot;true&quot;,&quot;center_mode&quot;:&quot;&quot;,&quot;effect&quot;:&quot;slide&quot;,&quot;speed&quot;:500,&quot;inject_alternative_items&quot;:&quot;&quot;,&quot;injection_items&quot;:[],&quot;scroll_slider_enabled&quot;:&quot;&quot;,&quot;scroll_slider_on&quot;:[&quot;desktop&quot;,&quot;tablet&quot;,&quot;mobile&quot;],&quot;custom_query&quot;:false,&quot;custom_query_id&quot;:&quot;&quot;,&quot;_element_id&quot;:&quot;&quot;,&quot;collapse_first_last_gap&quot;:false,&quot;list_tag_selection&quot;:&quot;&quot;,&quot;list_items_wrapper_tag&quot;:&quot;div&quot;,&quot;list_item_tag&quot;:&quot;div&quot;,&quot;empty_items_wrapper_tag&quot;:&quot;div&quot;}}\" data-page=\"1\" data-pages=\"1\" data-listing-source=\"posts\" data-listing-id=\"1114\" data-query-id=\"\"><div class=\"jet-listing-grid__item jet-listing-dynamic-post-4400\" data-post-id=\"4400\"  >\t\t<div data-elementor-type=\"jet-listing-items\" data-elementor-id=\"1114\" class=\"elementor elementor-1114\" data-elementor-post-type=\"jet-engine\">\n\t\t\t\t<div class=\"elementor-element elementor-element-5afd368 e-flex e-con-boxed e-con e-parent\" data-id=\"5afd368\" data-element_type=\"container\">\n\t\t\t\t\t<div class=\"e-con-inner\">\n\t\t\t\t\t<\/div>\n\t\t\t\t<\/div>\n\t\t\t\t<\/div>\n\t\t<\/div><div class=\"jet-listing-grid__item jet-listing-dynamic-post-4397\" data-post-id=\"4397\"  >\t\t<div data-elementor-type=\"jet-listing-items\" data-elementor-id=\"1114\" class=\"elementor elementor-1114\" data-elementor-post-type=\"jet-engine\">\n\t\t\t\t<div class=\"elementor-element elementor-element-5afd368 e-flex e-con-boxed e-con e-parent\" data-id=\"5afd368\" data-element_type=\"container\">\n\t\t\t\t\t<div class=\"e-con-inner\">\n\t\t\t\t\t<\/div>\n\t\t\t\t<\/div>\n\t\t\t\t<\/div>\n\t\t<\/div><div class=\"jet-listing-grid__item jet-listing-dynamic-post-3089\" data-post-id=\"3089\"  >\t\t<div data-elementor-type=\"jet-listing-items\" data-elementor-id=\"1114\" class=\"elementor elementor-1114\" data-elementor-post-type=\"jet-engine\">\n\t\t\t\t<div class=\"elementor-element elementor-element-5afd368 e-flex e-con-boxed e-con e-parent\" data-id=\"5afd368\" data-element_type=\"container\">\n\t\t\t\t\t<div class=\"e-con-inner\">\n\t\t\t\t\t<\/div>\n\t\t\t\t<\/div>\n\t\t\t\t<\/div>\n\t\t<\/div><\/div><\/div>\t\t\t\t<\/div>\n\t\t\t\t<\/div>\n\t\t\t\t\t<\/div>\n\t\t\t\t<\/div>\n\t\t\t\t<\/div>","protected":false},"excerpt":{"rendered":"<p>Experience the Energy! Relive the excitement of our past events and get a sneak peek into what&#8217;s coming next! Event Highlights Watch videos from our previous events, including conferences, galas, and festivals. Music Sponsor Spotlight Check out videos from our music sponsors, featuring exclusive performances and interviews. Stay Tuned for More! Subscribe to our channel [&hellip;]<\/p>","protected":false},"author":1,"featured_media":0,"parent":0,"menu_order":0,"comment_status":"closed","ping_status":"closed","template":"","meta":{"_jf_save_progress":"","_jet_sm_ready_style":"","_jet_sm_style":"","_jet_sm_controls_values":"","_jet_sm_fonts_collection":"","_jet_sm_fonts_links":"","footnotes":""},"class_list":["post-1119","page","type-page","status-publish","hentry"],"_links":{"self":[{"href":"https:\/\/divfarrahenterprise.com\/fr\/wp-json\/wp\/v2\/pages\/1119","targetHints":{"allow":["GET"]}}],"collection":[{"href":"https:\/\/divfarrahenterprise.com\/fr\/wp-json\/wp\/v2\/pages"}],"about":[{"href":"https:\/\/divfarrahenterprise.com\/fr\/wp-json\/wp\/v2\/types\/page"}],"author":[{"embeddable":true,"href":"https:\/\/divfarrahenterprise.com\/fr\/wp-json\/wp\/v2\/users\/1"}],"replies":[{"embeddable":true,"href":"https:\/\/divfarrahenterprise.com\/fr\/wp-json\/wp\/v2\/comments?post=1119"}],"version-history":[{"count":7,"href":"https:\/\/divfarrahenterprise.com\/fr\/wp-json\/wp\/v2\/pages\/1119\/revisions"}],"predecessor-version":[{"id":2150,"href":"https:\/\/divfarrahenterprise.com\/fr\/wp-json\/wp\/v2\/pages\/1119\/revisions\/2150"}],"wp:attachment":[{"href":"https:\/\/divfarrahenterprise.com\/fr\/wp-json\/wp\/v2\/media?parent=1119"}],"curies":[{"name":"wp","href":"https:\/\/api.w.org\/{rel}","templated":true}]}}