{"id":1189,"date":"2025-01-10T09:51:16","date_gmt":"2025-01-10T09:51:16","guid":{"rendered":"https:\/\/divfarrahenterprise.com\/?page_id=1189"},"modified":"2025-09-24T11:59:11","modified_gmt":"2025-09-24T11:59:11","slug":"career","status":"publish","type":"page","link":"https:\/\/divfarrahenterprise.com\/fr\/career\/","title":{"rendered":"carri\u00e8re"},"content":{"rendered":"<div data-elementor-type=\"wp-page\" data-elementor-id=\"1189\" class=\"elementor elementor-1189\" data-elementor-post-type=\"page\">\n\t\t\t\t<div class=\"elementor-element elementor-element-037a197 e-flex e-con-boxed e-con e-parent\" data-id=\"037a197\" data-element_type=\"container\" data-settings=\"{&quot;background_background&quot;:&quot;classic&quot;,&quot;motion_fx_motion_fx_scrolling&quot;:&quot;yes&quot;,&quot;motion_fx_devices&quot;:[&quot;desktop&quot;,&quot;tablet&quot;,&quot;mobile&quot;]}\">\n\t\t\t\t\t<div class=\"e-con-inner\">\n\t\t\t\t<div class=\"elementor-element elementor-element-56e9856 elementor-widget elementor-widget-heading\" data-id=\"56e9856\" data-element_type=\"widget\" data-widget_type=\"heading.default\">\n\t\t\t\t<div class=\"elementor-widget-container\">\n\t\t\t\t\t<h2 class=\"elementor-heading-title elementor-size-default\">carri\u00e8re<\/h2>\t\t\t\t<\/div>\n\t\t\t\t<\/div>\n\t\t\t\t\t<\/div>\n\t\t\t\t<\/div>\n\t\t<div class=\"elementor-element elementor-element-b4e41ff e-flex e-con-boxed e-con e-parent\" data-id=\"b4e41ff\" data-element_type=\"container\" data-settings=\"{&quot;background_background&quot;:&quot;classic&quot;}\">\n\t\t\t\t\t<div class=\"e-con-inner\">\n\t\t<div class=\"elementor-element elementor-element-40aa9fd e-con-full e-flex e-con e-child\" data-id=\"40aa9fd\" data-element_type=\"container\">\n\t\t<div class=\"jet-sticky-column elementor-element elementor-element-b761048 e-con-full e-flex e-con e-child\" data-jet-settings=\"{&quot;id&quot;:&quot;b761048&quot;,&quot;sticky&quot;:true,&quot;topSpacing&quot;:50,&quot;bottomSpacing&quot;:0,&quot;stickyOn&quot;:[&quot;desktop&quot;,&quot;tablet&quot;],&quot;behavior&quot;:&quot;default&quot;,&quot;zIndex&quot;:1100}\" data-id=\"b761048\" data-element_type=\"container\">\n\t\t\t\t<div class=\"elementor-element elementor-element-1309fbc elementor-widget elementor-widget-image\" data-id=\"1309fbc\" data-element_type=\"widget\" data-widget_type=\"image.default\">\n\t\t\t\t<div class=\"elementor-widget-container\">\n\t\t\t\t\t\t\t\t\t\t\t\t\t\t\t<img fetchpriority=\"high\" decoding=\"async\" width=\"612\" height=\"408\" src=\"https:\/\/divfarrahenterprise.com\/wp-content\/uploads\/2024\/11\/istockphoto-1346125184-612x612-1.jpg\" class=\"attachment-large size-large wp-image-300\" alt=\"\" srcset=\"https:\/\/divfarrahenterprise.com\/wp-content\/uploads\/2024\/11\/istockphoto-1346125184-612x612-1.jpg 612w, https:\/\/divfarrahenterprise.com\/wp-content\/uploads\/2024\/11\/istockphoto-1346125184-612x612-1-600x400.jpg 600w\" sizes=\"(max-width: 612px) 100vw, 612px\" \/>\t\t\t\t\t\t\t\t\t\t\t\t\t\t\t<\/div>\n\t\t\t\t<\/div>\n\t\t\t\t<\/div>\n\t\t<div class=\"elementor-element elementor-element-a8e7a81 e-con-full e-flex e-con e-child\" data-id=\"a8e7a81\" data-element_type=\"container\">\n\t\t\t\t<div class=\"elementor-element elementor-element-9389e65 elementor-widget elementor-widget-heading\" data-id=\"9389e65\" data-element_type=\"widget\" data-widget_type=\"heading.default\">\n\t\t\t\t<div class=\"elementor-widget-container\">\n\t\t\t\t\t<h2 class=\"elementor-heading-title elementor-size-default\">\u00c0 Propos De Nous<\/h2>\t\t\t\t<\/div>\n\t\t\t\t<\/div>\n\t\t\t\t<div class=\"elementor-element elementor-element-6dbb74a elementor-widget elementor-widget-text-editor\" data-id=\"6dbb74a\" data-element_type=\"widget\" data-widget_type=\"text-editor.default\">\n\t\t\t\t<div class=\"elementor-widget-container\">\n\t\t\t\t\t\t\t\t\t<p>DivFarrah Entreprise est une association professionnelle de l'entreprise d\u00e9di\u00e9e \u00e0 soutenir les entrepreneurs et les propri\u00e9taires d'entreprises. Nous offrons une gamme de services, y compris les listes de r\u00e9pertoires, la formation \u00e0 l'entrepreneuriat, le d\u00e9veloppement des entreprises et de la maison des services tels que la conception graphique, le marketing num\u00e9rique, et de consultation d'affaires.<\/p><p>D\u00e9bloquer Votre Potentiel de Gain avec DivFarrah Dynamo<br \/>Rejoignez notre \u00e9quipe dynamique et reconnue pour DivFarrah Dynamo, symbolisant l'\u00e9nergie, la volont\u00e9, et ax\u00e9e sur les r\u00e9sultats de la performance des ventes.<\/p>\t\t\t\t\t\t\t\t<\/div>\n\t\t\t\t<\/div>\n\t\t\t\t<div class=\"elementor-element elementor-element-c38b9f0 elementor-widget elementor-widget-heading\" data-id=\"c38b9f0\" data-element_type=\"widget\" data-widget_type=\"heading.default\">\n\t\t\t\t<div class=\"elementor-widget-container\">\n\t\t\t\t\t<h2 class=\"elementor-heading-title elementor-size-default\">Des Opportunit\u00e9s De Carri\u00e8re\n<\/h2>\t\t\t\t<\/div>\n\t\t\t\t<\/div>\n\t\t\t\t<div class=\"elementor-element elementor-element-d655e59 elementor-widget elementor-widget-text-editor\" data-id=\"d655e59\" data-element_type=\"widget\" data-widget_type=\"text-editor.default\">\n\t\t\t\t<div class=\"elementor-widget-container\">\n\t\t\t\t\t\t\t\t\t<p>Nous sommes \u00e0 la recherche motiv\u00e9e et ax\u00e9e sur les r\u00e9sultats individus \u00e0 se joindre \u00e0 notre \u00e9quipe en tant que:<\/p>\t\t\t\t\t\t\t\t<\/div>\n\t\t\t\t<\/div>\n\t\t\t\t<div class=\"elementor-element elementor-element-851530a elementor-widget elementor-widget-text-editor\" data-id=\"851530a\" data-element_type=\"widget\" data-widget_type=\"text-editor.default\">\n\t\t\t\t<div class=\"elementor-widget-container\">\n\t\t\t\t\t\t\t\t\t<p><strong>\u2013 La Commission Des Agents:<\/strong> G\u00e9n\u00e9rer de nouvelles opportunit\u00e9s d'affaires et de ventes pour nos services aux membres.<br \/><strong>\u2013 Gestionnaires:<\/strong> De g\u00e9rer et de diriger des \u00e9quipes d'agents, de fournir des conseils et de soutien pour favoriser la croissance des ventes.<br \/><strong>\u2013 Administration:<\/strong> \u00c9laborer et mettre en \u0153uvre des plans strat\u00e9giques \u00e0 conduire la croissance de l'entreprise, d'\u00e9largir notre r\u00e9seau, et augmenter les revenus.<\/p>\t\t\t\t\t\t\t\t<\/div>\n\t\t\t\t<\/div>\n\t\t\t\t<\/div>\n\t\t\t\t<\/div>\n\t\t\t\t<div class=\"elementor-element elementor-element-a3b1a42 elementor-widget elementor-widget-heading\" data-id=\"a3b1a42\" data-element_type=\"widget\" data-widget_type=\"heading.default\">\n\t\t\t\t<div class=\"elementor-widget-container\">\n\t\t\t\t\t<h2 class=\"elementor-heading-title elementor-size-default\">Avantages<\/h2>\t\t\t\t<\/div>\n\t\t\t\t<\/div>\n\t\t\t\t<div class=\"elementor-element elementor-element-318cb39 elementor-widget elementor-widget-text-editor\" data-id=\"318cb39\" data-element_type=\"widget\" data-widget_type=\"text-editor.default\">\n\t\t\t\t<div class=\"elementor-widget-container\">\n\t\t\t\t\t\t\t\t\t<ul><li>Concurrentiel de la commission des structures<\/li><li>En cours de formation et de soutien<\/li><li>Possibilit\u00e9s d'avancement de carri\u00e8re<\/li><li>Des arrangements de travail flexibles<\/li><li>De collaboration et de l'environnement de travail dynamique<\/li><\/ul>\t\t\t\t\t\t\t\t<\/div>\n\t\t\t\t<\/div>\n\t\t\t\t<div class=\"elementor-element elementor-element-61ce2a7 elementor-widget elementor-widget-heading\" data-id=\"61ce2a7\" data-element_type=\"widget\" data-widget_type=\"heading.default\">\n\t\t\t\t<div class=\"elementor-widget-container\">\n\t\t\t\t\t<h2 class=\"elementor-heading-title elementor-size-default\">Exigences\n<\/h2>\t\t\t\t<\/div>\n\t\t\t\t<\/div>\n\t\t\t\t<div class=\"elementor-element elementor-element-d8f5ed7 elementor-widget elementor-widget-text-editor\" data-id=\"d8f5ed7\" data-element_type=\"widget\" data-widget_type=\"text-editor.default\">\n\t\t\t\t<div class=\"elementor-widget-container\">\n\t\t\t\t\t\t\t\t\t<ul><li>M\u00e9thode de vente ou de d\u00e9veloppement des affaires exp\u00e9rience<\/li><li>De solides comp\u00e9tences interpersonnelles et de communication<\/li><li>Capacit\u00e9 \u00e0 travailler de fa\u00e7on autonome et en \u00e9quipe<\/li><li>Ax\u00e9e sur les r\u00e9sultats et motiv\u00e9s par des objectifs<\/li><\/ul>\t\t\t\t\t\t\t\t<\/div>\n\t\t\t\t<\/div>\n\t\t\t\t<div class=\"elementor-element elementor-element-aa2ac0c elementor-widget elementor-widget-heading\" data-id=\"aa2ac0c\" data-element_type=\"widget\" data-widget_type=\"heading.default\">\n\t\t\t\t<div class=\"elementor-widget-container\">\n\t\t\t\t\t<h2 class=\"elementor-heading-title elementor-size-default\">Niveau Programme\n\n<\/h2>\t\t\t\t<\/div>\n\t\t\t\t<\/div>\n\t\t\t\t<div class=\"elementor-element elementor-element-fdd14f4 elementor-widget elementor-widget-text-editor\" data-id=\"fdd14f4\" data-element_type=\"widget\" data-widget_type=\"text-editor.default\">\n\t\t\t\t<div class=\"elementor-widget-container\">\n\t\t\t\t\t\t\t\t\t<p>Le progr\u00e8s par le biais de notre niveau et de d\u00e9bloquer des avantages exclusifs, des commissions et de la reconnaissance.<\/p>\t\t\t\t\t\t\t\t<\/div>\n\t\t\t\t<\/div>\n\t\t\t\t<div class=\"elementor-element elementor-element-6c94be3 elementor-widget elementor-widget-heading\" data-id=\"6c94be3\" data-element_type=\"widget\" data-widget_type=\"heading.default\">\n\t\t\t\t<div class=\"elementor-widget-container\">\n\t\t\t\t\t<h2 class=\"elementor-heading-title elementor-size-default\">Niveaux:\n<\/h2>\t\t\t\t<\/div>\n\t\t\t\t<\/div>\n\t\t\t\t<div class=\"elementor-element elementor-element-a9733a7 elementor-widget elementor-widget-text-editor\" data-id=\"a9733a7\" data-element_type=\"widget\" data-widget_type=\"text-editor.default\">\n\t\t\t\t<div class=\"elementor-widget-container\">\n\t\t\t\t\t\t\t\t\t<p><strong>1. Bronze: S'Enflammer:<\/strong> \u00c9tincelle de vente d'\u00e9nergie et d'acc\u00e9der \u00e0 des ressources de formation et de soutien d\u00e9di\u00e9.<br \/><strong>2. Argent: Acc\u00e9l\u00e9rer:<\/strong> Prendre de l'\u00e9lan avec l'augmentation des taux de commission et de l'exclusivit\u00e9 de la commercialisation soutenir.<br \/><strong>3. Or: R\u00e9ussir:<\/strong> Atteindre le succ\u00e8s avec le plus haut taux de commission et de la priorit\u00e9 de l'acc\u00e8s \u00e0 de nouveaux produits\/services.<br \/><strong>4. Platine: Apex:<\/strong> D\u00e9montrer d'excellentes ventes de la performance et de recevoir des r\u00e9compenses exclusives et d'un accompagnement personnalis\u00e9.<\/p>\t\t\t\t\t\t\t\t<\/div>\n\t\t\t\t<\/div>\n\t\t\t\t<div class=\"elementor-element elementor-element-4cd85e1 elementor-widget elementor-widget-heading\" data-id=\"4cd85e1\" data-element_type=\"widget\" data-widget_type=\"heading.default\">\n\t\t\t\t<div class=\"elementor-widget-container\">\n\t\t\t\t\t<h2 class=\"elementor-heading-title elementor-size-default\">La Structure De La Commission\n\n\n<\/h2>\t\t\t\t<\/div>\n\t\t\t\t<\/div>\n\t\t\t\t<div class=\"elementor-element elementor-element-680a308 elementor-widget elementor-widget-text-editor\" data-id=\"680a308\" data-element_type=\"widget\" data-widget_type=\"text-editor.default\">\n\t\t\t\t<div class=\"elementor-widget-container\">\n\t\t\t\t\t\t\t\t\t<p>Gagner de l'augmentation des taux et des primes que vous progressez \u00e0 travers notre niveau de la commission.<\/p>\t\t\t\t\t\t\t\t<\/div>\n\t\t\t\t<\/div>\n\t\t\t\t<div class=\"elementor-element elementor-element-654f1ea elementor-widget elementor-widget-text-editor\" data-id=\"654f1ea\" data-element_type=\"widget\" data-widget_type=\"text-editor.default\">\n\t\t\t\t<div class=\"elementor-widget-container\">\n\t\t\t\t\t\t\t\t\t<p><strong>Au Niveau De La Commission:<\/strong><\/p><p><strong>1. Spark:<\/strong> Niveau d'entr\u00e9e commission de 10% sur les ventes<br \/><strong>2. Boost:<\/strong> \u00c0 mi-niveau de la commission \u2013 15% sur les ventes (n\u00e9cessite 1 000 $dans les ventes mensuelles)<br \/><strong>3. Surge:<\/strong> Niveau avanc\u00e9 de la commission \u2013 20% sur les ventes (n\u00e9cessite de 5 000 $en ventes mensuelles)<br \/><strong>4. Pinnacle:<\/strong> L'\u00e9lite au niveau de la commission \u2013 25% sur les ventes (n\u00e9cessite 10 000 $en ventes mensuelles)<\/p>\t\t\t\t\t\t\t\t<\/div>\n\t\t\t\t<\/div>\n\t\t\t\t<div class=\"elementor-element elementor-element-8c930c0 elementor-widget elementor-widget-heading\" data-id=\"8c930c0\" data-element_type=\"widget\" data-widget_type=\"heading.default\">\n\t\t\t\t<div class=\"elementor-widget-container\">\n\t\t\t\t\t<h2 class=\"elementor-heading-title elementor-size-default\">Rejoignez Notre \u00c9quipe\n\n\n\n<\/h2>\t\t\t\t<\/div>\n\t\t\t\t<\/div>\n\t\t\t\t<div class=\"elementor-element elementor-element-0aab6e8 elementor-widget elementor-widget-text-editor\" data-id=\"0aab6e8\" data-element_type=\"widget\" data-widget_type=\"text-editor.default\">\n\t\t\t\t<div class=\"elementor-widget-container\">\n\t\t\t\t\t\t\t\t\t<p>Pr\u00eat pour d\u00e9bloquer votre potentiel de gains? Rejoignez notre \u00e9quipe d\u00e8s aujourd'hui et commencer la r\u00e9alisation de vos objectifs de chiffre d'affaires!<\/p>\t\t\t\t\t\t\t\t<\/div>\n\t\t\t\t<\/div>\n\t\t\t\t<div class=\"elementor-element elementor-element-0e36e27 elementor-widget elementor-widget-button\" data-id=\"0e36e27\" data-element_type=\"widget\" data-widget_type=\"button.default\">\n\t\t\t\t<div class=\"elementor-widget-container\">\n\t\t\t\t\t\t\t\t\t<div class=\"elementor-button-wrapper\">\n\t\t\t\t\t<a class=\"elementor-button elementor-button-link elementor-size-sm\" href=\"https:\/\/divfarrahenterprise.com\/fr\/client-intake-form\/\">\n\t\t\t\t\t\t<span class=\"elementor-button-content-wrapper\">\n\t\t\t\t\t\t\t\t\t<span class=\"elementor-button-text\">Appliquer Maintenant <\/span>\n\t\t\t\t\t<\/span>\n\t\t\t\t\t<\/a>\n\t\t\t\t<\/div>\n\t\t\t\t\t\t\t\t<\/div>\n\t\t\t\t<\/div>\n\t\t\t\t\t<\/div>\n\t\t\t\t<\/div>\n\t\t\t\t<\/div>","protected":false},"excerpt":{"rendered":"<p>career About Us DivFarrah Enterprise is a business membership company dedicated to supporting entrepreneurs and business owners. We offer a range of services, including business directory listings, entrepreneurship training, business development, and in-house services such as graphic design, digital marketing, and business consultation. Unlock Your Earning Potential with DivFarrah DynamoJoin our dynamic team and become [&hellip;]<\/p>","protected":false},"author":1,"featured_media":0,"parent":0,"menu_order":0,"comment_status":"closed","ping_status":"closed","template":"","meta":{"_jf_save_progress":"","_jet_sm_ready_style":"","_jet_sm_style":"","_jet_sm_controls_values":"","_jet_sm_fonts_collection":"","_jet_sm_fonts_links":"","footnotes":""},"class_list":["post-1189","page","type-page","status-publish","hentry"],"_links":{"self":[{"href":"https:\/\/divfarrahenterprise.com\/fr\/wp-json\/wp\/v2\/pages\/1189","targetHints":{"allow":["GET"]}}],"collection":[{"href":"https:\/\/divfarrahenterprise.com\/fr\/wp-json\/wp\/v2\/pages"}],"about":[{"href":"https:\/\/divfarrahenterprise.com\/fr\/wp-json\/wp\/v2\/types\/page"}],"author":[{"embeddable":true,"href":"https:\/\/divfarrahenterprise.com\/fr\/wp-json\/wp\/v2\/users\/1"}],"replies":[{"embeddable":true,"href":"https:\/\/divfarrahenterprise.com\/fr\/wp-json\/wp\/v2\/comments?post=1189"}],"version-history":[{"count":31,"href":"https:\/\/divfarrahenterprise.com\/fr\/wp-json\/wp\/v2\/pages\/1189\/revisions"}],"predecessor-version":[{"id":4674,"href":"https:\/\/divfarrahenterprise.com\/fr\/wp-json\/wp\/v2\/pages\/1189\/revisions\/4674"}],"wp:attachment":[{"href":"https:\/\/divfarrahenterprise.com\/fr\/wp-json\/wp\/v2\/media?parent=1189"}],"curies":[{"name":"wp","href":"https:\/\/api.w.org\/{rel}","templated":true}]}}