{"id":1205,"date":"2025-01-12T07:46:19","date_gmt":"2025-01-12T07:46:19","guid":{"rendered":"https:\/\/divfarrahenterprise.com\/?page_id=1205"},"modified":"2025-05-08T07:29:33","modified_gmt":"2025-05-08T07:29:33","slug":"membership-benefits","status":"publish","type":"page","link":"https:\/\/divfarrahenterprise.com\/fr\/membership-benefits\/","title":{"rendered":"Avantages De L'Adh\u00e9sion"},"content":{"rendered":"<div data-elementor-type=\"wp-page\" data-elementor-id=\"1205\" class=\"elementor elementor-1205\" data-elementor-post-type=\"page\">\n\t\t\t\t<div class=\"elementor-element elementor-element-9c4986d e-flex e-con-boxed e-con e-parent\" data-id=\"9c4986d\" data-element_type=\"container\" data-settings=\"{&quot;background_background&quot;:&quot;classic&quot;,&quot;motion_fx_motion_fx_scrolling&quot;:&quot;yes&quot;,&quot;motion_fx_devices&quot;:[&quot;desktop&quot;,&quot;tablet&quot;,&quot;mobile&quot;]}\">\n\t\t\t\t\t<div class=\"e-con-inner\">\n\t\t\t\t<div class=\"elementor-element elementor-element-955d953 elementor-widget elementor-widget-heading\" data-id=\"955d953\" data-element_type=\"widget\" data-widget_type=\"heading.default\">\n\t\t\t\t<div class=\"elementor-widget-container\">\n\t\t\t\t\t<h2 class=\"elementor-heading-title elementor-size-default\">Avantages De L'Adh\u00e9sion\n<\/h2>\t\t\t\t<\/div>\n\t\t\t\t<\/div>\n\t\t\t\t\t<\/div>\n\t\t\t\t<\/div>\n\t\t<div class=\"elementor-element elementor-element-3ada2c2 e-flex e-con-boxed e-con e-parent\" data-id=\"3ada2c2\" data-element_type=\"container\">\n\t\t\t\t\t<div class=\"e-con-inner\">\n\t\t\t\t<div class=\"elementor-element elementor-element-02ae2cb elementor-widget elementor-widget-text-editor\" data-id=\"02ae2cb\" data-element_type=\"widget\" data-widget_type=\"text-editor.default\">\n\t\t\t\t<div class=\"elementor-widget-container\">\n\t\t\t\t\t\t\t\t\t<p>D\u00e9bloquer des Rabais Exclusifs, des Services et des Opportunit\u00e9s pour d\u00e9velopper Votre Entreprise<\/p>\t\t\t\t\t\t\t\t<\/div>\n\t\t\t\t<\/div>\n\t\t\t\t\t<\/div>\n\t\t\t\t<\/div>\n\t\t<div class=\"elementor-element elementor-element-ae93279 e-flex e-con-boxed e-con e-parent\" data-id=\"ae93279\" data-element_type=\"container\">\n\t\t\t\t\t<div class=\"e-con-inner\">\n\t\t\t\t<div class=\"elementor-element elementor-element-df38068 elementor-widget elementor-widget-heading\" data-id=\"df38068\" data-element_type=\"widget\" data-widget_type=\"heading.default\">\n\t\t\t\t<div class=\"elementor-widget-container\">\n\t\t\t\t\t<h2 class=\"elementor-heading-title elementor-size-default\">Principaux Avantages\n\n\n<\/h2>\t\t\t\t<\/div>\n\t\t\t\t<\/div>\n\t\t\t\t<div class=\"elementor-element elementor-element-4643410 elementor-widget elementor-widget-text-editor\" data-id=\"4643410\" data-element_type=\"widget\" data-widget_type=\"text-editor.default\">\n\t\t\t\t<div class=\"elementor-widget-container\">\n\t\t\t\t\t\t\t\t\t<ul><li style=\"text-align: left;\"><strong>Annuaire Des Entreprises De Cotation:<\/strong> Augmentez votre visibilit\u00e9 en ligne avec une inscription dans notre annuaire d'entreprises.<\/li><li style=\"text-align: left;\"><strong>Services \u00c0 Prix R\u00e9duits:<\/strong> Profitez de r\u00e9ductions exclusives sur nos services, y compris la conception graphique, le marketing num\u00e9rique, et de consultation d'affaires.<\/li><li style=\"text-align: left;\"><strong>Des Occasions De R\u00e9seautage:<\/strong> Se connecter avec d'autres entrepreneurs et propri\u00e9taires d'entreprises \u00e0 travers nos \u00e9v\u00e9nements et de la communaut\u00e9 en ligne.<\/li><\/ul>\t\t\t\t\t\t\t\t<\/div>\n\t\t\t\t<\/div>\n\t\t\t\t<div class=\"elementor-element elementor-element-59860a5 elementor-widget elementor-widget-heading\" data-id=\"59860a5\" data-element_type=\"widget\" data-widget_type=\"heading.default\">\n\t\t\t\t<div class=\"elementor-widget-container\">\n\t\t\t\t\t<h2 class=\"elementor-heading-title elementor-size-default\">La croissance et le D\u00e9veloppement des Prestations\n\n\n<\/h2>\t\t\t\t<\/div>\n\t\t\t\t<\/div>\n\t\t\t\t<div class=\"elementor-element elementor-element-f01f76d elementor-widget elementor-widget-text-editor\" data-id=\"f01f76d\" data-element_type=\"widget\" data-widget_type=\"text-editor.default\">\n\t\t\t\t<div class=\"elementor-widget-container\">\n\t\t\t\t\t\t\t\t\t<ul><li style=\"text-align: left;\"><strong>\u00a0La Planification des activit\u00e9s et de la Strat\u00e9gie:<\/strong> Obtenez des conseils d'experts sur la cr\u00e9ation d'un plan d'affaires complet et de la strat\u00e9gie.<\/li><li style=\"text-align: left;\"><strong>Marketing et Promotion:<\/strong> Acc\u00e8s \u00e0 des rabais exclusifs sur le marketing et la promotion des services, y compris la gestion des m\u00e9dias sociaux et de la publicit\u00e9.<\/li><li style=\"text-align: left;\"><strong>Affaires de Cr\u00e9dit et de Financement:<\/strong> Obtenez des conseils d'experts sur le cr\u00e9dit aux entreprises, le financement et la comptabilit\u00e9.<p>\u00a0<\/p><\/li><\/ul>\t\t\t\t\t\t\t\t<\/div>\n\t\t\t\t<\/div>\n\t\t\t\t<div class=\"elementor-element elementor-element-07ac0e2 elementor-widget elementor-widget-heading\" data-id=\"07ac0e2\" data-element_type=\"widget\" data-widget_type=\"heading.default\">\n\t\t\t\t<div class=\"elementor-widget-container\">\n\t\t\t\t\t<h2 class=\"elementor-heading-title elementor-size-default\">Avantages Op\u00e9rationnels\n\n\n\n<\/h2>\t\t\t\t<\/div>\n\t\t\t\t<\/div>\n\t\t\t\t<div class=\"elementor-element elementor-element-be81fbf elementor-widget elementor-widget-text-editor\" data-id=\"be81fbf\" data-element_type=\"widget\" data-widget_type=\"text-editor.default\">\n\t\t\t\t<div class=\"elementor-widget-container\">\n\t\t\t\t\t\t\t\t\t<ul><li style=\"text-align: left;\"><strong>Graphique et Design de Services:<\/strong> Profitez de tarifs r\u00e9duits sur les services de design graphique, y compris la cr\u00e9ation de logo, brochures, et plus encore.<\/li><li style=\"text-align: left;\"><strong>Digital Marketing Des Services:<\/strong> Acc\u00e8s \u00e0 des rabais exclusifs sur le marketing digital services, y compris la conception de site web, le R\u00c9F\u00c9RENCEMENT, et plus encore.<\/li><li style=\"text-align: left;\"><strong>Entreprise de Consultation et de Coaching:<\/strong> Obtenez des conseils d'experts et d'encadrement des activit\u00e9s de l'entreprise, de la gestion et de la croissance.<\/li><\/ul>\t\t\t\t\t\t\t\t<\/div>\n\t\t\t\t<\/div>\n\t\t\t\t<div class=\"elementor-element elementor-element-39b7813 elementor-widget elementor-widget-heading\" data-id=\"39b7813\" data-element_type=\"widget\" data-widget_type=\"heading.default\">\n\t\t\t\t<div class=\"elementor-widget-container\">\n\t\t\t\t\t<h2 class=\"elementor-heading-title elementor-size-default\">Profil Complet Vitrine\n\n\n<\/h2>\t\t\t\t<\/div>\n\t\t\t\t<\/div>\n\t\t\t\t<div class=\"elementor-element elementor-element-8358884 elementor-widget elementor-widget-text-editor\" data-id=\"8358884\" data-element_type=\"widget\" data-widget_type=\"text-editor.default\">\n\t\t\t\t<div class=\"elementor-widget-container\">\n\t\t\t\t\t\t\t\t\t<ul><li style=\"text-align: left;\">La vitrine de votre entreprise avec un profil complet, y compris toutes les informations de contact, le rendant facile pour les clients potentiels clients \u00e0 trouver et se connecter avec vous.<\/li><\/ul><ul><li style=\"text-align: left;\"><strong>Le Forum D'Experts De<\/strong><br \/>Partagez votre expertise et mettre en valeur vos services dans notre forum d\u00e9di\u00e9, o\u00f9 prospecter les clients peuvent poser des questions et demander des conseils.<\/li><\/ul>\t\t\t\t\t\t\t\t<\/div>\n\t\t\t\t<\/div>\n\t\t\t\t<div class=\"elementor-element elementor-element-eb8ffc4 elementor-widget elementor-widget-heading\" data-id=\"eb8ffc4\" data-element_type=\"widget\" data-widget_type=\"heading.default\">\n\t\t\t\t<div class=\"elementor-widget-container\">\n\t\t\t\t\t<h2 class=\"elementor-heading-title elementor-size-default\">Partenariat Avantages\n\n\n\n\n<\/h2>\t\t\t\t<\/div>\n\t\t\t\t<\/div>\n\t\t\t\t<div class=\"elementor-element elementor-element-acf06b8 elementor-widget elementor-widget-text-editor\" data-id=\"acf06b8\" data-element_type=\"widget\" data-widget_type=\"text-editor.default\">\n\t\t\t\t<div class=\"elementor-widget-container\">\n\t\t\t\t\t\t\t\t\t<ul><li style=\"text-align: left;\"><strong>Repr\u00e9sentant de Fabricants et de Fournisseurs:<\/strong> Se connecter avec les fabricants et les fournisseurs par le biais de notre r\u00e9seau.<\/li><li style=\"text-align: left;\"><strong>Affaires, de Partenariats et de Collaborations:<\/strong> L'acc\u00e8s \u00e0 des opportunit\u00e9s de partenariats et de collaborations avec d'autres entreprises et des organisations.<\/li><\/ul>\t\t\t\t\t\t\t\t<\/div>\n\t\t\t\t<\/div>\n\t\t\t\t<div class=\"elementor-element elementor-element-9bbf7b3 elementor-widget elementor-widget-heading\" data-id=\"9bbf7b3\" data-element_type=\"widget\" data-widget_type=\"heading.default\">\n\t\t\t\t<div class=\"elementor-widget-container\">\n\t\t\t\t\t<h2 class=\"elementor-heading-title elementor-size-default\">Plans D'Adh\u00e9sion\n\n\n\n\n<\/h2>\t\t\t\t<\/div>\n\t\t\t\t<\/div>\n\t\t\t\t<div class=\"elementor-element elementor-element-8d8ad69 elementor-widget elementor-widget-text-editor\" data-id=\"8d8ad69\" data-element_type=\"widget\" data-widget_type=\"text-editor.default\">\n\t\t\t\t<div class=\"elementor-widget-container\">\n\t\t\t\t\t\t\t\t\t<p>Nous offrons diff\u00e9rents plans d'adh\u00e9sion aux besoins de votre entreprise. Choisissez l'un de nos Agents\/\u00c9tudiants,aux Entreprises, aux Soci\u00e9t\u00e9s Membres de plans et de commencer \u00e0 profiter des avantages de l'adh\u00e9sion aujourd'hui!<\/p>\t\t\t\t\t\t\t\t<\/div>\n\t\t\t\t<\/div>\n\t\t\t\t\t<\/div>\n\t\t\t\t<\/div>\n\t\t\t\t<\/div>","protected":false},"excerpt":{"rendered":"<p>Membership Benefits Unlock Exclusive Discounts, Services, and Opportunities to Grow Your Business Core Benefits Business Directory Listing: Increase your online visibility with a listing in our business directory. Discounted Services: Enjoy exclusive discounts on our services, including graphic design, digital marketing, and business consultation. Networking Opportunities: Connect with fellow entrepreneurs and business owners through our [&hellip;]<\/p>","protected":false},"author":1,"featured_media":0,"parent":0,"menu_order":0,"comment_status":"closed","ping_status":"closed","template":"","meta":{"_jf_save_progress":"","_jet_sm_ready_style":"","_jet_sm_style":"","_jet_sm_controls_values":"","_jet_sm_fonts_collection":"","_jet_sm_fonts_links":"","footnotes":""},"class_list":["post-1205","page","type-page","status-publish","hentry"],"_links":{"self":[{"href":"https:\/\/divfarrahenterprise.com\/fr\/wp-json\/wp\/v2\/pages\/1205","targetHints":{"allow":["GET"]}}],"collection":[{"href":"https:\/\/divfarrahenterprise.com\/fr\/wp-json\/wp\/v2\/pages"}],"about":[{"href":"https:\/\/divfarrahenterprise.com\/fr\/wp-json\/wp\/v2\/types\/page"}],"author":[{"embeddable":true,"href":"https:\/\/divfarrahenterprise.com\/fr\/wp-json\/wp\/v2\/users\/1"}],"replies":[{"embeddable":true,"href":"https:\/\/divfarrahenterprise.com\/fr\/wp-json\/wp\/v2\/comments?post=1205"}],"version-history":[{"count":16,"href":"https:\/\/divfarrahenterprise.com\/fr\/wp-json\/wp\/v2\/pages\/1205\/revisions"}],"predecessor-version":[{"id":2636,"href":"https:\/\/divfarrahenterprise.com\/fr\/wp-json\/wp\/v2\/pages\/1205\/revisions\/2636"}],"wp:attachment":[{"href":"https:\/\/divfarrahenterprise.com\/fr\/wp-json\/wp\/v2\/media?parent=1205"}],"curies":[{"name":"wp","href":"https:\/\/api.w.org\/{rel}","templated":true}]}}