{"id":1272,"date":"2025-01-13T09:57:09","date_gmt":"2025-01-13T09:57:09","guid":{"rendered":"https:\/\/divfarrahenterprise.com\/?page_id=1272"},"modified":"2025-08-02T08:46:28","modified_gmt":"2025-08-02T08:46:28","slug":"digital-marketing","status":"publish","type":"page","link":"https:\/\/divfarrahenterprise.com\/fr\/digital-marketing\/","title":{"rendered":"Le Marketing Num\u00e9rique"},"content":{"rendered":"<div data-elementor-type=\"wp-page\" data-elementor-id=\"1272\" class=\"elementor elementor-1272\" data-elementor-post-type=\"page\">\n\t\t\t\t<div class=\"elementor-element elementor-element-9e2cca0 e-flex e-con-boxed wcf-starter-animations-none e-con e-parent\" data-id=\"9e2cca0\" data-element_type=\"container\" data-e-type=\"container\" data-settings=\"{&quot;background_background&quot;:&quot;classic&quot;,&quot;motion_fx_motion_fx_scrolling&quot;:&quot;yes&quot;,&quot;motion_fx_devices&quot;:[&quot;desktop&quot;,&quot;tablet&quot;,&quot;mobile&quot;]}\">\n\t\t\t\t\t<div class=\"e-con-inner\">\n\t\t\t\t\t<\/div>\n\t\t\t\t<\/div>\n\t\t<div class=\"elementor-element elementor-element-ad0fc03 e-flex e-con-boxed wcf-starter-animations-none e-con e-parent\" data-id=\"ad0fc03\" data-element_type=\"container\" data-e-type=\"container\" data-settings=\"{&quot;background_background&quot;:&quot;classic&quot;}\">\n\t\t\t\t\t<div class=\"e-con-inner\">\n\t\t\t\t<div class=\"elementor-element elementor-element-88f7cb6 wcf-starter-animations-none elementor-widget elementor-widget-heading\" data-id=\"88f7cb6\" data-element_type=\"widget\" data-e-type=\"widget\" data-settings=\"{&quot;wcf_starter_animations&quot;:&quot;none&quot;,&quot;wcf_anim_duration&quot;:1000,&quot;wcf_anim_delay&quot;:0,&quot;wcf_anim_ease&quot;:&quot;ease&quot;}\" data-widget_type=\"heading.default\">\n\t\t\t\t<div class=\"elementor-widget-container\">\n\t\t\t\t\t<h2 class=\"elementor-heading-title elementor-size-default\">Am\u00e9liorez Votre Pr\u00e9sence en Ligne avec Nos Digital Marketing des Services<\/h2>\t\t\t\t<\/div>\n\t\t\t\t<\/div>\n\t\t<div class=\"elementor-element elementor-element-d8731bc e-con-full e-flex wcf-starter-animations-none e-con e-child\" data-id=\"d8731bc\" data-element_type=\"container\" data-e-type=\"container\">\n\t\t<div class=\"elementor-element elementor-element-35b8951 e-con-full e-flex wcf-starter-animations-none e-con e-child\" data-id=\"35b8951\" data-element_type=\"container\" data-e-type=\"container\">\n\t\t\t\t<div class=\"elementor-element elementor-element-3a44b8e wcf-starter-animations-none elementor-widget elementor-widget-text-editor\" data-id=\"3a44b8e\" data-element_type=\"widget\" data-e-type=\"widget\" data-settings=\"{&quot;wcf_starter_animations&quot;:&quot;none&quot;,&quot;wcf_anim_duration&quot;:1000,&quot;wcf_anim_delay&quot;:0,&quot;wcf_anim_ease&quot;:&quot;ease&quot;}\" data-widget_type=\"text-editor.default\">\n\t\t\t\t<div class=\"elementor-widget-container\">\n\t\t\t\t\t\t\t\t\t<p><br \/>Dans le paysage num\u00e9rique actuel, ayant une solide pr\u00e9sence en ligne est crucial pour les entreprises \u00e0 prosp\u00e9rer. Notre marketing digital services sont con\u00e7us pour vous aider \u00e0 \u00e9tablir une forte empreinte internet, g\u00e9n\u00e9rer davantage de trafic, g\u00e9n\u00e9rer de la qualit\u00e9 des leads, et, finalement, augmenter votre ligne de fond.<\/p>\t\t\t\t\t\t\t\t<\/div>\n\t\t\t\t<\/div>\n\t\t\t\t<div class=\"elementor-element elementor-element-ce57363 wcf-starter-animations-none elementor-widget elementor-widget-text-editor\" data-id=\"ce57363\" data-element_type=\"widget\" data-e-type=\"widget\" data-settings=\"{&quot;wcf_starter_animations&quot;:&quot;none&quot;,&quot;wcf_anim_duration&quot;:1000,&quot;wcf_anim_delay&quot;:0,&quot;wcf_anim_ease&quot;:&quot;ease&quot;}\" data-widget_type=\"text-editor.default\">\n\t\t\t\t<div class=\"elementor-widget-container\">\n\t\t\t\t\t\t\t\t\t<p><strong>Notre Marketing Digital Compl\u00e8te De Services<\/strong><br \/>Nous offrons une gamme compl\u00e8te de marketing num\u00e9rique de services adapt\u00e9s aux besoins sp\u00e9cifiques de votre entreprise:<\/p>\t\t\t\t\t\t\t\t<\/div>\n\t\t\t\t<\/div>\n\t\t\t\t<\/div>\n\t\t\t\t<\/div>\n\t\t<div class=\"elementor-element elementor-element-aadad51 e-con-full e-flex wcf-starter-animations-none e-con e-child\" data-id=\"aadad51\" data-element_type=\"container\" data-e-type=\"container\">\n\t\t<div class=\"elementor-element elementor-element-9bc1b0b e-con-full e-flex wcf-starter-animations-none e-con e-child\" data-id=\"9bc1b0b\" data-element_type=\"container\" data-e-type=\"container\">\n\t\t\t\t<div class=\"elementor-element elementor-element-b315e30 elementor-position-top elementor-widget elementor-widget-image-box\" data-id=\"b315e30\" data-element_type=\"widget\" data-e-type=\"widget\" data-widget_type=\"image-box.default\">\n\t\t\t\t<div class=\"elementor-widget-container\">\n\t\t\t\t\t<div class=\"elementor-image-box-wrapper\"><figure class=\"elementor-image-box-img\"><img fetchpriority=\"high\" decoding=\"async\" width=\"512\" height=\"512\" src=\"https:\/\/divfarrahenterprise.com\/wp-content\/uploads\/2025\/01\/social.png\" class=\"attachment-full size-full wp-image-1276\" alt=\"\" srcset=\"https:\/\/divfarrahenterprise.com\/wp-content\/uploads\/2025\/01\/social.png 512w, https:\/\/divfarrahenterprise.com\/wp-content\/uploads\/2025\/01\/social-300x300.png 300w, https:\/\/divfarrahenterprise.com\/wp-content\/uploads\/2025\/01\/social-100x100.png 100w, https:\/\/divfarrahenterprise.com\/wp-content\/uploads\/2025\/01\/social-150x150.png 150w\" sizes=\"(max-width: 512px) 100vw, 512px\" \/><\/figure><div class=\"elementor-image-box-content\"><h3 class=\"elementor-image-box-title\">Gestion Des M\u00e9dias Sociaux<\/h3><p class=\"elementor-image-box-description\">- D\u00e9velopper une strat\u00e9gie sur les m\u00e9dias sociaux en phase avec vos objectifs d'affaires<br>\n- Cr\u00e9er du contenu attrayant pour captiver votre auditoire<br>\n- De g\u00e9rer et de r\u00e9pondre aux commentaires et messages<br>\n- Analyser les indicateurs de performance pour optimiser votre pr\u00e9sence sur les m\u00e9dias sociaux\n<\/p><\/div><\/div>\t\t\t\t<\/div>\n\t\t\t\t<\/div>\n\t\t\t\t<\/div>\n\t\t<div class=\"elementor-element elementor-element-8b05894 e-con-full e-flex wcf-starter-animations-none e-con e-child\" data-id=\"8b05894\" data-element_type=\"container\" data-e-type=\"container\">\n\t\t\t\t<div class=\"elementor-element elementor-element-ece70da elementor-position-top elementor-widget elementor-widget-image-box\" data-id=\"ece70da\" data-element_type=\"widget\" data-e-type=\"widget\" data-widget_type=\"image-box.default\">\n\t\t\t\t<div class=\"elementor-widget-container\">\n\t\t\t\t\t<div class=\"elementor-image-box-wrapper\"><figure class=\"elementor-image-box-img\"><img decoding=\"async\" width=\"512\" height=\"512\" src=\"https:\/\/divfarrahenterprise.com\/wp-content\/uploads\/2025\/01\/seo.png\" class=\"attachment-full size-full wp-image-1277\" alt=\"\" srcset=\"https:\/\/divfarrahenterprise.com\/wp-content\/uploads\/2025\/01\/seo.png 512w, https:\/\/divfarrahenterprise.com\/wp-content\/uploads\/2025\/01\/seo-300x300.png 300w, https:\/\/divfarrahenterprise.com\/wp-content\/uploads\/2025\/01\/seo-100x100.png 100w, https:\/\/divfarrahenterprise.com\/wp-content\/uploads\/2025\/01\/seo-150x150.png 150w\" sizes=\"(max-width: 512px) 100vw, 512px\" \/><\/figure><div class=\"elementor-image-box-content\"><h3 class=\"elementor-image-box-title\">Optimisation des Moteurs de recherche (SEO)<\/h3><p class=\"elementor-image-box-description\">- Mener des recherches de mot-cl\u00e9 pour identifier les termes de recherche pertinents<br>\n- Optimiser la structure du site web, le contenu et les balises meta<br>\n- Construire des backlinks de qualit\u00e9 pour am\u00e9liorer votre site internet de l'autorit\u00e9<br>\n- De contr\u00f4ler et d'ajuster votre strat\u00e9gie de R\u00c9F\u00c9RENCEMENT pour rester en t\u00eate de la comp\u00e9tition\n\n<\/p><\/div><\/div>\t\t\t\t<\/div>\n\t\t\t\t<\/div>\n\t\t\t\t<\/div>\n\t\t<div class=\"elementor-element elementor-element-17602ae e-con-full e-flex wcf-starter-animations-none e-con e-child\" data-id=\"17602ae\" data-element_type=\"container\" data-e-type=\"container\">\n\t\t\t\t<div class=\"elementor-element elementor-element-c3c85a7 elementor-position-top elementor-widget elementor-widget-image-box\" data-id=\"c3c85a7\" data-element_type=\"widget\" data-e-type=\"widget\" data-widget_type=\"image-box.default\">\n\t\t\t\t<div class=\"elementor-widget-container\">\n\t\t\t\t\t<div class=\"elementor-image-box-wrapper\"><figure class=\"elementor-image-box-img\"><img decoding=\"async\" width=\"512\" height=\"512\" src=\"https:\/\/divfarrahenterprise.com\/wp-content\/uploads\/2025\/01\/content-creation.png\" class=\"attachment-full size-full wp-image-1278\" alt=\"\" srcset=\"https:\/\/divfarrahenterprise.com\/wp-content\/uploads\/2025\/01\/content-creation.png 512w, https:\/\/divfarrahenterprise.com\/wp-content\/uploads\/2025\/01\/content-creation-300x300.png 300w, https:\/\/divfarrahenterprise.com\/wp-content\/uploads\/2025\/01\/content-creation-100x100.png 100w, https:\/\/divfarrahenterprise.com\/wp-content\/uploads\/2025\/01\/content-creation-150x150.png 150w\" sizes=\"(max-width: 512px) 100vw, 512px\" \/><\/figure><div class=\"elementor-image-box-content\"><h3 class=\"elementor-image-box-title\">La Cr\u00e9ation De Contenu<\/h3><p class=\"elementor-image-box-description\">- D\u00e9velopper une strat\u00e9gie de marketing de contenu pour attirer et fid\u00e9liser votre public cible <br>\n- Cr\u00e9er de haute qualit\u00e9, un contenu attractif (billets de blog, des articles, des vid\u00e9os, des infographies, etc.)<br>\n- R\u00e9utiliser et redistribuer le contenu de maximiser sa port\u00e9e et son impact\n\n\n<\/p><\/div><\/div>\t\t\t\t<\/div>\n\t\t\t\t<\/div>\n\t\t\t\t<\/div>\n\t\t\t\t<\/div>\n\t\t<div class=\"elementor-element elementor-element-051c2c9 e-con-full e-flex wcf-starter-animations-none e-con e-child\" data-id=\"051c2c9\" data-element_type=\"container\" data-e-type=\"container\">\n\t\t<div class=\"elementor-element elementor-element-0d5e71b e-con-full e-flex wcf-starter-animations-none e-con e-child\" data-id=\"0d5e71b\" data-element_type=\"container\" data-e-type=\"container\">\n\t\t\t\t<div class=\"elementor-element elementor-element-edd277c elementor-position-top elementor-widget elementor-widget-image-box\" data-id=\"edd277c\" data-element_type=\"widget\" data-e-type=\"widget\" data-widget_type=\"image-box.default\">\n\t\t\t\t<div class=\"elementor-widget-container\">\n\t\t\t\t\t<div class=\"elementor-image-box-wrapper\"><figure class=\"elementor-image-box-img\"><img loading=\"lazy\" decoding=\"async\" width=\"512\" height=\"512\" src=\"https:\/\/divfarrahenterprise.com\/wp-content\/uploads\/2025\/01\/pay-per-click.png\" class=\"attachment-full size-full wp-image-1279\" alt=\"\" srcset=\"https:\/\/divfarrahenterprise.com\/wp-content\/uploads\/2025\/01\/pay-per-click.png 512w, https:\/\/divfarrahenterprise.com\/wp-content\/uploads\/2025\/01\/pay-per-click-300x300.png 300w, https:\/\/divfarrahenterprise.com\/wp-content\/uploads\/2025\/01\/pay-per-click-100x100.png 100w, https:\/\/divfarrahenterprise.com\/wp-content\/uploads\/2025\/01\/pay-per-click-150x150.png 150w\" sizes=\"(max-width: 512px) 100vw, 512px\" \/><\/figure><div class=\"elementor-image-box-content\"><h3 class=\"elementor-image-box-title\">Pay-Per-Click (PPC) de la Publicit\u00e9<\/h3><p class=\"elementor-image-box-description\">- D\u00e9velopper et ex\u00e9cuter cibl\u00e9es PPC campagnes de conduire un trafic de qualit\u00e9<br>\n- Effectuer la recherche de mots cl\u00e9s et d'annonces de r\u00e9daction<br>\n- Surveiller et optimiser les performances de la campagne pour maximiser le ROI\n<\/p><\/div><\/div>\t\t\t\t<\/div>\n\t\t\t\t<\/div>\n\t\t\t\t<\/div>\n\t\t<div class=\"elementor-element elementor-element-ff9c843 e-con-full e-flex wcf-starter-animations-none e-con e-child\" data-id=\"ff9c843\" data-element_type=\"container\" data-e-type=\"container\">\n\t\t\t\t<div class=\"elementor-element elementor-element-e9598df elementor-position-top elementor-widget elementor-widget-image-box\" data-id=\"e9598df\" data-element_type=\"widget\" data-e-type=\"widget\" data-widget_type=\"image-box.default\">\n\t\t\t\t<div class=\"elementor-widget-container\">\n\t\t\t\t\t<div class=\"elementor-image-box-wrapper\"><figure class=\"elementor-image-box-img\"><img loading=\"lazy\" decoding=\"async\" width=\"512\" height=\"512\" src=\"https:\/\/divfarrahenterprise.com\/wp-content\/uploads\/2025\/01\/email.png\" class=\"attachment-full size-full wp-image-1280\" alt=\"\" srcset=\"https:\/\/divfarrahenterprise.com\/wp-content\/uploads\/2025\/01\/email.png 512w, https:\/\/divfarrahenterprise.com\/wp-content\/uploads\/2025\/01\/email-300x300.png 300w, https:\/\/divfarrahenterprise.com\/wp-content\/uploads\/2025\/01\/email-100x100.png 100w, https:\/\/divfarrahenterprise.com\/wp-content\/uploads\/2025\/01\/email-150x150.png 150w\" sizes=\"(max-width: 512px) 100vw, 512px\" \/><\/figure><div class=\"elementor-image-box-content\"><h3 class=\"elementor-image-box-title\">E-Mail Marketing<\/h3><p class=\"elementor-image-box-description\">- D\u00e9velopper une strat\u00e9gie de marketing par courriel pour soigner les prospects et accro\u00eetre le nombre de conversions<br>\n- Cr\u00e9er des campagnes d'emails et de newsletters<br>\n- G\u00e9rer et segmenter votre liste de courriel pour les communications cibl\u00e9es\n\n<\/p><\/div><\/div>\t\t\t\t<\/div>\n\t\t\t\t<\/div>\n\t\t\t\t<\/div>\n\t\t<div class=\"elementor-element elementor-element-09e7d23 e-con-full e-flex wcf-starter-animations-none e-con e-child\" data-id=\"09e7d23\" data-element_type=\"container\" data-e-type=\"container\">\n\t\t\t\t<div class=\"elementor-element elementor-element-73e2972 elementor-position-top elementor-widget elementor-widget-image-box\" data-id=\"73e2972\" data-element_type=\"widget\" data-e-type=\"widget\" data-widget_type=\"image-box.default\">\n\t\t\t\t<div class=\"elementor-widget-container\">\n\t\t\t\t\t<div class=\"elementor-image-box-wrapper\"><figure class=\"elementor-image-box-img\"><img loading=\"lazy\" decoding=\"async\" width=\"512\" height=\"512\" src=\"https:\/\/divfarrahenterprise.com\/wp-content\/uploads\/2025\/01\/analysis.png\" class=\"attachment-full size-full wp-image-1281\" alt=\"\" srcset=\"https:\/\/divfarrahenterprise.com\/wp-content\/uploads\/2025\/01\/analysis.png 512w, https:\/\/divfarrahenterprise.com\/wp-content\/uploads\/2025\/01\/analysis-300x300.png 300w, https:\/\/divfarrahenterprise.com\/wp-content\/uploads\/2025\/01\/analysis-100x100.png 100w, https:\/\/divfarrahenterprise.com\/wp-content\/uploads\/2025\/01\/analysis-150x150.png 150w\" sizes=\"(max-width: 512px) 100vw, 512px\" \/><\/figure><div class=\"elementor-image-box-content\"><h3 class=\"elementor-image-box-title\">Des analyses et des Rapports<\/h3><p class=\"elementor-image-box-description\">- D\u00e9finir et suivre les indicateurs cl\u00e9s de performance (Kpi) pour mesurer la r\u00e9ussite de la campagne<br>\n- Fournir des rapports r\u00e9guliers et d'analyse afin d'\u00e9clairer les futures d\u00e9cisions de vente\n\n\n\n<\/p><\/div><\/div>\t\t\t\t<\/div>\n\t\t\t\t<\/div>\n\t\t\t\t<\/div>\n\t\t\t\t<\/div>\n\t\t\t\t<div class=\"elementor-element elementor-element-0b0d474 wcf-starter-animations-none elementor-widget elementor-widget-heading\" data-id=\"0b0d474\" data-element_type=\"widget\" data-e-type=\"widget\" data-settings=\"{&quot;wcf_starter_animations&quot;:&quot;none&quot;,&quot;wcf_anim_duration&quot;:1000,&quot;wcf_anim_delay&quot;:0,&quot;wcf_anim_ease&quot;:&quot;ease&quot;}\" data-widget_type=\"heading.default\">\n\t\t\t\t<div class=\"elementor-widget-container\">\n\t\t\t\t\t<h2 class=\"elementor-heading-title elementor-size-default\">Pourquoi Choisir Notre Digital Marketing Des Services?\n<\/h2>\t\t\t\t<\/div>\n\t\t\t\t<\/div>\n\t\t\t\t<div class=\"elementor-element elementor-element-c66cc4d wcf-starter-animations-none elementor-widget elementor-widget-text-editor\" data-id=\"c66cc4d\" data-element_type=\"widget\" data-e-type=\"widget\" data-settings=\"{&quot;wcf_starter_animations&quot;:&quot;none&quot;,&quot;wcf_anim_duration&quot;:1000,&quot;wcf_anim_delay&quot;:0,&quot;wcf_anim_ease&quot;:&quot;ease&quot;}\" data-widget_type=\"text-editor.default\">\n\t\t\t\t<div class=\"elementor-widget-container\">\n\t\t\t\t\t\t\t\t\t<ul><li style=\"text-align: left;\"><strong>Expertise:<\/strong> Notre \u00e9quipe d'experts en marketing num\u00e9rique a des ann\u00e9es d'exp\u00e9rience dans le d\u00e9veloppement et l'ex\u00e9cution r\u00e9ussie de campagnes de marketing en ligne.<\/li><li style=\"text-align: left;\"><strong>Approche Personnalis\u00e9e:<\/strong> Nous prenons le temps de comprendre les besoins uniques de votre entreprise et des objectifs, l'adaptation de nos services pour r\u00e9pondre \u00e0 vos exigences sp\u00e9cifiques.<\/li><li style=\"text-align: left;\"><strong>Ax\u00e9e Sur Les R\u00e9sultats:<\/strong> Nous nous engageons \u00e0 fournir des r\u00e9sultats mesurables et en optimisant constamment nos strat\u00e9gies pour assurer un maximum de retour sur investissement.<\/li><\/ul>\t\t\t\t\t\t\t\t<\/div>\n\t\t\t\t<\/div>\n\t\t\t\t<div class=\"elementor-element elementor-element-4a5015d wcf-starter-animations-none elementor-widget elementor-widget-heading\" data-id=\"4a5015d\" data-element_type=\"widget\" data-e-type=\"widget\" data-settings=\"{&quot;wcf_starter_animations&quot;:&quot;none&quot;,&quot;wcf_anim_duration&quot;:1000,&quot;wcf_anim_delay&quot;:0,&quot;wcf_anim_ease&quot;:&quot;ease&quot;}\" data-widget_type=\"heading.default\">\n\t\t\t\t<div class=\"elementor-widget-container\">\n\t\t\t\t\t<h2 class=\"elementor-heading-title elementor-size-default\">Get A Commenc\u00e9 Aujourd'Hui!\n<\/h2>\t\t\t\t<\/div>\n\t\t\t\t<\/div>\n\t\t\t\t<div class=\"elementor-element elementor-element-5c8f1f4 wcf-starter-animations-none elementor-widget elementor-widget-text-editor\" data-id=\"5c8f1f4\" data-element_type=\"widget\" data-e-type=\"widget\" data-settings=\"{&quot;wcf_starter_animations&quot;:&quot;none&quot;,&quot;wcf_anim_duration&quot;:1000,&quot;wcf_anim_delay&quot;:0,&quot;wcf_anim_ease&quot;:&quot;ease&quot;}\" data-widget_type=\"text-editor.default\">\n\t\t\t\t<div class=\"elementor-widget-container\">\n\t\t\t\t\t\t\t\t\t<p>Pr\u00eat \u00e0 am\u00e9liorer votre pr\u00e9sence en ligne et de stimuler la croissance? Contactez-nous pour en savoir plus sur notre offre num\u00e9rique de services de marketing et de planifier une consultation avec notre \u00e9quipe.<\/p>\t\t\t\t\t\t\t\t<\/div>\n\t\t\t\t<\/div>\n\t\t\t\t<div class=\"elementor-element elementor-element-c2bc414 elementor-align-left elementor-widget elementor-widget-button\" data-id=\"c2bc414\" data-element_type=\"widget\" data-e-type=\"widget\" data-widget_type=\"button.default\">\n\t\t\t\t<div class=\"elementor-widget-container\">\n\t\t\t\t\t\t\t\t\t<div class=\"elementor-button-wrapper\">\n\t\t\t\t\t<a class=\"elementor-button elementor-button-link elementor-size-sm\" href=\"https:\/\/divfarrahenterprise.com\/fr\/client-intake-form\/\" target=\"_blank\">\n\t\t\t\t\t\t<span class=\"elementor-button-content-wrapper\">\n\t\t\t\t\t\t\t\t\t<span class=\"elementor-button-text\">CLIENT DE L'APPORT<\/span>\n\t\t\t\t\t<\/span>\n\t\t\t\t\t<\/a>\n\t\t\t\t<\/div>\n\t\t\t\t\t\t\t\t<\/div>\n\t\t\t\t<\/div>\n\t\t\t\t\t<\/div>\n\t\t\t\t<\/div>\n\t\t\t\t<\/div>","protected":false},"excerpt":{"rendered":"<p>Elevate Your Online Presence with Our Digital Marketing Services In today&#8217;s digital landscape, having a robust online presence is crucial for businesses to thrive. Our digital marketing services are designed to help you establish a strong online footprint, drive more traffic, generate quality leads, and ultimately, boost your bottom line. Our Comprehensive Digital Marketing ServicesWe [&hellip;]<\/p>","protected":false},"author":1,"featured_media":0,"parent":0,"menu_order":0,"comment_status":"closed","ping_status":"closed","template":"","meta":{"_jf_save_progress":"","_jet_sm_ready_style":"","_jet_sm_style":"","_jet_sm_controls_values":"","_jet_sm_fonts_collection":"","_jet_sm_fonts_links":"","footnotes":""},"class_list":["post-1272","page","type-page","status-publish","hentry"],"_links":{"self":[{"href":"https:\/\/divfarrahenterprise.com\/fr\/wp-json\/wp\/v2\/pages\/1272","targetHints":{"allow":["GET"]}}],"collection":[{"href":"https:\/\/divfarrahenterprise.com\/fr\/wp-json\/wp\/v2\/pages"}],"about":[{"href":"https:\/\/divfarrahenterprise.com\/fr\/wp-json\/wp\/v2\/types\/page"}],"author":[{"embeddable":true,"href":"https:\/\/divfarrahenterprise.com\/fr\/wp-json\/wp\/v2\/users\/1"}],"replies":[{"embeddable":true,"href":"https:\/\/divfarrahenterprise.com\/fr\/wp-json\/wp\/v2\/comments?post=1272"}],"version-history":[{"count":28,"href":"https:\/\/divfarrahenterprise.com\/fr\/wp-json\/wp\/v2\/pages\/1272\/revisions"}],"predecessor-version":[{"id":4322,"href":"https:\/\/divfarrahenterprise.com\/fr\/wp-json\/wp\/v2\/pages\/1272\/revisions\/4322"}],"wp:attachment":[{"href":"https:\/\/divfarrahenterprise.com\/fr\/wp-json\/wp\/v2\/media?parent=1272"}],"curies":[{"name":"wp","href":"https:\/\/api.w.org\/{rel}","templated":true}]}}