{"id":1308,"date":"2025-01-15T09:37:11","date_gmt":"2025-01-15T09:37:11","guid":{"rendered":"https:\/\/divfarrahenterprise.com\/?page_id=1308"},"modified":"2025-08-02T08:39:25","modified_gmt":"2025-08-02T08:39:25","slug":"consultation-coaching","status":"publish","type":"page","link":"https:\/\/divfarrahenterprise.com\/fr\/consultation-coaching\/","title":{"rendered":"De Consultation Et De Coaching"},"content":{"rendered":"<div data-elementor-type=\"wp-page\" data-elementor-id=\"1308\" class=\"elementor elementor-1308\" data-elementor-post-type=\"page\">\n\t\t\t\t<div class=\"elementor-element elementor-element-1d846f3 e-flex e-con-boxed e-con e-parent\" data-id=\"1d846f3\" data-element_type=\"container\" data-settings=\"{&quot;background_background&quot;:&quot;classic&quot;,&quot;motion_fx_motion_fx_scrolling&quot;:&quot;yes&quot;,&quot;motion_fx_devices&quot;:[&quot;desktop&quot;,&quot;tablet&quot;,&quot;mobile&quot;]}\">\n\t\t\t\t\t<div class=\"e-con-inner\">\n\t\t\t\t\t<\/div>\n\t\t\t\t<\/div>\n\t\t<div class=\"elementor-element elementor-element-384e215 e-flex e-con-boxed e-con e-parent\" data-id=\"384e215\" data-element_type=\"container\" data-settings=\"{&quot;background_background&quot;:&quot;classic&quot;}\">\n\t\t\t\t\t<div class=\"e-con-inner\">\n\t\t\t\t<div class=\"elementor-element elementor-element-6a3aadc elementor-widget elementor-widget-heading\" data-id=\"6a3aadc\" data-element_type=\"widget\" data-widget_type=\"heading.default\">\n\t\t\t\t<div class=\"elementor-widget-container\">\n\t\t\t\t\t<h2 class=\"elementor-heading-title elementor-size-default\">Surmonter les D\u00e9fis d'Affaires avec Nos Experts de la Consultation et des Services d'Encadrement<\/h2>\t\t\t\t<\/div>\n\t\t\t\t<\/div>\n\t\t<div class=\"elementor-element elementor-element-e5e5ef7 e-con-full e-flex e-con e-child\" data-id=\"e5e5ef7\" data-element_type=\"container\">\n\t\t<div class=\"elementor-element elementor-element-cb366b3 e-con-full e-flex e-con e-child\" data-id=\"cb366b3\" data-element_type=\"container\">\n\t\t\t\t<div class=\"elementor-element elementor-element-0597a98 elementor-widget elementor-widget-text-editor\" data-id=\"0597a98\" data-element_type=\"widget\" data-widget_type=\"text-editor.default\">\n\t\t\t\t<div class=\"elementor-widget-container\">\n\t\t\t\t\t\t\t\t\t<p style=\"text-align: center;\">\u00cates-vous confront\u00e9s \u00e0 des obstacles qui entravent la croissance de votre entreprise? Avez-vous besoin d'un accompagnement personnalis\u00e9 pour naviguer d\u00e9fis complexes? Notre t\u00eate-\u00e0-une consultation d'affaires et des services d'encadrement sont con\u00e7us pour vous aider \u00e0 surmonter les obstacles et \u00e0 atteindre vos objectifs.<\/p>\t\t\t\t\t\t\t\t<\/div>\n\t\t\t\t<\/div>\n\t\t\t\t<div class=\"elementor-element elementor-element-89b9925 elementor-widget elementor-widget-text-editor\" data-id=\"89b9925\" data-element_type=\"widget\" data-widget_type=\"text-editor.default\">\n\t\t\t\t<div class=\"elementor-widget-container\">\n\t\t\t\t\t\t\t\t\t<p style=\"text-align: left;\">Des Conseils d'experts pour les Entrepreneurs Ambitieux<\/p>\t\t\t\t\t\t\t\t<\/div>\n\t\t\t\t<\/div>\n\t\t\t\t<div class=\"elementor-element elementor-element-73a9e92 elementor-widget elementor-widget-text-editor\" data-id=\"73a9e92\" data-element_type=\"widget\" data-widget_type=\"text-editor.default\">\n\t\t\t\t<div class=\"elementor-widget-container\">\n\t\t\t\t\t\t\t\t\t<p style=\"text-align: left;\">L'exp\u00e9rience de nos consultants et coachs de fournir un soutien sur mesure pour r\u00e9pondre \u00e0 vos d\u00e9fis uniques. Si vous avez du mal avec:<\/p><ul><li>L'\u00e9laboration d'une strat\u00e9gie d'entreprise<\/li><li>L'am\u00e9lioration de l'efficacit\u00e9 op\u00e9rationnelle<\/li><li>Gestion des finances et des flux de tr\u00e9sorerie<\/li><li>Cr\u00e9ation et direction d'une \u00e9quipe tr\u00e8s performante<\/li><li>Mise \u00e0 l'\u00e9chelle de votre entreprise pour la croissance<\/li><\/ul>\t\t\t\t\t\t\t\t<\/div>\n\t\t\t\t<\/div>\n\t\t\t\t<div class=\"elementor-element elementor-element-56f6f36 elementor-widget elementor-widget-text-editor\" data-id=\"56f6f36\" data-element_type=\"widget\" data-widget_type=\"text-editor.default\">\n\t\t\t\t<div class=\"elementor-widget-container\">\n\t\t\t\t\t\t\t\t\t<p>Nous allons travailler en \u00e9troite collaboration avec vous pour:<\/p><ol><li>Identifier les principaux d\u00e9fis et opportunit\u00e9s<\/li><li>\u00c9laborer des strat\u00e9gies personnalis\u00e9es et des solutions<\/li><li>Mettre en \u0153uvre des plans d'action et les flux de travaux<\/li><li>Surveiller les progr\u00e8s et d'ajuster au besoin<\/li><\/ol>\t\t\t\t\t\t\t\t<\/div>\n\t\t\t\t<\/div>\n\t\t\t\t<div class=\"elementor-element elementor-element-fdfb8e8 elementor-widget elementor-widget-text-editor\" data-id=\"fdfb8e8\" data-element_type=\"widget\" data-widget_type=\"text-editor.default\">\n\t\t\t\t<div class=\"elementor-widget-container\">\n\t\t\t\t\t\t\t\t\t<p style=\"text-align: left;\">Les avantages de Nos activit\u00e9s de Consultation et des Services d'Encadrement<\/p>\t\t\t\t\t\t\t\t<\/div>\n\t\t\t\t<\/div>\n\t\t\t\t<div class=\"elementor-element elementor-element-36f5ba6 elementor-widget elementor-widget-text-editor\" data-id=\"36f5ba6\" data-element_type=\"widget\" data-widget_type=\"text-editor.default\">\n\t\t\t\t<div class=\"elementor-widget-container\">\n\t\t\t\t\t\t\t\t\t<ul><li>\u00a0Gagner en clart\u00e9 et la confiance dans vos d\u00e9cisions d'affaires<\/li><li>D\u00e9velopper une strat\u00e9gie sur mesure pour stimuler la croissance et de la rentabilit\u00e9<\/li><li>Am\u00e9liorer l'efficacit\u00e9 op\u00e9rationnelle et r\u00e9duire les co\u00fbts<\/li><li>Am\u00e9liorer le leadership et la gestion des comp\u00e9tences<\/li><li>Augmenter les revenus et la part de march\u00e9<\/li><\/ul>\t\t\t\t\t\t\t\t<\/div>\n\t\t\t\t<\/div>\n\t\t\t\t<div class=\"elementor-element elementor-element-8543c8c elementor-widget elementor-widget-text-editor\" data-id=\"8543c8c\" data-element_type=\"widget\" data-widget_type=\"text-editor.default\">\n\t\t\t\t<div class=\"elementor-widget-container\">\n\t\t\t\t\t\t\t\t\t<p style=\"text-align: left;\">D'Affaires Des Services De Courtage<\/p>\t\t\t\t\t\t\t\t<\/div>\n\t\t\t\t<\/div>\n\t\t\t\t<div class=\"elementor-element elementor-element-5f4308d elementor-widget elementor-widget-text-editor\" data-id=\"5f4308d\" data-element_type=\"widget\" data-widget_type=\"text-editor.default\">\n\t\t\t\t<div class=\"elementor-widget-container\">\n\t\t\t\t\t\t\t\t\t<p>Vous cherchez \u00e0 acheter ou vendre une entreprise? Notre Entreprise de services de Courtage peut vous aider. Notre \u00e9quipe vous guidera \u00e0 travers l'ensemble du processus, de l'\u00e9valuation \u00e0 la cl\u00f4ture.<\/p>\t\t\t\t\t\t\t\t<\/div>\n\t\t\t\t<\/div>\n\t\t\t\t<div class=\"elementor-element elementor-element-67141ed elementor-widget elementor-widget-text-editor\" data-id=\"67141ed\" data-element_type=\"widget\" data-widget_type=\"text-editor.default\">\n\t\t\t\t<div class=\"elementor-widget-container\">\n\t\t\t\t\t\t\t\t\t<ul><li>L'\u00e9valuation d'entreprises et d'\u00e9valuation<\/li><li>Fiche d'entreprise et marketing<\/li><li>\u00a0Le vendeur et l'acheteur de la repr\u00e9sentation<\/li><li>La n\u00e9gociation et la structuration de la transaction<\/li><li>La diligence raisonnable de la coordination<\/li><li>Op\u00e9ration de fermeture et d'aide \u00e0 la transition<\/li><\/ul>\t\t\t\t\t\t\t\t<\/div>\n\t\t\t\t<\/div>\n\t\t\t\t<div class=\"elementor-element elementor-element-c556a43 elementor-widget elementor-widget-text-editor\" data-id=\"c556a43\" data-element_type=\"widget\" data-widget_type=\"text-editor.default\">\n\t\t\t\t<div class=\"elementor-widget-container\">\n\t\t\t\t\t\t\t\t\t<p style=\"text-align: left;\">Pourquoi Choisir Notre Entreprise De Services De Courtage?<\/p>\t\t\t\t\t\t\t\t<\/div>\n\t\t\t\t<\/div>\n\t\t\t\t<div class=\"elementor-element elementor-element-f9cb88b elementor-widget elementor-widget-text-editor\" data-id=\"f9cb88b\" data-element_type=\"widget\" data-widget_type=\"text-editor.default\">\n\t\t\t\t<div class=\"elementor-widget-container\">\n\t\t\t\t\t\t\t\t\t<ul><li>Les connaissances des experts de l'entreprise de march\u00e9<\/li><li>Preuves de la r\u00e9ussite de vos transactions<\/li><li>Le service personnalis\u00e9 et l'attention aux d\u00e9tails<\/li><li>Confidentiel et discret de traitement de toutes les transactions<\/li><\/ul>\t\t\t\t\t\t\t\t<\/div>\n\t\t\t\t<\/div>\n\t\t\t\t<div class=\"elementor-element elementor-element-a975ffe elementor-widget elementor-widget-text-editor\" data-id=\"a975ffe\" data-element_type=\"widget\" data-widget_type=\"text-editor.default\">\n\t\t\t\t<div class=\"elementor-widget-container\">\n\t\t\t\t\t\t\t\t\t<p style=\"text-align: left;\">\u00c0 quoi s'Attendre de Notre Processus de Consultation et de Coaching<\/p>\t\t\t\t\t\t\t\t<\/div>\n\t\t\t\t<\/div>\n\t\t\t\t<div class=\"elementor-element elementor-element-f6344ca elementor-widget elementor-widget-text-editor\" data-id=\"f6344ca\" data-element_type=\"widget\" data-widget_type=\"text-editor.default\">\n\t\t\t\t<div class=\"elementor-widget-container\">\n\t\t\t\t\t\t\t\t\t<p><strong>1. Premi\u00e8re Consultation:<\/strong> Nous allons discuter de vos objectifs d'affaires, des d\u00e9fis et des objectifs.<br \/><strong>2. Personnalis\u00e9 De Coaching Plan:<\/strong> Nous allons \u00e9laborer un plan personnalis\u00e9 compte de vos besoins sp\u00e9cifiques.<br \/><strong>3. Des Sessions R\u00e9guli\u00e8res:<\/strong> Nous allons rencontrer r\u00e9guli\u00e8rement pour discuter des progr\u00e8s r\u00e9alis\u00e9s, de relever des d\u00e9fis, et d'ajuster les strat\u00e9gies.<br \/><strong>4. Cours De Soutien:<\/strong> Nous allons donner des conseils de fa\u00e7on continue et de soutien pour assurer votre succ\u00e8s.<\/p>\t\t\t\t\t\t\t\t<\/div>\n\t\t\t\t<\/div>\n\t\t\t\t<div class=\"elementor-element elementor-element-227edb4 elementor-widget elementor-widget-text-editor\" data-id=\"227edb4\" data-element_type=\"widget\" data-widget_type=\"text-editor.default\">\n\t\t\t\t<div class=\"elementor-widget-container\">\n\t\t\t\t\t\t\t\t\t<p style=\"text-align: left;\">Rencontrer Notre \u00c9quipe Exp\u00e9riment\u00e9e de Consultants et Coachs<\/p>\t\t\t\t\t\t\t\t<\/div>\n\t\t\t\t<\/div>\n\t\t\t\t<div class=\"elementor-element elementor-element-e77db9f elementor-widget elementor-widget-text-editor\" data-id=\"e77db9f\" data-element_type=\"widget\" data-widget_type=\"text-editor.default\">\n\t\t\t\t<div class=\"elementor-widget-container\">\n\t\t\t\t\t\t\t\t\t<p>Notre \u00e9quipe est compos\u00e9e de professionnels chevronn\u00e9s poss\u00e9dant une vaste exp\u00e9rience dans divers secteurs d'activit\u00e9. Nous avons aid\u00e9 de nombreuses entreprises \u00e0 surmonter les d\u00e9fis et d'obtenir de grands succ\u00e8s.<\/p>\t\t\t\t\t\t\t\t<\/div>\n\t\t\t\t<\/div>\n\t\t\t\t<div class=\"elementor-element elementor-element-70313fe elementor-widget elementor-widget-text-editor\" data-id=\"70313fe\" data-element_type=\"widget\" data-widget_type=\"text-editor.default\">\n\t\t\t\t<div class=\"elementor-widget-container\">\n\t\t\t\t\t\t\t\t\t<p style=\"text-align: left;\">Rencontrer Notre \u00c9quipe Exp\u00e9riment\u00e9e de Consultants et Coachs<\/p>\t\t\t\t\t\t\t\t<\/div>\n\t\t\t\t<\/div>\n\t\t\t\t<div class=\"elementor-element elementor-element-e2f2a79 elementor-widget elementor-widget-text-editor\" data-id=\"e2f2a79\" data-element_type=\"widget\" data-widget_type=\"text-editor.default\">\n\t\t\t\t<div class=\"elementor-widget-container\">\n\t\t\t\t\t\t\t\t\t<p>Ne laissez pas les d\u00e9fis vous tenir en arri\u00e8re. Planifier une consultation avec notre \u00e9quipe d\u00e8s aujourd'hui pour d\u00e9couvrir comment nos conseils d'experts peut vous aider \u00e0 atteindre vos objectifs d'affaires.<\/p>\t\t\t\t\t\t\t\t<\/div>\n\t\t\t\t<\/div>\n\t\t\t\t<div class=\"elementor-element elementor-element-159c442 elementor-widget elementor-widget-text-editor\" data-id=\"159c442\" data-element_type=\"widget\" data-widget_type=\"text-editor.default\">\n\t\t\t\t<div class=\"elementor-widget-container\">\n\t\t\t\t\t\t\t\t\t<p style=\"text-align: left;\">Commencez D\u00e8s Aujourd'Hui<\/p>\t\t\t\t\t\t\t\t<\/div>\n\t\t\t\t<\/div>\n\t\t\t\t<div class=\"elementor-element elementor-element-d7ef530 elementor-widget elementor-widget-text-editor\" data-id=\"d7ef530\" data-element_type=\"widget\" data-widget_type=\"text-editor.default\">\n\t\t\t\t<div class=\"elementor-widget-container\">\n\t\t\t\t\t\t\t\t\t<p>Si vous \u00eates int\u00e9ress\u00e9s par l'achat ou la vente d'une entreprise, communiquez avec nous d\u00e8s aujourd'hui pour planifier une consultation.<\/p>\t\t\t\t\t\t\t\t<\/div>\n\t\t\t\t<\/div>\n\t\t\t\t<div class=\"elementor-element elementor-element-c30bd9a elementor-align-left elementor-widget elementor-widget-button\" data-id=\"c30bd9a\" data-element_type=\"widget\" data-widget_type=\"button.default\">\n\t\t\t\t<div class=\"elementor-widget-container\">\n\t\t\t\t\t\t\t\t\t<div class=\"elementor-button-wrapper\">\n\t\t\t\t\t<a class=\"elementor-button elementor-button-link elementor-size-sm\" href=\"https:\/\/calendly.com\/divfarrahenterprise-\/business-consultation\" target=\"_blank\">\n\t\t\t\t\t\t<span class=\"elementor-button-content-wrapper\">\n\t\t\t\t\t\t\t\t\t<span class=\"elementor-button-text\">R\u00e9servez Votre Consultation<\/span>\n\t\t\t\t\t<\/span>\n\t\t\t\t\t<\/a>\n\t\t\t\t<\/div>\n\t\t\t\t\t\t\t\t<\/div>\n\t\t\t\t<\/div>\n\t\t\t\t<div class=\"elementor-element elementor-element-489e67d elementor-align-left elementor-widget elementor-widget-button\" data-id=\"489e67d\" data-element_type=\"widget\" data-widget_type=\"button.default\">\n\t\t\t\t<div class=\"elementor-widget-container\">\n\t\t\t\t\t\t\t\t\t<div class=\"elementor-button-wrapper\">\n\t\t\t\t\t<a class=\"elementor-button elementor-button-link elementor-size-sm\" href=\"https:\/\/divfarrahenterprise.com\/fr\/client-intake-form\/\" target=\"_blank\">\n\t\t\t\t\t\t<span class=\"elementor-button-content-wrapper\">\n\t\t\t\t\t\t\t\t\t<span class=\"elementor-button-text\">CLIENT DE L'APPORT<\/span>\n\t\t\t\t\t<\/span>\n\t\t\t\t\t<\/a>\n\t\t\t\t<\/div>\n\t\t\t\t\t\t\t\t<\/div>\n\t\t\t\t<\/div>\n\t\t\t\t<\/div>\n\t\t\t\t<\/div>\n\t\t\t\t\t<\/div>\n\t\t\t\t<\/div>\n\t\t\t\t<\/div>","protected":false},"excerpt":{"rendered":"<p>Overcome Business Challenges with Our Expert Consultation and Coaching Services Are you facing obstacles that hinder your business growth? Do you need personalized guidance to navigate complex challenges? Our one-on-one business consultation and coaching services are designed to help you overcome hurdles and achieve your goals. Expert Guidance for Ambitious Entrepreneurs Our experienced business consultants [&hellip;]<\/p>","protected":false},"author":1,"featured_media":0,"parent":0,"menu_order":0,"comment_status":"closed","ping_status":"closed","template":"","meta":{"_jf_save_progress":"","_jet_sm_ready_style":"","_jet_sm_style":"","_jet_sm_controls_values":"","_jet_sm_fonts_collection":"","_jet_sm_fonts_links":"","footnotes":""},"class_list":["post-1308","page","type-page","status-publish","hentry"],"_links":{"self":[{"href":"https:\/\/divfarrahenterprise.com\/fr\/wp-json\/wp\/v2\/pages\/1308","targetHints":{"allow":["GET"]}}],"collection":[{"href":"https:\/\/divfarrahenterprise.com\/fr\/wp-json\/wp\/v2\/pages"}],"about":[{"href":"https:\/\/divfarrahenterprise.com\/fr\/wp-json\/wp\/v2\/types\/page"}],"author":[{"embeddable":true,"href":"https:\/\/divfarrahenterprise.com\/fr\/wp-json\/wp\/v2\/users\/1"}],"replies":[{"embeddable":true,"href":"https:\/\/divfarrahenterprise.com\/fr\/wp-json\/wp\/v2\/comments?post=1308"}],"version-history":[{"count":52,"href":"https:\/\/divfarrahenterprise.com\/fr\/wp-json\/wp\/v2\/pages\/1308\/revisions"}],"predecessor-version":[{"id":4305,"href":"https:\/\/divfarrahenterprise.com\/fr\/wp-json\/wp\/v2\/pages\/1308\/revisions\/4305"}],"wp:attachment":[{"href":"https:\/\/divfarrahenterprise.com\/fr\/wp-json\/wp\/v2\/media?parent=1308"}],"curies":[{"name":"wp","href":"https:\/\/api.w.org\/{rel}","templated":true}]}}