{"id":1322,"date":"2025-01-15T10:27:39","date_gmt":"2025-01-15T10:27:39","guid":{"rendered":"https:\/\/divfarrahenterprise.com\/?page_id=1322"},"modified":"2025-08-02T08:45:13","modified_gmt":"2025-08-02T08:45:13","slug":"graphic-design-services","status":"publish","type":"page","link":"https:\/\/divfarrahenterprise.com\/fr\/graphic-design-services\/","title":{"rendered":"Graphic Design services"},"content":{"rendered":"<div data-elementor-type=\"wp-page\" data-elementor-id=\"1322\" class=\"elementor elementor-1322\" data-elementor-post-type=\"page\">\n\t\t\t\t<div class=\"elementor-element elementor-element-9bd182a e-flex e-con-boxed e-con e-parent\" data-id=\"9bd182a\" data-element_type=\"container\" data-settings=\"{&quot;background_background&quot;:&quot;classic&quot;,&quot;motion_fx_motion_fx_scrolling&quot;:&quot;yes&quot;,&quot;motion_fx_devices&quot;:[&quot;desktop&quot;,&quot;tablet&quot;,&quot;mobile&quot;]}\">\n\t\t\t\t\t<div class=\"e-con-inner\">\n\t\t\t\t\t<\/div>\n\t\t\t\t<\/div>\n\t\t<div class=\"elementor-element elementor-element-af5f302 e-flex e-con-boxed e-con e-parent\" data-id=\"af5f302\" data-element_type=\"container\" data-settings=\"{&quot;background_background&quot;:&quot;classic&quot;}\">\n\t\t\t\t\t<div class=\"e-con-inner\">\n\t\t\t\t<div class=\"elementor-element elementor-element-96ed749 elementor-widget elementor-widget-heading\" data-id=\"96ed749\" data-element_type=\"widget\" data-widget_type=\"heading.default\">\n\t\t\t\t<div class=\"elementor-widget-container\">\n\t\t\t\t\t<h2 class=\"elementor-heading-title elementor-size-default\">\u00c9lever Votre Marque avec un de Nos Experts des Services de Design Graphique<\/h2>\t\t\t\t<\/div>\n\t\t\t\t<\/div>\n\t\t<div class=\"elementor-element elementor-element-88eb9f2 e-con-full e-flex e-con e-child\" data-id=\"88eb9f2\" data-element_type=\"container\">\n\t\t<div class=\"elementor-element elementor-element-b6fc832 e-con-full e-flex e-con e-child\" data-id=\"b6fc832\" data-element_type=\"container\">\n\t\t\t\t<div class=\"elementor-element elementor-element-6ce74ca elementor-widget elementor-widget-text-editor\" data-id=\"6ce74ca\" data-element_type=\"widget\" data-widget_type=\"text-editor.default\">\n\t\t\t\t<div class=\"elementor-widget-container\">\n\t\t\t\t\t\t\t\t\t<p style=\"text-align: center;\">Aujourd'hui visuellement-monde, \u00e0 compter de conception graphique joue un r\u00f4le crucial dans la capture de l'attention du public, la transmission de votre message, et d'\u00e9tablir votre identit\u00e9 de marque. Notre \u00e9quipe de cr\u00e9atifs et de les graphistes exp\u00e9riment\u00e9s offre haut de gamme de services de conception pour vous aider \u00e0 vous d\u00e9marquer de la concurrence.<\/p>\t\t\t\t\t\t\t\t<\/div>\n\t\t\t\t<\/div>\n\t\t\t\t<div class=\"elementor-element elementor-element-60cae78 elementor-widget elementor-widget-heading\" data-id=\"60cae78\" data-element_type=\"widget\" data-widget_type=\"heading.default\">\n\t\t\t\t<div class=\"elementor-widget-container\">\n\t\t\t\t\t<h2 class=\"elementor-heading-title elementor-size-default\">Notre Gamme Compl\u00e8te De Services De Conception Graphique\n<\/h2>\t\t\t\t<\/div>\n\t\t\t\t<\/div>\n\t\t\t\t<div class=\"elementor-element elementor-element-6a828bf elementor-widget elementor-widget-text-editor\" data-id=\"6a828bf\" data-element_type=\"widget\" data-widget_type=\"text-editor.default\">\n\t\t\t\t<div class=\"elementor-widget-container\">\n\t\t\t\t\t\t\t\t\t<p style=\"text-align: center;\">Nous offrons une large gamme de services de conception graphique sur mesure pour r\u00e9pondre \u00e0 vos besoins:<\/p>\t\t\t\t\t\t\t\t<\/div>\n\t\t\t\t<\/div>\n\t\t<div class=\"elementor-element elementor-element-c8fa93f e-con-full e-flex e-con e-child\" data-id=\"c8fa93f\" data-element_type=\"container\">\n\t\t<div class=\"elementor-element elementor-element-2563df1 e-con-full e-flex e-con e-child\" data-id=\"2563df1\" data-element_type=\"container\">\n\t\t\t\t<div class=\"elementor-element elementor-element-c2c3aa5 elementor-widget elementor-widget-image-box\" data-id=\"c2c3aa5\" data-element_type=\"widget\" data-widget_type=\"image-box.default\">\n\t\t\t\t<div class=\"elementor-widget-container\">\n\t\t\t\t\t<div class=\"elementor-image-box-wrapper\"><div class=\"elementor-image-box-content\"><h3 class=\"elementor-image-box-title\">Cr\u00e9ation De Logo<\/h3><p class=\"elementor-image-box-description\">D\u00e9velopper un unique et m\u00e9morable de logo, qui refl\u00e8te les valeurs de votre marque et de la personnalit\u00e9.<\/p><\/div><\/div>\t\t\t\t<\/div>\n\t\t\t\t<\/div>\n\t\t\t\t<\/div>\n\t\t<div class=\"elementor-element elementor-element-03d0409 e-con-full e-flex e-con e-child\" data-id=\"03d0409\" data-element_type=\"container\">\n\t\t\t\t<div class=\"elementor-element elementor-element-1e1fc15 elementor-widget elementor-widget-image-box\" data-id=\"1e1fc15\" data-element_type=\"widget\" data-widget_type=\"image-box.default\">\n\t\t\t\t<div class=\"elementor-widget-container\">\n\t\t\t\t\t<div class=\"elementor-image-box-wrapper\"><div class=\"elementor-image-box-content\"><h3 class=\"elementor-image-box-title\">Des Brochures et des D\u00e9pliants<\/h3><p class=\"elementor-image-box-description\">Design accrocheur, des brochures et des d\u00e9pliants pour la promotion de vos produits ou services.\n<\/p><\/div><\/div>\t\t\t\t<\/div>\n\t\t\t\t<\/div>\n\t\t\t\t<\/div>\n\t\t<div class=\"elementor-element elementor-element-1f54f5f e-con-full e-flex e-con e-child\" data-id=\"1f54f5f\" data-element_type=\"container\">\n\t\t\t\t<div class=\"elementor-element elementor-element-c250543 elementor-widget elementor-widget-image-box\" data-id=\"c250543\" data-element_type=\"widget\" data-widget_type=\"image-box.default\">\n\t\t\t\t<div class=\"elementor-widget-container\">\n\t\t\t\t\t<div class=\"elementor-image-box-wrapper\"><div class=\"elementor-image-box-content\"><h3 class=\"elementor-image-box-title\">Cartes D'Affaires<\/h3><p class=\"elementor-image-box-description\">Cr\u00e9er des cartes de visite professionnelles qui font une impression durable.\n<\/p><\/div><\/div>\t\t\t\t<\/div>\n\t\t\t\t<\/div>\n\t\t\t\t<\/div>\n\t\t\t\t<\/div>\n\t\t<div class=\"elementor-element elementor-element-e3b9c7e e-con-full e-flex e-con e-child\" data-id=\"e3b9c7e\" data-element_type=\"container\">\n\t\t<div class=\"elementor-element elementor-element-45858c8 e-con-full e-flex e-con e-child\" data-id=\"45858c8\" data-element_type=\"container\">\n\t\t\t\t<div class=\"elementor-element elementor-element-aa1be3c elementor-widget elementor-widget-image-box\" data-id=\"aa1be3c\" data-element_type=\"widget\" data-widget_type=\"image-box.default\">\n\t\t\t\t<div class=\"elementor-widget-container\">\n\t\t\t\t\t<div class=\"elementor-image-box-wrapper\"><div class=\"elementor-image-box-content\"><h3 class=\"elementor-image-box-title\">Infographie<\/h3><p class=\"elementor-image-box-description\">Visualiser des informations complexes \u00e0 participer et \u00e0 partager l'infographie.\n<\/p><\/div><\/div>\t\t\t\t<\/div>\n\t\t\t\t<\/div>\n\t\t\t\t<\/div>\n\t\t<div class=\"elementor-element elementor-element-0a567ff e-con-full e-flex e-con e-child\" data-id=\"0a567ff\" data-element_type=\"container\">\n\t\t\t\t<div class=\"elementor-element elementor-element-192ed37 elementor-widget elementor-widget-image-box\" data-id=\"192ed37\" data-element_type=\"widget\" data-widget_type=\"image-box.default\">\n\t\t\t\t<div class=\"elementor-widget-container\">\n\t\t\t\t\t<div class=\"elementor-image-box-wrapper\"><div class=\"elementor-image-box-content\"><h3 class=\"elementor-image-box-title\">Mat\u00e9riaux D'Impression<\/h3><p class=\"elementor-image-box-description\">La conception et la production d'impression de haute qualit\u00e9 des mat\u00e9riaux, y compris des affiches, des banni\u00e8res, et plus encore.\n<\/p><\/div><\/div>\t\t\t\t<\/div>\n\t\t\t\t<\/div>\n\t\t\t\t<\/div>\n\t\t<div class=\"elementor-element elementor-element-bc9db95 e-con-full e-flex e-con e-child\" data-id=\"bc9db95\" data-element_type=\"container\">\n\t\t\t\t<div class=\"elementor-element elementor-element-aa4b3a1 elementor-widget elementor-widget-image-box\" data-id=\"aa4b3a1\" data-element_type=\"widget\" data-widget_type=\"image-box.default\">\n\t\t\t\t<div class=\"elementor-widget-container\">\n\t\t\t\t\t<div class=\"elementor-image-box-wrapper\"><div class=\"elementor-image-box-content\"><h3 class=\"elementor-image-box-title\">Actifs Num\u00e9riques<\/h3><p class=\"elementor-image-box-description\">D\u00e9velopper des actifs num\u00e9riques, tels que les m\u00e9dias sociaux, les graphiques, les mod\u00e8les d'e-mail, site web et graphiques.\n\n\n<\/p><\/div><\/div>\t\t\t\t<\/div>\n\t\t\t\t<\/div>\n\t\t\t\t<\/div>\n\t\t\t\t<\/div>\n\t\t<div class=\"elementor-element elementor-element-c75dc5f e-con-full e-flex e-con e-child\" data-id=\"c75dc5f\" data-element_type=\"container\">\n\t\t<div class=\"elementor-element elementor-element-8316645 e-con-full e-flex e-con e-child\" data-id=\"8316645\" data-element_type=\"container\">\n\t\t\t\t<div class=\"elementor-element elementor-element-423b7c0 elementor-widget elementor-widget-image-box\" data-id=\"423b7c0\" data-element_type=\"widget\" data-widget_type=\"image-box.default\">\n\t\t\t\t<div class=\"elementor-widget-container\">\n\t\t\t\t\t<div class=\"elementor-image-box-wrapper\"><div class=\"elementor-image-box-content\"><h3 class=\"elementor-image-box-title\">Pr\u00e9sentation PowerPoint <\/h3><p class=\"elementor-image-box-description\">\u00c9lever vos pr\u00e9sentations avec notre personnalis\u00e9s de conception de PowerPoint services. Engager votre auditoire et de transmettre votre message avec clart\u00e9 et le style.\n<\/p><\/div><\/div>\t\t\t\t<\/div>\n\t\t\t\t<\/div>\n\t\t\t\t<\/div>\n\t\t<div class=\"elementor-element elementor-element-b20ca4e e-con-full e-flex e-con e-child\" data-id=\"b20ca4e\" data-element_type=\"container\">\n\t\t\t\t<div class=\"elementor-element elementor-element-a50660a elementor-widget elementor-widget-image-box\" data-id=\"a50660a\" data-element_type=\"widget\" data-widget_type=\"image-box.default\">\n\t\t\t\t<div class=\"elementor-widget-container\">\n\t\t\t\t\t<div class=\"elementor-image-box-wrapper\"><div class=\"elementor-image-box-content\"><h3 class=\"elementor-image-box-title\">Site web et la Conception d'Application<\/h3><p class=\"elementor-image-box-description\">- Conception de Site web personnalis\u00e9: Cr\u00e9er un superbe pr\u00e9sence en ligne<br>\n- Design d'Application Mobile: Conception intuitive et d'engager des applications mobiles <br>\n- Responsive Design: Assurer une exp\u00e9rience utilisateur transparente entre les appareils<\/p><\/div><\/div>\t\t\t\t<\/div>\n\t\t\t\t<\/div>\n\t\t\t\t<\/div>\n\t\t<div class=\"elementor-element elementor-element-cb43a7b e-con-full elementor-hidden-desktop elementor-hidden-tablet elementor-hidden-mobile e-flex e-con e-child\" data-id=\"cb43a7b\" data-element_type=\"container\">\n\t\t\t\t<\/div>\n\t\t\t\t<\/div>\n\t\t<div class=\"elementor-element elementor-element-5107b31 e-con-full e-flex e-con e-child\" data-id=\"5107b31\" data-element_type=\"container\">\n\t\t\t\t<div class=\"elementor-element elementor-element-43fbb5c elementor-widget elementor-widget-heading\" data-id=\"43fbb5c\" data-element_type=\"widget\" data-widget_type=\"heading.default\">\n\t\t\t\t<div class=\"elementor-widget-container\">\n\t\t\t\t\t<h2 class=\"elementor-heading-title elementor-size-default\">Pourquoi Choisir Nos Services De Conception Graphique?\n<\/h2>\t\t\t\t<\/div>\n\t\t\t\t<\/div>\n\t\t<div class=\"elementor-element elementor-element-c26d542 e-con-full e-flex e-con e-child\" data-id=\"c26d542\" data-element_type=\"container\">\n\t\t<div class=\"elementor-element elementor-element-7c44407 e-con-full e-flex e-con e-child\" data-id=\"7c44407\" data-element_type=\"container\">\n\t\t\t\t<div class=\"elementor-element elementor-element-600607b elementor-widget elementor-widget-image-box\" data-id=\"600607b\" data-element_type=\"widget\" data-widget_type=\"image-box.default\">\n\t\t\t\t<div class=\"elementor-widget-container\">\n\t\t\t\t\t<div class=\"elementor-image-box-wrapper\"><div class=\"elementor-image-box-content\"><h3 class=\"elementor-image-box-title\">Expertise<\/h3><p class=\"elementor-image-box-description\">Notre \u00e9quipe de designers a des ann\u00e9es d'exp\u00e9rience dans la cr\u00e9ation visuellement superbes dessins.\n<\/p><\/div><\/div>\t\t\t\t<\/div>\n\t\t\t\t<\/div>\n\t\t\t\t<\/div>\n\t\t<div class=\"elementor-element elementor-element-9be0530 e-con-full e-flex e-con e-child\" data-id=\"9be0530\" data-element_type=\"container\">\n\t\t\t\t<div class=\"elementor-element elementor-element-aabf6ca elementor-widget elementor-widget-image-box\" data-id=\"aabf6ca\" data-element_type=\"widget\" data-widget_type=\"image-box.default\">\n\t\t\t\t<div class=\"elementor-widget-container\">\n\t\t\t\t\t<div class=\"elementor-image-box-wrapper\"><div class=\"elementor-image-box-content\"><h3 class=\"elementor-image-box-title\">Approche Personnalis\u00e9e<\/h3><p class=\"elementor-image-box-description\">Nous prenons le temps de comprendre vos besoins et \u00e0 vos objectifs, tout en adaptant nos services de conception pour r\u00e9pondre \u00e0 vos exigences sp\u00e9cifiques.\n<\/p><\/div><\/div>\t\t\t\t<\/div>\n\t\t\t\t<\/div>\n\t\t\t\t<\/div>\n\t\t<div class=\"elementor-element elementor-element-e8f59fb e-con-full e-flex e-con e-child\" data-id=\"e8f59fb\" data-element_type=\"container\">\n\t\t\t\t<div class=\"elementor-element elementor-element-c7b89f0 elementor-widget elementor-widget-image-box\" data-id=\"c7b89f0\" data-element_type=\"widget\" data-widget_type=\"image-box.default\">\n\t\t\t\t<div class=\"elementor-widget-container\">\n\t\t\t\t\t<div class=\"elementor-image-box-wrapper\"><div class=\"elementor-image-box-content\"><h3 class=\"elementor-image-box-title\">Livraison Rapide<\/h3><p class=\"elementor-image-box-description\">Nous offrons des designs de qualit\u00e9 rapidement, en vous assurant de respecter vos d\u00e9lais.\n\n<\/p><\/div><\/div>\t\t\t\t<\/div>\n\t\t\t\t<\/div>\n\t\t\t\t<\/div>\n\t\t<div class=\"elementor-element elementor-element-7df67aa e-con-full e-flex e-con e-child\" data-id=\"7df67aa\" data-element_type=\"container\">\n\t\t\t\t<div class=\"elementor-element elementor-element-cac872e elementor-widget elementor-widget-image-box\" data-id=\"cac872e\" data-element_type=\"widget\" data-widget_type=\"image-box.default\">\n\t\t\t\t<div class=\"elementor-widget-container\">\n\t\t\t\t\t<div class=\"elementor-image-box-wrapper\"><div class=\"elementor-image-box-content\"><h3 class=\"elementor-image-box-title\">Des Prix Abordables<\/h3><p class=\"elementor-image-box-description\">Nos services de conception sont \u00e0 des prix comp\u00e9titifs, offrant une valeur exceptionnelle pour votre investissement.\n\n<\/p><\/div><\/div>\t\t\t\t<\/div>\n\t\t\t\t<\/div>\n\t\t\t\t<\/div>\n\t\t\t\t<\/div>\n\t\t\t\t<div class=\"elementor-element elementor-element-7dd156d elementor-widget elementor-widget-heading\" data-id=\"7dd156d\" data-element_type=\"widget\" data-widget_type=\"heading.default\">\n\t\t\t\t<div class=\"elementor-widget-container\">\n\t\t\t\t\t<h2 class=\"elementor-heading-title elementor-size-default\">\u00c0 quoi s'Attendre De Notre Processus de Conception Graphique<\/h2>\t\t\t\t<\/div>\n\t\t\t\t<\/div>\n\t\t<div class=\"elementor-element elementor-element-bdea7fd e-con-full e-flex e-con e-child\" data-id=\"bdea7fd\" data-element_type=\"container\">\n\t\t<div class=\"elementor-element elementor-element-90a8a39 e-con-full e-flex e-con e-child\" data-id=\"90a8a39\" data-element_type=\"container\">\n\t\t\t\t<div class=\"elementor-element elementor-element-200e861 elementor-widget elementor-widget-image-box\" data-id=\"200e861\" data-element_type=\"widget\" data-widget_type=\"image-box.default\">\n\t\t\t\t<div class=\"elementor-widget-container\">\n\t\t\t\t\t<div class=\"elementor-image-box-wrapper\"><div class=\"elementor-image-box-content\"><h3 class=\"elementor-image-box-title\">1. Consultation Initiale<\/h3><p class=\"elementor-image-box-description\">Nous allons discuter de vos besoins de conception, des buts et des objectifs.\n<\/p><\/div><\/div>\t\t\t\t<\/div>\n\t\t\t\t<\/div>\n\t\t\t\t<\/div>\n\t\t<div class=\"elementor-element elementor-element-eec6e2b e-con-full e-flex e-con e-child\" data-id=\"eec6e2b\" data-element_type=\"container\">\n\t\t\t\t<div class=\"elementor-element elementor-element-fafcb26 elementor-widget elementor-widget-image-box\" data-id=\"fafcb26\" data-element_type=\"widget\" data-widget_type=\"image-box.default\">\n\t\t\t\t<div class=\"elementor-widget-container\">\n\t\t\t\t\t<div class=\"elementor-image-box-wrapper\"><div class=\"elementor-image-box-content\"><h3 class=\"elementor-image-box-title\">2. Design, Conception, D\u00e9veloppement<\/h3><p class=\"elementor-image-box-description\">Notre \u00e9quipe mettra au point un design personnalis\u00e9 bas\u00e9 sur vos commentaires.\n\n<\/p><\/div><\/div>\t\t\t\t<\/div>\n\t\t\t\t<\/div>\n\t\t\t\t<\/div>\n\t\t<div class=\"elementor-element elementor-element-d11e9f8 e-con-full e-flex e-con e-child\" data-id=\"d11e9f8\" data-element_type=\"container\">\n\t\t\t\t<div class=\"elementor-element elementor-element-59e916e elementor-widget elementor-widget-image-box\" data-id=\"59e916e\" data-element_type=\"widget\" data-widget_type=\"image-box.default\">\n\t\t\t\t<div class=\"elementor-widget-container\">\n\t\t\t\t\t<div class=\"elementor-image-box-wrapper\"><div class=\"elementor-image-box-content\"><h3 class=\"elementor-image-box-title\">3. Des R\u00e9visions De Conception<\/h3><p class=\"elementor-image-box-description\">Nous travaillerons avec vous afin d'affiner la conception jusqu'\u00e0 ce que vous \u00eates satisfait.\n<\/p><\/div><\/div>\t\t\t\t<\/div>\n\t\t\t\t<\/div>\n\t\t\t\t<\/div>\n\t\t<div class=\"elementor-element elementor-element-e99b073 e-con-full e-flex e-con e-child\" data-id=\"e99b073\" data-element_type=\"container\">\n\t\t\t\t<div class=\"elementor-element elementor-element-f6fade7 elementor-widget elementor-widget-image-box\" data-id=\"f6fade7\" data-element_type=\"widget\" data-widget_type=\"image-box.default\">\n\t\t\t\t<div class=\"elementor-widget-container\">\n\t\t\t\t\t<div class=\"elementor-image-box-wrapper\"><div class=\"elementor-image-box-content\"><h3 class=\"elementor-image-box-title\">4. La Conception Finale De La Livraison<\/h3><p class=\"elementor-image-box-description\">Nous vous livrons le design final des fichiers dans les formats requis.\n\n\n<\/p><\/div><\/div>\t\t\t\t<\/div>\n\t\t\t\t<\/div>\n\t\t\t\t<\/div>\n\t\t\t\t<\/div>\n\t\t\t\t<div class=\"elementor-element elementor-element-eb31643 elementor-widget elementor-widget-text-editor\" data-id=\"eb31643\" data-element_type=\"widget\" data-widget_type=\"text-editor.default\">\n\t\t\t\t<div class=\"elementor-widget-container\">\n\t\t\t\t\t\t\t\t\t<p style=\"text-align: center;\">Commencer avec Nos Services de Conception Graphique<br \/>Pr\u00eat \u00e0 am\u00e9liorer votre identit\u00e9 visuelle de la marque? Contactez-nous aujourd'hui pour discuter de vos des besoins de conception graphique et laissez-nous vous aider \u00e0 cr\u00e9er de superbes effets visuels qui captiver votre auditoire.<\/p>\t\t\t\t\t\t\t\t<\/div>\n\t\t\t\t<\/div>\n\t\t\t\t<\/div>\n\t\t\t\t<\/div>\n\t\t\t\t<\/div>\n\t\t\t\t<div class=\"elementor-element elementor-element-360abc6 elementor-align-left elementor-widget elementor-widget-button\" data-id=\"360abc6\" data-element_type=\"widget\" data-widget_type=\"button.default\">\n\t\t\t\t<div class=\"elementor-widget-container\">\n\t\t\t\t\t\t\t\t\t<div class=\"elementor-button-wrapper\">\n\t\t\t\t\t<a class=\"elementor-button elementor-button-link elementor-size-sm\" href=\"https:\/\/divfarrahenterprise.com\/fr\/client-intake-form\/\" target=\"_blank\">\n\t\t\t\t\t\t<span class=\"elementor-button-content-wrapper\">\n\t\t\t\t\t\t\t\t\t<span class=\"elementor-button-text\">CLIENT DE L'APPORT<\/span>\n\t\t\t\t\t<\/span>\n\t\t\t\t\t<\/a>\n\t\t\t\t<\/div>\n\t\t\t\t\t\t\t\t<\/div>\n\t\t\t\t<\/div>\n\t\t\t\t\t<\/div>\n\t\t\t\t<\/div>\n\t\t\t\t<\/div>","protected":false},"excerpt":{"rendered":"<p>Elevate Your Brand with Our Expert Graphic Design Services In today&#8217;s visually-driven world, effective graphic design plays a crucial role in capturing audience attention, conveying your message, and establishing your brand identity. Our team of creative and experienced graphic designers provides top-notch design services to help you stand out from the competition. Our Comprehensive Graphic [&hellip;]<\/p>","protected":false},"author":1,"featured_media":0,"parent":0,"menu_order":0,"comment_status":"closed","ping_status":"closed","template":"","meta":{"_jf_save_progress":"","_jet_sm_ready_style":"","_jet_sm_style":"","_jet_sm_controls_values":"","_jet_sm_fonts_collection":"","_jet_sm_fonts_links":"","footnotes":""},"class_list":["post-1322","page","type-page","status-publish","hentry"],"_links":{"self":[{"href":"https:\/\/divfarrahenterprise.com\/fr\/wp-json\/wp\/v2\/pages\/1322","targetHints":{"allow":["GET"]}}],"collection":[{"href":"https:\/\/divfarrahenterprise.com\/fr\/wp-json\/wp\/v2\/pages"}],"about":[{"href":"https:\/\/divfarrahenterprise.com\/fr\/wp-json\/wp\/v2\/types\/page"}],"author":[{"embeddable":true,"href":"https:\/\/divfarrahenterprise.com\/fr\/wp-json\/wp\/v2\/users\/1"}],"replies":[{"embeddable":true,"href":"https:\/\/divfarrahenterprise.com\/fr\/wp-json\/wp\/v2\/comments?post=1322"}],"version-history":[{"count":40,"href":"https:\/\/divfarrahenterprise.com\/fr\/wp-json\/wp\/v2\/pages\/1322\/revisions"}],"predecessor-version":[{"id":4319,"href":"https:\/\/divfarrahenterprise.com\/fr\/wp-json\/wp\/v2\/pages\/1322\/revisions\/4319"}],"wp:attachment":[{"href":"https:\/\/divfarrahenterprise.com\/fr\/wp-json\/wp\/v2\/media?parent=1322"}],"curies":[{"name":"wp","href":"https:\/\/api.w.org\/{rel}","templated":true}]}}