{"id":1337,"date":"2025-01-15T11:11:12","date_gmt":"2025-01-15T11:11:12","guid":{"rendered":"https:\/\/divfarrahenterprise.com\/?page_id=1337"},"modified":"2025-08-02T08:48:23","modified_gmt":"2025-08-02T08:48:23","slug":"business-credit-founding","status":"publish","type":"page","link":"https:\/\/divfarrahenterprise.com\/fr\/business-credit-founding\/","title":{"rendered":"Business credit Founding"},"content":{"rendered":"<div data-elementor-type=\"wp-page\" data-elementor-id=\"1337\" class=\"elementor elementor-1337\" data-elementor-post-type=\"page\">\n\t\t\t\t<div class=\"elementor-element elementor-element-549a5e3 e-flex e-con-boxed e-con e-parent\" data-id=\"549a5e3\" data-element_type=\"container\" data-settings=\"{&quot;background_background&quot;:&quot;classic&quot;,&quot;motion_fx_motion_fx_scrolling&quot;:&quot;yes&quot;,&quot;motion_fx_devices&quot;:[&quot;desktop&quot;,&quot;tablet&quot;,&quot;mobile&quot;]}\">\n\t\t\t\t\t<div class=\"e-con-inner\">\n\t\t\t\t\t<\/div>\n\t\t\t\t<\/div>\n\t\t<div class=\"elementor-element elementor-element-1cf4dc6 e-flex e-con-boxed e-con e-parent\" data-id=\"1cf4dc6\" data-element_type=\"container\" data-settings=\"{&quot;background_background&quot;:&quot;classic&quot;}\">\n\t\t\t\t\t<div class=\"e-con-inner\">\n\t\t\t\t<div class=\"elementor-element elementor-element-16e77cb elementor-widget elementor-widget-heading\" data-id=\"16e77cb\" data-element_type=\"widget\" data-widget_type=\"heading.default\">\n\t\t\t\t<div class=\"elementor-widget-container\">\n\t\t\t\t\t<h2 class=\"elementor-heading-title elementor-size-default\">Des Conseils d'experts pour Votre Entreprise Besoins Financiers<\/h2>\t\t\t\t<\/div>\n\t\t\t\t<\/div>\n\t\t<div class=\"elementor-element elementor-element-34b0616 e-con-full e-flex e-con e-child\" data-id=\"34b0616\" data-element_type=\"container\">\n\t\t<div class=\"elementor-element elementor-element-2aba060 e-con-full e-flex e-con e-child\" data-id=\"2aba060\" data-element_type=\"container\">\n\t\t\t\t<div class=\"elementor-element elementor-element-4232fab elementor-widget elementor-widget-text-editor\" data-id=\"4232fab\" data-element_type=\"widget\" data-widget_type=\"text-editor.default\">\n\t\t\t\t<div class=\"elementor-widget-container\">\n\t\t\t\t\t\t\t\t\t<p style=\"text-align: center;\">\u00a0Au DivFarrah de l'Entreprise, nous comprenons que la gestion de vos affaires financi\u00e8res de la sant\u00e9 est cruciale pour la croissance, la stabilit\u00e9 et le succ\u00e8s. Notre \u00e9quipe exp\u00e9riment\u00e9e d'experts financiers fournit des conseils personnalis\u00e9s sur les entreprises de cr\u00e9dit, de financement et de comptabilit\u00e9 pour vous aider \u00e0 prendre des d\u00e9cisions \u00e9clair\u00e9es et \u00e0 atteindre vos objectifs d'affaires.<\/p>\t\t\t\t\t\t\t\t<\/div>\n\t\t\t\t<\/div>\n\t\t\t\t<div class=\"elementor-element elementor-element-06075dc elementor-widget elementor-widget-text-editor\" data-id=\"06075dc\" data-element_type=\"widget\" data-widget_type=\"text-editor.default\">\n\t\t\t\t<div class=\"elementor-widget-container\">\n\t\t\t\t\t\t\t\t\t<p style=\"text-align: left;\">Entreprise Services De Cr\u00e9dit<\/p>\t\t\t\t\t\t\t\t<\/div>\n\t\t\t\t<\/div>\n\t\t\t\t<div class=\"elementor-element elementor-element-d34d350 elementor-widget elementor-widget-text-editor\" data-id=\"d34d350\" data-element_type=\"widget\" data-widget_type=\"text-editor.default\">\n\t\t\t\t<div class=\"elementor-widget-container\">\n\t\t\t\t\t\t\t\t\t<p>Notre entreprise de services de cr\u00e9dit comprennent:<\/p><ol><li><strong>De Cr\u00e9dit D'Entreprise De Construction:<\/strong> Nous allons vous aider \u00e0 \u00e9tablir et b\u00e2tir une entreprise solide profil de cr\u00e9dit pour am\u00e9liorer votre cote de solvabilit\u00e9.<\/li><li><strong>De Cr\u00e9dit De L'Analyse Du Rapport:<\/strong> Nos experts vont examiner votre rapport de cr\u00e9dit d'entreprise \u00e0 identifier les domaines d'am\u00e9lioration et de fournir des conseils sur la fa\u00e7on de les aborder.<\/li><li><strong>Pointage De Cr\u00e9dit D'Optimisation:<\/strong> Nous allons travailler avec vous pour optimiser votre pointage de cr\u00e9dit, s'assurer que vous \u00eates admissible pour les meilleures options de financement.<\/li><\/ol>\t\t\t\t\t\t\t\t<\/div>\n\t\t\t\t<\/div>\n\t\t\t\t<div class=\"elementor-element elementor-element-c4796cf elementor-widget elementor-widget-text-editor\" data-id=\"c4796cf\" data-element_type=\"widget\" data-widget_type=\"text-editor.default\">\n\t\t\t\t<div class=\"elementor-widget-container\">\n\t\t\t\t\t\t\t\t\t<p style=\"text-align: left;\">Le Financement Des Entreprises De Services<\/p>\t\t\t\t\t\t\t\t<\/div>\n\t\t\t\t<\/div>\n\t\t\t\t<div class=\"elementor-element elementor-element-09b942e elementor-widget elementor-widget-text-editor\" data-id=\"09b942e\" data-element_type=\"widget\" data-widget_type=\"text-editor.default\">\n\t\t\t\t<div class=\"elementor-widget-container\">\n\t\t\t\t\t\t\t\t\t<p>Notre entreprise de services de financement comprennent:<\/p><ol><li><strong>Options De Financement L'Analyse:<\/strong> Nous allons vous aider \u00e0 explorer et de comparer les diverses options de financement, y compris les pr\u00eats, les subventions et autres sources de financement.<\/li><li><strong>Demande De Pr\u00eat De L'Aide:<\/strong> Nos experts vous guideront \u00e0 travers le processus de demande de pr\u00eat, vous assurant que vous \u00eates \u00e9tabli et d'augmenter vos chances d'approbation.<\/li><li><strong>Strat\u00e9gie De Financement Du D\u00e9veloppement:<\/strong> Nous allons travailler avec vous pour d\u00e9velopper et personnaliser une strat\u00e9gie de financement en phase avec vos objectifs d'affaires et les objectifs.<\/li><\/ol>\t\t\t\t\t\t\t\t<\/div>\n\t\t\t\t<\/div>\n\t\t\t\t<div class=\"elementor-element elementor-element-3b5d8d4 elementor-widget elementor-widget-text-editor\" data-id=\"3b5d8d4\" data-element_type=\"widget\" data-widget_type=\"text-editor.default\">\n\t\t\t\t<div class=\"elementor-widget-container\">\n\t\t\t\t\t\t\t\t\t<p style=\"text-align: left;\">Services De Comptabilit\u00e9<\/p>\t\t\t\t\t\t\t\t<\/div>\n\t\t\t\t<\/div>\n\t\t\t\t<div class=\"elementor-element elementor-element-0a93e7b elementor-widget elementor-widget-text-editor\" data-id=\"0a93e7b\" data-element_type=\"widget\" data-widget_type=\"text-editor.default\">\n\t\t\t\t<div class=\"elementor-widget-container\">\n\t\t\t\t\t\t\t\t\t<p>Nos services de comptabilit\u00e9 comprennent:<\/p><ol><li><strong>La Pr\u00e9paration D'\u00c9tats Financiers:<\/strong> Nos experts vous pr\u00e9parer pr\u00e9cise et en temps opportun des \u00e9tats financiers, y compris les bilans, comptes de r\u00e9sultat et flux de tr\u00e9sorerie consolid\u00e9s.<\/li><li><strong>Et de la Comptabilit\u00e9 de Configuration du Syst\u00e8me:<\/strong> Nous allons vous aider \u00e0 configurer et \u00e0 mettre en \u0153uvre efficace de la tenue de livres et de comptabilit\u00e9 adapt\u00e9 aux besoins de votre entreprise.<\/li><li><strong>La Planification fiscale et la Pr\u00e9paration:<\/strong> Notre \u00e9quipe sera de fournir des conseils sur la planification fiscale et la pr\u00e9paration, en s'assurant que vous \u00eates en profitant de toutes les d\u00e9ductions et cr\u00e9dits d'imp\u00f4ts.<\/li><\/ol>\t\t\t\t\t\t\t\t<\/div>\n\t\t\t\t<\/div>\n\t\t\t\t<div class=\"elementor-element elementor-element-4feb2ce elementor-widget elementor-widget-text-editor\" data-id=\"4feb2ce\" data-element_type=\"widget\" data-widget_type=\"text-editor.default\">\n\t\t\t\t<div class=\"elementor-widget-container\">\n\t\t\t\t\t\t\t\t\t<p style=\"text-align: left;\">Les avantages de Nos activit\u00e9s de Cr\u00e9dit, de Financement, de Services de Comptabilit\u00e9 et de<\/p>\t\t\t\t\t\t\t\t<\/div>\n\t\t\t\t<\/div>\n\t\t\t\t<div class=\"elementor-element elementor-element-ca95d5d elementor-widget elementor-widget-text-editor\" data-id=\"ca95d5d\" data-element_type=\"widget\" data-widget_type=\"text-editor.default\">\n\t\t\t\t<div class=\"elementor-widget-container\">\n\t\t\t\t\t\t\t\t\t<p>Par un partenariat avec nous, vous pourrez b\u00e9n\u00e9ficier de nombreux avantages, y compris:<\/p><p>\u2013 L'am\u00e9lioration de la solvabilit\u00e9 et de l'acc\u00e8s \u00e0 de meilleures options de financement<br \/>\u2013 Augmentation de la clart\u00e9 financi\u00e8re et de contr\u00f4le \u00e0 travers pr\u00e9cise et en temps opportun des \u00e9tats financiers<br \/>\u2013 Am\u00e9lioration de la gestion des flux et de la baisse des tensions financi\u00e8res<br \/>\u2013 Un accompagnement personnalis\u00e9 et de soutien de l'exp\u00e9rience d'experts financiers<\/p>\t\t\t\t\t\t\t\t<\/div>\n\t\t\t\t<\/div>\n\t\t\t\t<div class=\"elementor-element elementor-element-492b673 elementor-widget elementor-widget-text-editor\" data-id=\"492b673\" data-element_type=\"widget\" data-widget_type=\"text-editor.default\">\n\t\t\t\t<div class=\"elementor-widget-container\">\n\t\t\t\t\t\t\t\t\t<p><strong>Obtenez des Conseils d'Experts pour Votre Entreprise Besoins Financiers<\/strong><\/p><p>Pr\u00eat \u00e0 prendre le contr\u00f4le de votre entreprise finances et atteindre vos objectifs? Contactez-nous d\u00e8s aujourd'hui pour planifier une consultation avec notre \u00e9quipe d'experts financiers.<\/p>\t\t\t\t\t\t\t\t<\/div>\n\t\t\t\t<\/div>\n\t\t\t\t<\/div>\n\t\t\t\t<\/div>\n\t\t\t\t<div class=\"elementor-element elementor-element-44a0cb3 elementor-hidden-desktop elementor-hidden-tablet elementor-hidden-mobile elementor-widget elementor-widget-button\" data-id=\"44a0cb3\" data-element_type=\"widget\" data-widget_type=\"button.default\">\n\t\t\t\t<div class=\"elementor-widget-container\">\n\t\t\t\t\t\t\t\t\t<div class=\"elementor-button-wrapper\">\n\t\t\t\t\t<a class=\"elementor-button elementor-size-sm\" role=\"button\">\n\t\t\t\t\t\t<span class=\"elementor-button-content-wrapper\">\n\t\t\t\t\t\t\t\t\t<span class=\"elementor-button-text\">Planifier une Consultation<\/span>\n\t\t\t\t\t<\/span>\n\t\t\t\t\t<\/a>\n\t\t\t\t<\/div>\n\t\t\t\t\t\t\t\t<\/div>\n\t\t\t\t<\/div>\n\t\t\t\t<div class=\"elementor-element elementor-element-db98bb2 elementor-align-left elementor-widget elementor-widget-button\" data-id=\"db98bb2\" data-element_type=\"widget\" data-widget_type=\"button.default\">\n\t\t\t\t<div class=\"elementor-widget-container\">\n\t\t\t\t\t\t\t\t\t<div class=\"elementor-button-wrapper\">\n\t\t\t\t\t<a class=\"elementor-button elementor-button-link elementor-size-sm\" href=\"https:\/\/divfarrahenterprise.com\/fr\/client-intake-form\/\" target=\"_blank\">\n\t\t\t\t\t\t<span class=\"elementor-button-content-wrapper\">\n\t\t\t\t\t\t\t\t\t<span class=\"elementor-button-text\">CLIENT DE L'APPORT<\/span>\n\t\t\t\t\t<\/span>\n\t\t\t\t\t<\/a>\n\t\t\t\t<\/div>\n\t\t\t\t\t\t\t\t<\/div>\n\t\t\t\t<\/div>\n\t\t\t\t\t<\/div>\n\t\t\t\t<\/div>\n\t\t\t\t<\/div>","protected":false},"excerpt":{"rendered":"<p>Expert Guidance for Your Business Financial Needs \u00a0At DivFarrah Enterprise we understand that managing your business&#8217;s financial health is crucial for growth, stability, and success. Our team of experienced financial experts provides personalized guidance on business credit, funding, and accounting to help you make informed decisions and achieve your business goals. Business Credit Services Our [&hellip;]<\/p>","protected":false},"author":1,"featured_media":0,"parent":0,"menu_order":0,"comment_status":"closed","ping_status":"closed","template":"","meta":{"_jf_save_progress":"","_jet_sm_ready_style":"","_jet_sm_style":"","_jet_sm_controls_values":"","_jet_sm_fonts_collection":"","_jet_sm_fonts_links":"","footnotes":""},"class_list":["post-1337","page","type-page","status-publish","hentry"],"_links":{"self":[{"href":"https:\/\/divfarrahenterprise.com\/fr\/wp-json\/wp\/v2\/pages\/1337","targetHints":{"allow":["GET"]}}],"collection":[{"href":"https:\/\/divfarrahenterprise.com\/fr\/wp-json\/wp\/v2\/pages"}],"about":[{"href":"https:\/\/divfarrahenterprise.com\/fr\/wp-json\/wp\/v2\/types\/page"}],"author":[{"embeddable":true,"href":"https:\/\/divfarrahenterprise.com\/fr\/wp-json\/wp\/v2\/users\/1"}],"replies":[{"embeddable":true,"href":"https:\/\/divfarrahenterprise.com\/fr\/wp-json\/wp\/v2\/comments?post=1337"}],"version-history":[{"count":28,"href":"https:\/\/divfarrahenterprise.com\/fr\/wp-json\/wp\/v2\/pages\/1337\/revisions"}],"predecessor-version":[{"id":4328,"href":"https:\/\/divfarrahenterprise.com\/fr\/wp-json\/wp\/v2\/pages\/1337\/revisions\/4328"}],"wp:attachment":[{"href":"https:\/\/divfarrahenterprise.com\/fr\/wp-json\/wp\/v2\/media?parent=1337"}],"curies":[{"name":"wp","href":"https:\/\/api.w.org\/{rel}","templated":true}]}}