{"id":1430,"date":"2025-01-19T15:07:36","date_gmt":"2025-01-19T15:07:36","guid":{"rendered":"https:\/\/divfarrahenterprise.com\/?page_id=1430"},"modified":"2025-08-02T08:49:25","modified_gmt":"2025-08-02T08:49:25","slug":"representatives-of-manufacturers","status":"publish","type":"page","link":"https:\/\/divfarrahenterprise.com\/fr\/representatives-of-manufacturers\/","title":{"rendered":"Les repr\u00e9sentants des fabricants"},"content":{"rendered":"<div data-elementor-type=\"wp-page\" data-elementor-id=\"1430\" class=\"elementor elementor-1430\" data-elementor-post-type=\"page\">\n\t\t\t\t<div class=\"elementor-element elementor-element-f1752f7 e-flex e-con-boxed e-con e-parent\" data-id=\"f1752f7\" data-element_type=\"container\" data-settings=\"{&quot;background_background&quot;:&quot;classic&quot;,&quot;motion_fx_motion_fx_scrolling&quot;:&quot;yes&quot;,&quot;motion_fx_devices&quot;:[&quot;desktop&quot;,&quot;tablet&quot;,&quot;mobile&quot;]}\">\n\t\t\t\t\t<div class=\"e-con-inner\">\n\t\t\t\t\t<\/div>\n\t\t\t\t<\/div>\n\t\t<div class=\"elementor-element elementor-element-2fb8416 e-flex e-con-boxed e-con e-parent\" data-id=\"2fb8416\" data-element_type=\"container\" data-settings=\"{&quot;background_background&quot;:&quot;classic&quot;}\">\n\t\t\t\t\t<div class=\"e-con-inner\">\n\t\t\t\t<div class=\"elementor-element elementor-element-ddb6315 elementor-widget elementor-widget-heading\" data-id=\"ddb6315\" data-element_type=\"widget\" data-widget_type=\"heading.default\">\n\t\t\t\t<div class=\"elementor-widget-container\">\n\t\t\t\t\t<h2 class=\"elementor-heading-title elementor-size-default\">Vous vous connectez, Vous avec Confiance des Fabricants et Fournisseurs<\/h2>\t\t\t\t<\/div>\n\t\t\t\t<\/div>\n\t\t<div class=\"elementor-element elementor-element-58b4cfd e-con-full e-flex e-con e-child\" data-id=\"58b4cfd\" data-element_type=\"container\">\n\t\t<div class=\"elementor-element elementor-element-f1f9f50 e-con-full e-flex e-con e-child\" data-id=\"f1f9f50\" data-element_type=\"container\">\n\t\t\t\t<div class=\"elementor-element elementor-element-368b233 elementor-widget elementor-widget-text-editor\" data-id=\"368b233\" data-element_type=\"widget\" data-widget_type=\"text-editor.default\">\n\t\t\t\t<div class=\"elementor-widget-container\">\n\t\t\t\t\t\t\t\t\t<p style=\"text-align: center;\">\u00a0Au DivFarrah de l'Entreprise, nous comprenons l'importance de trouver des fabricants et fournisseurs pour r\u00e9pondre \u00e0 vos besoins d'affaires. C'est pourquoi nous avons mis en place un large r\u00e9seau de partenaires de renom, vous donnant acc\u00e8s \u00e0 des produits de haute qualit\u00e9, des prix comp\u00e9titifs et un service client exceptionnel.<\/p>\t\t\t\t\t\t\t\t<\/div>\n\t\t\t\t<\/div>\n\t\t\t\t<div class=\"elementor-element elementor-element-ae828ba elementor-widget elementor-widget-text-editor\" data-id=\"ae828ba\" data-element_type=\"widget\" data-widget_type=\"text-editor.default\">\n\t\t\t\t<div class=\"elementor-widget-container\">\n\t\t\t\t\t\t\t\t\t<p style=\"text-align: left;\">Les avantages de Notre Fabricant et Fournisseur de R\u00e9seau<\/p>\t\t\t\t\t\t\t\t<\/div>\n\t\t\t\t<\/div>\n\t\t\t\t<div class=\"elementor-element elementor-element-a3771e8 elementor-widget elementor-widget-text-editor\" data-id=\"a3771e8\" data-element_type=\"widget\" data-widget_type=\"text-editor.default\">\n\t\t\t\t<div class=\"elementor-widget-container\">\n\t\t\t\t\t\t\t\t\t<ul><li><strong>Rationalis\u00e9 Le Processus D'Approvisionnement:<\/strong> Notre r\u00e9seau simplifie le processus de recherche de confiance des fabricants et des fournisseurs, vous permettant d'\u00e9conomiser du temps et des ressources.<\/li><li><strong>L'acc\u00e8s \u00e0 des Prix Comp\u00e9titifs:<\/strong> Nous n\u00e9gocions avec nos partenaires pour vous assurer de recevoir le meilleur prix possible pour votre produits.<\/li><li><strong>Des Produits De Haute Qualit\u00e9:<\/strong> Nos fabricants et fournisseurs sont soigneusement v\u00e9rifi\u00e9es pour s'assurer qu'ils r\u00e9pondent aux plus hautes normes de qualit\u00e9 et de fiabilit\u00e9.<\/li><li><strong>Service \u00c0 La Client\u00e8le Exceptionnel:<\/strong> Nos partenaires se sont engag\u00e9s \u00e0 fournir un service \u00e0 la client\u00e8le exceptionnel, en veillant \u00e0 la rencontre de vos besoins et de vos attentes sont d\u00e9pass\u00e9es.<\/li><\/ul>\t\t\t\t\t\t\t\t<\/div>\n\t\t\t\t<\/div>\n\t\t\t\t<div class=\"elementor-element elementor-element-e457ffd elementor-widget elementor-widget-text-editor\" data-id=\"e457ffd\" data-element_type=\"widget\" data-widget_type=\"text-editor.default\">\n\t\t\t\t<div class=\"elementor-widget-container\">\n\t\t\t\t\t\t\t\t\t<p style=\"text-align: left;\">Les Industries Que Nous Servons<\/p>\t\t\t\t\t\t\t\t<\/div>\n\t\t\t\t<\/div>\n\t\t\t\t<div class=\"elementor-element elementor-element-433f360 elementor-widget elementor-widget-text-editor\" data-id=\"433f360\" data-element_type=\"widget\" data-widget_type=\"text-editor.default\">\n\t\t\t\t<div class=\"elementor-widget-container\">\n\t\t\t\t\t\t\t\t\t<p>Notre r\u00e9seau de fabricants et fournisseurs sert un large \u00e9ventail d'industries, y compris:<\/p><ul><li>De l'a\u00e9rospatiale et de la D\u00e9fense<\/li><li>Automobile<\/li><li>La Construction<\/li><li>L'\u00e9lectronique<\/li><li>D'aliments et de Boissons<\/li><li>De soins de sant\u00e9<\/li><li>L'\u00c9quipement Industriel<\/li><li>Fabrication<\/li><li>De p\u00e9trole et de Gaz<\/li><\/ul>\t\t\t\t\t\t\t\t<\/div>\n\t\t\t\t<\/div>\n\t\t\t\t<div class=\"elementor-element elementor-element-6a62bb9 elementor-widget elementor-widget-text-editor\" data-id=\"6a62bb9\" data-element_type=\"widget\" data-widget_type=\"text-editor.default\">\n\t\t\t\t<div class=\"elementor-widget-container\">\n\t\t\t\t\t\t\t\t\t<p style=\"text-align: left;\">Comment Nous Travaillons<\/p>\t\t\t\t\t\t\t\t<\/div>\n\t\t\t\t<\/div>\n\t\t\t\t<div class=\"elementor-element elementor-element-46de52d elementor-widget elementor-widget-text-editor\" data-id=\"46de52d\" data-element_type=\"widget\" data-widget_type=\"text-editor.default\">\n\t\t\t\t<div class=\"elementor-widget-container\">\n\t\t\t\t\t\t\t\t\t<ol><li><strong>Premi\u00e8re Consultation:<\/strong> Nous discutons de vos besoins et exigences sp\u00e9cifiques.<\/li><li><strong>R\u00e9seau De Recherche:<\/strong> Nous sommes la recherche de notre r\u00e9seau pour trouver les meilleurs fabricants et les fournisseurs pour r\u00e9pondre \u00e0 vos besoins.<\/li><li><strong>Partenaire Introduction:<\/strong> Nous vous pr\u00e9sentons nos partenaires recommand\u00e9s, vous donnant acc\u00e8s \u00e0 leurs produits et services.<\/li><li><strong>Cours De Soutien:<\/strong> Nous offrons un soutien continu afin de garantir \u00e0 vos besoins et vos attentes sont d\u00e9pass\u00e9es.<\/li><\/ol>\t\t\t\t\t\t\t\t<\/div>\n\t\t\t\t<\/div>\n\t\t\t\t<div class=\"elementor-element elementor-element-79ba3f5 elementor-widget elementor-widget-text-editor\" data-id=\"79ba3f5\" data-element_type=\"widget\" data-widget_type=\"text-editor.default\">\n\t\t\t\t<div class=\"elementor-widget-container\">\n\t\t\t\t\t\t\t\t\t<p style=\"text-align: left;\">Restez Connect\u00e9 avec Notre R\u00e9seau de Fabricants et Fournisseurs<\/p>\t\t\t\t\t\t\t\t<\/div>\n\t\t\t\t<\/div>\n\t\t\t\t<div class=\"elementor-element elementor-element-3a422f3 elementor-widget elementor-widget-text-editor\" data-id=\"3a422f3\" data-element_type=\"widget\" data-widget_type=\"text-editor.default\">\n\t\t\t\t<div class=\"elementor-widget-container\">\n\t\t\t\t\t\t\t\t\t<p>Pr\u00eat \u00e0 rationaliser votre processus d'approvisionnement et de se connecter avec confiance des fabricants et des fournisseurs? Contactez-nous aujourd'hui pour en savoir plus sur notre r\u00e9seau, et comment nous pouvons r\u00e9pondre \u00e0 vos besoins d'affaires.<\/p>\t\t\t\t\t\t\t\t<\/div>\n\t\t\t\t<\/div>\n\t\t\t\t<\/div>\n\t\t\t\t<\/div>\n\t\t\t\t<div class=\"elementor-element elementor-element-d1131df elementor-hidden-desktop elementor-hidden-tablet elementor-hidden-mobile elementor-widget elementor-widget-button\" data-id=\"d1131df\" data-element_type=\"widget\" data-widget_type=\"button.default\">\n\t\t\t\t<div class=\"elementor-widget-container\">\n\t\t\t\t\t\t\t\t\t<div class=\"elementor-button-wrapper\">\n\t\t\t\t\t<a class=\"elementor-button elementor-size-sm\" role=\"button\">\n\t\t\t\t\t\t<span class=\"elementor-button-content-wrapper\">\n\t\t\t\t\t\t\t\t\t<span class=\"elementor-button-text\">Se Connecter<\/span>\n\t\t\t\t\t<\/span>\n\t\t\t\t\t<\/a>\n\t\t\t\t<\/div>\n\t\t\t\t\t\t\t\t<\/div>\n\t\t\t\t<\/div>\n\t\t\t\t<div class=\"elementor-element elementor-element-4d14e89 elementor-align-left elementor-widget elementor-widget-button\" data-id=\"4d14e89\" data-element_type=\"widget\" data-widget_type=\"button.default\">\n\t\t\t\t<div class=\"elementor-widget-container\">\n\t\t\t\t\t\t\t\t\t<div class=\"elementor-button-wrapper\">\n\t\t\t\t\t<a class=\"elementor-button elementor-button-link elementor-size-sm\" href=\"https:\/\/divfarrahenterprise.com\/fr\/client-intake-form\/\" target=\"_blank\">\n\t\t\t\t\t\t<span class=\"elementor-button-content-wrapper\">\n\t\t\t\t\t\t\t\t\t<span class=\"elementor-button-text\">CLIENT DE L'APPORT<\/span>\n\t\t\t\t\t<\/span>\n\t\t\t\t\t<\/a>\n\t\t\t\t<\/div>\n\t\t\t\t\t\t\t\t<\/div>\n\t\t\t\t<\/div>\n\t\t\t\t\t<\/div>\n\t\t\t\t<\/div>\n\t\t\t\t<\/div>","protected":false},"excerpt":{"rendered":"<p>Connecting You with Trusted Manufacturers and Suppliers \u00a0At DivFarrah Enterprise we understand the importance of finding reliable manufacturers and suppliers to meet your business needs. That&#8217;s why we&#8217;ve established a comprehensive network of reputable partners, providing you with access to high-quality products, competitive pricing, and exceptional customer service. Benefits of Our Manufacturer and Supplier Network [&hellip;]<\/p>","protected":false},"author":1,"featured_media":0,"parent":0,"menu_order":0,"comment_status":"closed","ping_status":"closed","template":"","meta":{"_jf_save_progress":"","_jet_sm_ready_style":"","_jet_sm_style":"","_jet_sm_controls_values":"","_jet_sm_fonts_collection":"","_jet_sm_fonts_links":"","footnotes":""},"class_list":["post-1430","page","type-page","status-publish","hentry"],"_links":{"self":[{"href":"https:\/\/divfarrahenterprise.com\/fr\/wp-json\/wp\/v2\/pages\/1430","targetHints":{"allow":["GET"]}}],"collection":[{"href":"https:\/\/divfarrahenterprise.com\/fr\/wp-json\/wp\/v2\/pages"}],"about":[{"href":"https:\/\/divfarrahenterprise.com\/fr\/wp-json\/wp\/v2\/types\/page"}],"author":[{"embeddable":true,"href":"https:\/\/divfarrahenterprise.com\/fr\/wp-json\/wp\/v2\/users\/1"}],"replies":[{"embeddable":true,"href":"https:\/\/divfarrahenterprise.com\/fr\/wp-json\/wp\/v2\/comments?post=1430"}],"version-history":[{"count":25,"href":"https:\/\/divfarrahenterprise.com\/fr\/wp-json\/wp\/v2\/pages\/1430\/revisions"}],"predecessor-version":[{"id":4331,"href":"https:\/\/divfarrahenterprise.com\/fr\/wp-json\/wp\/v2\/pages\/1430\/revisions\/4331"}],"wp:attachment":[{"href":"https:\/\/divfarrahenterprise.com\/fr\/wp-json\/wp\/v2\/media?parent=1430"}],"curies":[{"name":"wp","href":"https:\/\/api.w.org\/{rel}","templated":true}]}}