{"id":1438,"date":"2025-01-19T15:27:54","date_gmt":"2025-01-19T15:27:54","guid":{"rendered":"https:\/\/divfarrahenterprise.com\/?page_id=1438"},"modified":"2025-08-02T08:41:03","modified_gmt":"2025-08-02T08:41:03","slug":"starting-a-business","status":"publish","type":"page","link":"https:\/\/divfarrahenterprise.com\/fr\/starting-a-business\/","title":{"rendered":"starting a Business"},"content":{"rendered":"<div data-elementor-type=\"wp-page\" data-elementor-id=\"1438\" class=\"elementor elementor-1438\" data-elementor-post-type=\"page\">\n\t\t\t\t<div class=\"elementor-element elementor-element-c74936d e-flex e-con-boxed e-con e-parent\" data-id=\"c74936d\" data-element_type=\"container\" data-settings=\"{&quot;background_background&quot;:&quot;classic&quot;,&quot;motion_fx_motion_fx_scrolling&quot;:&quot;yes&quot;,&quot;motion_fx_devices&quot;:[&quot;desktop&quot;,&quot;tablet&quot;,&quot;mobile&quot;]}\">\n\t\t\t\t\t<div class=\"e-con-inner\">\n\t\t\t\t\t<\/div>\n\t\t\t\t<\/div>\n\t\t<div class=\"elementor-element elementor-element-4a42398 e-flex e-con-boxed e-con e-parent\" data-id=\"4a42398\" data-element_type=\"container\">\n\t\t\t\t\t<div class=\"e-con-inner\">\n\t\t\t\t<div class=\"elementor-element elementor-element-f4ad60e elementor-widget elementor-widget-heading\" data-id=\"f4ad60e\" data-element_type=\"widget\" data-widget_type=\"heading.default\">\n\t\t\t\t<div class=\"elementor-widget-container\">\n\t\t\t\t\t<h2 class=\"elementor-heading-title elementor-size-default\">Transformer Votre Vision en Succ\u00e8s d'une Entreprise ou d'un Projet<\/h2>\t\t\t\t<\/div>\n\t\t\t\t<\/div>\n\t\t\t\t\t<\/div>\n\t\t\t\t<\/div>\n\t\t<div class=\"elementor-element elementor-element-596b866 e-flex e-con-boxed e-con e-parent\" data-id=\"596b866\" data-element_type=\"container\" data-settings=\"{&quot;background_background&quot;:&quot;classic&quot;}\">\n\t\t\t\t\t<div class=\"e-con-inner\">\n\t\t<div class=\"elementor-element elementor-element-15d3d64 e-con-full e-flex e-con e-child\" data-id=\"15d3d64\" data-element_type=\"container\">\n\t\t<div class=\"elementor-element elementor-element-11fbb6b e-con-full e-flex e-con e-child\" data-id=\"11fbb6b\" data-element_type=\"container\">\n\t\t\t\t<div class=\"elementor-element elementor-element-e5b0f3c elementor-widget elementor-widget-text-editor\" data-id=\"e5b0f3c\" data-element_type=\"widget\" data-widget_type=\"text-editor.default\">\n\t\t\t\t<div class=\"elementor-widget-container\">\n\t\t\t\t\t\t\t\t\t<p style=\"text-align: center;\"><br \/>D\u00e9marrage d'une nouvelle entreprise ou un projet peut \u00eatre \u00e0 la fois excitant et intimidant. Avec tellement de facteurs \u00e0 consid\u00e9rer, il est facile de se sentir d\u00e9pass\u00e9. Au DivFarrah de l'Entreprise, nous nous sommes engag\u00e9s \u00e0 aider les entrepreneurs et les innovateurs comme vous transformer leurs visions en r\u00e9alit\u00e9.<\/p><p style=\"text-align: center;\">Lancez Votre Entreprise avec Confiance<br \/>D\u00e9marrage d'une entreprise peut \u00eatre \u00e9crasante, mais avec nos services de support, vous serez bien sur votre chemin vers le succ\u00e8s.<\/p>\t\t\t\t\t\t\t\t<\/div>\n\t\t\t\t<\/div>\n\t\t\t\t<div class=\"elementor-element elementor-element-2282a9a elementor-widget elementor-widget-text-editor\" data-id=\"2282a9a\" data-element_type=\"widget\" data-widget_type=\"text-editor.default\">\n\t\t\t\t<div class=\"elementor-widget-container\">\n\t\t\t\t\t\t\t\t\t<p style=\"text-align: left;\">Les Services Commerciaux Essentiels<\/p>\t\t\t\t\t\t\t\t<\/div>\n\t\t\t\t<\/div>\n\t\t\t\t<div class=\"elementor-element elementor-element-d8f288e elementor-widget elementor-widget-text-editor\" data-id=\"d8f288e\" data-element_type=\"widget\" data-widget_type=\"text-editor.default\">\n\t\t\t\t<div class=\"elementor-widget-container\">\n\t\t\t\t\t\t\t\t\t<p>Obtenez la fondation, vous devez \u00e9tablir une pr\u00e9sence professionnelle:<\/p><p><strong>\u2013 Structure Juridique:<\/strong> Des conseils d'experts sur le choix de la bonne structure juridique pour votre entreprise<br \/><strong>\u2013 Assistant Virtuel De Services:<\/strong> Expert en soutien administratif pour g\u00e9rer votre charge de travail<br \/><strong>\u2013 L'Adresse de l'entreprise et des Services de t\u00e9l\u00e9phonie:<\/strong> \u00c9tablir une entreprise professionnelle de l'adresse et le num\u00e9ro de t\u00e9l\u00e9phone<br \/><strong>\u2013 Base de donn\u00e9es et de Cloud, les Solutions du Syst\u00e8me:<\/strong> S\u00e9curis\u00e9e et \u00e9volutive de solutions de gestion des donn\u00e9es<\/p>\t\t\t\t\t\t\t\t<\/div>\n\t\t\t\t<\/div>\n\t\t\t\t<div class=\"elementor-element elementor-element-45024c1 elementor-widget elementor-widget-text-editor\" data-id=\"45024c1\" data-element_type=\"widget\" data-widget_type=\"text-editor.default\">\n\t\t\t\t<div class=\"elementor-widget-container\">\n\t\t\t\t\t\t\t\t\t<p><strong>Ces services vous aideront \u00e0:<\/strong><\/p><p>\u2013 \u00c9tablir un professionnel de la pr\u00e9sence de l'entreprise<br \/>\u2013 Augmentation de la productivit\u00e9 et de l'efficacit\u00e9<br \/>\u2013 Se concentrer sur la croissance de votre entreprise<\/p>\t\t\t\t\t\t\t\t<\/div>\n\t\t\t\t<\/div>\n\t\t\t\t<div class=\"elementor-element elementor-element-1868661 elementor-widget elementor-widget-text-editor\" data-id=\"1868661\" data-element_type=\"widget\" data-widget_type=\"text-editor.default\">\n\t\t\t\t<div class=\"elementor-widget-container\">\n\t\t\t\t\t\t\t\t\t<p><strong>Entreprise d'Installation et de Gestion:<\/strong><\/p><p>Notre gamme compl\u00e8te d'installation et de gestion, services comprennent:<\/p><p><strong>1. Des Affaires Juridiques De La Structure De L'Installation:<\/strong> LLC, une soci\u00e9t\u00e9, d'un brevet, EIN, ITIN<br \/><strong>2. Entreprise de Base de donn\u00e9es, CRM, Cloud et Syst\u00e8me:<\/strong> Efficace de solutions de gestion des donn\u00e9es<br \/><strong>3. D'Affaires En Ligne De Cotation:<\/strong> Augmentez votre visibilit\u00e9 en ligne<br \/><strong>4. Les entreprises E-T\u00e9l\u00e9copie et Num\u00e9ro de T\u00e9l\u00e9phone au travail:<\/strong> Des solutions de communications professionnelles<\/p>\t\t\t\t\t\t\t\t<\/div>\n\t\t\t\t<\/div>\n\t\t\t\t<div class=\"elementor-element elementor-element-607b24d elementor-widget elementor-widget-text-editor\" data-id=\"607b24d\" data-element_type=\"widget\" data-widget_type=\"text-editor.default\">\n\t\t\t\t<div class=\"elementor-widget-container\">\n\t\t\t\t\t\t\t\t\t<p><strong>Protection De La Propri\u00e9t\u00e9 Intellectuelle<\/strong><\/p><p>Prot\u00e9ger votre entreprise de propri\u00e9t\u00e9 intellectuelle avec notre:<\/p><p><strong>1. D'affaires des Marques et droit d'Auteur:<\/strong> S\u00e9curiser votre marque et de vos id\u00e9es<\/p><p><strong>La Strat\u00e9gie de l'entreprise et de la Planification <\/strong><strong>Atteindre vos objectifs d'affaires avec nos:<\/strong><\/p><p><strong>1. Plan d'affaires et de Proposition:<\/strong> Savamment con\u00e7u les plans et les propositions<br \/><strong>2. Le Coaching D'Affaires:<\/strong> Un accompagnement personnalis\u00e9 et de soutien<\/p><p>Laissez-nous vous aider \u00e0 lancer et faire cro\u00eetre votre entreprise en toute confiance. Contactez-nous aujourd'hui pour en savoir plus!<\/p>\t\t\t\t\t\t\t\t<\/div>\n\t\t\t\t<\/div>\n\t\t\t\t<div class=\"elementor-element elementor-element-c62eb53 elementor-widget elementor-widget-text-editor\" data-id=\"c62eb53\" data-element_type=\"widget\" data-widget_type=\"text-editor.default\">\n\t\t\t\t<div class=\"elementor-widget-container\">\n\t\t\t\t\t\t\t\t\t<p style=\"text-align: left;\">Principes Fondamentaux de la R\u00e9ussite<\/p>\t\t\t\t\t\t\t\t<\/div>\n\t\t\t\t<\/div>\n\t\t\t\t<div class=\"elementor-element elementor-element-b69d54e elementor-widget elementor-widget-text-editor\" data-id=\"b69d54e\" data-element_type=\"widget\" data-widget_type=\"text-editor.default\">\n\t\t\t\t<div class=\"elementor-widget-container\">\n\t\t\t\t\t\t\t\t\t<p>Notre guide couvre l'essentiel des notions de base pour le lancement d'une entreprise ou d'un projet, y compris:<\/p><ol><li><strong>La G\u00e9n\u00e9ration de l'id\u00e9e et de Validation:<\/strong> Apprendre \u00e0 g\u00e9n\u00e9rer et valider votre id\u00e9e d'entreprise, s'assurer qu'elle r\u00e9pond aux besoins de votre march\u00e9 cible.<\/li><li><strong>La Planification Des Activit\u00e9s:<\/strong> D\u00e9velopper un plan d'affaires solide, d\u00e9crivant vos objectifs, de la cible de march\u00e9, pr\u00e9visions financi\u00e8res, et la strat\u00e9gie marketing.<\/li><li><strong>Le march\u00e9 de la Recherche et de l'Analyse:<\/strong> Mener \u00e0 bien des \u00e9tudes de march\u00e9 et d'analyse afin de comprendre vos concurrents, le public cible, et les tendances du march\u00e9.<\/li><li><strong>La Planification financi\u00e8re et de Gestion:<\/strong> Apprendre \u00e0 cr\u00e9er un plan financier, la gestion de vos finances, et \u00e0 obtenir du financement pour votre entreprise ou projet.<\/li><li><strong>L'\u00e9quipe de Construction et de Gestion:<\/strong> D\u00e9couvrir l'importance de b\u00e2tir une \u00e9quipe solide et d'apprendre des techniques efficaces de gestion pour assurer le succ\u00e8s de votre \u00e9quipe.<\/li><li><strong>Marketing et Ventes:<\/strong> D\u00e9velopper une strat\u00e9gie marketing et de vente pour atteindre votre public cible, de construire la notori\u00e9t\u00e9 de la marque, et de stimuler les ventes.<\/li><\/ol>\t\t\t\t\t\t\t\t<\/div>\n\t\t\t\t<\/div>\n\t\t\t\t<div class=\"elementor-element elementor-element-101b3d0 elementor-widget elementor-widget-text-editor\" data-id=\"101b3d0\" data-element_type=\"widget\" data-widget_type=\"text-editor.default\">\n\t\t\t\t<div class=\"elementor-widget-container\">\n\t\t\t\t\t\t\t\t\t<p style=\"text-align: left;\">Les avantages de Nos Conseils<\/p>\t\t\t\t\t\t\t\t<\/div>\n\t\t\t\t<\/div>\n\t\t\t\t<div class=\"elementor-element elementor-element-15d6116 elementor-widget elementor-widget-text-editor\" data-id=\"15d6116\" data-element_type=\"widget\" data-widget_type=\"text-editor.default\">\n\t\t\t\t<div class=\"elementor-widget-container\">\n\t\t\t\t\t\t\t\t\t<p>En suivant nos conseils, vous aurez:<\/p><ol><li><strong>Augmenter vos chances de succ\u00e8s:<\/strong> Par la compr\u00e9hension des principes fondamentaux de d\u00e9marrage d'une entreprise ou d'un projet, vous serez mieux outill\u00e9 pour surmonter les d\u00e9fis et \u00e0 atteindre vos objectifs.<\/li><li><strong>\u00c9conomisez du temps et des ressources:<\/strong> Nos conseils vous aideront \u00e0 \u00e9viter les erreurs co\u00fbteuses et vous assurer que vous \u00eates en se concentrant sur les domaines de droit de votre entreprise ou projet.<\/li><li><p><strong>Un Gain de confiance et de clart\u00e9:<\/strong> Avec une solide compr\u00e9hension des principes fondamentaux, vous vous sentirez plus confiant et clair au sujet de votre entreprise ou de projet de la direction.<\/p><\/li><\/ol>\t\t\t\t\t\t\t\t<\/div>\n\t\t\t\t<\/div>\n\t\t\t\t<div class=\"elementor-element elementor-element-2b58ee5 elementor-widget elementor-widget-text-editor\" data-id=\"2b58ee5\" data-element_type=\"widget\" data-widget_type=\"text-editor.default\">\n\t\t\t\t<div class=\"elementor-widget-container\">\n\t\t\t\t\t\t\t\t\t<p style=\"text-align: left;\">Commencez D\u00e8s Aujourd'Hui<\/p>\t\t\t\t\t\t\t\t<\/div>\n\t\t\t\t<\/div>\n\t\t\t\t<div class=\"elementor-element elementor-element-a8b64b2 elementor-widget elementor-widget-text-editor\" data-id=\"a8b64b2\" data-element_type=\"widget\" data-widget_type=\"text-editor.default\">\n\t\t\t\t<div class=\"elementor-widget-container\">\n\t\t\t\t\t\t\t\t\t<p><br \/>Pr\u00eat \u00e0 transformer votre vision en succ\u00e8s d'une entreprise ou d'un projet? Contactez-nous aujourd'hui pour en savoir plus \u00e0 propos de nos conseils et de services de soutien.<\/p>\t\t\t\t\t\t\t\t<\/div>\n\t\t\t\t<\/div>\n\t\t\t\t<\/div>\n\t\t\t\t<\/div>\n\t\t<div class=\"elementor-element elementor-element-913cacf e-con-full e-flex e-con e-child\" data-id=\"913cacf\" data-element_type=\"container\">\n\t\t<div class=\"elementor-element elementor-element-230c637 e-con-full e-flex e-con e-child\" data-id=\"230c637\" data-element_type=\"container\">\n\t\t\t\t<div class=\"elementor-element elementor-element-d7243f1 elementor-align-left elementor-widget elementor-widget-button\" data-id=\"d7243f1\" data-element_type=\"widget\" data-widget_type=\"button.default\">\n\t\t\t\t<div class=\"elementor-widget-container\">\n\t\t\t\t\t\t\t\t\t<div class=\"elementor-button-wrapper\">\n\t\t\t\t\t<a class=\"elementor-button elementor-button-link elementor-size-sm\" href=\"https:\/\/divfarrahenterprise.com\/fr\/client-intake-form\/\" target=\"_blank\">\n\t\t\t\t\t\t<span class=\"elementor-button-content-wrapper\">\n\t\t\t\t\t\t\t\t\t<span class=\"elementor-button-text\">CLIENT DE L'APPORT<\/span>\n\t\t\t\t\t<\/span>\n\t\t\t\t\t<\/a>\n\t\t\t\t<\/div>\n\t\t\t\t\t\t\t\t<\/div>\n\t\t\t\t<\/div>\n\t\t\t\t<\/div>\n\t\t\t\t<\/div>\n\t\t\t\t\t<\/div>\n\t\t\t\t<\/div>\n\t\t\t\t<\/div>","protected":false},"excerpt":{"rendered":"<p>Turning Your Vision into a Successful Business or Project Starting a new business or project can be both exciting and intimidating. With so many factors to consider, it&#8217;s easy to feel overwhelmed. At DivFarrah Enterprise, we&#8217;re dedicated to helping entrepreneurs and innovators like you turn their visions into successful realities. Launch Your Business with ConfidenceStarting [&hellip;]<\/p>","protected":false},"author":1,"featured_media":0,"parent":0,"menu_order":0,"comment_status":"closed","ping_status":"closed","template":"","meta":{"_jf_save_progress":"","_jet_sm_ready_style":"","_jet_sm_style":"","_jet_sm_controls_values":"","_jet_sm_fonts_collection":"","_jet_sm_fonts_links":"","footnotes":""},"class_list":["post-1438","page","type-page","status-publish","hentry"],"_links":{"self":[{"href":"https:\/\/divfarrahenterprise.com\/fr\/wp-json\/wp\/v2\/pages\/1438","targetHints":{"allow":["GET"]}}],"collection":[{"href":"https:\/\/divfarrahenterprise.com\/fr\/wp-json\/wp\/v2\/pages"}],"about":[{"href":"https:\/\/divfarrahenterprise.com\/fr\/wp-json\/wp\/v2\/types\/page"}],"author":[{"embeddable":true,"href":"https:\/\/divfarrahenterprise.com\/fr\/wp-json\/wp\/v2\/users\/1"}],"replies":[{"embeddable":true,"href":"https:\/\/divfarrahenterprise.com\/fr\/wp-json\/wp\/v2\/comments?post=1438"}],"version-history":[{"count":46,"href":"https:\/\/divfarrahenterprise.com\/fr\/wp-json\/wp\/v2\/pages\/1438\/revisions"}],"predecessor-version":[{"id":4310,"href":"https:\/\/divfarrahenterprise.com\/fr\/wp-json\/wp\/v2\/pages\/1438\/revisions\/4310"}],"wp:attachment":[{"href":"https:\/\/divfarrahenterprise.com\/fr\/wp-json\/wp\/v2\/media?parent=1438"}],"curies":[{"name":"wp","href":"https:\/\/api.w.org\/{rel}","templated":true}]}}