{"id":1456,"date":"2025-01-19T16:01:34","date_gmt":"2025-01-19T16:01:34","guid":{"rendered":"https:\/\/divfarrahenterprise.com\/?page_id=1456"},"modified":"2025-08-02T08:42:07","modified_gmt":"2025-08-02T08:42:07","slug":"managing-a-business","status":"publish","type":"page","link":"https:\/\/divfarrahenterprise.com\/fr\/managing-a-business\/","title":{"rendered":"La gestion d'une Entreprise"},"content":{"rendered":"<div data-elementor-type=\"wp-page\" data-elementor-id=\"1456\" class=\"elementor elementor-1456\" data-elementor-post-type=\"page\">\n\t\t\t\t<div class=\"elementor-element elementor-element-2f0cad9 e-flex e-con-boxed e-con e-parent\" data-id=\"2f0cad9\" data-element_type=\"container\" data-settings=\"{&quot;background_background&quot;:&quot;classic&quot;,&quot;motion_fx_motion_fx_scrolling&quot;:&quot;yes&quot;,&quot;motion_fx_devices&quot;:[&quot;desktop&quot;,&quot;tablet&quot;,&quot;mobile&quot;]}\">\n\t\t\t\t\t<div class=\"e-con-inner\">\n\t\t\t\t\t<\/div>\n\t\t\t\t<\/div>\n\t\t<div class=\"elementor-element elementor-element-0c9a647 e-flex e-con-boxed e-con e-parent\" data-id=\"0c9a647\" data-element_type=\"container\" data-settings=\"{&quot;background_background&quot;:&quot;classic&quot;}\">\n\t\t\t\t\t<div class=\"e-con-inner\">\n\t\t<div class=\"elementor-element elementor-element-af4e0dc e-con-full e-flex e-con e-child\" data-id=\"af4e0dc\" data-element_type=\"container\">\n\t\t<div class=\"elementor-element elementor-element-bc124e3 e-con-full e-flex e-con e-child\" data-id=\"bc124e3\" data-element_type=\"container\">\n\t\t\t\t<div class=\"elementor-element elementor-element-2d5a15d elementor-widget elementor-widget-heading\" data-id=\"2d5a15d\" data-element_type=\"widget\" data-widget_type=\"heading.default\">\n\t\t\t\t<div class=\"elementor-widget-container\">\n\t\t\t\t\t<h2 class=\"elementor-heading-title elementor-size-default\">Le Mastering de Gestion de l'Entreprise: Comp\u00e9tences Essentielles pour le Succ\u00e8s<\/h2>\t\t\t\t<\/div>\n\t\t\t\t<\/div>\n\t\t\t\t<div class=\"elementor-element elementor-element-a8df6b7 elementor-widget elementor-widget-text-editor\" data-id=\"a8df6b7\" data-element_type=\"widget\" data-widget_type=\"text-editor.default\">\n\t\t\t\t<div class=\"elementor-widget-container\">\n\t\t\t\t\t\t\t\t\t<p style=\"text-align: center;\">Efficaces de gestion de l'entreprise est cruciale pour la r\u00e9ussite et \u00e0 la durabilit\u00e9 en \u00e9volution rapide d'aujourd'hui et march\u00e9 concurrentiel. Au DivFarrah de l'Entreprise nous nous sommes engag\u00e9s \u00e0 aider les entrepreneurs et les dirigeants d'entreprise comme vous d\u00e9veloppez les comp\u00e9tences et les connaissances n\u00e9cessaires pour g\u00e9rer votre entreprise de mani\u00e8re efficiente et efficace.<\/p>\t\t\t\t\t\t\t\t<\/div>\n\t\t\t\t<\/div>\n\t\t\t\t<div class=\"elementor-element elementor-element-071f942 elementor-widget elementor-widget-text-editor\" data-id=\"071f942\" data-element_type=\"widget\" data-widget_type=\"text-editor.default\">\n\t\t\t\t<div class=\"elementor-widget-container\">\n\t\t\t\t\t\t\t\t\t<p>Tr\u00e8s complet, notre entreprise de conseils en gestion couvre les sujets essentiels, y compris:<\/p><ol><li><strong>La Planification Strat\u00e9gique:<\/strong> D\u00e9velopper une vision claire, la mission et les objectifs de votre entreprise, et de cr\u00e9er une feuille de route pour la r\u00e9alisation de vos objectifs.<\/li><li><strong>Leadership et Gestion d'\u00c9quipe:<\/strong> Apprendre \u00e0 motiver, inspirer et guider votre \u00e9quipe pour atteindre des r\u00e9sultats exceptionnels.<\/li><li><strong>Gestion Financi\u00e8re:<\/strong> Comprendre comment g\u00e9rer vos finances, y compris la budg\u00e9tisation, de pr\u00e9vision et de gestion des flux de tr\u00e9sorerie.<\/li><li><strong>Op\u00e9rations et de la Logistique:<\/strong> Rationaliser l'exploitation de votre entreprise, g\u00e9rer la cha\u00eene d'approvisionnement, et d'optimiser les processus pour un maximum d'efficacit\u00e9.<\/li><li><strong>Marketing et Ventes:<\/strong> D\u00e9velopper des strat\u00e9gies marketing et de vente pour atteindre de nouveaux clients, de construire la notori\u00e9t\u00e9 de la marque, et de stimuler la croissance des revenus.<\/li><li><strong>Gestion Des Risques:<\/strong> Identifier, \u00e9valuer et att\u00e9nuer les risques pour assurer la continuit\u00e9 des activit\u00e9s et de minimiser les pertes potentielles.<\/li><\/ol>\t\t\t\t\t\t\t\t<\/div>\n\t\t\t\t<\/div>\n\t\t\t\t<div class=\"elementor-element elementor-element-f5d0875 elementor-widget elementor-widget-text-editor\" data-id=\"f5d0875\" data-element_type=\"widget\" data-widget_type=\"text-editor.default\">\n\t\t\t\t<div class=\"elementor-widget-container\">\n\t\t\t\t\t\t\t\t\t<p style=\"text-align: left;\">Avantages de la Gestion d'Entreprise<\/p>\t\t\t\t\t\t\t\t<\/div>\n\t\t\t\t<\/div>\n\t\t\t\t<div class=\"elementor-element elementor-element-c3b6e5d elementor-widget elementor-widget-text-editor\" data-id=\"c3b6e5d\" data-element_type=\"widget\" data-widget_type=\"text-editor.default\">\n\t\t\t\t<div class=\"elementor-widget-container\">\n\t\t\t\t\t\t\t\t\t<p>En ma\u00eetrisant les comp\u00e9tences et les connaissances n\u00e9cessaires pour une bonne gestion de l'entreprise, vous aurez:<\/p><p>\u2013 D'augmenter l'Efficacit\u00e9: Simplifier les processus, de r\u00e9duire les d\u00e9chets et optimiser les ressources.<br \/>\u2013 Am\u00e9liorer la Productivit\u00e9: Motiver et d'inspirer votre \u00e9quipe \u00e0 atteindre des r\u00e9sultats exceptionnels.<br \/>\u2013 Am\u00e9liorer la Prise de D\u00e9cision: Faire en connaissance de cause, les donn\u00e9es \u00e0 prendre des d\u00e9cisions \u00e9clair\u00e9es favorisant la croissance des entreprises.<br \/>\u2013 Hausse de la Rentabilit\u00e9: Augmenter les revenus, r\u00e9duire les co\u00fbts et am\u00e9liorer la performance de l'.<\/p>\t\t\t\t\t\t\t\t<\/div>\n\t\t\t\t<\/div>\n\t\t\t\t<div class=\"elementor-element elementor-element-8f89f77 elementor-widget elementor-widget-text-editor\" data-id=\"8f89f77\" data-element_type=\"widget\" data-widget_type=\"text-editor.default\">\n\t\t\t\t<div class=\"elementor-widget-container\">\n\t\t\t\t\t\t\t\t\t<p style=\"text-align: left;\">Commencez D\u00e8s Aujourd'Hui<\/p>\t\t\t\t\t\t\t\t<\/div>\n\t\t\t\t<\/div>\n\t\t\t\t<div class=\"elementor-element elementor-element-119ebab elementor-widget elementor-widget-text-editor\" data-id=\"119ebab\" data-element_type=\"widget\" data-widget_type=\"text-editor.default\">\n\t\t\t\t<div class=\"elementor-widget-container\">\n\t\t\t\t\t\t\t\t\t<p>Pr\u00eat \u00e0 d\u00e9velopper les comp\u00e9tences et les connaissances n\u00e9cessaires pour g\u00e9rer efficacement votre entreprise? Contactez-nous aujourd'hui pour en apprendre davantage au sujet de nos activit\u00e9s de conseils en gestion services de soutien et de.<\/p>\t\t\t\t\t\t\t\t<\/div>\n\t\t\t\t<\/div>\n\t\t\t\t<div class=\"elementor-element elementor-element-4cb69c0 elementor-align-left elementor-widget elementor-widget-button\" data-id=\"4cb69c0\" data-element_type=\"widget\" data-widget_type=\"button.default\">\n\t\t\t\t<div class=\"elementor-widget-container\">\n\t\t\t\t\t\t\t\t\t<div class=\"elementor-button-wrapper\">\n\t\t\t\t\t<a class=\"elementor-button elementor-button-link elementor-size-sm\" href=\"https:\/\/divfarrahenterprise.com\/fr\/client-intake-form\/\" target=\"_blank\">\n\t\t\t\t\t\t<span class=\"elementor-button-content-wrapper\">\n\t\t\t\t\t\t\t\t\t<span class=\"elementor-button-text\">CLIENT DE L'APPORT<\/span>\n\t\t\t\t\t<\/span>\n\t\t\t\t\t<\/a>\n\t\t\t\t<\/div>\n\t\t\t\t\t\t\t\t<\/div>\n\t\t\t\t<\/div>\n\t\t\t\t<\/div>\n\t\t\t\t<\/div>\n\t\t\t\t\t<\/div>\n\t\t\t\t<\/div>\n\t\t\t\t<\/div>","protected":false},"excerpt":{"rendered":"<p>Mastering Business Management: Essential Skills for Success Effective business management is crucial for achieving success and sustainability in today&#8217;s fast-paced and competitive market. At DivFarrah Enterprise we&#8217;re committed to helping entrepreneurs and business leaders like you develop the skills and knowledge necessary to manage your business efficiently and effectively. Our comprehensive business management guidance covers [&hellip;]<\/p>","protected":false},"author":1,"featured_media":0,"parent":0,"menu_order":0,"comment_status":"closed","ping_status":"closed","template":"","meta":{"_jf_save_progress":"","_jet_sm_ready_style":"","_jet_sm_style":"","_jet_sm_controls_values":"","_jet_sm_fonts_collection":"","_jet_sm_fonts_links":"","footnotes":""},"class_list":["post-1456","page","type-page","status-publish","hentry"],"_links":{"self":[{"href":"https:\/\/divfarrahenterprise.com\/fr\/wp-json\/wp\/v2\/pages\/1456","targetHints":{"allow":["GET"]}}],"collection":[{"href":"https:\/\/divfarrahenterprise.com\/fr\/wp-json\/wp\/v2\/pages"}],"about":[{"href":"https:\/\/divfarrahenterprise.com\/fr\/wp-json\/wp\/v2\/types\/page"}],"author":[{"embeddable":true,"href":"https:\/\/divfarrahenterprise.com\/fr\/wp-json\/wp\/v2\/users\/1"}],"replies":[{"embeddable":true,"href":"https:\/\/divfarrahenterprise.com\/fr\/wp-json\/wp\/v2\/comments?post=1456"}],"version-history":[{"count":31,"href":"https:\/\/divfarrahenterprise.com\/fr\/wp-json\/wp\/v2\/pages\/1456\/revisions"}],"predecessor-version":[{"id":4313,"href":"https:\/\/divfarrahenterprise.com\/fr\/wp-json\/wp\/v2\/pages\/1456\/revisions\/4313"}],"wp:attachment":[{"href":"https:\/\/divfarrahenterprise.com\/fr\/wp-json\/wp\/v2\/media?parent=1456"}],"curies":[{"name":"wp","href":"https:\/\/api.w.org\/{rel}","templated":true}]}}