{"id":1536,"date":"2025-01-24T09:43:35","date_gmt":"2025-01-24T09:43:35","guid":{"rendered":"https:\/\/divfarrahenterprise.com\/?page_id=1536"},"modified":"2025-07-15T12:52:42","modified_gmt":"2025-07-15T12:52:42","slug":"bmsm-training","status":"publish","type":"page","link":"https:\/\/divfarrahenterprise.com\/fr\/bmsm-training\/","title":{"rendered":"BMSM de formation"},"content":{"rendered":"<div data-elementor-type=\"wp-page\" data-elementor-id=\"1536\" class=\"elementor elementor-1536\" data-elementor-post-type=\"page\">\n\t\t\t\t<div class=\"elementor-element elementor-element-e068e14 e-flex e-con-boxed e-con e-parent\" data-id=\"e068e14\" data-element_type=\"container\" data-settings=\"{&quot;background_background&quot;:&quot;classic&quot;,&quot;motion_fx_motion_fx_scrolling&quot;:&quot;yes&quot;,&quot;motion_fx_devices&quot;:[&quot;desktop&quot;,&quot;tablet&quot;,&quot;mobile&quot;]}\">\n\t\t\t\t\t<div class=\"e-con-inner\">\n\t\t\t\t\t<\/div>\n\t\t\t\t<\/div>\n\t\t<div class=\"elementor-element elementor-element-8b5ad7e e-flex e-con-boxed e-con e-parent\" data-id=\"8b5ad7e\" data-element_type=\"container\" data-settings=\"{&quot;background_background&quot;:&quot;classic&quot;}\">\n\t\t\t\t\t<div class=\"e-con-inner\">\n\t\t<div class=\"elementor-element elementor-element-7f9ee43 e-con-full e-flex e-con e-child\" data-id=\"7f9ee43\" data-element_type=\"container\">\n\t\t<div class=\"elementor-element elementor-element-e9ab503 e-con-full e-flex e-con e-child\" data-id=\"e9ab503\" data-element_type=\"container\">\n\t\t\t\t<div class=\"elementor-element elementor-element-c5646ae elementor-widget elementor-widget-heading\" data-id=\"c5646ae\" data-element_type=\"widget\" data-widget_type=\"heading.default\">\n\t\t\t\t<div class=\"elementor-widget-container\">\n\t\t\t\t\t<h2 class=\"elementor-heading-title elementor-size-default\">Nous offrons une gamme compl\u00e8te de programmes de formation con\u00e7us pour aider les entrepreneurs \u00e0 chaque \u00e9tape de leur voyage<\/h2>\t\t\t\t<\/div>\n\t\t\t\t<\/div>\n\t\t\t\t<div class=\"elementor-element elementor-element-0a280dc elementor-widget elementor-widget-text-editor\" data-id=\"0a280dc\" data-element_type=\"widget\" data-widget_type=\"text-editor.default\">\n\t\t\t\t<div class=\"elementor-widget-container\">\n\t\t\t\t\t\t\t\t\t<p style=\"text-align: left;\">Module 1: Introduction \u00e0 la Structure de la Commission<\/p>\t\t\t\t\t\t\t\t<\/div>\n\t\t\t\t<\/div>\n\t\t\t\t<div class=\"elementor-element elementor-element-f1e301f elementor-widget elementor-widget-text-editor\" data-id=\"f1e301f\" data-element_type=\"widget\" data-widget_type=\"text-editor.default\">\n\t\t\t\t<div class=\"elementor-widget-container\">\n\t\t\t\t\t\t\t\t\t<ol><li>Vue d'ensemble de la structure de la commission<\/li><li>La compr\u00e9hension du Revenu Mensuel (MRR) de la Commission<\/li><li>La compr\u00e9hension des mesures d'Incitation Suppl\u00e9mentaires (Objectifs de Vente et Programme de parrainage)<\/li><li>L'examen des Modalit\u00e9s de Paiement<\/li><\/ol>\t\t\t\t\t\t\t\t<\/div>\n\t\t\t\t<\/div>\n\t\t\t\t<div class=\"elementor-element elementor-element-3ed88b8 elementor-widget elementor-widget-text-editor\" data-id=\"3ed88b8\" data-element_type=\"widget\" data-widget_type=\"text-editor.default\">\n\t\t\t\t<div class=\"elementor-widget-container\">\n\t\t\t\t\t\t\t\t\t<p style=\"text-align: left;\">Module 2: Comprendre les activit\u00e9s de l'Adh\u00e9sion<\/p>\t\t\t\t\t\t\t\t<\/div>\n\t\t\t\t<\/div>\n\t\t\t\t<div class=\"elementor-element elementor-element-4ac6290 elementor-widget elementor-widget-text-editor\" data-id=\"4ac6290\" data-element_type=\"widget\" data-widget_type=\"text-editor.default\">\n\t\t\t\t<div class=\"elementor-widget-container\">\n\t\t\t\t\t\t\t\t\t<ol><li>Pr\u00e9sentation de l'entreprise l'adh\u00e9sion<\/li><li>Les caract\u00e9ristiques et les avantages de l'adh\u00e9sion<\/li><li>Public cible et le profil du client id\u00e9al<\/li><li>Analyse de la concurrence et de positionnement sur le march\u00e9<\/li><\/ol>\t\t\t\t\t\t\t\t<\/div>\n\t\t\t\t<\/div>\n\t\t\t\t<div class=\"elementor-element elementor-element-6ede443 elementor-widget elementor-widget-text-editor\" data-id=\"6ede443\" data-element_type=\"widget\" data-widget_type=\"text-editor.default\">\n\t\t\t\t<div class=\"elementor-widget-container\">\n\t\t\t\t\t\t\t\t\t<p style=\"text-align: left;\">Module 3: les Strat\u00e9gies de Vente et des Techniques de<\/p>\t\t\t\t\t\t\t\t<\/div>\n\t\t\t\t<\/div>\n\t\t\t\t<div class=\"elementor-element elementor-element-e8cca59 elementor-widget elementor-widget-text-editor\" data-id=\"e8cca59\" data-element_type=\"widget\" data-widget_type=\"text-editor.default\">\n\t\t\t\t<div class=\"elementor-widget-container\">\n\t\t\t\t\t\t\t\t\t<ol><li>La compr\u00e9hension de l'entonnoir des ventes et de la client\u00e8le de voyage<\/li><li>L'identification et la qualification de prospects<\/li><li>L'\u00e9tablissement de relations et de confiance avec les clients potentiels<\/li><li>Gestion des objections et la conclusion de transactions<\/li><li>Exercices de jeux de r\u00f4le et le sc\u00e9nario de vente des simulations<\/li><\/ol>\t\t\t\t\t\t\t\t<\/div>\n\t\t\t\t<\/div>\n\t\t\t\t<div class=\"elementor-element elementor-element-9f7e961 elementor-widget elementor-widget-text-editor\" data-id=\"9f7e961\" data-element_type=\"widget\" data-widget_type=\"text-editor.default\">\n\t\t\t\t<div class=\"elementor-widget-container\">\n\t\t\t\t\t\t\t\t\t<p style=\"text-align: left;\">Module 4: Marketing et G\u00e9n\u00e9ration de leads<\/p>\t\t\t\t\t\t\t\t<\/div>\n\t\t\t\t<\/div>\n\t\t\t\t<div class=\"elementor-element elementor-element-759d97e elementor-widget elementor-widget-text-editor\" data-id=\"759d97e\" data-element_type=\"widget\" data-widget_type=\"text-editor.default\">\n\t\t\t\t<div class=\"elementor-widget-container\">\n\t\t\t\t\t\t\t\t\t<ol><li style=\"text-align: left;\">\u00a0Vue d'ensemble des circuits de commercialisation et des strat\u00e9gies<\/li><li>Marketing des m\u00e9dias sociaux et de la pr\u00e9sence en ligne<\/li><li>Contenu de marketing et de g\u00e9n\u00e9ration de leads<\/li><li>E-mail marketing et de la maturation des prospects<\/li><li>La publicit\u00e9 pay\u00e9e et le contenu sponsoris\u00e9<\/li><\/ol>\t\t\t\t\t\t\t\t<\/div>\n\t\t\t\t<\/div>\n\t\t\t\t<div class=\"elementor-element elementor-element-286cd13 elementor-widget elementor-widget-text-editor\" data-id=\"286cd13\" data-element_type=\"widget\" data-widget_type=\"text-editor.default\">\n\t\t\t\t<div class=\"elementor-widget-container\">\n\t\t\t\t\t\t\t\t\t<p style=\"text-align: left;\">Module 5: Gestion des comptes et des Renouvellements<\/p>\t\t\t\t\t\t\t\t<\/div>\n\t\t\t\t<\/div>\n\t\t\t\t<div class=\"elementor-element elementor-element-f9963d4 elementor-widget elementor-widget-text-editor\" data-id=\"f9963d4\" data-element_type=\"widget\" data-widget_type=\"text-editor.default\">\n\t\t\t\t<div class=\"elementor-widget-container\">\n\t\t\t\t\t\t\t\t\t<ol><li>La compr\u00e9hension de l'importance de la gestion de compte<\/li><li>L'\u00e9tablissement de relations avec les clients existants<\/li><li>L'identification de mont\u00e9e en gamme et des opportunit\u00e9s de vente crois\u00e9e<\/li><li>Traitement des plaintes des clients et les enjeux<\/li><li>Strat\u00e9gies pour le renouvellement et mise \u00e0 niveau des adh\u00e9sions<\/li><\/ol>\t\t\t\t\t\t\t\t<\/div>\n\t\t\t\t<\/div>\n\t\t\t\t<div class=\"elementor-element elementor-element-facfbae elementor-widget elementor-widget-text-editor\" data-id=\"facfbae\" data-element_type=\"widget\" data-widget_type=\"text-editor.default\">\n\t\t\t\t<div class=\"elementor-widget-container\">\n\t\t\t\t\t\t\t\t\t<p style=\"text-align: left;\">Module 6: Programme de recommandation et de mise en R\u00e9seau<\/p>\t\t\t\t\t\t\t\t<\/div>\n\t\t\t\t<\/div>\n\t\t\t\t<div class=\"elementor-element elementor-element-02e7ca2 elementor-widget elementor-widget-text-editor\" data-id=\"02e7ca2\" data-element_type=\"widget\" data-widget_type=\"text-editor.default\">\n\t\t\t\t<div class=\"elementor-widget-container\">\n\t\t\t\t\t\t\t\t\t<ol><li>Aper\u00e7u du programme de r\u00e9f\u00e9rence<\/li><li>Strat\u00e9gies pour le parrainage de nouveaux associ\u00e9s de ventes<\/li><li>L'\u00e9tablissement de relations avec d'autres associ\u00e9s de ventes<\/li><li>Mise en r\u00e9seau et les possibilit\u00e9s de partenariat<\/li><li>Exercices de jeux de r\u00f4le et de r\u00e9f\u00e9rence sc\u00e9nario de simulations<\/li><\/ol>\t\t\t\t\t\t\t\t<\/div>\n\t\t\t\t<\/div>\n\t\t\t\t<div class=\"elementor-element elementor-element-4cc2785 elementor-widget elementor-widget-text-editor\" data-id=\"4cc2785\" data-element_type=\"widget\" data-widget_type=\"text-editor.default\">\n\t\t\t\t<div class=\"elementor-widget-container\">\n\t\t\t\t\t\t\t\t\t<p style=\"text-align: left;\">Module 7: les Ventes de fixation d'objectifs et l'Atteinte de l'Objectif<\/p>\t\t\t\t\t\t\t\t<\/div>\n\t\t\t\t<\/div>\n\t\t\t\t<div class=\"elementor-element elementor-element-f213ec9 elementor-widget elementor-widget-text-editor\" data-id=\"f213ec9\" data-element_type=\"widget\" data-widget_type=\"text-editor.default\">\n\t\t\t\t<div class=\"elementor-widget-container\">\n\t\t\t\t\t\t\t\t\t<ol><li>R\u00e9glage des objectifs de ventes et les objectifs de<\/li><li>La cr\u00e9ation d'un plan de ventes et de la strat\u00e9gie<\/li><li>Suivi des progr\u00e8s et de mesurer le succ\u00e8s<\/li><li>Surmonter les obstacles et de rester motiv\u00e9<\/li><li>C\u00e9l\u00e9brer les succ\u00e8s et la r\u00e9flexion sur les \u00e9checs<\/li><\/ol>\t\t\t\t\t\t\t\t<\/div>\n\t\t\t\t<\/div>\n\t\t\t\t<div class=\"elementor-element elementor-element-52d3f25 elementor-widget elementor-widget-text-editor\" data-id=\"52d3f25\" data-element_type=\"widget\" data-widget_type=\"text-editor.default\">\n\t\t\t\t<div class=\"elementor-widget-container\">\n\t\t\t\t\t\t\t\t\t<p style=\"text-align: left;\">Module 8: Avanc\u00e9es Techniques de Ventes et de Strat\u00e9gies<\/p>\t\t\t\t\t\t\t\t<\/div>\n\t\t\t\t<\/div>\n\t\t\t\t<div class=\"elementor-element elementor-element-28562dd elementor-widget elementor-widget-text-editor\" data-id=\"28562dd\" data-element_type=\"widget\" data-widget_type=\"text-editor.default\">\n\t\t\t\t<div class=\"elementor-widget-container\">\n\t\t\t\t\t\t\t\t\t<ol><li>Avanc\u00e9es techniques de ventes et de strat\u00e9gies<\/li><li>\u00c0 l'aide de la narration et \u00e9motionnel de vente<\/li><li>En tirant parti de t\u00e9moignages de clients et des \u00e9tudes de cas<\/li><li>\u00c0 l'aide de donn\u00e9es et d'analyse pour les informer des d\u00e9cisions de vente<\/li><li>Rester \u00e0 jour avec les tendances de l'industrie et des meilleures pratiques<\/li><\/ol>\t\t\t\t\t\t\t\t<\/div>\n\t\t\t\t<\/div>\n\t\t\t\t<div class=\"elementor-element elementor-element-3b4a89b elementor-widget elementor-widget-text-editor\" data-id=\"3b4a89b\" data-element_type=\"widget\" data-widget_type=\"text-editor.default\">\n\t\t\t\t<div class=\"elementor-widget-container\">\n\t\t\t\t\t\t\t\t\t<p style=\"text-align: left;\">Module 9: Examen Final et d'obtention de dipl\u00f4mes<\/p>\t\t\t\t\t\t\t\t<\/div>\n\t\t\t\t<\/div>\n\t\t\t\t<div class=\"elementor-element elementor-element-9a6c822 elementor-widget elementor-widget-text-editor\" data-id=\"9a6c822\" data-element_type=\"widget\" data-widget_type=\"text-editor.default\">\n\t\t\t\t<div class=\"elementor-widget-container\">\n\t\t\t\t\t\t\t\t\t<ol><li>Examen Final et de l'\u00e9valuation<\/li><li>L'obtention du dipl\u00f4me et certification<\/li><li>Prochaines \u00e9tapes et le soutien continu<\/li><li>L'examen de la structure de la commission et les modalit\u00e9s de paiement<\/li><li>Q&amp;A et discussion finale<\/li><\/ol>\t\t\t\t\t\t\t\t<\/div>\n\t\t\t\t<\/div>\n\t\t\t\t<div class=\"elementor-element elementor-element-63c80b1 elementor-widget elementor-widget-text-editor\" data-id=\"63c80b1\" data-element_type=\"widget\" data-widget_type=\"text-editor.default\">\n\t\t\t\t<div class=\"elementor-widget-container\">\n\t\t\t\t\t\t\t\t\t<p style=\"text-align: left;\">Des Ressources Suppl\u00e9mentaires<\/p>\t\t\t\t\t\t\t\t<\/div>\n\t\t\t\t<\/div>\n\t\t\t\t<div class=\"elementor-element elementor-element-e2212d9 elementor-widget elementor-widget-text-editor\" data-id=\"e2212d9\" data-element_type=\"widget\" data-widget_type=\"text-editor.default\">\n\t\t\t\t<div class=\"elementor-widget-container\">\n\t\t\t\t\t\t\t\t\t<ol><li>Des scripts de vente et les mod\u00e8les<\/li><li>Mat\u00e9riel de Marketing et de garantie<\/li><li>Les rapports de l'industrie et de la recherche des \u00e9tudes de<\/li><li>Les ventes de logiciels et outils de recommandations<\/li><li>Cours de coaching et de soutien<\/li><\/ol>\t\t\t\t\t\t\t\t<\/div>\n\t\t\t\t<\/div>\n\t\t\t\t<div class=\"elementor-element elementor-element-2d20893 elementor-widget elementor-widget-text-editor\" data-id=\"2d20893\" data-element_type=\"widget\" data-widget_type=\"text-editor.default\">\n\t\t\t\t<div class=\"elementor-widget-container\">\n\t\t\t\t\t\t\t\t\t<p style=\"text-align: left;\">Cours de Soutien et de Coaching<\/p>\t\t\t\t\t\t\t\t<\/div>\n\t\t\t\t<\/div>\n\t\t\t\t<div class=\"elementor-element elementor-element-dfb053f elementor-widget elementor-widget-text-editor\" data-id=\"dfb053f\" data-element_type=\"widget\" data-widget_type=\"text-editor.default\">\n\t\t\t\t<div class=\"elementor-widget-container\">\n\t\t\t\t\t\t\t\t\t<ol><li>R\u00e9guli\u00e8rement des check-ins et les progr\u00e8s des mises \u00e0 jour<\/li><li>Le Coaching et le mentorat<\/li><li>L'acc\u00e8s \u00e0 une communaut\u00e9 d'associ\u00e9s aux ventes<\/li><li>De la formation continue et de d\u00e9veloppement professionnel<\/li><li>L'examen et l'ajustement des strat\u00e9gies de vente et des plans<\/li><\/ol>\t\t\t\t\t\t\t\t<\/div>\n\t\t\t\t<\/div>\n\t\t\t\t<div class=\"elementor-element elementor-element-a95b2c3 elementor-align-center elementor-widget elementor-widget-button\" data-id=\"a95b2c3\" data-element_type=\"widget\" data-widget_type=\"button.default\">\n\t\t\t\t<div class=\"elementor-widget-container\">\n\t\t\t\t\t\t\t\t\t<div class=\"elementor-button-wrapper\">\n\t\t\t\t\t<a class=\"elementor-button elementor-button-link elementor-size-sm\" href=\"https:\/\/divfarrahenterprise.com\/fr\/login-registration\/\">\n\t\t\t\t\t\t<span class=\"elementor-button-content-wrapper\">\n\t\t\t\t\t\t\t\t\t<span class=\"elementor-button-text\">Appliquer maintenant <\/span>\n\t\t\t\t\t<\/span>\n\t\t\t\t\t<\/a>\n\t\t\t\t<\/div>\n\t\t\t\t\t\t\t\t<\/div>\n\t\t\t\t<\/div>\n\t\t\t\t<\/div>\n\t\t\t\t<\/div>\n\t\t\t\t\t<\/div>\n\t\t\t\t<\/div>\n\t\t\t\t<\/div>","protected":false},"excerpt":{"rendered":"<p>We offer a comprehensive range of training programs designed to support entrepreneurs at every stage of their journey Module 1: Introduction to the Commission Structure Overview of the commission structure Understanding the Monthly Recurring Revenue (MRR) Commission Understanding the Additional Incentives (Sales Targets and Referral Program) Review of the Payout Terms Module 2: Understanding the [&hellip;]<\/p>","protected":false},"author":1,"featured_media":0,"parent":0,"menu_order":0,"comment_status":"closed","ping_status":"closed","template":"","meta":{"_jf_save_progress":"","_jet_sm_ready_style":"","_jet_sm_style":"","_jet_sm_controls_values":"","_jet_sm_fonts_collection":"","_jet_sm_fonts_links":"","footnotes":""},"class_list":["post-1536","page","type-page","status-publish","hentry"],"_links":{"self":[{"href":"https:\/\/divfarrahenterprise.com\/fr\/wp-json\/wp\/v2\/pages\/1536","targetHints":{"allow":["GET"]}}],"collection":[{"href":"https:\/\/divfarrahenterprise.com\/fr\/wp-json\/wp\/v2\/pages"}],"about":[{"href":"https:\/\/divfarrahenterprise.com\/fr\/wp-json\/wp\/v2\/types\/page"}],"author":[{"embeddable":true,"href":"https:\/\/divfarrahenterprise.com\/fr\/wp-json\/wp\/v2\/users\/1"}],"replies":[{"embeddable":true,"href":"https:\/\/divfarrahenterprise.com\/fr\/wp-json\/wp\/v2\/comments?post=1536"}],"version-history":[{"count":31,"href":"https:\/\/divfarrahenterprise.com\/fr\/wp-json\/wp\/v2\/pages\/1536\/revisions"}],"predecessor-version":[{"id":3626,"href":"https:\/\/divfarrahenterprise.com\/fr\/wp-json\/wp\/v2\/pages\/1536\/revisions\/3626"}],"wp:attachment":[{"href":"https:\/\/divfarrahenterprise.com\/fr\/wp-json\/wp\/v2\/media?parent=1536"}],"curies":[{"name":"wp","href":"https:\/\/api.w.org\/{rel}","templated":true}]}}