{"id":1548,"date":"2025-01-24T10:06:48","date_gmt":"2025-01-24T10:06:48","guid":{"rendered":"https:\/\/divfarrahenterprise.com\/?page_id=1548"},"modified":"2025-05-08T07:43:54","modified_gmt":"2025-05-08T07:43:54","slug":"agent-package","status":"publish","type":"page","link":"https:\/\/divfarrahenterprise.com\/fr\/agent-package\/","title":{"rendered":"Package Agent"},"content":{"rendered":"<div data-elementor-type=\"wp-page\" data-elementor-id=\"1548\" class=\"elementor elementor-1548\" data-elementor-post-type=\"page\">\n\t\t\t\t<div class=\"elementor-element elementor-element-367f63c e-flex e-con-boxed e-con e-parent\" data-id=\"367f63c\" data-element_type=\"container\" data-settings=\"{&quot;background_background&quot;:&quot;classic&quot;,&quot;motion_fx_motion_fx_scrolling&quot;:&quot;yes&quot;,&quot;motion_fx_devices&quot;:[&quot;desktop&quot;,&quot;tablet&quot;,&quot;mobile&quot;]}\">\n\t\t\t\t\t<div class=\"e-con-inner\">\n\t\t\t\t\t<\/div>\n\t\t\t\t<\/div>\n\t\t<div class=\"elementor-element elementor-element-082e5e3 e-flex e-con-boxed e-con e-parent\" data-id=\"082e5e3\" data-element_type=\"container\" data-settings=\"{&quot;background_background&quot;:&quot;classic&quot;}\">\n\t\t\t\t\t<div class=\"e-con-inner\">\n\t\t<div class=\"elementor-element elementor-element-5eb02e6 e-con-full e-flex e-con e-child\" data-id=\"5eb02e6\" data-element_type=\"container\">\n\t\t<div class=\"elementor-element elementor-element-f50bcf4 e-con-full e-flex e-con e-child\" data-id=\"f50bcf4\" data-element_type=\"container\">\n\t\t\t\t<div class=\"elementor-element elementor-element-8382bf0 elementor-widget elementor-widget-heading\" data-id=\"8382bf0\" data-element_type=\"widget\" data-widget_type=\"heading.default\">\n\t\t\t\t<div class=\"elementor-widget-container\">\n\t\t\t\t\t<h2 class=\"elementor-heading-title elementor-size-default\">Package Agent: \"Voie Rapide vers le Succ\u00e8s\"<\/h2>\t\t\t\t<\/div>\n\t\t\t\t<\/div>\n\t\t\t\t<div class=\"elementor-element elementor-element-f4da5e9 elementor-widget elementor-widget-text-editor\" data-id=\"f4da5e9\" data-element_type=\"widget\" data-widget_type=\"text-editor.default\">\n\t\t\t\t<div class=\"elementor-widget-container\">\n\t\t\t\t\t\t\t\t\t<p style=\"text-align: left;\">D\u00e9tail D'Emballage:<\/p>\t\t\t\t\t\t\t\t<\/div>\n\t\t\t\t<\/div>\n\t\t\t\t<div class=\"elementor-element elementor-element-50e5edd elementor-widget elementor-widget-text-editor\" data-id=\"50e5edd\" data-element_type=\"widget\" data-widget_type=\"text-editor.default\">\n\t\t\t\t<div class=\"elementor-widget-container\">\n\t\t\t\t\t\t\t\t\t<ol><li><strong>D'Affaires De L'Adh\u00e9sion:<\/strong> Obtenez l'acc\u00e8s instantan\u00e9 \u00e0 notre Entreprise, programme d'Affiliation, d'une valeur de 600 $\/ann\u00e9e.<\/li><li><strong>Formation Compl\u00e8te:<\/strong> Recevez en exclusivit\u00e9 nos programme de formation, \u201cles Affaires de Ventes d'Adh\u00e9sion de la Ma\u00eetrise (BMSM)\u201d, d'une valeur de 1 000$.<\/li><li><strong>Coaching Personnalis\u00e9:<\/strong> Obtenir un coaching personnalis\u00e9 et de soutien pour vous aider \u00e0 r\u00e9ussir, d'une valeur de 500$.<\/li><li><strong>Vente d'Outils et de Ressources:<\/strong> Acc\u00e9der \u00e0 notre biblioth\u00e8que d'outils de vente, des mod\u00e8les et des ressources, d'une valeur de 200$.<\/li><li><strong>Cours De Soutien:<\/strong> Recevoir un soutien continu et des mises \u00e0 jour pour vous aider \u00e0 rester sur la bonne voie, d'une valeur de 100 $\/mois.<\/li><\/ol>\t\t\t\t\t\t\t\t<\/div>\n\t\t\t\t<\/div>\n\t\t\t\t<div class=\"elementor-element elementor-element-f1c9aea elementor-widget elementor-widget-text-editor\" data-id=\"f1c9aea\" data-element_type=\"widget\" data-widget_type=\"text-editor.default\">\n\t\t\t\t<div class=\"elementor-widget-container\">\n\t\t\t\t\t\t\t\t\t<p style=\"text-align: left;\">Prix Du Forfait:<\/p>\t\t\t\t\t\t\t\t<\/div>\n\t\t\t\t<\/div>\n\t\t\t\t<div class=\"elementor-element elementor-element-01cc7d4 elementor-widget elementor-widget-text-editor\" data-id=\"01cc7d4\" data-element_type=\"widget\" data-widget_type=\"text-editor.default\">\n\t\t\t\t<div class=\"elementor-widget-container\">\n\t\t\t\t\t\t\t\t\t<ul><li>$200 (paiement en une fois)<\/li><\/ul>\t\t\t\t\t\t\t\t<\/div>\n\t\t\t\t<\/div>\n\t\t\t\t<div class=\"elementor-element elementor-element-7e7cbf1 elementor-widget elementor-widget-text-editor\" data-id=\"7e7cbf1\" data-element_type=\"widget\" data-widget_type=\"text-editor.default\">\n\t\t\t\t<div class=\"elementor-widget-container\">\n\t\t\t\t\t\t\t\t\t<p style=\"text-align: left;\">Ce que Vous obtiendrez:<\/p>\t\t\t\t\t\t\t\t<\/div>\n\t\t\t\t<\/div>\n\t\t\t\t<div class=\"elementor-element elementor-element-2a330ef elementor-widget elementor-widget-text-editor\" data-id=\"2a330ef\" data-element_type=\"widget\" data-widget_type=\"text-editor.default\">\n\t\t\t\t<div class=\"elementor-widget-container\">\n\t\t\t\t\t\t\t\t\t<ol><li>L'acc\u00e8s instantan\u00e9 \u00e0 l'Entreprise, programme d'Adh\u00e9sion<\/li><li>Programme de formation complet (BMSM)<\/li><li>Coaching personnalis\u00e9 et de soutien<\/li><li>Vente d'outils et de ressources<\/li><li>Cours de soutien et de mises \u00e0 jour<\/li><\/ol>\t\t\t\t\t\t\t\t<\/div>\n\t\t\t\t<\/div>\n\t\t\t\t<div class=\"elementor-element elementor-element-7817c25 elementor-widget elementor-widget-text-editor\" data-id=\"7817c25\" data-element_type=\"widget\" data-widget_type=\"text-editor.default\">\n\t\t\t\t<div class=\"elementor-widget-container\">\n\t\t\t\t\t\t\t\t\t<p>Comment commencer:<\/p>\t\t\t\t\t\t\t\t<\/div>\n\t\t\t\t<\/div>\n\t\t\t\t<div class=\"elementor-element elementor-element-798504d elementor-widget elementor-widget-text-editor\" data-id=\"798504d\" data-element_type=\"widget\" data-widget_type=\"text-editor.default\">\n\t\t\t\t<div class=\"elementor-widget-container\">\n\t\t\t\t\t\t\t\t\t<ol><li>Payer un paiement de 200 $<\/li><li>Recevez un acc\u00e8s instantan\u00e9 \u00e0 l'Entreprise, programme d'Adh\u00e9sion et du mat\u00e9riel de formation<\/li><li>Planifier une s\u00e9ance de coaching avec notre \u00e9quipe<\/li><li>Commencer \u00e0 les vendre et de gagner des commissions!<\/li><\/ol>\t\t\t\t\t\t\t\t<\/div>\n\t\t\t\t<\/div>\n\t\t\t\t<div class=\"elementor-element elementor-element-0c3e9ab elementor-widget elementor-widget-text-editor\" data-id=\"0c3e9ab\" data-element_type=\"widget\" data-widget_type=\"text-editor.default\">\n\t\t\t\t<div class=\"elementor-widget-container\">\n\t\t\t\t\t\t\t\t\t<p style=\"text-align: left;\">La Structure De La Commission:<\/p>\t\t\t\t\t\t\t\t<\/div>\n\t\t\t\t<\/div>\n\t\t\t\t<div class=\"elementor-element elementor-element-121d6a6 elementor-widget elementor-widget-text-editor\" data-id=\"121d6a6\" data-element_type=\"widget\" data-widget_type=\"text-editor.default\">\n\t\t\t\t<div class=\"elementor-widget-container\">\n\t\t\t\t\t\t\t\t\t<ol><li>Obtenez 10% de commission sur toutes les nouvelles ventes<\/li><li>Gagnez 5% de commission sur tous les renouvellements et les mises \u00e0 niveau<\/li><li>Des incitations suppl\u00e9mentaires et des primes pour la rencontre des objectifs de vente<\/li><\/ol>\t\t\t\t\t\t\t\t<\/div>\n\t\t\t\t<\/div>\n\t\t\t\t<div class=\"elementor-element elementor-element-110bc65 elementor-widget elementor-widget-text-editor\" data-id=\"110bc65\" data-element_type=\"widget\" data-widget_type=\"text-editor.default\">\n\t\t\t\t<div class=\"elementor-widget-container\">\n\t\t\t\t\t\t\t\t\t<p>Pourquoi Ce Paquet?<\/p>\t\t\t\t\t\t\t\t<\/div>\n\t\t\t\t<\/div>\n\t\t\t\t<div class=\"elementor-element elementor-element-9b66dfd elementor-widget elementor-widget-text-editor\" data-id=\"9b66dfd\" data-element_type=\"widget\" data-widget_type=\"text-editor.default\">\n\t\t\t\t<div class=\"elementor-widget-container\">\n\t\t\t\t\t\t\t\t\t<ol><li>Commencer avec une Entreprise \u00e9prouv\u00e9 programme d'Adh\u00e9sion<\/li><li>Recevez complet de formation et de coaching<\/li><li>L'acc\u00e8s \u00e0 des outils de vente et de ressources pour vous aider \u00e0 r\u00e9ussir<\/li><li>Gagner des commissions et des primes pour la rencontre des objectifs de vente<\/li><li>Cours de soutien et de mises \u00e0 jour pour vous aider \u00e0 rester sur la bonne voie<\/li><\/ol>\t\t\t\t\t\t\t\t<\/div>\n\t\t\t\t<\/div>\n\t\t\t\t<div class=\"elementor-element elementor-element-9b3504a elementor-widget elementor-widget-text-editor\" data-id=\"9b3504a\" data-element_type=\"widget\" data-widget_type=\"text-editor.default\">\n\t\t\t\t<div class=\"elementor-widget-container\">\n\t\t\t\t\t\t\t\t\t<p>R\u00e9pondre \u00e0 notre talentueuse \u00e9quipe d'agents qui incarnent la DivFarrah Dynamo Esprit!<\/p><p><strong>Devenir un Agent<\/strong><br \/>Rejoignez notre \u00e9quipe dynamique et reconnue pour DivFarrah Dynamo agent! En savoir plus sur notre programme de l'agent et postulez d\u00e8s maintenant!<\/p>\t\t\t\t\t\t\t\t<\/div>\n\t\t\t\t<\/div>\n\t\t\t\t<div class=\"elementor-element elementor-element-e617467 elementor-align-center elementor-widget elementor-widget-button\" data-id=\"e617467\" data-element_type=\"widget\" data-widget_type=\"button.default\">\n\t\t\t\t<div class=\"elementor-widget-container\">\n\t\t\t\t\t\t\t\t\t<div class=\"elementor-button-wrapper\">\n\t\t\t\t\t<a class=\"elementor-button elementor-button-link elementor-size-sm\" href=\"#\">\n\t\t\t\t\t\t<span class=\"elementor-button-content-wrapper\">\n\t\t\t\t\t\t\t\t\t<span class=\"elementor-button-text\">Appliquer maintenant <\/span>\n\t\t\t\t\t<\/span>\n\t\t\t\t\t<\/a>\n\t\t\t\t<\/div>\n\t\t\t\t\t\t\t\t<\/div>\n\t\t\t\t<\/div>\n\t\t\t\t<\/div>\n\t\t\t\t<\/div>\n\t\t\t\t\t<\/div>\n\t\t\t\t<\/div>\n\t\t\t\t<\/div>","protected":false},"excerpt":{"rendered":"<p>Agent Package: &#8220;Fast Track to Success&#8221; Package Details: Business Membership: Get instant access to our Business Membership program, valued at $600\/year. Comprehensive Training: Receive our exclusive training program, &#8220;Business Membership Sales Mastery (BMSM)&#8221;, valued at $1,000. Personalized Coaching: Get personalized coaching and support to help you succeed, valued at $500. Sales Tools and Resources: Access [&hellip;]<\/p>","protected":false},"author":1,"featured_media":0,"parent":0,"menu_order":0,"comment_status":"closed","ping_status":"closed","template":"","meta":{"_jf_save_progress":"","_jet_sm_ready_style":"","_jet_sm_style":"","_jet_sm_controls_values":"","_jet_sm_fonts_collection":"","_jet_sm_fonts_links":"","footnotes":""},"class_list":["post-1548","page","type-page","status-publish","hentry"],"_links":{"self":[{"href":"https:\/\/divfarrahenterprise.com\/fr\/wp-json\/wp\/v2\/pages\/1548","targetHints":{"allow":["GET"]}}],"collection":[{"href":"https:\/\/divfarrahenterprise.com\/fr\/wp-json\/wp\/v2\/pages"}],"about":[{"href":"https:\/\/divfarrahenterprise.com\/fr\/wp-json\/wp\/v2\/types\/page"}],"author":[{"embeddable":true,"href":"https:\/\/divfarrahenterprise.com\/fr\/wp-json\/wp\/v2\/users\/1"}],"replies":[{"embeddable":true,"href":"https:\/\/divfarrahenterprise.com\/fr\/wp-json\/wp\/v2\/comments?post=1548"}],"version-history":[{"count":29,"href":"https:\/\/divfarrahenterprise.com\/fr\/wp-json\/wp\/v2\/pages\/1548\/revisions"}],"predecessor-version":[{"id":2657,"href":"https:\/\/divfarrahenterprise.com\/fr\/wp-json\/wp\/v2\/pages\/1548\/revisions\/2657"}],"wp:attachment":[{"href":"https:\/\/divfarrahenterprise.com\/fr\/wp-json\/wp\/v2\/media?parent=1548"}],"curies":[{"name":"wp","href":"https:\/\/api.w.org\/{rel}","templated":true}]}}