{"id":2175,"date":"2025-03-24T09:42:09","date_gmt":"2025-03-24T09:42:09","guid":{"rendered":"https:\/\/divfarrahenterprise.com\/?page_id=2175"},"modified":"2025-07-10T09:40:41","modified_gmt":"2025-07-10T09:40:41","slug":"forum","status":"publish","type":"page","link":"https:\/\/divfarrahenterprise.com\/fr\/forum\/","title":{"rendered":"forum"},"content":{"rendered":"<div data-elementor-type=\"wp-page\" data-elementor-id=\"2175\" class=\"elementor elementor-2175\" data-elementor-post-type=\"page\">\n\t\t\t\t<div class=\"elementor-element elementor-element-972e8ed e-flex e-con-boxed e-con e-parent\" data-id=\"972e8ed\" data-element_type=\"container\">\n\t\t\t\t\t<div class=\"e-con-inner\">\n\t\t<div class=\"elementor-element elementor-element-49dfd85 e-con-full e-flex e-con e-child\" data-id=\"49dfd85\" data-element_type=\"container\">\n\t\t\t\t<div class=\"elementor-element elementor-element-9e9e766 elementor-widget elementor-widget-heading\" data-id=\"9e9e766\" data-element_type=\"widget\" data-widget_type=\"heading.default\">\n\t\t\t\t<div class=\"elementor-widget-container\">\n\t\t\t\t\t<h4 class=\"elementor-heading-title elementor-size-default\">Bienvenue \u00e0 DivFarrah d'Entreprise de la Communaut\u00e9!<\/h4>\t\t\t\t<\/div>\n\t\t\t\t<\/div>\n\t\t\t\t<div class=\"elementor-element elementor-element-3f711fa elementor-widget elementor-widget-text-editor\" data-id=\"3f711fa\" data-element_type=\"widget\" data-widget_type=\"text-editor.default\">\n\t\t\t\t<div class=\"elementor-widget-container\">\n\t\t\t\t\t\t\t\t\t<p>Votre Maison pour la Croissance de l'Entreprise<\/p><p>Rejoignez notre communaut\u00e9 dynamique d'entrepreneurs et de dirigeants d'entreprise, qui repr\u00e9sentent les petites entreprises et les entreprises ressemblent. Avec une richesse d'expertise et de ressources \u00e0 port\u00e9e de main, vous serez habilit\u00e9 \u00e0 prendre vos affaires au prochain niveau.<\/p><p><strong>Ce Que Nous Offrons:<\/strong><\/p><p><strong>\u2013 Florissante Forums:<\/strong> Se connecter avec des professionnels partageant les m\u00eames id\u00e9es, poser des questions et partager vos connaissances.<br \/><strong>\u2013 Ressources Gratuites:<\/strong> D'acc\u00e9der \u00e0 une mine de conseils d'affaires, des guides et des outils pour vous aider \u00e0 r\u00e9ussir.<br \/><strong>\u2013 Compl\u00e8te Le R\u00e9pertoire Des Entreprises<\/strong>Pr\u00e9senter votre entreprise et atteindre un public plus large.<\/p><p><strong>Inscrivez-Vous Aujourd'Hui!<\/strong><\/p><p>Devenir une partie de notre dynamique communaut\u00e9 et de la croissance de votre entreprise avec le soutien d'autres coll\u00e8gues, des entrepreneurs et des experts de l'industrie. Inscrivez-vous maintenant et d\u00e9verrouiller un monde de possibilit\u00e9s!<\/p>\t\t\t\t\t\t\t\t<\/div>\n\t\t\t\t<\/div>\n\t\t\t\t<\/div>\n\t\t\t\t\t<\/div>\n\t\t\t\t<\/div>\n\t\t<div class=\"elementor-element elementor-element-7b552f2 jedv-enabled--yes e-flex e-con-boxed e-con e-parent\" data-id=\"7b552f2\" data-element_type=\"container\">\n\t\t\t\t\t<div class=\"e-con-inner\">\n\t\t<div class=\"elementor-element elementor-element-3b6c921 e-con-full e-flex e-con e-child\" data-id=\"3b6c921\" data-element_type=\"container\">\n\t\t\t\t<div class=\"elementor-element elementor-element-e58edad elementor-view-default elementor-widget elementor-widget-icon\" data-id=\"e58edad\" data-element_type=\"widget\" data-widget_type=\"icon.default\">\n\t\t\t\t<div class=\"elementor-widget-container\">\n\t\t\t\t\t\t\t<div class=\"elementor-icon-wrapper\">\n\t\t\t<div class=\"elementor-icon\">\n\t\t\t<svg aria-hidden=\"true\" class=\"e-font-icon-svg e-fas-user-lock\" viewbox=\"0 0 640 512\" xmlns=\"http:\/\/www.w3.org\/2000\/svg\"><path d=\"M224 256A128 128 0 1 0 96 128a128 128 0 0 0 128 128zm96 64a63.08 63.08 0 0 1 8.1-30.5c-4.8-.5-9.5-1.5-14.5-1.5h-16.7a174.08 174.08 0 0 1-145.8 0h-16.7A134.43 134.43 0 0 0 0 422.4V464a48 48 0 0 0 48 48h280.9a63.54 63.54 0 0 1-8.9-32zm288-32h-32v-80a80 80 0 0 0-160 0v80h-32a32 32 0 0 0-32 32v160a32 32 0 0 0 32 32h224a32 32 0 0 0 32-32V320a32 32 0 0 0-32-32zM496 432a32 32 0 1 1 32-32 32 32 0 0 1-32 32zm32-144h-64v-80a32 32 0 0 1 64 0z\"><\/path><\/svg>\t\t\t<\/div>\n\t\t<\/div>\n\t\t\t\t\t\t<\/div>\n\t\t\t\t<\/div>\n\t\t\t\t<div class=\"elementor-element elementor-element-59f4438 elementor-widget elementor-widget-text-editor\" data-id=\"59f4438\" data-element_type=\"widget\" data-widget_type=\"text-editor.default\">\n\t\t\t\t<div class=\"elementor-widget-container\">\n\t\t\t\t\t\t\t\t\t<p>This content is for login members only.<\/p>\t\t\t\t\t\t\t\t<\/div>\n\t\t\t\t<\/div>\n\t\t\t\t<div class=\"elementor-element elementor-element-93805c0 elementor-widget elementor-widget-button\" data-id=\"93805c0\" data-element_type=\"widget\" data-widget_type=\"button.default\">\n\t\t\t\t<div class=\"elementor-widget-container\">\n\t\t\t\t\t\t\t\t\t<div class=\"elementor-button-wrapper\">\n\t\t\t\t\t<a class=\"elementor-button elementor-button-link elementor-size-sm\" href=\"https:\/\/divfarrahenterprise.com\/fr\/login-registration\/\">\n\t\t\t\t\t\t<span class=\"elementor-button-content-wrapper\">\n\t\t\t\t\t\t\t\t\t<span class=\"elementor-button-text\">Login Now<\/span>\n\t\t\t\t\t<\/span>\n\t\t\t\t\t<\/a>\n\t\t\t\t<\/div>\n\t\t\t\t\t\t\t\t<\/div>\n\t\t\t\t<\/div>\n\t\t\t\t<\/div>\n\t\t\t\t\t<\/div>\n\t\t\t\t<\/div>\n\t\t\t\t<\/div>","protected":false},"excerpt":{"rendered":"<p>Welcome to DivFarrah Enterprise Community! Your Home for Business Growth Join our vibrant community of entrepreneurs and business leaders, representing small businesses and corporate entities alike. With a wealth of expertise and resources at your fingertips, you&#8217;ll be empowered to take your business to the next level. What We Offer: &#8211; Thriving Forums: Connect with [&hellip;]<\/p>","protected":false},"author":1,"featured_media":0,"parent":0,"menu_order":0,"comment_status":"closed","ping_status":"closed","template":"","meta":{"_jf_save_progress":"","_jet_sm_ready_style":"","_jet_sm_style":"","_jet_sm_controls_values":"","_jet_sm_fonts_collection":"","_jet_sm_fonts_links":"","footnotes":""},"class_list":["post-2175","page","type-page","status-publish","hentry"],"_links":{"self":[{"href":"https:\/\/divfarrahenterprise.com\/fr\/wp-json\/wp\/v2\/pages\/2175","targetHints":{"allow":["GET"]}}],"collection":[{"href":"https:\/\/divfarrahenterprise.com\/fr\/wp-json\/wp\/v2\/pages"}],"about":[{"href":"https:\/\/divfarrahenterprise.com\/fr\/wp-json\/wp\/v2\/types\/page"}],"author":[{"embeddable":true,"href":"https:\/\/divfarrahenterprise.com\/fr\/wp-json\/wp\/v2\/users\/1"}],"replies":[{"embeddable":true,"href":"https:\/\/divfarrahenterprise.com\/fr\/wp-json\/wp\/v2\/comments?post=2175"}],"version-history":[{"count":31,"href":"https:\/\/divfarrahenterprise.com\/fr\/wp-json\/wp\/v2\/pages\/2175\/revisions"}],"predecessor-version":[{"id":3528,"href":"https:\/\/divfarrahenterprise.com\/fr\/wp-json\/wp\/v2\/pages\/2175\/revisions\/3528"}],"wp:attachment":[{"href":"https:\/\/divfarrahenterprise.com\/fr\/wp-json\/wp\/v2\/media?parent=2175"}],"curies":[{"name":"wp","href":"https:\/\/api.w.org\/{rel}","templated":true}]}}