{"id":219,"date":"2024-11-15T08:16:03","date_gmt":"2024-11-15T08:16:03","guid":{"rendered":"https:\/\/divfarrahenterprise.com\/?page_id=219"},"modified":"2025-10-16T12:39:47","modified_gmt":"2025-10-16T12:39:47","slug":"about","status":"publish","type":"page","link":"https:\/\/divfarrahenterprise.com\/fr\/about\/","title":{"rendered":"SUR"},"content":{"rendered":"<div data-elementor-type=\"wp-page\" data-elementor-id=\"219\" class=\"elementor elementor-219\" data-elementor-post-type=\"page\">\n\t\t\t\t<div class=\"elementor-element elementor-element-b18d98a e-flex e-con-boxed e-con e-parent\" data-id=\"b18d98a\" data-element_type=\"container\" data-settings=\"{&quot;background_background&quot;:&quot;classic&quot;,&quot;motion_fx_motion_fx_scrolling&quot;:&quot;yes&quot;,&quot;motion_fx_devices&quot;:[&quot;desktop&quot;,&quot;tablet&quot;,&quot;mobile&quot;]}\">\n\t\t\t\t\t<div class=\"e-con-inner\">\n\t\t\t\t<div class=\"elementor-element elementor-element-0f24984 elementor-widget elementor-widget-heading\" data-id=\"0f24984\" data-element_type=\"widget\" data-widget_type=\"heading.default\">\n\t\t\t\t<div class=\"elementor-widget-container\">\n\t\t\t\t\t<h2 class=\"elementor-heading-title elementor-size-default\">\u00c0 PROPOS DE NOUS<\/h2>\t\t\t\t<\/div>\n\t\t\t\t<\/div>\n\t\t\t\t\t<\/div>\n\t\t\t\t<\/div>\n\t\t<div class=\"elementor-element elementor-element-65ea74f e-flex e-con-boxed e-con e-parent\" data-id=\"65ea74f\" data-element_type=\"container\" data-settings=\"{&quot;background_background&quot;:&quot;classic&quot;}\">\n\t\t\t\t\t<div class=\"e-con-inner\">\n\t\t<div class=\"elementor-element elementor-element-59e7e47 e-con-full e-flex e-con e-child\" data-id=\"59e7e47\" data-element_type=\"container\">\n\t\t<div class=\"jet-sticky-column elementor-element elementor-element-404df05 e-con-full e-flex e-con e-child\" data-jet-settings=\"{&quot;id&quot;:&quot;404df05&quot;,&quot;sticky&quot;:true,&quot;topSpacing&quot;:50,&quot;bottomSpacing&quot;:0,&quot;stickyOn&quot;:[&quot;desktop&quot;,&quot;tablet&quot;],&quot;behavior&quot;:&quot;default&quot;,&quot;zIndex&quot;:1100}\" data-id=\"404df05\" data-element_type=\"container\">\n\t\t\t\t<div class=\"elementor-element elementor-element-a05c2d5 elementor-widget elementor-widget-image\" data-id=\"a05c2d5\" data-element_type=\"widget\" data-widget_type=\"image.default\">\n\t\t\t\t<div class=\"elementor-widget-container\">\n\t\t\t\t\t\t\t\t\t\t\t\t\t\t\t<img fetchpriority=\"high\" decoding=\"async\" width=\"682\" height=\"1024\" src=\"https:\/\/divfarrahenterprise.com\/wp-content\/uploads\/2025\/10\/Untitled-682x1024.jpg\" class=\"attachment-large size-large wp-image-5109\" alt=\"\" srcset=\"https:\/\/divfarrahenterprise.com\/wp-content\/uploads\/2025\/10\/Untitled-682x1024.jpg 682w, https:\/\/divfarrahenterprise.com\/wp-content\/uploads\/2025\/10\/Untitled-200x300.jpg 200w, https:\/\/divfarrahenterprise.com\/wp-content\/uploads\/2025\/10\/Untitled-8x12.jpg 8w, https:\/\/divfarrahenterprise.com\/wp-content\/uploads\/2025\/10\/Untitled-600x901.jpg 600w, https:\/\/divfarrahenterprise.com\/wp-content\/uploads\/2025\/10\/Untitled.jpg 746w\" sizes=\"(max-width: 682px) 100vw, 682px\" \/>\t\t\t\t\t\t\t\t\t\t\t\t\t\t\t<\/div>\n\t\t\t\t<\/div>\n\t\t\t\t<\/div>\n\t\t<div class=\"elementor-element elementor-element-b3902b8 e-con-full e-flex e-con e-child\" data-id=\"b3902b8\" data-element_type=\"container\">\n\t\t\t\t<div class=\"elementor-element elementor-element-db3fb4a elementor-widget elementor-widget-heading\" data-id=\"db3fb4a\" data-element_type=\"widget\" data-widget_type=\"heading.default\">\n\t\t\t\t<div class=\"elementor-widget-container\">\n\t\t\t\t\t<h2 class=\"elementor-heading-title elementor-size-default\">Sur DivFarrah Enterprise LLC\n<\/h2>\t\t\t\t<\/div>\n\t\t\t\t<\/div>\n\t\t\t\t<div class=\"elementor-element elementor-element-9632c88 elementor-widget elementor-widget-text-editor\" data-id=\"9632c88\" data-element_type=\"widget\" data-widget_type=\"text-editor.default\">\n\t\t\t\t<div class=\"elementor-widget-container\">\n\t\t\t\t\t\t\t\t\t<p>Fond\u00e9e en 2004 Transnet, Inc. et rebaptis\u00e9e en 2023 comme DivFarrah Enterprise LLC, notre soci\u00e9t\u00e9 a \u00e9t\u00e9 consacr\u00e9e \u00e0 l'autonomisation des entreprises \u00e0 l'\u00e9chelle mondiale. Avec une vision \u00e0 soutenir les entrepreneurs et les propri\u00e9taires d'entreprises dans le monde entier, nous avons cr\u00e9\u00e9 nous-m\u00eames en tant que partenaire de confiance dans le milieu des affaires.<\/p><p><strong>Notre Fondateur<\/strong><\/p><p>Dirig\u00e9 par la direction visionnaire de Mme Farranah P. Saintil, DivFarrah Enterprise LLC continue de cro\u00eetre et d'\u00e9voluer, mue par une passion pour l'autonomisation des entreprises et de favoriser les liens \u00e0 l'\u00e9chelle mondiale.<\/p><p><strong>Notre Mission<\/strong><\/p><p>Au DivFarrah Entreprise, notre mission est de soutenir et de renforcer les entreprises de toutes tailles et les industries en leur fournissant de l'expertise, les ressources, et les connexions n\u00e9cessaires pour atteindre leurs objectifs. Nous nous effor\u00e7ons de cr\u00e9er une dynamique et de soutien communautaire qui favorise la croissance, d'innovation et de succ\u00e8s, de combler l'\u00e9cart entre l'ambition et de la r\u00e9ussite.<\/p><p><strong>Notre Vision<\/strong><\/p><p>Notre vision est de devenir le premier organisme fond\u00e9 sur l'adh\u00e9sion pour les entrepreneurs et les propri\u00e9taires d'entreprises, de renom pour notre engagement envers l'excellence, l'innovation et l'autonomisation de la communaut\u00e9.<\/p>\t\t\t\t\t\t\t\t<\/div>\n\t\t\t\t<\/div>\n\t\t\t\t<\/div>\n\t\t\t\t<\/div>\n\t\t\t\t<div class=\"elementor-element elementor-element-c47a652 elementor-widget elementor-widget-text-editor\" data-id=\"c47a652\" data-element_type=\"widget\" data-widget_type=\"text-editor.default\">\n\t\t\t\t<div class=\"elementor-widget-container\">\n\t\t\t\t\t\t\t\t\t<p><strong>Notre Plate-Forme Mondiale<\/strong><\/p><p>Notre plate-forme mondiale offre une gamme compl\u00e8te de services, y compris:<\/p><ul><li>Annuaire des entreprises des listes<\/li><li>La formation \u00e0 l'entrepreneuriat et des ateliers<\/li><li>Soutien au D\u00e9veloppement d'affaires<\/li><li>Des conseils d'experts sur la Conception Graphique, le Marketing Num\u00e9rique, l'image de Marque et de Promotion de la<\/li><li>L'acc\u00e8s \u00e0 l'Entreprise de Cr\u00e9dit, le Financement et la Comptabilit\u00e9 des solutions<\/li><li>La repr\u00e9sentation de fabricants et de fournisseurs<\/li><li>La logistique et le Commerce<\/li><li>D'Affaires personnalis\u00e9es de Consultation et de Coaching<\/li><li>Pr\u00e9sentation PowerPoint de Conception et de D\u00e9veloppement<\/li><li>Les services d'un Assistant virtuel<\/li><li>Adresse et T\u00e9l\u00e9phone de services<\/li><li>Base de donn\u00e9es et le Cloud des solutions de Syst\u00e8me de<\/li><li>D'affaires des services de Courtage (achat et vente d'entreprises)<\/li><\/ul>\t\t\t\t\t\t\t\t<\/div>\n\t\t\t\t<\/div>\n\t\t\t\t<div class=\"elementor-element elementor-element-3532b31 elementor-widget elementor-widget-text-editor\" data-id=\"3532b31\" data-element_type=\"widget\" data-widget_type=\"text-editor.default\">\n\t\t\t\t<div class=\"elementor-widget-container\">\n\t\t\t\t\t\t\t\t\t<p><strong>Notre Engagement<\/strong><\/p><p>Au DivFarrah Enterprise LLC, nous croyons que chaque entreprise m\u00e9rite de r\u00e9ussir. Notre \u00e9quipe exp\u00e9riment\u00e9e s'engage \u00e0 fournir un soutien exceptionnel, des conseils et des ressources pour vous aider \u00e0 atteindre vos objectifs d'affaires.<\/p>\t\t\t\t\t\t\t\t<\/div>\n\t\t\t\t<\/div>\n\t\t\t\t<div class=\"elementor-element elementor-element-95d61e1 elementor-widget elementor-widget-text-editor\" data-id=\"95d61e1\" data-element_type=\"widget\" data-widget_type=\"text-editor.default\">\n\t\t\t\t<div class=\"elementor-widget-container\">\n\t\t\t\t\t\t\t\t\t<p><strong>Rejoignez Notre Communaut\u00e9<\/strong><\/p><p>Rejoignez notre communaut\u00e9 aujourd'hui et d\u00e9couvrez la puissance de partenariat et de collaboration. Ensemble, nous allons b\u00e2tir un meilleur avenir pour votre entreprise.<\/p>\t\t\t\t\t\t\t\t<\/div>\n\t\t\t\t<\/div>\n\t\t\t\t<div class=\"elementor-element elementor-element-aa989a5 elementor-widget elementor-widget-image\" data-id=\"aa989a5\" data-element_type=\"widget\" data-widget_type=\"image.default\">\n\t\t\t\t<div class=\"elementor-widget-container\">\n\t\t\t\t\t\t\t\t\t\t\t\t\t\t\t<img decoding=\"async\" width=\"612\" height=\"408\" src=\"https:\/\/divfarrahenterprise.com\/wp-content\/uploads\/jet-form-builder\/fd2c5e4680d9a01dba3aada5ece22270\/2024\/12\/istockphoto-1346125184-612x612-1.jpg\" class=\"attachment-large size-large wp-image-596\" alt=\"\" srcset=\"https:\/\/divfarrahenterprise.com\/wp-content\/uploads\/jet-form-builder\/fd2c5e4680d9a01dba3aada5ece22270\/2024\/12\/istockphoto-1346125184-612x612-1.jpg 612w, https:\/\/divfarrahenterprise.com\/wp-content\/uploads\/jet-form-builder\/fd2c5e4680d9a01dba3aada5ece22270\/2024\/12\/istockphoto-1346125184-612x612-1-600x400.jpg 600w, https:\/\/divfarrahenterprise.com\/wp-content\/uploads\/jet-form-builder\/fd2c5e4680d9a01dba3aada5ece22270\/2024\/12\/istockphoto-1346125184-612x612-1-300x200.jpg 300w\" sizes=\"(max-width: 612px) 100vw, 612px\" \/>\t\t\t\t\t\t\t\t\t\t\t\t\t\t\t<\/div>\n\t\t\t\t<\/div>\n\t\t\t\t<div class=\"elementor-element elementor-element-4a0ded4 elementor-widget elementor-widget-button\" data-id=\"4a0ded4\" data-element_type=\"widget\" data-widget_type=\"button.default\">\n\t\t\t\t<div class=\"elementor-widget-container\">\n\t\t\t\t\t\t\t\t\t<div class=\"elementor-button-wrapper\">\n\t\t\t\t\t<a class=\"elementor-button elementor-button-link elementor-size-sm\" href=\"https:\/\/divfarrahenterprise.com\/fr\/membership\/\">\n\t\t\t\t\t\t<span class=\"elementor-button-content-wrapper\">\n\t\t\t\t\t\t\t\t\t<span class=\"elementor-button-text\">Rejoignez la croissance de notre Annuaire d'Entreprises<\/span>\n\t\t\t\t\t<\/span>\n\t\t\t\t\t<\/a>\n\t\t\t\t<\/div>\n\t\t\t\t\t\t\t\t<\/div>\n\t\t\t\t<\/div>\n\t\t\t\t\t<\/div>\n\t\t\t\t<\/div>\n\t\t<div class=\"elementor-element elementor-element-b6a070e e-flex e-con-boxed e-con e-parent\" data-id=\"b6a070e\" data-element_type=\"container\">\n\t\t\t\t\t<div class=\"e-con-inner\">\n\t\t\t\t<div class=\"elementor-element elementor-element-85eb309 elementor-widget elementor-widget-heading\" data-id=\"85eb309\" data-element_type=\"widget\" data-widget_type=\"heading.default\">\n\t\t\t\t<div class=\"elementor-widget-container\">\n\t\t\t\t\t<h2 class=\"elementor-heading-title elementor-size-default\">Nous Avons De La Valeur<\/h2>\t\t\t\t<\/div>\n\t\t\t\t<\/div>\n\t\t<div class=\"elementor-element elementor-element-5a7eb9c e-con-full e-flex e-con e-child\" data-id=\"5a7eb9c\" data-element_type=\"container\">\n\t\t<div class=\"elementor-element elementor-element-11b7dc0 e-con-full e-flex e-con e-child\" data-id=\"11b7dc0\" data-element_type=\"container\">\n\t\t\t\t<div class=\"elementor-element elementor-element-8dc61e8 elementor-position-top elementor-widget elementor-widget-image-box\" data-id=\"8dc61e8\" data-element_type=\"widget\" data-widget_type=\"image-box.default\">\n\t\t\t\t<div class=\"elementor-widget-container\">\n\t\t\t\t\t<div class=\"elementor-image-box-wrapper\"><figure class=\"elementor-image-box-img\"><img decoding=\"async\" width=\"512\" height=\"512\" src=\"https:\/\/divfarrahenterprise.com\/wp-content\/uploads\/2024\/12\/community.png\" class=\"attachment-full size-full wp-image-772\" alt=\"\" srcset=\"https:\/\/divfarrahenterprise.com\/wp-content\/uploads\/2024\/12\/community.png 512w, https:\/\/divfarrahenterprise.com\/wp-content\/uploads\/2024\/12\/community-300x300.png 300w, https:\/\/divfarrahenterprise.com\/wp-content\/uploads\/2024\/12\/community-100x100.png 100w, https:\/\/divfarrahenterprise.com\/wp-content\/uploads\/2024\/12\/community-150x150.png 150w\" sizes=\"(max-width: 512px) 100vw, 512px\" \/><\/figure><div class=\"elementor-image-box-content\"><h3 class=\"elementor-image-box-title\">La communaut\u00e9<\/h3><p class=\"elementor-image-box-description\">Nous croyons que l'entreprise est sur les gens, pas seulement les profits. Nous nous effor\u00e7ons de cr\u00e9er une communaut\u00e9 de soutien qui favorise la connexion, la collaboration et la croissance mutuelle.\n<\/p><\/div><\/div>\t\t\t\t<\/div>\n\t\t\t\t<\/div>\n\t\t\t\t<\/div>\n\t\t<div class=\"elementor-element elementor-element-9996365 e-con-full e-flex e-con e-child\" data-id=\"9996365\" data-element_type=\"container\">\n\t\t\t\t<div class=\"elementor-element elementor-element-1bc9e59 elementor-position-top elementor-widget elementor-widget-image-box\" data-id=\"1bc9e59\" data-element_type=\"widget\" data-widget_type=\"image-box.default\">\n\t\t\t\t<div class=\"elementor-widget-container\">\n\t\t\t\t\t<div class=\"elementor-image-box-wrapper\"><figure class=\"elementor-image-box-img\"><img loading=\"lazy\" decoding=\"async\" width=\"512\" height=\"512\" src=\"https:\/\/divfarrahenterprise.com\/wp-content\/uploads\/2024\/12\/project-management.png\" class=\"attachment-full size-full wp-image-771\" alt=\"\" srcset=\"https:\/\/divfarrahenterprise.com\/wp-content\/uploads\/2024\/12\/project-management.png 512w, https:\/\/divfarrahenterprise.com\/wp-content\/uploads\/2024\/12\/project-management-300x300.png 300w, https:\/\/divfarrahenterprise.com\/wp-content\/uploads\/2024\/12\/project-management-100x100.png 100w, https:\/\/divfarrahenterprise.com\/wp-content\/uploads\/2024\/12\/project-management-150x150.png 150w\" sizes=\"(max-width: 512px) 100vw, 512px\" \/><\/figure><div class=\"elementor-image-box-content\"><h3 class=\"elementor-image-box-title\">L'Innovation<\/h3><p class=\"elementor-image-box-description\">Nous croyons que l'innovation est la cl\u00e9 de la r\u00e9ussite dans les affaires. Nous encourageons la cr\u00e9ativit\u00e9, l'exp\u00e9rimentation et l'apprentissage continu.\n<\/p><\/div><\/div>\t\t\t\t<\/div>\n\t\t\t\t<\/div>\n\t\t\t\t<\/div>\n\t\t<div class=\"elementor-element elementor-element-b7191cf e-con-full e-flex e-con e-child\" data-id=\"b7191cf\" data-element_type=\"container\">\n\t\t\t\t<div class=\"elementor-element elementor-element-fc95cdf elementor-position-top elementor-widget elementor-widget-image-box\" data-id=\"fc95cdf\" data-element_type=\"widget\" data-widget_type=\"image-box.default\">\n\t\t\t\t<div class=\"elementor-widget-container\">\n\t\t\t\t\t<div class=\"elementor-image-box-wrapper\"><figure class=\"elementor-image-box-img\"><img loading=\"lazy\" decoding=\"async\" width=\"512\" height=\"512\" src=\"https:\/\/divfarrahenterprise.com\/wp-content\/uploads\/2024\/12\/diversity.png\" class=\"attachment-full size-full wp-image-770\" alt=\"\" srcset=\"https:\/\/divfarrahenterprise.com\/wp-content\/uploads\/2024\/12\/diversity.png 512w, https:\/\/divfarrahenterprise.com\/wp-content\/uploads\/2024\/12\/diversity-300x300.png 300w, https:\/\/divfarrahenterprise.com\/wp-content\/uploads\/2024\/12\/diversity-100x100.png 100w, https:\/\/divfarrahenterprise.com\/wp-content\/uploads\/2024\/12\/diversity-150x150.png 150w\" sizes=\"(max-width: 512px) 100vw, 512px\" \/><\/figure><div class=\"elementor-image-box-content\"><h3 class=\"elementor-image-box-title\">La diversit\u00e9<\/h3><p class=\"elementor-image-box-description\">Nous croyons que la diversit\u00e9 est une force, pas une faiblesse. Nous c\u00e9l\u00e9brons les points de vue uniques, des exp\u00e9riences et des origines de nos membres.\n\n<\/p><\/div><\/div>\t\t\t\t<\/div>\n\t\t\t\t<\/div>\n\t\t\t\t<\/div>\n\t\t\t\t<\/div>\n\t\t<div class=\"elementor-element elementor-element-c9c64ba e-con-full e-flex e-con e-child\" data-id=\"c9c64ba\" data-element_type=\"container\">\n\t\t<div class=\"elementor-element elementor-element-c748b0a e-con-full e-flex e-con e-child\" data-id=\"c748b0a\" data-element_type=\"container\">\n\t\t\t\t<div class=\"elementor-element elementor-element-6f18b8c elementor-position-top elementor-widget elementor-widget-image-box\" data-id=\"6f18b8c\" data-element_type=\"widget\" data-widget_type=\"image-box.default\">\n\t\t\t\t<div class=\"elementor-widget-container\">\n\t\t\t\t\t<div class=\"elementor-image-box-wrapper\"><figure class=\"elementor-image-box-img\"><img loading=\"lazy\" decoding=\"async\" width=\"512\" height=\"512\" src=\"https:\/\/divfarrahenterprise.com\/wp-content\/uploads\/2024\/12\/customer-satisfaction.png\" class=\"attachment-full size-full wp-image-768\" alt=\"\" srcset=\"https:\/\/divfarrahenterprise.com\/wp-content\/uploads\/2024\/12\/customer-satisfaction.png 512w, https:\/\/divfarrahenterprise.com\/wp-content\/uploads\/2024\/12\/customer-satisfaction-300x300.png 300w, https:\/\/divfarrahenterprise.com\/wp-content\/uploads\/2024\/12\/customer-satisfaction-100x100.png 100w, https:\/\/divfarrahenterprise.com\/wp-content\/uploads\/2024\/12\/customer-satisfaction-150x150.png 150w\" sizes=\"(max-width: 512px) 100vw, 512px\" \/><\/figure><div class=\"elementor-image-box-content\"><h3 class=\"elementor-image-box-title\">L'Excellence<\/h3><p class=\"elementor-image-box-description\">Nous croyons dans la recherche de l'excellence dans tout ce que nous faisons. Nous nous engageons \u00e0 fournir des services de haute qualit\u00e9, des ressources et un soutien \u00e0 nos membres.\n\n<\/p><\/div><\/div>\t\t\t\t<\/div>\n\t\t\t\t<\/div>\n\t\t\t\t<\/div>\n\t\t<div class=\"elementor-element elementor-element-731e01b e-con-full e-flex e-con e-child\" data-id=\"731e01b\" data-element_type=\"container\">\n\t\t\t\t<div class=\"elementor-element elementor-element-5cc9b48 elementor-position-top elementor-widget elementor-widget-image-box\" data-id=\"5cc9b48\" data-element_type=\"widget\" data-widget_type=\"image-box.default\">\n\t\t\t\t<div class=\"elementor-widget-container\">\n\t\t\t\t\t<div class=\"elementor-image-box-wrapper\"><figure class=\"elementor-image-box-img\"><img loading=\"lazy\" decoding=\"async\" width=\"512\" height=\"512\" src=\"https:\/\/divfarrahenterprise.com\/wp-content\/uploads\/2024\/12\/integration.png\" class=\"attachment-full size-full wp-image-767\" alt=\"\" srcset=\"https:\/\/divfarrahenterprise.com\/wp-content\/uploads\/2024\/12\/integration.png 512w, https:\/\/divfarrahenterprise.com\/wp-content\/uploads\/2024\/12\/integration-300x300.png 300w, https:\/\/divfarrahenterprise.com\/wp-content\/uploads\/2024\/12\/integration-100x100.png 100w, https:\/\/divfarrahenterprise.com\/wp-content\/uploads\/2024\/12\/integration-150x150.png 150w\" sizes=\"(max-width: 512px) 100vw, 512px\" \/><\/figure><div class=\"elementor-image-box-content\"><h3 class=\"elementor-image-box-title\">L'int\u00e9grit\u00e9<\/h3><p class=\"elementor-image-box-description\">Nous croyons en son int\u00e9grit\u00e9, de transparence et de responsabilisation. Nous nous engageons \u00e0 b\u00e2tir la confiance avec nos membres et \u00e0 la conduite des affaires de fa\u00e7on \u00e9thique et responsable.\n\n<\/p><\/div><\/div>\t\t\t\t<\/div>\n\t\t\t\t<\/div>\n\t\t\t\t<\/div>\n\t\t<div class=\"elementor-element elementor-element-7f55b8a e-con-full e-flex e-con e-child\" data-id=\"7f55b8a\" data-element_type=\"container\">\n\t\t\t\t<div class=\"elementor-element elementor-element-b9b3cf3 elementor-position-top elementor-widget elementor-widget-image-box\" data-id=\"b9b3cf3\" data-element_type=\"widget\" data-widget_type=\"image-box.default\">\n\t\t\t\t<div class=\"elementor-widget-container\">\n\t\t\t\t\t<div class=\"elementor-image-box-wrapper\"><figure class=\"elementor-image-box-img\"><img loading=\"lazy\" decoding=\"async\" width=\"512\" height=\"512\" src=\"https:\/\/divfarrahenterprise.com\/wp-content\/uploads\/2024\/12\/growth.png\" class=\"attachment-full size-full wp-image-766\" alt=\"\" srcset=\"https:\/\/divfarrahenterprise.com\/wp-content\/uploads\/2024\/12\/growth.png 512w, https:\/\/divfarrahenterprise.com\/wp-content\/uploads\/2024\/12\/growth-300x300.png 300w, https:\/\/divfarrahenterprise.com\/wp-content\/uploads\/2024\/12\/growth-100x100.png 100w, https:\/\/divfarrahenterprise.com\/wp-content\/uploads\/2024\/12\/growth-150x150.png 150w\" sizes=\"(max-width: 512px) 100vw, 512px\" \/><\/figure><div class=\"elementor-image-box-content\"><h3 class=\"elementor-image-box-title\">La croissance<\/h3><p class=\"elementor-image-box-description\">Nous pensons que la croissance est un processus permanent. Nous nous engageons \u00e0 donner les moyens \u00e0 nos membres \u00e0 atteindre de nouveaux sommets gr\u00e2ce \u00e0 l'\u00e9ducation, l'innovation et le soutien de la communaut\u00e9.<\/p><\/div><\/div>\t\t\t\t<\/div>\n\t\t\t\t<\/div>\n\t\t\t\t<\/div>\n\t\t\t\t<\/div>\n\t\t\t\t\t<\/div>\n\t\t\t\t<\/div>\n\t\t\t\t<\/div>","protected":false},"excerpt":{"rendered":"<p>ABOUT US About DivFarrah Enterprise LLC Founded in 2004 as Transnet, Inc. and rebranded in 2023 as DivFarrah Enterprise LLC, our company has been dedicated to empowering businesses globally. With a vision to support entrepreneurs and business owners worldwide, we&#8217;ve established ourselves as a trusted partner in the global business community. Our Founder Led by [&hellip;]<\/p>","protected":false},"author":1,"featured_media":0,"parent":0,"menu_order":0,"comment_status":"closed","ping_status":"closed","template":"","meta":{"_jf_save_progress":"","_jet_sm_ready_style":"","_jet_sm_style":"","_jet_sm_controls_values":"","_jet_sm_fonts_collection":"","_jet_sm_fonts_links":"","footnotes":""},"class_list":["post-219","page","type-page","status-publish","hentry"],"_links":{"self":[{"href":"https:\/\/divfarrahenterprise.com\/fr\/wp-json\/wp\/v2\/pages\/219","targetHints":{"allow":["GET"]}}],"collection":[{"href":"https:\/\/divfarrahenterprise.com\/fr\/wp-json\/wp\/v2\/pages"}],"about":[{"href":"https:\/\/divfarrahenterprise.com\/fr\/wp-json\/wp\/v2\/types\/page"}],"author":[{"embeddable":true,"href":"https:\/\/divfarrahenterprise.com\/fr\/wp-json\/wp\/v2\/users\/1"}],"replies":[{"embeddable":true,"href":"https:\/\/divfarrahenterprise.com\/fr\/wp-json\/wp\/v2\/comments?post=219"}],"version-history":[{"count":106,"href":"https:\/\/divfarrahenterprise.com\/fr\/wp-json\/wp\/v2\/pages\/219\/revisions"}],"predecessor-version":[{"id":5112,"href":"https:\/\/divfarrahenterprise.com\/fr\/wp-json\/wp\/v2\/pages\/219\/revisions\/5112"}],"wp:attachment":[{"href":"https:\/\/divfarrahenterprise.com\/fr\/wp-json\/wp\/v2\/media?parent=219"}],"curies":[{"name":"wp","href":"https:\/\/api.w.org\/{rel}","templated":true}]}}