{"id":240,"date":"2024-11-15T08:20:18","date_gmt":"2024-11-15T08:20:18","guid":{"rendered":"https:\/\/divfarrahenterprise.com\/?page_id=240"},"modified":"2025-10-28T10:01:00","modified_gmt":"2025-10-28T10:01:00","slug":"partnership","status":"publish","type":"page","link":"https:\/\/divfarrahenterprise.com\/fr\/partnership\/","title":{"rendered":"Partenariat"},"content":{"rendered":"<div data-elementor-type=\"wp-page\" data-elementor-id=\"240\" class=\"elementor elementor-240\" data-elementor-post-type=\"page\">\n\t\t\t\t<div class=\"elementor-element elementor-element-94c553d e-flex e-con-boxed e-con e-parent\" data-id=\"94c553d\" data-element_type=\"container\" data-settings=\"{&quot;background_background&quot;:&quot;classic&quot;,&quot;motion_fx_motion_fx_scrolling&quot;:&quot;yes&quot;,&quot;motion_fx_devices&quot;:[&quot;desktop&quot;,&quot;tablet&quot;,&quot;mobile&quot;]}\">\n\t\t\t\t\t<div class=\"e-con-inner\">\n\t\t\t\t\t<\/div>\n\t\t\t\t<\/div>\n\t\t<div class=\"elementor-element elementor-element-0562ba2 e-flex e-con-boxed e-con e-parent\" data-id=\"0562ba2\" data-element_type=\"container\" data-settings=\"{&quot;background_background&quot;:&quot;classic&quot;}\">\n\t\t\t\t\t<div class=\"e-con-inner\">\n\t\t\t\t<div class=\"elementor-element elementor-element-74c0440 elementor-widget elementor-widget-heading\" data-id=\"74c0440\" data-element_type=\"widget\" data-widget_type=\"heading.default\">\n\t\t\t\t<div class=\"elementor-widget-container\">\n\t\t\t\t\t<h2 class=\"elementor-heading-title elementor-size-default\">Partenariat<\/h2>\t\t\t\t<\/div>\n\t\t\t\t<\/div>\n\t\t<div class=\"elementor-element elementor-element-0529e86 e-con-full e-flex e-con e-child\" data-id=\"0529e86\" data-element_type=\"container\">\n\t\t\t\t<div class=\"elementor-element elementor-element-026b16f elementor-widget elementor-widget-text-editor\" data-id=\"026b16f\" data-element_type=\"widget\" data-widget_type=\"text-editor.default\">\n\t\t\t\t<div class=\"elementor-widget-container\">\n\t\t\t\t\t\t\t\t\t<p>Tri\u00e9s sur le volet, des partenariats aident \u00e0 maintenir un environnement o\u00f9 les entreprises peuvent r\u00e9ussir. Nous travaillons en partenariat avec les leaders de l'industrie \u00e0 travers le Monde pour s'assurer que nos membres re\u00e7oivent des rabais exclusifs sur les produits et services pr\u00e9cieux, \u00e0 maximiser leur valeur d'adh\u00e9sion en leur permettant d'\u00e9conomiser de l'argent et en les aidant \u00e0 exploiter leurs entreprises de mani\u00e8re efficace. Nous collaborons \u00e9galement avec des partenaires sur des initiatives visant \u00e0 responsabiliser les entreprises au moyen de ressources d'affaires, de la recherche et de plaidoyer.<\/p>\t\t\t\t\t\t\t\t<\/div>\n\t\t\t\t<\/div>\n\t\t<div class=\"elementor-element elementor-element-4ef2c7d e-con-full e-flex e-con e-child\" data-id=\"4ef2c7d\" data-element_type=\"container\">\n\t\t<div class=\"elementor-element elementor-element-ee5c87d e-con-full e-flex e-con e-child\" data-id=\"ee5c87d\" data-element_type=\"container\">\n\t\t<div class=\"elementor-element elementor-element-6fa12b6 e-con-full e-flex e-con e-child\" data-id=\"6fa12b6\" data-element_type=\"container\">\n\t\t<div class=\"elementor-element elementor-element-c6d68a3 e-con-full e-flex e-con e-child\" data-id=\"c6d68a3\" data-element_type=\"container\">\n\t\t\t\t<div class=\"elementor-element elementor-element-c26519a elementor-widget elementor-widget-image\" data-id=\"c26519a\" data-element_type=\"widget\" data-widget_type=\"image.default\">\n\t\t\t\t<div class=\"elementor-widget-container\">\n\t\t\t\t\t\t\t\t\t\t\t\t\t\t\t<img fetchpriority=\"high\" decoding=\"async\" width=\"750\" height=\"496\" src=\"https:\/\/divfarrahenterprise.com\/wp-content\/uploads\/2024\/12\/WhatsApp-Image-2024-12-10-at-07.48.08_1b42f8a1.jpg\" class=\"attachment-large size-large wp-image-918\" alt=\"\" srcset=\"https:\/\/divfarrahenterprise.com\/wp-content\/uploads\/2024\/12\/WhatsApp-Image-2024-12-10-at-07.48.08_1b42f8a1.jpg 750w, https:\/\/divfarrahenterprise.com\/wp-content\/uploads\/2024\/12\/WhatsApp-Image-2024-12-10-at-07.48.08_1b42f8a1-600x397.jpg 600w, https:\/\/divfarrahenterprise.com\/wp-content\/uploads\/2024\/12\/WhatsApp-Image-2024-12-10-at-07.48.08_1b42f8a1-300x198.jpg 300w\" sizes=\"(max-width: 750px) 100vw, 750px\" \/>\t\t\t\t\t\t\t\t\t\t\t\t\t\t\t<\/div>\n\t\t\t\t<\/div>\n\t\t\t\t<div class=\"elementor-element elementor-element-55c5a0a elementor-widget elementor-widget-heading\" data-id=\"55c5a0a\" data-element_type=\"widget\" data-widget_type=\"heading.default\">\n\t\t\t\t<div class=\"elementor-widget-container\">\n\t\t\t\t\t<h2 class=\"elementor-heading-title elementor-size-default\">Les Possibilit\u00e9s De Partenariat<\/h2>\t\t\t\t<\/div>\n\t\t\t\t<\/div>\n\t\t\t\t<div class=\"elementor-element elementor-element-01bfed2 elementor-widget elementor-widget-text-editor\" data-id=\"01bfed2\" data-element_type=\"widget\" data-widget_type=\"text-editor.default\">\n\t\t\t\t<div class=\"elementor-widget-container\">\n\t\t\t\t\t\t\t\t\t<p><strong>LES \u00c9CONOMIES PARTENAIRES<\/strong><\/p><ul><li>Fournir DivFarrah Enterprise LLC membres et \u00e0 leurs employ\u00e9s de b\u00e9n\u00e9ficier de r\u00e9ductions exclusives sur vos services, de favoriser la loyaut\u00e9 et l'expansion de votre base de clients.<\/li><li>Obtenir une exposition \u00e0 Plusieurs membres \u00e0 travers le monde, l'augmentation de la visibilit\u00e9 de votre marque et la cr\u00e9dibilit\u00e9.<\/li><li>Contribuer \u00e0 la r\u00e9ussite des entreprises en offrant de pr\u00e9cieuses ressources et \u00e0 des services qui les aident \u00e0 s'\u00e9panouir.<\/li><\/ul>\t\t\t\t\t\t\t\t<\/div>\n\t\t\t\t<\/div>\n\t\t\t\t<\/div>\n\t\t<div class=\"elementor-element elementor-element-6c45225 e-con-full e-flex e-con e-child\" data-id=\"6c45225\" data-element_type=\"container\">\n\t\t\t\t<div class=\"elementor-element elementor-element-183a808 elementor-widget elementor-widget-image\" data-id=\"183a808\" data-element_type=\"widget\" data-widget_type=\"image.default\">\n\t\t\t\t<div class=\"elementor-widget-container\">\n\t\t\t\t\t\t\t\t\t\t\t\t\t\t\t<img decoding=\"async\" width=\"612\" height=\"408\" src=\"https:\/\/divfarrahenterprise.com\/wp-content\/uploads\/2024\/12\/WhatsApp-Image-2024-12-10-at-07.59.27_04ec4af8.jpg\" class=\"attachment-large size-large wp-image-919\" alt=\"\" srcset=\"https:\/\/divfarrahenterprise.com\/wp-content\/uploads\/2024\/12\/WhatsApp-Image-2024-12-10-at-07.59.27_04ec4af8.jpg 612w, https:\/\/divfarrahenterprise.com\/wp-content\/uploads\/2024\/12\/WhatsApp-Image-2024-12-10-at-07.59.27_04ec4af8-600x400.jpg 600w, https:\/\/divfarrahenterprise.com\/wp-content\/uploads\/2024\/12\/WhatsApp-Image-2024-12-10-at-07.59.27_04ec4af8-300x200.jpg 300w\" sizes=\"(max-width: 612px) 100vw, 612px\" \/>\t\t\t\t\t\t\t\t\t\t\t\t\t\t\t<\/div>\n\t\t\t\t<\/div>\n\t\t\t\t<div class=\"elementor-element elementor-element-75655a0 elementor-widget elementor-widget-heading\" data-id=\"75655a0\" data-element_type=\"widget\" data-widget_type=\"heading.default\">\n\t\t\t\t<div class=\"elementor-widget-container\">\n\t\t\t\t\t<h2 class=\"elementor-heading-title elementor-size-default\">PARTENAIRE DE MARKETING<\/h2>\t\t\t\t<\/div>\n\t\t\t\t<\/div>\n\t\t\t\t<div class=\"elementor-element elementor-element-a66f339 elementor-widget elementor-widget-text-editor\" data-id=\"a66f339\" data-element_type=\"widget\" data-widget_type=\"text-editor.default\">\n\t\t\t\t<div class=\"elementor-widget-container\">\n\t\t\t\t\t\t\t\t\t<p>Partenaire avec nous sur encourag\u00e9 des initiatives pour aider les entreprises \u00e0 prosp\u00e9rer. Amplifier la notori\u00e9t\u00e9 de la marque et la position de votre marque en tant que champion de la communaut\u00e9 d'affaires et un chef de file sur les questions d'affaires, devant de membres, et des m\u00e9dias. Les possibilit\u00e9s de commandite comprennent:<br \/><strong>&#8211;<\/strong> Webinaires<br \/><strong>&#8211;<\/strong> S\u00e9minaires <br \/><strong>&#8211;<\/strong> Des outils et des ressources<br \/><strong>&#8211;<\/strong> Leadership \u00e9clair\u00e9<br \/>des campagnes de<br \/><strong>&#8211;<\/strong> Les initiatives de plaidoyer<br \/><strong>&#8211;<\/strong> Adh\u00e9sions parrain\u00e9s par le<\/p>\t\t\t\t\t\t\t\t<\/div>\n\t\t\t\t<\/div>\n\t\t\t\t<\/div>\n\t\t\t\t<\/div>\n\t\t\t\t<div class=\"elementor-element elementor-element-4edd1c9 elementor-widget elementor-widget-text-editor\" data-id=\"4edd1c9\" data-element_type=\"widget\" data-widget_type=\"text-editor.default\">\n\t\t\t\t<div class=\"elementor-widget-container\">\n\t\t\t\t\t\t\t\t\t<p><strong>Partenaire\/Sponsor De L'Adh\u00e9sion<\/strong><br \/>Tous les Partenaires\/Sponsors re\u00e7oivent les m\u00eames avantages, y compris:<\/p><p>&#8211; <strong>Annuaire Des Entreprises De Cotation:<\/strong> Booster votre pr\u00e9sence en ligne avec un \u00e9minent inscription dans notre annuaire d'entreprises et de Partenariat Page, le rendant facile pour les clients potentiels de d\u00e9couvrir et de vous connecter avec votre entreprise.<br \/><strong>\u2013 Services \u00c0 Prix R\u00e9duits:<\/strong> Profitez de r\u00e9ductions exclusives sur les services essentiels tels que la conception graphique, le marketing num\u00e9rique, et de consultation d'affaires \u00e0 l'appui de la croissance de votre entreprise.<br \/><strong>\u2013 Des Possibilit\u00e9s De R\u00e9seautage:<\/strong> Se connecter avec d'autres entrepreneurs et propri\u00e9taires d'entreprises \u00e0 travers nos \u00e9v\u00e9nements et en ligne Forum, de favoriser les relations utiles et de collaborations.<br \/><strong>La croissance et le D\u00e9veloppement des Prestations de:<\/strong><br \/><strong>\u2013 Planification des activit\u00e9s et de la Strat\u00e9gie:<\/strong> Recevoir des conseils d'experts sur la confection d'un plan d'affaires complet et de la strat\u00e9gie.<br \/><strong>\u2013 Marketing et Promotion:<\/strong> Acc\u00e8s \u00e0 des rabais exclusifs sur les services de marketing, y compris la gestion des m\u00e9dias sociaux et de la publicit\u00e9.<\/p><p><strong>\u2013 Entreprise de Consultation et de Coaching:<\/strong> Des conseils d'experts sur le fonctionnement des activit\u00e9s, de la gestion et des strat\u00e9gies de croissance.<br \/><strong>\u2013 Profil Complet Vitrine:<\/strong> Vitrine de votre entreprise avec un profil d\u00e9taill\u00e9, y compris les informations de contact, le rendant facile pour les perspectives de trouver et de s'engager avec vous.<br \/><strong>\u2013 Forum D'Experts:<\/strong> Partagez votre expertise et de pr\u00e9senter les services dans notre forum d\u00e9di\u00e9, o\u00f9 les clients potentiels peuvent poser des questions et demander des conseils.<\/p><p><strong>\u2013 Le Placement De Logo:<\/strong> Mise en \u00e9vidence du logo de votre entreprise sur le DivFarrah de l'Entreprise d'accueil.<br \/><strong>\u2013 Des Rabais Exclusifs:<\/strong> Offrir des r\u00e9ductions sp\u00e9ciales sur vos services \u00e0 nos membres, de stimuler la fid\u00e9lisation et l'acquisition de client\u00e8le.<br \/><strong>\u2013 Augmentation De La Visibilit\u00e9 De La Marque:<\/strong> Obtenir une exposition \u00e0 notre vaste r\u00e9seau de membres, l'am\u00e9lioration de votre marque, de cr\u00e9dibilit\u00e9 et de visibilit\u00e9.<br \/><strong>\u2013 De la Contribution de Ressources Pr\u00e9cieuses:<\/strong> Fournir des ressources et des services pour soutenir le succ\u00e8s de ses membres.<br \/><strong>\u2013 Les Possibilit\u00e9s De Parrainage:<\/strong> Participer \u00e0 des webinaires, s\u00e9minaires, et de la pens\u00e9e campagnes \u00e0 la direction d'amplifier le message de votre marque.<br \/><strong>\u2013 La Liste Des \u00c9v\u00e9nements:<\/strong> Publiez vos \u00e9v\u00e9nements sur notre page \u00e9v\u00e9nement, semblables \u00e0 des listes d'emplois, l'augmentation de la fr\u00e9quentation et de la port\u00e9e.<br \/><strong>\u2013 Des Possibilit\u00e9s De R\u00e9seautage:<\/strong> Se connecter avec notre vaste r\u00e9seau de membres pour les partenariats, collaborations, et la croissance de l'entreprise.<br \/><strong>\u2013 L'Engagement Des Membres:<\/strong> S'engager aupr\u00e8s de nos membres par le biais exclusif des forums, des d\u00e9bats et des \u00e9v\u00e9nements communautaires.<br \/><strong>\u2013 La Promotion De Contenu:<\/strong> La promotion de votre contenu de l'entreprise (articles, blogs, vid\u00e9os, m\u00e9dias) aux membres de notre public.<br \/><strong>\u2013 Reconnaissance et R\u00e9compenses:<\/strong> Recevoir une reconnaissance pour vos contributions \u00e0 la collectivit\u00e9, en mettant en avant votre responsabilit\u00e9 sociale et de l'excellence.<\/p>\t\t\t\t\t\t\t\t<\/div>\n\t\t\t\t<\/div>\n\t\t\t\t<div class=\"elementor-element elementor-element-74145d4 elementor-widget elementor-widget-text-editor\" data-id=\"74145d4\" data-element_type=\"widget\" data-widget_type=\"text-editor.default\">\n\t\t\t\t<div class=\"elementor-widget-container\">\n\t\t\t\t\t\t\t\t\t<p><em>De 1200 $de la cotisation annuelle<\/em><\/p>\t\t\t\t\t\t\t\t<\/div>\n\t\t\t\t<\/div>\n\t\t\t\t<div class=\"elementor-element elementor-element-af8df6b elementor-widget elementor-widget-button\" data-id=\"af8df6b\" data-element_type=\"widget\" data-widget_type=\"button.default\">\n\t\t\t\t<div class=\"elementor-widget-container\">\n\t\t\t\t\t\t\t\t\t<div class=\"elementor-button-wrapper\">\n\t\t\t\t\t<a class=\"elementor-button elementor-button-link elementor-size-sm\" href=\"https:\/\/divfarrahenterprise.com\/fr\/partnership-form\/\">\n\t\t\t\t\t\t<span class=\"elementor-button-content-wrapper\">\n\t\t\t\t\t\t\t\t\t<span class=\"elementor-button-text\">Obtenir commenc\u00e9<\/span>\n\t\t\t\t\t<\/span>\n\t\t\t\t\t<\/a>\n\t\t\t\t<\/div>\n\t\t\t\t\t\t\t\t<\/div>\n\t\t\t\t<\/div>\n\t\t\t\t<\/div>\n\t\t<div class=\"elementor-element elementor-element-3af64d4 e-con-full e-flex e-con e-child\" data-id=\"3af64d4\" data-element_type=\"container\">\n\t\t<div class=\"elementor-element elementor-element-199e8ad e-con-full e-flex e-con e-child\" data-id=\"199e8ad\" data-element_type=\"container\">\n\t\t\t\t<div class=\"elementor-element elementor-element-5a1d966 elementor-widget elementor-widget-heading\" data-id=\"5a1d966\" data-element_type=\"widget\" data-widget_type=\"heading.default\">\n\t\t\t\t<div class=\"elementor-widget-container\">\n\t\t\t\t\t<h4 class=\"elementor-heading-title elementor-size-default\">Devenir une partie de la r\u00e9ussite des entreprises \u00e0 travers le Monde .\n\n<\/h4>\t\t\t\t<\/div>\n\t\t\t\t<\/div>\n\t\t\t\t<div class=\"elementor-element elementor-element-3ce3a0f elementor-widget elementor-widget-heading\" data-id=\"3ce3a0f\" data-element_type=\"widget\" data-widget_type=\"heading.default\">\n\t\t\t\t<div class=\"elementor-widget-container\">\n\t\t\t\t\t<h2 class=\"elementor-heading-title elementor-size-default\">\nContactez notre \u00c9quipe de Partenariat, aujourd'hui!<\/h2>\t\t\t\t<\/div>\n\t\t\t\t<\/div>\n\t\t\t\t<div class=\"elementor-element elementor-element-7648662 elementor-button-align-stretch elementor-widget elementor-widget-form\" data-id=\"7648662\" data-element_type=\"widget\" data-settings=\"{&quot;step_next_label&quot;:&quot;Next&quot;,&quot;step_previous_label&quot;:&quot;Previous&quot;,&quot;button_width&quot;:&quot;100&quot;,&quot;step_type&quot;:&quot;number_text&quot;,&quot;step_icon_shape&quot;:&quot;circle&quot;}\" data-widget_type=\"form.default\">\n\t\t\t\t<div class=\"elementor-widget-container\">\n\t\t\t\t\t\t\t<form class=\"elementor-form\" method=\"post\" name=\"New Form\" aria-label=\"Nouvelle Forme\" action=\"\">\n\t\t\t<input type=\"hidden\" name=\"post_id\" value=\"240\"\/>\n\t\t\t<input type=\"hidden\" name=\"form_id\" value=\"7648662\"\/>\n\t\t\t<input type=\"hidden\" name=\"referer_title\" value=\"Partnership\" \/>\n\n\t\t\t\t\t\t\t<input type=\"hidden\" name=\"queried_id\" value=\"240\"\/>\n\t\t\t\n\t\t\t<div class=\"elementor-form-fields-wrapper elementor-labels-above\">\n\t\t\t\t\t\t\t\t<div class=\"elementor-field-type-text elementor-field-group elementor-column elementor-field-group-name elementor-col-100 elementor-field-required elementor-mark-required\">\n\t\t\t\t\t\t\t\t\t\t\t\t<label for=\"form-field-name\" class=\"elementor-field-label\">\n\t\t\t\t\t\t\t\tPr\u00e9nom\t\t\t\t\t\t\t<\/label>\n\t\t\t\t\t\t\t\t\t\t\t\t\t\t<input size=\"1\" type=\"text\" name=\"form_fields[name]\" id=\"form-field-name\" class=\"elementor-field elementor-size-sm  elementor-field-textual\" required=\"required\">\n\t\t\t\t\t\t\t\t\t\t\t<\/div>\n\t\t\t\t\t\t\t\t<div class=\"elementor-field-type-text elementor-field-group elementor-column elementor-field-group-field_54056b4 elementor-col-100 elementor-field-required elementor-mark-required\">\n\t\t\t\t\t\t\t\t\t\t\t\t<label for=\"form-field-field_54056b4\" class=\"elementor-field-label\">\n\t\t\t\t\t\t\t\tLirst Nom\t\t\t\t\t\t\t<\/label>\n\t\t\t\t\t\t\t\t\t\t\t\t\t\t<input size=\"1\" type=\"text\" name=\"form_fields[field_54056b4]\" id=\"form-field-field_54056b4\" class=\"elementor-field elementor-size-sm  elementor-field-textual\" required=\"required\">\n\t\t\t\t\t\t\t\t\t\t\t<\/div>\n\t\t\t\t\t\t\t\t<div class=\"elementor-field-type-email elementor-field-group elementor-column elementor-field-group-email elementor-col-100 elementor-field-required elementor-mark-required\">\n\t\t\t\t\t\t\t\t\t\t\t\t<label for=\"form-field-email\" class=\"elementor-field-label\">\n\t\t\t\t\t\t\t\tE-mail\t\t\t\t\t\t\t<\/label>\n\t\t\t\t\t\t\t\t\t\t\t\t\t\t<input size=\"1\" type=\"email\" name=\"form_fields[email]\" id=\"form-field-email\" class=\"elementor-field elementor-size-sm  elementor-field-textual\" required=\"required\">\n\t\t\t\t\t\t\t\t\t\t\t<\/div>\n\t\t\t\t\t\t\t\t<div class=\"elementor-field-type-tel elementor-field-group elementor-column elementor-field-group-field_a860b2a elementor-col-100 elementor-field-required elementor-mark-required\">\n\t\t\t\t\t\t\t\t\t\t\t\t<label for=\"form-field-field_a860b2a\" class=\"elementor-field-label\">\n\t\t\t\t\t\t\t\tLe Num\u00e9ro De T\u00e9l\u00e9phone\t\t\t\t\t\t\t<\/label>\n\t\t\t\t\t\t\t\t<input size=\"1\" type=\"tel\" name=\"form_fields[field_a860b2a]\" id=\"form-field-field_a860b2a\" class=\"elementor-field elementor-size-sm  elementor-field-textual\" required=\"required\" pattern=\"[0-9()#&amp;+*-=.]+\" title=\"Only numbers and phone characters (#, -, *, etc) are accepted.\" data-no-translation-title=\"\">\n\n\t\t\t\t\t\t<\/div>\n\t\t\t\t\t\t\t\t<div class=\"elementor-field-type-text elementor-field-group elementor-column elementor-field-group-field_cb45299 elementor-col-100 elementor-field-required elementor-mark-required\">\n\t\t\t\t\t\t\t\t\t\t\t\t<label for=\"form-field-field_cb45299\" class=\"elementor-field-label\">\n\t\t\t\t\t\t\t\tNom de l'Entreprise ou de l'Organisation\t\t\t\t\t\t\t<\/label>\n\t\t\t\t\t\t\t\t\t\t\t\t\t\t<input size=\"1\" type=\"text\" name=\"form_fields[field_cb45299]\" id=\"form-field-field_cb45299\" class=\"elementor-field elementor-size-sm  elementor-field-textual\" required=\"required\">\n\t\t\t\t\t\t\t\t\t\t\t<\/div>\n\t\t\t\t\t\t\t\t<div class=\"elementor-field-type-text elementor-field-group elementor-column elementor-field-group-field_14c9d4e elementor-col-100 elementor-field-required elementor-mark-required\">\n\t\t\t\t\t\t\t\t\t\t\t\t<label for=\"form-field-field_14c9d4e\" class=\"elementor-field-label\">\n\t\t\t\t\t\t\t\tTitre De L'Emploi\t\t\t\t\t\t\t<\/label>\n\t\t\t\t\t\t\t\t\t\t\t\t\t\t<input size=\"1\" type=\"text\" name=\"form_fields[field_14c9d4e]\" id=\"form-field-field_14c9d4e\" class=\"elementor-field elementor-size-sm  elementor-field-textual\" required=\"required\">\n\t\t\t\t\t\t\t\t\t\t\t<\/div>\n\t\t\t\t\t\t\t\t<div class=\"elementor-field-type-text elementor-field-group elementor-column elementor-field-group-field_906a569 elementor-col-100 elementor-field-required elementor-mark-required\">\n\t\t\t\t\t\t\t\t\t\t\t\t<label for=\"form-field-field_906a569\" class=\"elementor-field-label\">\n\t\t\t\t\t\t\t\tAdresse Du Site Web\t\t\t\t\t\t\t<\/label>\n\t\t\t\t\t\t\t\t\t\t\t\t\t\t<input size=\"1\" type=\"text\" name=\"form_fields[field_906a569]\" id=\"form-field-field_906a569\" class=\"elementor-field elementor-size-sm  elementor-field-textual\" required=\"required\">\n\t\t\t\t\t\t\t\t\t\t\t<\/div>\n\t\t\t\t\t\t\t\t<div class=\"elementor-field-type-checkbox elementor-field-group elementor-column elementor-field-group-field_7d4ff1f elementor-col-100\">\n\t\t\t\t\t\t\t\t\t\t\t\t<label for=\"form-field-field_7d4ff1f\" class=\"elementor-field-label\">\n\t\t\t\t\t\t\t\tJe suis d'int\u00e9r\u00eat dans\t\t\t\t\t\t\t<\/label>\n\t\t\t\t\t\t<div class=\"elementor-field-subgroup\"><span class=\"elementor-field-option\"><input type=\"checkbox\" value=\"Becoming a savings partner\" id=\"form-field-field_7d4ff1f-0\" name=\"form_fields[field_7d4ff1f][]\"> <label for=\"form-field-field_7d4ff1f-0\">Devenir un partenaire d'\u00e9pargne<\/label><\/span><span class=\"elementor-field-option\"><input type=\"checkbox\" value=\"Becoming a marketing partner\" id=\"form-field-field_7d4ff1f-1\" name=\"form_fields[field_7d4ff1f][]\"> <label for=\"form-field-field_7d4ff1f-1\">Devenir un partenaire de marketing<\/label><\/span><\/div>\t\t\t\t<\/div>\n\t\t\t\t\t\t\t\t<div class=\"elementor-field-type-textarea elementor-field-group elementor-column elementor-field-group-message elementor-col-100\">\n\t\t\t\t\t\t\t\t\t\t\t\t<label for=\"form-field-message\" class=\"elementor-field-label\">\n\t\t\t\t\t\t\t\tMessage\t\t\t\t\t\t\t<\/label>\n\t\t\t\t\t\t<textarea class=\"elementor-field-textual elementor-field  elementor-size-sm\" name=\"form_fields[message]\" id=\"form-field-message\" rows=\"4\" placeholder=\"Message\"><\/textarea>\t\t\t\t<\/div>\n\t\t\t\t\t\t\t\t<div class=\"elementor-field-group elementor-column elementor-field-type-submit elementor-col-100 e-form__buttons\">\n\t\t\t\t\t<button class=\"elementor-button elementor-size-sm\" type=\"submit\">\n\t\t\t\t\t\t<span class=\"elementor-button-content-wrapper\">\n\t\t\t\t\t\t\t\t\t\t\t\t\t\t\t\t\t\t\t\t\t\t<span class=\"elementor-button-text\">Envoyez votre message<\/span>\n\t\t\t\t\t\t\t\t\t\t\t\t\t<\/span>\n\t\t\t\t\t<\/button>\n\t\t\t\t<\/div>\n\t\t\t<\/div>\n\t\t<input type=\"hidden\" name=\"trp-form-language\" value=\"fr\"\/><\/form>\n\t\t\t\t\t\t<\/div>\n\t\t\t\t<\/div>\n\t\t\t\t<\/div>\n\t\t\t\t<\/div>\n\t\t\t\t<\/div>\n\t\t\t\t<\/div>\n\t\t\t\t\t<\/div>\n\t\t\t\t<\/div>\n\t\t\t\t<\/div>","protected":false},"excerpt":{"rendered":"<p>Partnership Our carefully selected partnerships help support an environment where businesses can succeed. We partner with industry leaders across the Globe to ensure our members receive exclusive discounts on valuable products and services, maximizing their membership value by saving them money and helping them operate their businesses efficiently. We also collaborate with partners on initiatives [&hellip;]<\/p>","protected":false},"author":1,"featured_media":0,"parent":0,"menu_order":0,"comment_status":"closed","ping_status":"closed","template":"","meta":{"_jf_save_progress":"","_jet_sm_ready_style":"","_jet_sm_style":"","_jet_sm_controls_values":"","_jet_sm_fonts_collection":"","_jet_sm_fonts_links":"","footnotes":""},"class_list":["post-240","page","type-page","status-publish","hentry"],"_links":{"self":[{"href":"https:\/\/divfarrahenterprise.com\/fr\/wp-json\/wp\/v2\/pages\/240","targetHints":{"allow":["GET"]}}],"collection":[{"href":"https:\/\/divfarrahenterprise.com\/fr\/wp-json\/wp\/v2\/pages"}],"about":[{"href":"https:\/\/divfarrahenterprise.com\/fr\/wp-json\/wp\/v2\/types\/page"}],"author":[{"embeddable":true,"href":"https:\/\/divfarrahenterprise.com\/fr\/wp-json\/wp\/v2\/users\/1"}],"replies":[{"embeddable":true,"href":"https:\/\/divfarrahenterprise.com\/fr\/wp-json\/wp\/v2\/comments?post=240"}],"version-history":[{"count":97,"href":"https:\/\/divfarrahenterprise.com\/fr\/wp-json\/wp\/v2\/pages\/240\/revisions"}],"predecessor-version":[{"id":5141,"href":"https:\/\/divfarrahenterprise.com\/fr\/wp-json\/wp\/v2\/pages\/240\/revisions\/5141"}],"wp:attachment":[{"href":"https:\/\/divfarrahenterprise.com\/fr\/wp-json\/wp\/v2\/media?parent=240"}],"curies":[{"name":"wp","href":"https:\/\/api.w.org\/{rel}","templated":true}]}}