{"id":3049,"date":"2025-06-17T10:08:36","date_gmt":"2025-06-17T10:08:36","guid":{"rendered":"https:\/\/divfarrahenterprise.com\/?page_id=3049"},"modified":"2025-08-02T08:50:43","modified_gmt":"2025-08-02T08:50:43","slug":"logistics-and-trade","status":"publish","type":"page","link":"https:\/\/divfarrahenterprise.com\/fr\/logistics-and-trade\/","title":{"rendered":"La logistique et le Commerce"},"content":{"rendered":"<div data-elementor-type=\"wp-page\" data-elementor-id=\"3049\" class=\"elementor elementor-3049\" data-elementor-post-type=\"page\">\n\t\t\t\t<div class=\"elementor-element elementor-element-e5bea23 e-flex e-con-boxed e-con e-parent\" data-id=\"e5bea23\" data-element_type=\"container\" data-settings=\"{&quot;background_background&quot;:&quot;classic&quot;,&quot;motion_fx_motion_fx_scrolling&quot;:&quot;yes&quot;,&quot;motion_fx_devices&quot;:[&quot;desktop&quot;,&quot;tablet&quot;,&quot;mobile&quot;]}\">\n\t\t\t\t\t<div class=\"e-con-inner\">\n\t\t\t\t\t<\/div>\n\t\t\t\t<\/div>\n\t\t<div class=\"elementor-element elementor-element-1e4a7b9 e-flex e-con-boxed e-con e-parent\" data-id=\"1e4a7b9\" data-element_type=\"container\" data-settings=\"{&quot;background_background&quot;:&quot;classic&quot;}\">\n\t\t\t\t\t<div class=\"e-con-inner\">\n\t\t<div class=\"elementor-element elementor-element-925d7d7 e-flex e-con-boxed e-con e-child\" data-id=\"925d7d7\" data-element_type=\"container\">\n\t\t\t\t\t<div class=\"e-con-inner\">\n\t\t\t\t<div class=\"elementor-element elementor-element-7d893de elementor-widget elementor-widget-heading\" data-id=\"7d893de\" data-element_type=\"widget\" data-widget_type=\"heading.default\">\n\t\t\t\t<div class=\"elementor-widget-container\">\n\t\t\t\t\t<h2 class=\"elementor-heading-title elementor-size-default\">La logistique et le Commerce Solutions\n<\/h2>\t\t\t\t<\/div>\n\t\t\t\t<\/div>\n\t\t<div class=\"elementor-element elementor-element-81be16d e-con-full e-flex e-con e-child\" data-id=\"81be16d\" data-element_type=\"container\">\n\t\t\t\t<div class=\"elementor-element elementor-element-2d8e479 elementor-widget elementor-widget-text-editor\" data-id=\"2d8e479\" data-element_type=\"widget\" data-widget_type=\"text-editor.default\">\n\t\t\t\t<div class=\"elementor-widget-container\">\n\t\t\t\t\t\t\t\t\t<p>Au DivFarrah de l'Entreprise, nous fournir de l'information compl\u00e8te de la logistique et du commerce des solutions pour soutenir les besoins de votre entreprise. Nos services comprennent:<\/p><p><strong>Courtage En Douane:<\/strong> Notre \u00e9quipe vous assiste dans les proc\u00e9dures de d\u00e9douanement, les droits de douane et des r\u00e9glementations afin d'assurer le bon d'importation et d'exportation.<\/p><p><strong>Exp\u00e9dition De Fret:<\/strong> Nous organisons le transport par air, mer ou terre, la gestion des routes de navigation et les ports pour assurer une prestation efficace.<\/p><p><strong>D'Inspection et de Contr\u00f4le de la Qualit\u00e9:<\/strong> Notre \u00e9quipe de contr\u00f4le de qualit\u00e9 assure les marchandises satisfont aux exigences r\u00e9glementaires, \u00e0 r\u00e9duire le risque de retard ou de non-conformit\u00e9.<\/p>\t\t\t\t\t\t\t\t<\/div>\n\t\t\t\t<\/div>\n\t\t\t\t<div class=\"elementor-element elementor-element-8e9b4c7 elementor-widget elementor-widget-heading\" data-id=\"8e9b4c7\" data-element_type=\"widget\" data-widget_type=\"heading.default\">\n\t\t\t\t<div class=\"elementor-widget-container\">\n\t\t\t\t\t<h2 class=\"elementor-heading-title elementor-size-default\">Du commerce et de la Cha\u00eene d'Approvisionnement de l'Expertise\n<\/h2>\t\t\t\t<\/div>\n\t\t\t\t<\/div>\n\t\t\t\t<div class=\"elementor-element elementor-element-fbd1c9a elementor-widget elementor-widget-text-editor\" data-id=\"fbd1c9a\" data-element_type=\"widget\" data-widget_type=\"text-editor.default\">\n\t\t\t\t<div class=\"elementor-widget-container\">\n\t\t\t\t\t\t\t\t\t<p>Notre commerce et de la cha\u00eene d'approvisionnement de l'expertise aide les entreprises comme la v\u00f4tre \u00e0 r\u00e9ussir dans le march\u00e9 mondial. Nos services comprennent:<\/p><p><strong>Import\/Export Consulting:<\/strong> Nous offrons des conseils sur la r\u00e9glementation, la documentation, et les exigences de conformit\u00e9 pour s'assurer transparente du commerce international.<\/p><p><strong>Approvisionnement, Optimisation De La Cha\u00eene:<\/strong> Nos experts d'analyser et d'optimiser les cha\u00eenes d'approvisionnement afin d'am\u00e9liorer l'efficacit\u00e9, r\u00e9duire les co\u00fbts et am\u00e9liorer la satisfaction client.<\/p>\t\t\t\t\t\t\t\t<\/div>\n\t\t\t\t<\/div>\n\t\t\t\t<div class=\"elementor-element elementor-element-93d964f elementor-widget elementor-widget-heading\" data-id=\"93d964f\" data-element_type=\"widget\" data-widget_type=\"heading.default\">\n\t\t\t\t<div class=\"elementor-widget-container\">\n\t\t\t\t\t<h2 class=\"elementor-heading-title elementor-size-default\">Services De Conseil Aux Entreprises\n<\/h2>\t\t\t\t<\/div>\n\t\t\t\t<\/div>\n\t\t\t\t<div class=\"elementor-element elementor-element-80ca27e elementor-widget elementor-widget-text-editor\" data-id=\"80ca27e\" data-element_type=\"widget\" data-widget_type=\"text-editor.default\">\n\t\t\t\t<div class=\"elementor-widget-container\">\n\t\t\t\t\t\t\t\t\t<p>Nos services de conseil aux entreprises de fournir des indications pr\u00e9cieuses pour soutenir la croissance de votre entreprise. Nos services comprennent:<\/p><p><strong>Commerce International Consultatif:<\/strong> Nous offrons des conseils sur le commerce mondial de lois, de r\u00e8glements et de politiques pour faciliter les activit\u00e9s commerciales internationales.<br \/><strong>Le march\u00e9 de la Recherche et de l'Analyse:<\/strong> Nos travaux de recherche et d'analyse des services d'identifier de nouvelles opportunit\u00e9s commerciales et les tendances du march\u00e9, pour vous aider \u00e0 rester en t\u00eate de la comp\u00e9tition.<\/p>\t\t\t\t\t\t\t\t<\/div>\n\t\t\t\t<\/div>\n\t\t\t\t<div class=\"elementor-element elementor-element-98255d6 elementor-widget elementor-widget-heading\" data-id=\"98255d6\" data-element_type=\"widget\" data-widget_type=\"heading.default\">\n\t\t\t\t<div class=\"elementor-widget-container\">\n\t\t\t\t\t<h2 class=\"elementor-heading-title elementor-size-default\">La Gestion des risques et de Protection de l'\n<\/h2>\t\t\t\t<\/div>\n\t\t\t\t<\/div>\n\t\t\t\t<div class=\"elementor-element elementor-element-b9d5b6c elementor-widget elementor-widget-text-editor\" data-id=\"b9d5b6c\" data-element_type=\"widget\" data-widget_type=\"text-editor.default\">\n\t\t\t\t<div class=\"elementor-widget-container\">\n\t\t\t\t\t\t\t\t\t<p><br \/>Nous comprenons l'importance de la gestion des risques dans les entreprises. Nos services comprennent:<\/p><p><strong>NCND Accord des Services:<\/strong> Nous fournissons Non-Contournement, accords de Non-Divulgation pour prot\u00e9ger les parties impliqu\u00e9es dans les transactions commerciales.<br \/><strong>L'Assurance Des Marchandises:<\/strong> Notre cargaison d'assurance de services d'assurer les marchandises contre les risques de perte ou de dommage pendant le transport, assurant la tranquillit\u00e9 d'esprit pour votre entreprise.<\/p>\t\t\t\t\t\t\t\t<\/div>\n\t\t\t\t<\/div>\n\t\t\t\t<div class=\"elementor-element elementor-element-d80b0c1 elementor-widget elementor-widget-heading\" data-id=\"d80b0c1\" data-element_type=\"widget\" data-widget_type=\"heading.default\">\n\t\t\t\t<div class=\"elementor-widget-container\">\n\t\t\t\t\t<h2 class=\"elementor-heading-title elementor-size-default\">Approvisionnement et de Partenariat\n<\/h2>\t\t\t\t<\/div>\n\t\t\t\t<\/div>\n\t\t\t\t<div class=\"elementor-element elementor-element-c7a45fb elementor-widget elementor-widget-text-editor\" data-id=\"c7a45fb\" data-element_type=\"widget\" data-widget_type=\"text-editor.default\">\n\t\t\t\t<div class=\"elementor-widget-container\">\n\t\t\t\t\t\t\t\t\t<p>Au DivFarrah de l'Entreprise, nous avons mis en place un r\u00e9seau de confiance des fabricants et des fournisseurs, en fournissant les entreprises comme la v\u00f4tre avec acc\u00e8s \u00e0:<\/p><ul><li><strong>Des produits de haute qualit\u00e9<\/strong><\/li><li><strong>Prix comp\u00e9titifs<\/strong><\/li><li><strong>Prix comp\u00e9titifs<\/strong><\/li><li><strong>Service \u00e0 la client\u00e8le exceptionnel<\/strong><\/li><\/ul><p>Notre \u00e9quipe est d\u00e9di\u00e9e \u00e0 vous connecter avec des partenaires fiables, la rationalisation de vos processus d'approvisionnement, et de soutenir la croissance de votre entreprise.<\/p>\t\t\t\t\t\t\t\t<\/div>\n\t\t\t\t<\/div>\n\t\t\t\t<div class=\"elementor-element elementor-element-20469e5 elementor-align-left elementor-widget elementor-widget-button\" data-id=\"20469e5\" data-element_type=\"widget\" data-widget_type=\"button.default\">\n\t\t\t\t<div class=\"elementor-widget-container\">\n\t\t\t\t\t\t\t\t\t<div class=\"elementor-button-wrapper\">\n\t\t\t\t\t<a class=\"elementor-button elementor-button-link elementor-size-sm\" href=\"https:\/\/divfarrahenterprise.com\/fr\/client-intake-form\/\" target=\"_blank\">\n\t\t\t\t\t\t<span class=\"elementor-button-content-wrapper\">\n\t\t\t\t\t\t\t\t\t<span class=\"elementor-button-text\">CLIENT DE L'APPORT<\/span>\n\t\t\t\t\t<\/span>\n\t\t\t\t\t<\/a>\n\t\t\t\t<\/div>\n\t\t\t\t\t\t\t\t<\/div>\n\t\t\t\t<\/div>\n\t\t\t\t<\/div>\n\t\t\t\t\t<\/div>\n\t\t\t\t<\/div>\n\t\t\t\t\t<\/div>\n\t\t\t\t<\/div>\n\t\t\t\t<\/div>","protected":false},"excerpt":{"rendered":"<p>Logistics and Trade Solutions At DivFarrah Enterprise, we provide comprehensive logistics and trade solutions to support your business needs. Our services include: Customs Brokerage: Our experienced team assists with customs clearance procedures, tariffs, and regulations to ensure smooth import and export processes. Freight Forwarding: We arrange transportation via air, sea, or land, managing shipping routes [&hellip;]<\/p>","protected":false},"author":1,"featured_media":0,"parent":0,"menu_order":0,"comment_status":"closed","ping_status":"closed","template":"","meta":{"_jf_save_progress":"","_jet_sm_ready_style":"","_jet_sm_style":"","_jet_sm_controls_values":"","_jet_sm_fonts_collection":"","_jet_sm_fonts_links":"","footnotes":""},"class_list":["post-3049","page","type-page","status-publish","hentry"],"_links":{"self":[{"href":"https:\/\/divfarrahenterprise.com\/fr\/wp-json\/wp\/v2\/pages\/3049","targetHints":{"allow":["GET"]}}],"collection":[{"href":"https:\/\/divfarrahenterprise.com\/fr\/wp-json\/wp\/v2\/pages"}],"about":[{"href":"https:\/\/divfarrahenterprise.com\/fr\/wp-json\/wp\/v2\/types\/page"}],"author":[{"embeddable":true,"href":"https:\/\/divfarrahenterprise.com\/fr\/wp-json\/wp\/v2\/users\/1"}],"replies":[{"embeddable":true,"href":"https:\/\/divfarrahenterprise.com\/fr\/wp-json\/wp\/v2\/comments?post=3049"}],"version-history":[{"count":21,"href":"https:\/\/divfarrahenterprise.com\/fr\/wp-json\/wp\/v2\/pages\/3049\/revisions"}],"predecessor-version":[{"id":4334,"href":"https:\/\/divfarrahenterprise.com\/fr\/wp-json\/wp\/v2\/pages\/3049\/revisions\/4334"}],"wp:attachment":[{"href":"https:\/\/divfarrahenterprise.com\/fr\/wp-json\/wp\/v2\/media?parent=3049"}],"curies":[{"name":"wp","href":"https:\/\/api.w.org\/{rel}","templated":true}]}}