{"id":4297,"date":"2025-08-02T08:31:35","date_gmt":"2025-08-02T08:31:35","guid":{"rendered":"https:\/\/divfarrahenterprise.com\/?page_id=4297"},"modified":"2025-08-02T08:38:24","modified_gmt":"2025-08-02T08:38:24","slug":"get-started","status":"publish","type":"page","link":"https:\/\/divfarrahenterprise.com\/fr\/get-started\/","title":{"rendered":"Obtenir Commenc\u00e9"},"content":{"rendered":"<div data-elementor-type=\"wp-page\" data-elementor-id=\"4297\" class=\"elementor elementor-4297\" data-elementor-post-type=\"page\">\n\t\t\t\t<div class=\"elementor-element elementor-element-9ea91b7 e-flex e-con-boxed e-con e-parent\" data-id=\"9ea91b7\" data-element_type=\"container\" data-settings=\"{&quot;background_background&quot;:&quot;classic&quot;,&quot;motion_fx_motion_fx_scrolling&quot;:&quot;yes&quot;,&quot;motion_fx_devices&quot;:[&quot;desktop&quot;,&quot;tablet&quot;,&quot;mobile&quot;]}\">\n\t\t\t\t\t<div class=\"e-con-inner\">\n\t\t\t\t\t<\/div>\n\t\t\t\t<\/div>\n\t\t<div class=\"elementor-element elementor-element-7b70b12 e-flex e-con-boxed e-con e-parent\" data-id=\"7b70b12\" data-element_type=\"container\" data-settings=\"{&quot;background_background&quot;:&quot;classic&quot;}\">\n\t\t\t\t\t<div class=\"e-con-inner\">\n\t\t\t\t<div class=\"elementor-element elementor-element-ffb2c1e elementor-widget elementor-widget-heading\" data-id=\"ffb2c1e\" data-element_type=\"widget\" data-widget_type=\"heading.default\">\n\t\t\t\t<div class=\"elementor-widget-container\">\n\t\t\t\t\t<h2 class=\"elementor-heading-title elementor-size-default\">Comment \u00c7a marche: Une \u00c9tape-par-\u00c9tape pour Nos Services*<\/h2>\t\t\t\t<\/div>\n\t\t\t\t<\/div>\n\t\t<div class=\"elementor-element elementor-element-7230a5e e-con-full e-flex e-con e-child\" data-id=\"7230a5e\" data-element_type=\"container\">\n\t\t<div class=\"elementor-element elementor-element-7467d9f e-con-full e-flex e-con e-child\" data-id=\"7467d9f\" data-element_type=\"container\">\n\t\t\t\t<div class=\"elementor-element elementor-element-32d9a26 elementor-widget elementor-widget-text-editor\" data-id=\"32d9a26\" data-element_type=\"widget\" data-widget_type=\"text-editor.default\">\n\t\t\t\t<div class=\"elementor-widget-container\">\n\t\t\t\t\t\t\t\t\t<p style=\"text-align: left;\">\u00a0<\/p><p>Notre Processus de Service: \u00e0 Partir de D\u00e9but \u00e0 la fin<br \/>Voici une \u00e9tape par \u00e9tape la proc\u00e9dure de service pour les clients:<\/p><p><strong>\u00c9tape 1: Choisissez Votre Service<\/strong><\/p><p>\u2013 Parcourir notre site web ou contactez-nous pour en savoir plus sur nos services, y compris:<br \/>\u2013 R\u00e9pertoire des entreprises de listes<br \/>\u2013 Formation \u00e0 l'entrepreneuriat et des ateliers<br \/>\u2013 Soutien au D\u00e9veloppement d'affaires<br \/>\u2013 Des conseils d'experts sur la Conception Graphique, le Marketing Num\u00e9rique, l'image de Marque et de Promotion de la<br \/>\u2013 L'acc\u00e8s \u00e0 l'Entreprise de Cr\u00e9dit, le Financement et la Comptabilit\u00e9 des solutions<br \/>\u2013 Repr\u00e9sentation de fabricants et de fournisseurs<br \/>\u2013 La logistique et le Commerce Solutions<br \/>\u2013 Personnalis\u00e9 Entreprise de Consultation et de Coaching<br \/>\u2013 Pr\u00e9sentation PowerPoint de Conception et de D\u00e9veloppement<br \/>\u2013 Les services d'un Assistant virtuel<br \/>\u2013 L'Adresse de l'entreprise et des services de t\u00e9l\u00e9phonie<br \/>\u2013 Base de donn\u00e9es et le Cloud des solutions de Syst\u00e8me de<br \/>\u2013 Entreprise de services de Courtage (achat et vente d'entreprises)<\/p><p><strong>\u00c9tape 2: Demande D'Informations<\/strong><\/p><p>\u2013 Envoyer un formulaire de demande par le biais de notre site web<br \/>\u2013 Appelez-nous au [num\u00e9ro de t\u00e9l\u00e9phone]<br \/>\u2013 Nous par courriel \u00e0 [email address]<\/p><p><strong>\u00c9tape 3: Remplir Le Formulaire D'Admission<\/strong><\/p><p>\u2013 Une fois que nous avons re\u00e7u votre demande, nous vous enverrons un formulaire d'admission \u00e0 remplir<br \/>\u2013 S'il vous pla\u00eet fournir des informations exactes et compl\u00e8tes au sujet de votre entreprise et les services que vous \u00eates int\u00e9ress\u00e9 \u00e0<br \/>\u2013 Assurez-vous de consulter le formulaire d'admission soigneusement avant de le soumettre<\/p><p><strong>\u00c9tape 4: Examen et l'approbation de l'Entente de Service<\/strong><\/p><p>\u2013 Nous allons passer en revue votre formulaire d'admission et de vous fournir un contrat de service d\u00e9crivant les termes et conditions de nos services<br \/>\u2013 Veuillez lire le contrat de service avec soin et assurez-vous que vous comprenez les termes et conditions<br \/>\u2013 Signer la convention d'adh\u00e9sion et de nous le retourner<\/p><p><strong>Etape 5: Effectuer Le Paiement<\/strong><\/p><p>\u2013 Une fois que vous avez sign\u00e9 le contrat de service, vous aurez besoin de faire un paiement en fonction de l'honoraire convenu avec notre entreprise, sp\u00e9cialiste de l'agent<br \/>\u2013 Nous acceptons les [les m\u00e9thodes de paiement, comme la carte de cr\u00e9dit, PayPal, virement bancaire]<\/p><p><strong>\u00c9tape 6: La Prestation De Services<\/strong><\/p><p>\u2013 Une fois le paiement re\u00e7u, nous allons commencer \u00e0 fournir les services que vous avez demand\u00e9<br \/>\u2013 Notre \u00e9quipe travaillera avec vous pour vous assurer de recevoir le meilleur service possible<\/p><p><strong>\u00c9tape 7: Suivi<\/strong><\/p><p>\u2013 Nous ferons un suivi avec vous r\u00e9guli\u00e8rement pour s'assurer que vous \u00eates satisfait de nos services<br \/>\u2013 Si vous avez des questions ou des pr\u00e9occupations, s'il vous pla\u00eet n'h\u00e9sitez pas \u00e0 nous contacter<\/p>\t\t\t\t\t\t\t\t<\/div>\n\t\t\t\t<\/div>\n\t\t\t\t<div class=\"elementor-element elementor-element-06ea7f7 elementor-align-left elementor-widget elementor-widget-button\" data-id=\"06ea7f7\" data-element_type=\"widget\" data-widget_type=\"button.default\">\n\t\t\t\t<div class=\"elementor-widget-container\">\n\t\t\t\t\t\t\t\t\t<div class=\"elementor-button-wrapper\">\n\t\t\t\t\t<a class=\"elementor-button elementor-button-link elementor-size-sm\" href=\"https:\/\/divfarrahenterprise.com\/fr\/client-intake-form\/\" target=\"_blank\">\n\t\t\t\t\t\t<span class=\"elementor-button-content-wrapper\">\n\t\t\t\t\t\t\t\t\t<span class=\"elementor-button-text\">CLIENT DE L'APPORT<\/span>\n\t\t\t\t\t<\/span>\n\t\t\t\t\t<\/a>\n\t\t\t\t<\/div>\n\t\t\t\t\t\t\t\t<\/div>\n\t\t\t\t<\/div>\n\t\t\t\t<\/div>\n\t\t\t\t<\/div>\n\t\t\t\t\t<\/div>\n\t\t\t\t<\/div>\n\t\t\t\t<\/div>","protected":false},"excerpt":{"rendered":"<p>How It Works: A Step-by-Step Guide to Our Services* \u00a0 Our Service Process: From Start to FinishHere&#8217;s a step-by-step service process for clients: Step 1: Choose Your Service &#8211; Browse our website or contact us to learn more about our services, including:&#8211; Business Directory listings&#8211; Entrepreneurship training and workshops&#8211; Business Development support&#8211; Expert guidance on [&hellip;]<\/p>","protected":false},"author":1,"featured_media":0,"parent":0,"menu_order":0,"comment_status":"closed","ping_status":"closed","template":"","meta":{"_jf_save_progress":"","_jet_sm_ready_style":"","_jet_sm_style":"","_jet_sm_controls_values":"","_jet_sm_fonts_collection":"","_jet_sm_fonts_links":"","footnotes":""},"class_list":["post-4297","page","type-page","status-publish","hentry"],"_links":{"self":[{"href":"https:\/\/divfarrahenterprise.com\/fr\/wp-json\/wp\/v2\/pages\/4297","targetHints":{"allow":["GET"]}}],"collection":[{"href":"https:\/\/divfarrahenterprise.com\/fr\/wp-json\/wp\/v2\/pages"}],"about":[{"href":"https:\/\/divfarrahenterprise.com\/fr\/wp-json\/wp\/v2\/types\/page"}],"author":[{"embeddable":true,"href":"https:\/\/divfarrahenterprise.com\/fr\/wp-json\/wp\/v2\/users\/1"}],"replies":[{"embeddable":true,"href":"https:\/\/divfarrahenterprise.com\/fr\/wp-json\/wp\/v2\/comments?post=4297"}],"version-history":[{"count":4,"href":"https:\/\/divfarrahenterprise.com\/fr\/wp-json\/wp\/v2\/pages\/4297\/revisions"}],"predecessor-version":[{"id":4302,"href":"https:\/\/divfarrahenterprise.com\/fr\/wp-json\/wp\/v2\/pages\/4297\/revisions\/4302"}],"wp:attachment":[{"href":"https:\/\/divfarrahenterprise.com\/fr\/wp-json\/wp\/v2\/media?parent=4297"}],"curies":[{"name":"wp","href":"https:\/\/api.w.org\/{rel}","templated":true}]}}